{"id":87809,"date":"2021-04-11T02:27:02","date_gmt":"2021-04-11T05:27:02","guid":{"rendered":"https:\/\/barcainnovationhub.com\/?post_type=product&#038;p=87809"},"modified":"2022-01-11T02:52:21","modified_gmt":"2022-01-11T05:52:21","slug":"diplomado-nutricion-deportiva","status":"publish","type":"product","link":"https:\/\/barcainnovationhub.com\/es\/product\/diplomado-nutricion-deportiva\/","title":{"rendered":"Diplomado en Nutrici\u00f3n Deportiva"},"content":{"rendered":"<p>contenido<\/p>\n\n\n<p><\/p>\n","protected":false},"excerpt":{"rendered":"<p>excerpt<\/p>\n","protected":false},"author":16,"featured_media":0,"comment_status":"open","ping_status":"closed","template":"","meta":[],"categories":[114],"yoast_head":"<!-- This site is optimized with the Yoast SEO plugin v16.6.1 - https:\/\/yoast.com\/wordpress\/plugins\/seo\/ -->\n<meta name=\"description\" content=\"En este programa de 8 meses, obtendr\u00e1s conocimientos integrales para mejorar el desempe\u00f1o de los deportistas a trav\u00e9s de la nutrici\u00f3n deportiva.\" \/>\n<meta name=\"robots\" content=\"index, follow, max-snippet:-1, max-image-preview:large, max-video-preview:-1\" \/>\n<link rel=\"canonical\" href=\"https:\/\/barcainnovationhub.com\/es\/product\/diplomado-nutricion-deportiva\/\" \/>\n<meta property=\"og:locale\" content=\"es_ES\" \/>\n<meta property=\"og:type\" content=\"article\" \/>\n<meta property=\"og:title\" content=\"Diplomado en Nutrici\u00f3n Deportiva\" \/>\n<meta property=\"og:description\" content=\"En este programa de 8 meses, obtendr\u00e1s conocimientos integrales para mejorar el desempe\u00f1o de los deportistas a trav\u00e9s de la nutrici\u00f3n deportiva.\" \/>\n<meta property=\"og:url\" content=\"https:\/\/barcainnovationhub.com\/es\/product\/diplomado-nutricion-deportiva\/\" \/>\n<meta property=\"og:site_name\" content=\"Bar\u00e7a Innovation Hub\" \/>\n<meta property=\"article:publisher\" content=\"https:\/\/www.facebook.com\/fcbuniversitas\" \/>\n<meta property=\"article:modified_time\" content=\"2022-01-11T05:52:21+00:00\" \/>\n<meta property=\"og:image\" content=\"https:\/\/barcainnovationhub.com\/wp-content\/uploads\/2021\/04\/3e7d48d3-professional-diploma-in-sports-nutrition-2.jpg\" \/>\n\t<meta property=\"og:image:width\" content=\"1200\" \/>\n\t<meta property=\"og:image:height\" content=\"1200\" \/>\n<meta name=\"twitter:card\" content=\"summary\" \/>\n<meta name=\"twitter:title\" content=\"Diplomado en Nutrici\u00f3n Deportiva\" \/>\n<meta name=\"twitter:description\" content=\"En este programa de 8 meses, obtendr\u00e1s conocimientos integrales para mejorar el desempe\u00f1o de los deportistas a trav\u00e9s de la nutrici\u00f3n deportiva.\" \/>\n<meta name=\"twitter:image\" content=\"https:\/\/barcainnovationhub.com\/wp-content\/uploads\/2021\/04\/3e7d48d3-professional-diploma-in-sports-nutrition-2.jpg\" \/>\n<meta name=\"twitter:site\" content=\"@BarcaInnoHub\" \/>\n<meta name=\"twitter:label1\" content=\"Est. reading time\" \/>\n\t<meta name=\"twitter:data1\" content=\"1 minute\" \/>\n<script type=\"application\/ld+json\" class=\"yoast-schema-graph\">{\"@context\":\"https:\/\/schema.org\",\"@graph\":[{\"@type\":\"WebSite\",\"@id\":\"https:\/\/barcainnovationhub.com\/#website\",\"url\":\"https:\/\/barcainnovationhub.com\/\",\"name\":\"Bar\\u00e7a Innovation Hub\",\"description\":\"The worldwide centre for sports knowledge and innovation\",\"potentialAction\":[{\"@type\":\"SearchAction\",\"target\":{\"@type\":\"EntryPoint\",\"urlTemplate\":\"https:\/\/barcainnovationhub.com\/?s={search_term_string}\"},\"query-input\":\"required name=search_term_string\"}],\"inLanguage\":\"es-ES\"},{\"@type\":\"ImageObject\",\"@id\":\"https:\/\/barcainnovationhub.com\/es\/product\/diplomado-nutricion-deportiva\/#primaryimage\",\"inLanguage\":\"es-ES\",\"url\":\"https:\/\/barcainnovationhub.com\/wp-content\/uploads\/2021\/04\/3e7d48d3-professional-diploma-in-sports-nutrition-2.jpg\",\"contentUrl\":\"https:\/\/barcainnovationhub.com\/wp-content\/uploads\/2021\/04\/3e7d48d3-professional-diploma-in-sports-nutrition-2.jpg\",\"width\":1200,\"height\":1200},{\"@type\":\"WebPage\",\"@id\":\"https:\/\/barcainnovationhub.com\/es\/product\/diplomado-nutricion-deportiva\/#webpage\",\"url\":\"https:\/\/barcainnovationhub.com\/es\/product\/diplomado-nutricion-deportiva\/\",\"name\":\"Diplomado en Nutrici\\u00f3n Deportiva - Bar\\u00e7a Innovation Hub\",\"isPartOf\":{\"@id\":\"https:\/\/barcainnovationhub.com\/#website\"},\"datePublished\":\"2021-04-11T05:27:02+00:00\",\"dateModified\":\"2022-01-11T05:52:21+00:00\",\"description\":\"En este programa de 8 meses, obtendr\\u00e1s conocimientos integrales para mejorar el desempe\\u00f1o de los deportistas a trav\\u00e9s de la nutrici\\u00f3n deportiva.\",\"breadcrumb\":{\"@id\":\"https:\/\/barcainnovationhub.com\/es\/product\/diplomado-nutricion-deportiva\/#breadcrumb\"},\"inLanguage\":\"es-ES\",\"potentialAction\":[{\"@type\":\"ReadAction\",\"target\":[\"https:\/\/barcainnovationhub.com\/es\/product\/diplomado-nutricion-deportiva\/\"]}]},{\"@type\":\"BreadcrumbList\",\"@id\":\"https:\/\/barcainnovationhub.com\/es\/product\/diplomado-nutricion-deportiva\/#breadcrumb\",\"itemListElement\":[{\"@type\":\"ListItem\",\"position\":1,\"name\":\"Portada\",\"item\":\"https:\/\/barcainnovationhub.com\/es\/\"},{\"@type\":\"ListItem\",\"position\":2,\"name\":\"Productos\",\"item\":\"https:\/\/barcainnovationhub.com\/es\/product\/\"},{\"@type\":\"ListItem\",\"position\":3,\"name\":\"Diplomado en Nutrici\\u00f3n Deportiva\"}]}]}<\/script>\n<!-- \/ Yoast SEO plugin. -->","acf":{"external_id":"1422","titulo_curso":"Diplomado en Diplomado en Nutrici\u00f3n Deportiva - Carrusel","precio":"960","impartido_en":"Castellano","producto_path":false,"hubspot_product_id":"703356726","id_magento":"389","header_image":108601,"column_title":"","titulo_incentivo":"Diplomado en Nutrici\u00f3n Deportiva","fecha_de_inicio":"10092021","precio_en_cuotas":"7 pagos mensuales de \u20ac 137","precio_de_lista":"","mostrar_form":false,"promocion_vigente":"","duracion_del_curso":"8 meses","nivel_del_curso":"Avanzado","modalidad_cursado":"Online","contenido":"<p><strong>IMPORTANTE: <\/strong><\/p>\n<p>Si eres o has sido participante de un programa online de Bar\u00e7a Innovation Hub Universitas y te interesa inscribirte en este Diplomado, cont\u00e1ctate con nosotros a trav\u00e9s del CHAT para poder guiarte en el proceso de compra.<\/p>\n","ocultar_video":true,"url_video":"","avalado_por":false,"pdf_brochure":"https:\/\/static.capabiliaserver.com\/frontend\/clients\/barca\/wp_prod\/wp-content\/uploads\/2021\/04\/b6a2321c-diplomado-en-nutricion-deportiva.pdf","cursos_que_lo_componen":[{"nombre_del_curso":"Alimentaci\u00f3n y rendimiento deportivo","descripcion_del_curso":"<p>M\u00d3DULO 1: Bioenerg\u00e9tica<br \/>\nM\u00d3DULO 2: Alimentaci\u00f3n y nutrici\u00f3n<br \/>\nM\u00d3DULO 3: Nutrici\u00f3n deportiva pr\u00e1ctica<br \/>\nM\u00d3DULO 4: M\u00f3dulo integrador<\/p>\n"},{"nombre_del_curso":"Suplementaci\u00f3n y ayudas ergog\u00e9nicas en el deporte","descripcion_del_curso":"<p>M\u00d3DULO 1: Conceptos introductorios<br \/>\nM\u00d3DULO 2: Alimentos deportivos<br \/>\nM\u00d3DULO 3: Ayudas ergog\u00e9nicas<br \/>\nM\u00d3DULO 4: M\u00f3dulo integrador<\/p>\n"},{"nombre_del_curso":"Hidrataci\u00f3n deportiva","descripcion_del_curso":"<p>M\u00d3DULO 1: Conceptos introductorios<br \/>\nM\u00d3DULO 2: Deshidrataci\u00f3n, hipertermia y p\u00e9rdida de rendimiento: enfoque tradicional<br \/>\nM\u00d3DULO 3: Hidrataci\u00f3n basada en la evidencia: enfoque contempor\u00e1neo<br \/>\nM\u00d3DULO 4: M\u00f3dulo integrador<\/p>\n"},{"nombre_del_curso":"Composici\u00f3n corporal, somatotipo y rendimiento deportivo","descripcion_del_curso":"<p>M\u00d3DULO 1: Composici\u00f3n corporal<br \/>\nM\u00d3DULO 2: Composici\u00f3n corporal, rendimiento deportivo y nutrici\u00f3n<br \/>\nM\u00d3DULO 3: Somatotipo<br \/>\nM\u00d3DULO 4: M\u00f3dulo integrador<\/p>\n"},{"nombre_del_curso":"Nutrici\u00f3n deportiva avanzada","descripcion_del_curso":"<p>M\u00d3DULO 1: La historia y el futuro de la nutrici\u00f3n deportiva<br \/>\nM\u00d3DULO 2: \u00bfQu\u00e9 hace falta para ser eficiente en la nutrici\u00f3n deportiva?<br \/>\nM\u00d3DULO 3: Suplementos versus alimentos<br \/>\nM\u00d3DULO 4: Sistema inmune<\/p>\n"},{"nombre_del_curso":"Nutrici\u00f3n, recuperaci\u00f3n y adaptaciones al entrenamiento","descripcion_del_curso":"<p>M\u00d3DULO 1: Ejercicio y fatiga<br \/>\nM\u00d3DULO 2: Recuperaci\u00f3n y adaptaci\u00f3n<br \/>\nM\u00d3DULO 3: Optimizar la recuperaci\u00f3n y la adaptaci\u00f3n<br \/>\nM\u00d3DULO 4: Recuperaci\u00f3n de lesiones<\/p>\n"},{"nombre_del_curso":"Preparaci\u00f3n para el d\u00eda del partido y nutrici\u00f3n personalizada","descripcion_del_curso":"<p>M\u00d3DULO 1: \u00bfNutrici\u00f3n personalizada?<br \/>\nM\u00d3DULO 2: Preparaci\u00f3n para el d\u00eda del partido<br \/>\nM\u00d3DULO 3: Condiciones extremas<br \/>\nM\u00d3DULO 4: Suplementos<\/p>\n"},{"nombre_del_curso":"Nutrici\u00f3n periodizada","descripcion_del_curso":"<p>M\u00d3DULO 1: La teor\u00eda<br \/>\nM\u00d3DULO 2: Entrenar los intestinos<br \/>\nM\u00d3DULO 3: Entrenamiento bajo<br \/>\nM\u00d3DULO 4: De la teor\u00eda a la pr\u00e1ctica<\/p>\n"}],"aprende_a":[{"item_aprende_a":"Distinguir las sustancias efectivas y las no efectivas y\/o peligrosas en las formulaciones de suplementos nutricionales, de modo de utilizarlos de manera \u00f3ptima."},{"item_aprende_a":"Utilizar los conocimientos sobre nutrici\u00f3n deportiva en funci\u00f3n de las demandas y necesidades de distintas formas de actividad f\u00edsica."},{"item_aprende_a":"Dise\u00f1ar estrategias de hidrataci\u00f3n segura antes, durante y despu\u00e9s del entrenamiento y la competici\u00f3n."},{"item_aprende_a":"Utilizar de manera pr\u00e1ctica los conocimientos sobre la composici\u00f3n corporal y el somatotipo dentro de la nutrici\u00f3n y para el rendimiento deportivo."},{"item_aprende_a":"Mejorar el comportamiento de los deportistas a trav\u00e9s de la nutrici\u00f3n deportiva."},{"item_aprende_a":"Implementar suplementos en la pr\u00e1ctica diaria."},{"item_aprende_a":"Minimizar el riesgo del uso de suplementos."},{"item_aprende_a":"Optimizar la recuperaci\u00f3n intensa y la adaptaci\u00f3n al entrenamiento con la nutrici\u00f3n."},{"item_aprende_a":"Planificar la nutrici\u00f3n para una temporada y para una semana."},{"item_aprende_a":"Comprender la base te\u00f3rica para la periodizaci\u00f3n de la nutrici\u00f3n."},{"item_aprende_a":"Aplicar la personalizaci\u00f3n a la nutrici\u00f3n deportiva de los equipos."},{"item_aprende_a":"Aplicar los \u00faltimos avances de la ciencia a la preparaci\u00f3n del d\u00eda del partido."}],"preguntas_frecuentes":false,"contenidistas":false,"docentes_expertos":[{"foto":"https:\/\/static.capabiliaserver.com\/frontend\/clients\/barca\/wp_prod\/wp-content\/uploads\/2019\/11\/5cea5bd7-93e05b38-9af4dcb0-antonializarraga-150x150.png","nombre_del_docente":"Mar\u00eda Antonia Lizarraga","descripcion_del_docente":"Responsable del \u00e1rea de nutrici\u00f3n deportiva en FC Barcelona.","enlace":""},{"foto":"https:\/\/static.capabiliaserver.com\/frontend\/clients\/barca\/wp_prod\/wp-content\/uploads\/2019\/11\/cad3d3e6-7ad8304a-asker_jeukendrup-150x150.jpg","nombre_del_docente":"Asker Jeukendrup","descripcion_del_docente":"Cient\u00edfico en nutrici\u00f3n deportiva. Profesor de metabolismo del ejercicio. Consultor de rendimiento en deporte de \u00e9lite. Emprendedor. Triatleta Ironman.","enlace":""}],"imagen_destacada":false,"slidebox":false,"titulo_seccion_testimonios":"","slider_testimonios":false,"imagen_de_fondo_testimonios":false,"color_de_fondo_testimonios":"","activar_banner_1":false,"banner_1":false,"activar_banner_2":false,"banner_2":false,"activar_banner_3":false,"banner_3":false,"zona_horaria":"Europe\/Madrid","url_cursado_webinar":"","segunda_fecha_de_inicio":"25092021","activar_nuevos_banners":false,"mostrar_banner_1":false,"crear_banner_1":{"utilizar_imagen_unica_para_banner":false,"asignar_imagen_unica_para_banner":false,"mostrar_titulo_banner":false,"titulo_para_banner":"","mostrar_subtitulo_banner":false,"subtitulo_del_banner":"","mostrar_cta_banner":false,"texto_cta_banner":"","url_cta_banner":"","fondo_de_color_banner":"","fondo_de_imagen_banner":false,"mostrar_imagen_izquierda_banner":false,"asignar_imagen_izquierda_banner":false},"mostrar_banner_2":false,"crear_banner_2":{"utilizar_imagen_unica_para_banner":false,"asignar_imagen_unica_para_banner":false,"mostrar_titulo_banner":false,"titulo_para_banner":"","mostrar_subtitulo_banner":false,"subtitulo_del_banner":"","mostrar_cta_banner":false,"texto_cta_banner":"","url_cta_banner":"","fondo_de_color_banner":"","fondo_de_imagen_banner":false,"mostrar_imagen_izquierda_banner":false,"asignar_imagen_izquierda_banner":false},"mostrar_banner_3":false,"crear_banner_3":{"utilizar_imagen_unica_para_banner":false,"asignar_imagen_unica_para_banner":false,"mostrar_titulo_banner":false,"titulo_para_banner":"","mostrar_subtitulo_banner":false,"subtitulo_del_banner":"","mostrar_cta_banner":false,"texto_cta_banner":"","url_cta_banner":"","fondo_de_color_banner":"","fondo_de_imagen_banner":false,"mostrar_imagen_izquierda_banner":false,"asignar_imagen_izquierda_banner":false}},"idiomas":{"en":87804,"es":87809,"ar":87805,"ca":87806,"ru":87808,"pt":87807},"_links":{"self":[{"href":"https:\/\/barcainnovationhub.com\/es\/wp-json\/wp\/v2\/products\/87809"}],"collection":[{"href":"https:\/\/barcainnovationhub.com\/es\/wp-json\/wp\/v2\/products"}],"about":[{"href":"https:\/\/barcainnovationhub.com\/es\/wp-json\/wp\/v2\/types\/product"}],"author":[{"embeddable":true,"href":"https:\/\/barcainnovationhub.com\/es\/wp-json\/wp\/v2\/users\/16"}],"replies":[{"embeddable":true,"href":"https:\/\/barcainnovationhub.com\/es\/wp-json\/wp\/v2\/comments?post=87809"}],"version-history":[{"count":5,"href":"https:\/\/barcainnovationhub.com\/es\/wp-json\/wp\/v2\/products\/87809\/revisions"}],"predecessor-version":[{"id":116467,"href":"https:\/\/barcainnovationhub.com\/es\/wp-json\/wp\/v2\/products\/87809\/revisions\/116467"}],"wp:attachment":[{"href":"https:\/\/barcainnovationhub.com\/es\/wp-json\/wp\/v2\/media?parent=87809"}],"wp:term":[{"taxonomy":"category","embeddable":true,"href":"https:\/\/barcainnovationhub.com\/es\/wp-json\/wp\/v2\/categories?post=87809"}],"curies":[{"name":"wp","href":"https:\/\/api.w.org\/{rel}","templated":true}]}}