{"id":89341,"date":"2021-04-16T16:42:43","date_gmt":"2021-04-16T19:42:43","guid":{"rendered":"https:\/\/barcainnovationhub.com\/?post_type=product&#038;p=89341"},"modified":"2022-02-08T12:28:38","modified_gmt":"2022-02-08T15:28:38","slug":"certificado-en-analisis-tactico-de-futbol-avanzado","status":"publish","type":"product","link":"https:\/\/barcainnovationhub.com\/es\/product\/certificado-en-analisis-tactico-de-futbol-avanzado\/","title":{"rendered":"Certificado en An\u00e1lisis T\u00e1ctico de F\u00fatbol Avanzado"},"content":{"rendered":"<p>contenido<\/p>\n","protected":false},"excerpt":{"rendered":"<p>excerpt<\/p>\n","protected":false},"author":16,"featured_media":0,"comment_status":"open","ping_status":"closed","template":"","meta":[],"categories":[123],"yoast_head":"<!-- This site is optimized with the Yoast SEO plugin v16.6.1 - https:\/\/yoast.com\/wordpress\/plugins\/seo\/ -->\n<meta name=\"robots\" content=\"index, follow, max-snippet:-1, max-image-preview:large, max-video-preview:-1\" \/>\n<link rel=\"canonical\" href=\"https:\/\/barcainnovationhub.com\/es\/product\/certificado-en-analisis-tactico-de-futbol-avanzado\/\" \/>\n<meta property=\"og:locale\" content=\"es_ES\" \/>\n<meta property=\"og:type\" content=\"article\" \/>\n<meta property=\"og:title\" content=\"Certificado en An\u00e1lisis T\u00e1ctico de F\u00fatbol Avanzado\" \/>\n<meta property=\"og:description\" content=\"excerpt\" \/>\n<meta property=\"og:url\" content=\"https:\/\/barcainnovationhub.com\/es\/product\/certificado-en-analisis-tactico-de-futbol-avanzado\/\" \/>\n<meta property=\"og:site_name\" content=\"Bar\u00e7a Innovation Hub\" \/>\n<meta property=\"article:publisher\" content=\"https:\/\/www.facebook.com\/fcbuniversitas\" \/>\n<meta property=\"article:modified_time\" content=\"2022-02-08T15:28:38+00:00\" \/>\n<meta property=\"og:image\" content=\"https:\/\/barcainnovationhub.com\/wp-content\/uploads\/2021\/04\/66a7aa06-certificate-in-advanced-football-tactical-analysis-2.jpg\" \/>\n\t<meta property=\"og:image:width\" content=\"1200\" \/>\n\t<meta property=\"og:image:height\" content=\"1200\" \/>\n<meta name=\"twitter:card\" content=\"summary\" \/>\n<meta name=\"twitter:title\" content=\"Certificado en An\u00e1lisis T\u00e1ctico de F\u00fatbol Avanzado\" \/>\n<meta name=\"twitter:image\" content=\"https:\/\/barcainnovationhub.com\/wp-content\/uploads\/2021\/04\/66a7aa06-certificate-in-advanced-football-tactical-analysis-2.jpg\" \/>\n<meta name=\"twitter:site\" content=\"@BarcaInnoHub\" \/>\n<meta name=\"twitter:label1\" content=\"Est. reading time\" \/>\n\t<meta name=\"twitter:data1\" content=\"1 minute\" \/>\n<script type=\"application\/ld+json\" class=\"yoast-schema-graph\">{\"@context\":\"https:\/\/schema.org\",\"@graph\":[{\"@type\":\"WebSite\",\"@id\":\"https:\/\/barcainnovationhub.com\/#website\",\"url\":\"https:\/\/barcainnovationhub.com\/\",\"name\":\"Bar\\u00e7a Innovation Hub\",\"description\":\"The worldwide centre for sports knowledge and innovation\",\"potentialAction\":[{\"@type\":\"SearchAction\",\"target\":{\"@type\":\"EntryPoint\",\"urlTemplate\":\"https:\/\/barcainnovationhub.com\/?s={search_term_string}\"},\"query-input\":\"required name=search_term_string\"}],\"inLanguage\":\"es-ES\"},{\"@type\":\"ImageObject\",\"@id\":\"https:\/\/barcainnovationhub.com\/es\/product\/certificado-en-analisis-tactico-de-futbol-avanzado\/#primaryimage\",\"inLanguage\":\"es-ES\",\"url\":\"https:\/\/barcainnovationhub.com\/wp-content\/uploads\/2021\/04\/66a7aa06-certificate-in-advanced-football-tactical-analysis-2.jpg\",\"contentUrl\":\"https:\/\/barcainnovationhub.com\/wp-content\/uploads\/2021\/04\/66a7aa06-certificate-in-advanced-football-tactical-analysis-2.jpg\",\"width\":1200,\"height\":1200},{\"@type\":\"WebPage\",\"@id\":\"https:\/\/barcainnovationhub.com\/es\/product\/certificado-en-analisis-tactico-de-futbol-avanzado\/#webpage\",\"url\":\"https:\/\/barcainnovationhub.com\/es\/product\/certificado-en-analisis-tactico-de-futbol-avanzado\/\",\"name\":\"Certificado en An\\u00e1lisis T\\u00e1ctico de F\\u00fatbol Avanzado - Bar\\u00e7a Innovation Hub\",\"isPartOf\":{\"@id\":\"https:\/\/barcainnovationhub.com\/#website\"},\"datePublished\":\"2021-04-16T19:42:43+00:00\",\"dateModified\":\"2022-02-08T15:28:38+00:00\",\"breadcrumb\":{\"@id\":\"https:\/\/barcainnovationhub.com\/es\/product\/certificado-en-analisis-tactico-de-futbol-avanzado\/#breadcrumb\"},\"inLanguage\":\"es-ES\",\"potentialAction\":[{\"@type\":\"ReadAction\",\"target\":[\"https:\/\/barcainnovationhub.com\/es\/product\/certificado-en-analisis-tactico-de-futbol-avanzado\/\"]}]},{\"@type\":\"BreadcrumbList\",\"@id\":\"https:\/\/barcainnovationhub.com\/es\/product\/certificado-en-analisis-tactico-de-futbol-avanzado\/#breadcrumb\",\"itemListElement\":[{\"@type\":\"ListItem\",\"position\":1,\"name\":\"Portada\",\"item\":\"https:\/\/barcainnovationhub.com\/es\/\"},{\"@type\":\"ListItem\",\"position\":2,\"name\":\"Productos\",\"item\":\"https:\/\/barcainnovationhub.com\/es\/product\/\"},{\"@type\":\"ListItem\",\"position\":3,\"name\":\"Certificado en An\\u00e1lisis T\\u00e1ctico de F\\u00fatbol Avanzado\"}]}]}<\/script>\n<!-- \/ Yoast SEO plugin. -->","acf":{"external_id":"1424","titulo_curso":"Certificado en An\u00e1lisis T\u00e1ctico de F\u00fatbol Avanzado","precio":"625","impartido_en":"Castellano","producto_path":false,"hubspot_product_id":"809520548","id_magento":"391","header_image":108349,"column_title":"","titulo_incentivo":"","fecha_de_inicio":"10092021","precio_en_cuotas":"","precio_de_lista":"","mostrar_form":false,"promocion_vigente":"","duracion_del_curso":"4 meses","nivel_del_curso":"Avanzado","modalidad_cursado":"Online","contenido":"<div>El continuo avance en el desarrollo y evoluci\u00f3n del an\u00e1lisis t\u00e1ctico en el f\u00fatbol hace imprescindible que el estudio y formaci\u00f3n en este campo de trabajo sea permanente. Las propuestas de trabajo son cada vez m\u00e1s amplias para los analistas, pudiendo tomar roles de trabajo en temas espec\u00edficos de an\u00e1lisis. Por este motivo profundizaremos en cuatro temas espec\u00edficos en los cu\u00e1les un analista puede especializarse y as\u00ed desempe\u00f1ar un trabajo profesional en un campo de acci\u00f3n puntual.<\/div>\n<div><\/div>\n<div>El curso de An\u00e1lisis de la Fase de Inicio de Juego tiene el objetivo general de formar el alumno en la evaluaci\u00f3n espec\u00edfica de esta fase de juego, la cual, sobretodo en la \u00faltima d\u00e9cada, ha sufrido una profunda evoluci\u00f3n.<\/div>\n<div><\/div>\n<div>En el contexto de m\u00e1xima igualdad en el que se encuentra el futbol, las Acciones a Bal\u00f3n Parado (ABP) emergen como una oportunidad muy valiosa para hacer gol. As\u00ed pues, entre el 30 y el 35% de los goles son precedidos por una ABP. Es por ello, que consideramos de vital importancia el profundo an\u00e1lisis de este tipo de acciones para poder optimizarlas al m\u00e1ximo y de esta manera, sacar ventaja competitiva a nuestro rival.<\/div>\n<div><\/div>\n<div>En el curso Presi\u00f3n Alta en el F\u00fatbol los alumnos estudiar\u00e1n los contenidos te\u00f3ricos y pr\u00e1cticos mediante el an\u00e1lisis de las situaciones de presi\u00f3n alta m\u00e1s comunes en un partido de f\u00fatbol, ofreci\u00e9ndoles la informaci\u00f3n m\u00e1s espec\u00edfica y relevante que les va a ayudar a entender mejor esta fase del juego, tanto para encontrar soluciones t\u00e1cticas durante los partidos, como para plantear tareas para su aplicaci\u00f3n y mejora en el entrenamiento.<\/div>\n<div><\/div>\n<div>Finalmente, el curso de Metodolog\u00eda de la Observaci\u00f3n en Futbol Formativo est\u00e1 dirigido a aquellas personas que desarrollen la funci\u00f3n de Analista T\u00e1ctico de Juego en un equipo de futbol. Durante el curso, se tratar\u00e1 de abordar la metodolog\u00eda de observaci\u00f3n realizada en el FC Barcelona enfocada a categor\u00edas del Futbol Formativo.<\/div>\n","ocultar_video":true,"url_video":"","avalado_por":false,"pdf_brochure":"https:\/\/static.capabiliaserver.com\/frontend\/clients\/barca\/wp_prod\/wp-content\/uploads\/2021\/04\/748bbe3a-certificado-en-analisis-tactico-de-futbol-avanzado-2.pdf","cursos_que_lo_componen":[{"nombre_del_curso":"An\u00e1lisis de la fase de inicio del juego","descripcion_del_curso":"<p>M\u00d3DULO 1: Definici\u00f3n y evoluci\u00f3n de la fase de inicio y comprensi\u00f3n de los criterios generales de an\u00e1lisis<br \/>\nM\u00d3DULO 2: Estudio de los elementos estructurales de la fase de inicio<br \/>\nM\u00d3DULO 3: Estudio de los elementos din\u00e1micos de la fase de inicio<br \/>\nM\u00d3DULO 4: An\u00e1lisis estad\u00edstico, selecci\u00f3n y presentaci\u00f3n de la informaci\u00f3n<\/p>\n"},{"nombre_del_curso":"An\u00e1lisis de las acciones a bal\u00f3n parado","descripcion_del_curso":"<p>M\u00d3DULO 1: La importancia de las ABP e introducci\u00f3n a su an\u00e1lisis<br \/>\nM\u00d3DULO 2: An\u00e1lisis de las ABP defensivas<br \/>\nM\u00d3DULO 3: An\u00e1lisis de las ABP ofensivas<br \/>\nM\u00d3DULO 4: Tendencias metodol\u00f3gicas del entrenamiento de las ABP<\/p>\n"},{"nombre_del_curso":"La presi\u00f3n alta en f\u00fatbol","descripcion_del_curso":"<p>M\u00d3DULO 1: La presi\u00f3n alta en la fase defensiva.  Marco te\u00f3rico<br \/>\nM\u00d3DULO 2: Estructuras defensivas m\u00e1s comunes en la presi\u00f3n alta en f\u00fatbol<br \/>\nM\u00d3DULO 3: Metodolog\u00eda del entrenamiento de la presi\u00f3n alta en el f\u00fatbol<br \/>\nM\u00d3DULO 4: Datos para una buena interpretaci\u00f3n en el an\u00e1lisis de la presi\u00f3n alta en f\u00fatbol<\/p>\n"},{"nombre_del_curso":"Metodolog\u00eda de la observaci\u00f3n en futbol formativo","descripcion_del_curso":"<p>M\u00d3DULO 1: Introducci\u00f3n a la observaci\u00f3n de v\u00eddeo<br \/>\nM\u00d3DULO 2: Observaci\u00f3n en una sesi\u00f3n de entrenamiento<br \/>\nM\u00d3DULO 3: Observaci\u00f3n en partido de competici\u00f3n<br \/>\nM\u00d3DULO 4: Observaci\u00f3n individual del jugador<\/p>\n"}],"aprende_a":[{"item_aprende_a":"Implementar las herramientas, m\u00e9todos y estrategias en relaci\u00f3n al an\u00e1lisis t\u00e1ctico en f\u00fatbol, otorgando las habilidades espec\u00edficas para satisfacer la demanda de roles espec\u00edficos por parte de clubes profesionales."},{"item_aprende_a":"Identificar los par\u00e1metros y elementos t\u00e1cticos de la fase de inicio del juego, al fin de seleccionar, organizar y transmitir la informaci\u00f3n m\u00e1s importante de forma eficaz a trav\u00e9s tambi\u00e9n el manejo de herramientas tecnol\u00f3gicas."},{"item_aprende_a":"Entender la importancia de las ABP en el futbol actual y sobretodo, obtener recursos y criterios para desarrollar el an\u00e1lisis de este tipo de acciones."},{"item_aprende_a":"Aplicar los contenidos te\u00f3ricos y pr\u00e1cticos m\u00e1s relevantes para el an\u00e1lisis de la fase de la presi\u00f3n alta en el f\u00fatbol, que te permitir\u00e1n identificar y reconocer las diferentes situaciones de presi\u00f3n alta, as\u00ed como plantear tareas para su entrenamiento."},{"item_aprende_a":"Conocer una nueva metodolog\u00eda de observaci\u00f3n enfocada al F\u00fatbol Formativo basada en tu propio equipo, desde entrenamientos a partidos."}],"preguntas_frecuentes":false,"contenidistas":[{"contenidista":"Matias Pera Lallana","descripcion_contenidista":"Coordinador y entrenador de f\u00fatbol base."}],"docentes_expertos":[{"foto":"https:\/\/static.capabiliaserver.com\/frontend\/clients\/barca\/wp_prod\/wp-content\/uploads\/2021\/04\/44f3909e-alberto-angelastri.png","nombre_del_docente":"Alberto Angelastri","descripcion_del_docente":"Match Analyst en FC Barcelona. Graduado en Ciencias y T\u00e9cnicas del Deporte (2017) M\u00e1ster Profesional en F\u00fatbol de alto rendimiento FC Barcelona \u2013 INEFC (2019) 2014-2017: Entrenador U20 regional - ASD Fortis Altamura 2017-2018: Entrenador F\u00fatbol Base - Centre d\u2019Esports Sabadell F\u00fatbol Club 2018: Segundo Entrenador Cadete A - CF Can Vidalet 2018 \u2013 Actualidad: Analista 1o equipo femenino \u2013 FC Barcelona.","enlace":""},{"foto":"https:\/\/static.capabiliaserver.com\/frontend\/clients\/barca\/wp_prod\/wp-content\/uploads\/2021\/04\/d3ecc2dd-joan-vicente.png","nombre_del_docente":"Joan Vicente Armengol ","descripcion_del_docente":"Analista de la selecci\u00f3n Sub23 De Emiratos \u00c1rabes Unidos (UAEFA). Anteriormente miembro del departamento de an\u00e1lisis del FC Barcelona. Graduado en Ciencias de la Actividad F\u00edsica y el Deporte (INEFC Lleida), M\u00e1ster Profesional en Alto Rendimiento en Deportes de Equipo (INEFC Barcelona) y t\u00edtulo en Big Data aplicado al modelo de juego, an\u00e1lisis y entrenamiento en f\u00fatbol (UCAM).","enlace":""},{"foto":"https:\/\/static.capabiliaserver.com\/frontend\/clients\/barca\/wp_prod\/wp-content\/uploads\/2021\/04\/96532b3d-isidre-ram\u00f3n-madir.png","nombre_del_docente":"Isidre Ram\u00f3n Madir ","descripcion_del_docente":"Entrenador asistente del Valencia CF. Ex entrenador asistente del Watford FC y del primer equipo de f\u00fatbol del FC Barcelona. Entrenador UEFA PRO, t\u00e9cnico asistente y analista. Actualmente en el VALENCIA CF con Javi Gracia, con quien estuvo en WATFORD FC (2018-2020).  Previamente fue analista en el FC BARCELONA con Luis Enrique (2014-2017) y en el FC BARCELONA B (2009-2014). Licenciado en INEF (2000) y Master en BIG DATA (2021) y en ALTO RENDIMIENTO EN DEPORTES EQUIPO (2004).","enlace":""},{"foto":"https:\/\/static.capabiliaserver.com\/frontend\/clients\/barca\/wp_prod\/wp-content\/uploads\/2021\/04\/a92872cf-jordi-pons-bolivar.jpeg","nombre_del_docente":"Jordi Pons Bol\u00edvar","descripcion_del_docente":"Football Analyst en FC Barcelona. Graduado en Ciencias de la Actividad F\u00edsica y el Deporte, M\u00e1ster en Rendimiento Deportivo: Tecnificaci\u00f3n y Alto Nivel (RETAN). Actualmente Analista T\u00e1ctico en el F.C.Barcelona.","enlace":""}],"imagen_destacada":false,"slidebox":false,"titulo_seccion_testimonios":"","slider_testimonios":false,"imagen_de_fondo_testimonios":false,"color_de_fondo_testimonios":"","zona_horaria":"Europe\/Madrid","activar_banner_1":false,"banner_1":false,"activar_banner_2":false,"banner_2":false,"activar_banner_3":false,"banner_3":false,"url_cursado_webinar":"20210925","segunda_fecha_de_inicio":"25092021","activar_nuevos_banners":false,"mostrar_banner_1":false,"crear_banner_1":{"utilizar_imagen_unica_para_banner":false,"asignar_imagen_unica_para_banner":false,"mostrar_titulo_banner":false,"titulo_para_banner":"","mostrar_subtitulo_banner":false,"subtitulo_del_banner":"","mostrar_cta_banner":false,"texto_cta_banner":"","url_cta_banner":"","fondo_de_color_banner":"","fondo_de_imagen_banner":false,"mostrar_imagen_izquierda_banner":false,"asignar_imagen_izquierda_banner":false},"mostrar_banner_2":false,"crear_banner_2":{"utilizar_imagen_unica_para_banner":false,"asignar_imagen_unica_para_banner":false,"mostrar_titulo_banner":false,"titulo_para_banner":"","mostrar_subtitulo_banner":false,"subtitulo_del_banner":"","mostrar_cta_banner":false,"texto_cta_banner":"","url_cta_banner":"","fondo_de_color_banner":"","fondo_de_imagen_banner":false,"mostrar_imagen_izquierda_banner":false,"asignar_imagen_izquierda_banner":false},"mostrar_banner_3":false,"crear_banner_3":{"utilizar_imagen_unica_para_banner":false,"asignar_imagen_unica_para_banner":false,"mostrar_titulo_banner":false,"titulo_para_banner":"","mostrar_subtitulo_banner":false,"subtitulo_del_banner":"","mostrar_cta_banner":false,"texto_cta_banner":"","url_cta_banner":"","fondo_de_color_banner":"","fondo_de_imagen_banner":false,"mostrar_imagen_izquierda_banner":false,"asignar_imagen_izquierda_banner":false}},"idiomas":{"en":89336,"es":89341,"ar":89337,"ca":89338,"ru":89340,"pt":89339},"_links":{"self":[{"href":"https:\/\/barcainnovationhub.com\/es\/wp-json\/wp\/v2\/products\/89341"}],"collection":[{"href":"https:\/\/barcainnovationhub.com\/es\/wp-json\/wp\/v2\/products"}],"about":[{"href":"https:\/\/barcainnovationhub.com\/es\/wp-json\/wp\/v2\/types\/product"}],"author":[{"embeddable":true,"href":"https:\/\/barcainnovationhub.com\/es\/wp-json\/wp\/v2\/users\/16"}],"replies":[{"embeddable":true,"href":"https:\/\/barcainnovationhub.com\/es\/wp-json\/wp\/v2\/comments?post=89341"}],"version-history":[{"count":5,"href":"https:\/\/barcainnovationhub.com\/es\/wp-json\/wp\/v2\/products\/89341\/revisions"}],"predecessor-version":[{"id":116233,"href":"https:\/\/barcainnovationhub.com\/es\/wp-json\/wp\/v2\/products\/89341\/revisions\/116233"}],"wp:attachment":[{"href":"https:\/\/barcainnovationhub.com\/es\/wp-json\/wp\/v2\/media?parent=89341"}],"wp:term":[{"taxonomy":"category","embeddable":true,"href":"https:\/\/barcainnovationhub.com\/es\/wp-json\/wp\/v2\/categories?post=89341"}],"curies":[{"name":"wp","href":"https:\/\/api.w.org\/{rel}","templated":true}]}}