{"id":3453,"date":"2018-03-02T14:59:43","date_gmt":"2018-03-02T17:59:43","guid":{"rendered":"http:\/\/barcainnovationhub.com\/home\/"},"modified":"2021-11-17T12:18:20","modified_gmt":"2021-11-17T15:18:20","slug":"home","status":"publish","type":"page","link":"https:\/\/barcainnovationhub.com\/pt\/","title":{"rendered":"Home"},"content":{"rendered":"","protected":false},"excerpt":{"rendered":"","protected":false},"author":1,"featured_media":0,"parent":0,"menu_order":887,"comment_status":"closed","ping_status":"closed","template":"page-templates\/page-home.php","meta":[],"categories":[],"tags":[],"yoast_head":"<!-- This site is optimized with the Yoast SEO plugin v16.6.1 - https:\/\/yoast.com\/wordpress\/plugins\/seo\/ -->\n<meta name=\"description\" content=\"Programas online, concebidos por uma comunidade de peritos do setor desportivo, que consiste em profissionais do Clube e profissionais externos l\u00edderes nas suas \u00e1reas de especializa\u00e7\u00e3o.\" \/>\n<meta name=\"robots\" content=\"index, follow, max-snippet:-1, max-image-preview:large, max-video-preview:-1\" \/>\n<link rel=\"canonical\" href=\"https:\/\/barcainnovationhub.com\/pt\/\" \/>\n<meta property=\"og:locale\" content=\"pt_PT\" \/>\n<meta property=\"og:type\" content=\"article\" \/>\n<meta property=\"og:title\" content=\"Home - Bar\u00e7a Innovation Hub\" \/>\n<meta property=\"og:description\" content=\"Programas online, concebidos por uma comunidade de peritos do setor desportivo, que consiste em profissionais do Clube e profissionais externos l\u00edderes nas suas \u00e1reas de especializa\u00e7\u00e3o.\" \/>\n<meta property=\"og:url\" content=\"https:\/\/barcainnovationhub.com\/pt\/\" \/>\n<meta property=\"og:site_name\" content=\"Bar\u00e7a Innovation Hub\" \/>\n<meta property=\"article:publisher\" content=\"https:\/\/www.facebook.com\/fcbuniversitas\" \/>\n<meta property=\"article:modified_time\" content=\"2021-11-17T15:18:20+00:00\" \/>\n<meta name=\"twitter:card\" content=\"summary\" \/>\n<meta name=\"twitter:site\" content=\"@BarcaInnoHub\" \/>\n<script type=\"application\/ld+json\" class=\"yoast-schema-graph\">{\"@context\":\"https:\/\/schema.org\",\"@graph\":[{\"@type\":\"WebSite\",\"@id\":\"https:\/\/barcainnovationhub.com\/#website\",\"url\":\"https:\/\/barcainnovationhub.com\/\",\"name\":\"Bar\\u00e7a Innovation Hub\",\"description\":\"The worldwide centre for sports knowledge and innovation\",\"potentialAction\":[{\"@type\":\"SearchAction\",\"target\":{\"@type\":\"EntryPoint\",\"urlTemplate\":\"https:\/\/barcainnovationhub.com\/?s={search_term_string}\"},\"query-input\":\"required name=search_term_string\"}],\"inLanguage\":\"pt-WP\"},{\"@type\":\"WebPage\",\"@id\":\"https:\/\/barcainnovationhub.com\/pt\/#webpage\",\"url\":\"https:\/\/barcainnovationhub.com\/pt\/\",\"name\":\"Home - Bar\\u00e7a Innovation Hub\",\"isPartOf\":{\"@id\":\"https:\/\/barcainnovationhub.com\/#website\"},\"datePublished\":\"2018-03-02T17:59:43+00:00\",\"dateModified\":\"2021-11-17T15:18:20+00:00\",\"description\":\"Programas online, concebidos por uma comunidade de peritos do setor desportivo, que consiste em profissionais do Clube e profissionais externos l\\u00edderes nas suas \\u00e1reas de especializa\\u00e7\\u00e3o.\",\"breadcrumb\":{\"@id\":\"https:\/\/barcainnovationhub.com\/pt\/#breadcrumb\"},\"inLanguage\":\"pt-WP\",\"potentialAction\":[{\"@type\":\"ReadAction\",\"target\":[\"https:\/\/barcainnovationhub.com\/pt\/\"]}]},{\"@type\":\"BreadcrumbList\",\"@id\":\"https:\/\/barcainnovationhub.com\/pt\/#breadcrumb\",\"itemListElement\":[{\"@type\":\"ListItem\",\"position\":1,\"name\":\"Portada\",\"item\":\"https:\/\/barcainnovationhub.com\/pt\/\"},{\"@type\":\"ListItem\",\"position\":2,\"name\":\"Home\"}]}]}<\/script>\n<!-- \/ Yoast SEO plugin. -->","acf":{"slider_hero":[{"tag":"Innovation","titulo":"BAR\u00c7A INNOVATION HUB: UM GRANDE LABORAT\u00d3RIO PARA O FUTURO DO DESPORTO","link":"https:\/\/barcainnovationhub.com\/pt\/barca-innovation-hub-la-construccion-del-futuro-del-deporte\/","subtitulo":"","descripcion_corta":"Um dos princ\u00edpios fundamentais do Bar\u00e7a Innovation Hub \u00e9 a convic\u00e7\u00e3o de que, na investiga\u00e7\u00e3o cient\u00edfica e nos projetos de inova\u00e7\u00e3o, a colabora\u00e7\u00e3o entre diferentes tipos de entidades produz resultados mais eficientes, robustos e adaptados \u00e0s necessidades dos utilizadores finais.","imagen_de_fondo":{"ID":12180,"id":12180,"title":"VO170912A02411-1-min","filename":"VO170912A02411-1-min.jpg","filesize":0,"url":"https:\/\/static.capabiliaserver.com\/frontend\/clients\/barca\/wp\/wp-content\/uploads\/2019\/02\/VO170912A02411-1-min.jpg","link":"https:\/\/barcainnovationhub.com\/pt\/home\/vo170912a02411-1-min-2\/","alt":"","author":"1","description":"","caption":"","name":"vo170912a02411-1-min-2","status":"inherit","uploaded_to":3453,"date":"2019-02-26 18:01:52","modified":"2019-02-26 18:01:52","menu_order":0,"mime_type":"image\/jpeg","type":"image","subtype":"jpeg","icon":"https:\/\/barcainnovationhub.com\/wp-includes\/images\/media\/default.png","width":2000,"height":1333,"sizes":{"thumbnail":"https:\/\/static.capabiliaserver.com\/frontend\/clients\/barca\/wp\/wp-content\/uploads\/2019\/02\/VO170912A02411-1-min-150x150.jpg","thumbnail-width":150,"thumbnail-height":150,"medium":"https:\/\/static.capabiliaserver.com\/frontend\/clients\/barca\/wp\/wp-content\/uploads\/2019\/02\/VO170912A02411-1-min-300x200.jpg","medium-width":300,"medium-height":200,"medium_large":"https:\/\/static.capabiliaserver.com\/frontend\/clients\/barca\/wp\/wp-content\/uploads\/2019\/02\/VO170912A02411-1-min-768x512.jpg","medium_large-width":768,"medium_large-height":512,"large":"https:\/\/static.capabiliaserver.com\/frontend\/clients\/barca\/wp\/wp-content\/uploads\/2019\/02\/VO170912A02411-1-min-1024x682.jpg","large-width":1024,"large-height":682,"1536x1536":"https:\/\/static.capabiliaserver.com\/frontend\/clients\/barca\/wp\/wp-content\/uploads\/2019\/02\/VO170912A02411-1-min.jpg","1536x1536-width":1536,"1536x1536-height":1024,"2048x2048":"https:\/\/static.capabiliaserver.com\/frontend\/clients\/barca\/wp\/wp-content\/uploads\/2019\/02\/VO170912A02411-1-min.jpg","2048x2048-width":2000,"2048x2048-height":1333}}},{"tag":"Universitas","titulo":"Coach Academy: treinando com o Bar\u00e7a DNA","link":"https:\/\/barcainnovationhub.com\/pt\/coach-academy\/","subtitulo":"","descripcion_corta":"Treinar melhores atletas significa treinar melhores treinadores. A Bar\u00e7a Coach Academy fornece as ferramentas te\u00f3ricas e pr\u00e1ticas para o desenho e implementa\u00e7\u00e3o de programas de treinamento, com base na metodologia caracter\u00edstica do Football Club Barcelona.","imagen_de_fondo":{"ID":34613,"id":34613,"title":"bg-card-program-coach-academy-v01-min","filename":"20839be6-bg-card-program-coach-academy-v01-min.jpg","filesize":0,"url":"https:\/\/barcainnovationhub.com\/wp-content\/uploads\/2019\/08\/20839be6-bg-card-program-coach-academy-v01-min.jpg","link":"https:\/\/barcainnovationhub.com\/pt\/home\/bg-card-program-coach-academy-v01-min-2-2\/","alt":"Bar\u00e7a Innovation Hub Week","author":"1","description":"","caption":"","name":"bg-card-program-coach-academy-v01-min-2-2","status":"inherit","uploaded_to":3453,"date":"2019-08-22 13:25:09","modified":"2020-02-21 08:09:27","menu_order":0,"mime_type":"image\/jpeg","type":"image","subtype":"jpeg","icon":"https:\/\/barcainnovationhub.com\/wp-includes\/images\/media\/default.png","width":1110,"height":446,"sizes":{"thumbnail":"https:\/\/barcainnovationhub.com\/wp-content\/uploads\/2019\/08\/20839be6-bg-card-program-coach-academy-v01-min-150x150.jpg","thumbnail-width":150,"thumbnail-height":150,"medium":"https:\/\/barcainnovationhub.com\/wp-content\/uploads\/2019\/08\/20839be6-bg-card-program-coach-academy-v01-min-300x121.jpg","medium-width":300,"medium-height":121,"medium_large":"https:\/\/barcainnovationhub.com\/wp-content\/uploads\/2019\/08\/20839be6-bg-card-program-coach-academy-v01-min-768x309.jpg","medium_large-width":768,"medium_large-height":309,"large":"https:\/\/barcainnovationhub.com\/wp-content\/uploads\/2019\/08\/20839be6-bg-card-program-coach-academy-v01-min-1024x411.jpg","large-width":1024,"large-height":411,"1536x1536":"https:\/\/barcainnovationhub.com\/wp-content\/uploads\/2019\/08\/20839be6-bg-card-program-coach-academy-v01-min.jpg","1536x1536-width":1110,"1536x1536-height":446,"2048x2048":"https:\/\/barcainnovationhub.com\/wp-content\/uploads\/2019\/08\/20839be6-bg-card-program-coach-academy-v01-min.jpg","2048x2048-width":1110,"2048x2048-height":446}}}],"slider_2":false,"slider_header":[{"fecha":"","extra_data":"","titulo":"El centre de coneixement i la innovaci\u00f3 esportiva","subtitulo":"","texto_btn":"SAIBA MAIS","link_btn":"\/pt\/acerca-de\/","imagen":"https:\/\/barcainnovationhub.com\/wp-content\/uploads\/2021\/03\/e3355c37-bg-hero-v02-min.jpg"},{"fecha":"","extra_data":"","titulo":"Certificado em Carga de Trabalho e Les\u00f5es em Desportos em Equipa","subtitulo":"","texto_btn":"SAIBA MAIS","link_btn":"\/pt\/product\/certificado-em-carga-de-trabalho-e-lesoes-em-desportos-em-equipa\/","imagen":"https:\/\/barcainnovationhub.com\/wp-content\/uploads\/2021\/03\/5763c45b-slider-basket-min.jpeg"},{"fecha":"","extra_data":"","titulo":"Certificado em Analista T\u00e1tico de Futebol","subtitulo":"","texto_btn":"SAIBA MAIS","link_btn":"\/pt\/product\/certificado-em-analista-tatico-de-futebol\/","imagen":"https:\/\/barcainnovationhub.com\/wp-content\/uploads\/2021\/03\/12775525-futbol.jpeg"}],"activar_banner_1":false,"banner_1":false,"activar_banner_2":false,"banner_2":false,"activar_banner_3":false,"banner_3":false,"new_home_blog_title":" \u00daLTIMAS TEND\u00caNCIAS","nota_destacada":"","notas_relacionadas":"","text_cta_blog":" v\u00e1 para o blog","url_cta_blog":"\/pt\/principal-blog","new_home_blog_subtitle":"","activar_nuevos_banners":false,"mostrar_banner_1":false,"crear_banner_1":{"utilizar_imagen_unica_para_banner":false,"asignar_imagen_unica_para_banner":false,"mostrar_titulo_banner":false,"titulo_para_banner":"","mostrar_subtitulo_banner":false,"subtitulo_del_banner":"","mostrar_cta_banner":false,"texto_cta_banner":"","url_cta_banner":"","fondo_de_color_banner":"","fondo_de_imagen_banner":false,"mostrar_imagen_izquierda_banner":false,"asignar_imagen_izquierda_banner":false},"mostrar_banner_2":false,"crear_banner_2":{"utilizar_imagen_unica_para_banner":false,"asignar_imagen_unica_para_banner":false,"mostrar_titulo_banner":false,"titulo_para_banner":"","mostrar_subtitulo_banner":false,"subtitulo_del_banner":"","mostrar_cta_banner":false,"texto_cta_banner":"","url_cta_banner":"","fondo_de_color_banner":"","fondo_de_imagen_banner":false,"mostrar_imagen_izquierda_banner":false,"asignar_imagen_izquierda_banner":false},"mostrar_banner_3":false,"crear_banner_3":{"utilizar_imagen_unica_para_banner":false,"asignar_imagen_unica_para_banner":false,"mostrar_titulo_banner":false,"titulo_para_banner":"","mostrar_subtitulo_banner":false,"subtitulo_del_banner":"","mostrar_cta_banner":false,"texto_cta_banner":"","url_cta_banner":"","fondo_de_color_banner":"","fondo_de_imagen_banner":false,"mostrar_imagen_izquierda_banner":false,"asignar_imagen_izquierda_banner":false}},"_links":{"self":[{"href":"https:\/\/barcainnovationhub.com\/pt\/wp-json\/wp\/v2\/pages\/3453"}],"collection":[{"href":"https:\/\/barcainnovationhub.com\/pt\/wp-json\/wp\/v2\/pages"}],"about":[{"href":"https:\/\/barcainnovationhub.com\/pt\/wp-json\/wp\/v2\/types\/page"}],"author":[{"embeddable":true,"href":"https:\/\/barcainnovationhub.com\/pt\/wp-json\/wp\/v2\/users\/1"}],"replies":[{"embeddable":true,"href":"https:\/\/barcainnovationhub.com\/pt\/wp-json\/wp\/v2\/comments?post=3453"}],"version-history":[{"count":5,"href":"https:\/\/barcainnovationhub.com\/pt\/wp-json\/wp\/v2\/pages\/3453\/revisions"}],"predecessor-version":[{"id":109205,"href":"https:\/\/barcainnovationhub.com\/pt\/wp-json\/wp\/v2\/pages\/3453\/revisions\/109205"}],"wp:attachment":[{"href":"https:\/\/barcainnovationhub.com\/pt\/wp-json\/wp\/v2\/media?parent=3453"}],"wp:term":[{"taxonomy":"category","embeddable":true,"href":"https:\/\/barcainnovationhub.com\/pt\/wp-json\/wp\/v2\/categories?post=3453"},{"taxonomy":"post_tag","embeddable":true,"href":"https:\/\/barcainnovationhub.com\/pt\/wp-json\/wp\/v2\/tags?post=3453"}],"curies":[{"name":"wp","href":"https:\/\/api.w.org\/{rel}","templated":true}]}}