{"id":61694,"date":"2020-06-05T15:16:48","date_gmt":"2020-06-05T18:16:48","guid":{"rendered":"https:\/\/barcainnovationhub.com\/?page_id=61694"},"modified":"2020-07-17T15:57:50","modified_gmt":"2020-07-17T18:57:50","slug":"professional-update-center","status":"publish","type":"page","link":"https:\/\/barcainnovationhub.com\/pt\/professional-update-center\/","title":{"rendered":"Professional Update Center"},"content":{"rendered":"","protected":false},"excerpt":{"rendered":"","protected":false},"author":1,"featured_media":0,"parent":0,"menu_order":265,"comment_status":"closed","ping_status":"closed","template":"page-templates\/new-update-center.php","meta":[],"categories":[],"tags":[],"yoast_head":"<!-- This site is optimized with the Yoast SEO plugin v16.6.1 - https:\/\/yoast.com\/wordpress\/plugins\/seo\/ -->\n<meta name=\"description\" content=\"Assine o Professional Update Center e obtenha acesso por 6 meses a conte\u00fado exclusivo relacionado \u00e0s \u00faltimas tend\u00eancias e inova\u00e7\u00f5es no esporte.\" \/>\n<meta name=\"robots\" content=\"index, follow, max-snippet:-1, max-image-preview:large, max-video-preview:-1\" \/>\n<link rel=\"canonical\" href=\"https:\/\/barcainnovationhub.com\/pt\/professional-update-center\/\" \/>\n<meta property=\"og:locale\" content=\"pt_PT\" \/>\n<meta property=\"og:type\" content=\"article\" \/>\n<meta property=\"og:title\" content=\"Professional Update Center - Bar\u00e7a Innovation Hub\" \/>\n<meta property=\"og:description\" content=\"Assine o Professional Update Center e obtenha acesso por 6 meses a conte\u00fado exclusivo relacionado \u00e0s \u00faltimas tend\u00eancias e inova\u00e7\u00f5es no esporte.\" \/>\n<meta property=\"og:url\" content=\"https:\/\/barcainnovationhub.com\/pt\/professional-update-center\/\" \/>\n<meta property=\"og:site_name\" content=\"Bar\u00e7a Innovation Hub\" \/>\n<meta property=\"article:publisher\" content=\"https:\/\/www.facebook.com\/fcbuniversitas\" \/>\n<meta property=\"article:modified_time\" content=\"2020-07-17T18:57:50+00:00\" \/>\n<meta name=\"twitter:card\" content=\"summary\" \/>\n<meta name=\"twitter:site\" content=\"@BarcaInnoHub\" \/>\n<script type=\"application\/ld+json\" class=\"yoast-schema-graph\">{\"@context\":\"https:\/\/schema.org\",\"@graph\":[{\"@type\":\"WebSite\",\"@id\":\"https:\/\/barcainnovationhub.com\/#website\",\"url\":\"https:\/\/barcainnovationhub.com\/\",\"name\":\"Bar\\u00e7a Innovation Hub\",\"description\":\"The worldwide centre for sports knowledge and innovation\",\"potentialAction\":[{\"@type\":\"SearchAction\",\"target\":{\"@type\":\"EntryPoint\",\"urlTemplate\":\"https:\/\/barcainnovationhub.com\/?s={search_term_string}\"},\"query-input\":\"required name=search_term_string\"}],\"inLanguage\":\"pt-WP\"},{\"@type\":\"WebPage\",\"@id\":\"https:\/\/barcainnovationhub.com\/pt\/professional-update-center\/#webpage\",\"url\":\"https:\/\/barcainnovationhub.com\/pt\/professional-update-center\/\",\"name\":\"Professional Update Center - Bar\\u00e7a Innovation Hub\",\"isPartOf\":{\"@id\":\"https:\/\/barcainnovationhub.com\/#website\"},\"datePublished\":\"2020-06-05T18:16:48+00:00\",\"dateModified\":\"2020-07-17T18:57:50+00:00\",\"description\":\"Assine o Professional Update Center e obtenha acesso por 6 meses a conte\\u00fado exclusivo relacionado \\u00e0s \\u00faltimas tend\\u00eancias e inova\\u00e7\\u00f5es no esporte.\",\"breadcrumb\":{\"@id\":\"https:\/\/barcainnovationhub.com\/pt\/professional-update-center\/#breadcrumb\"},\"inLanguage\":\"pt-WP\",\"potentialAction\":[{\"@type\":\"ReadAction\",\"target\":[\"https:\/\/barcainnovationhub.com\/pt\/professional-update-center\/\"]}]},{\"@type\":\"BreadcrumbList\",\"@id\":\"https:\/\/barcainnovationhub.com\/pt\/professional-update-center\/#breadcrumb\",\"itemListElement\":[{\"@type\":\"ListItem\",\"position\":1,\"name\":\"Portada\",\"item\":\"https:\/\/barcainnovationhub.com\/pt\/\"},{\"@type\":\"ListItem\",\"position\":2,\"name\":\"Professional Update Center\"}]}]}<\/script>\n<!-- \/ Yoast SEO plugin. -->","acf":{"puc_hero_imagen_header":"https:\/\/barcainnovationhub.com\/wp-content\/uploads\/2020\/06\/d3512524-bg-puc.jpg","puc_hero_title":"","puc_hero_subtitle":"","puc_hero_cta_texto":"","puc_hero_cta_destino":"","puc_n_areas_two_cards":false,"puc_n_areas_miniboxes_title":"","puc_n_areas_miniboxes":false,"puc_oferta_card":true,"puc_oferta_text":"","puc_oferta_card_titulo":"","puc_oferta_card_subtitulo":"","puc_oferta_card_cta_destino":"","puc_oferta_card_cta_text":"","productos_titulo":"Ou obtenha somente o conte\u00fado que seja do seu interesse","puc_productos_section":[{"producto_izquierdo":true,"producto_izquierdo_titulo":"High-Performance Nutritional Cuisine: Practical Recipes for Football","producto_izquierdo_img":"https:\/\/barcainnovationhub.com\/wp-content\/uploads\/2020\/06\/eda203ba-fcb-high-performance-nutritional-cuisine-portada.jpg","producto_izquierdo_paginas":"66 p\u00e1ginas","producto_izquierdo_idioma":"Idioma: ingl\u00eas","producto_izquierdo_editors":"Maria Antonia Lizarraga, Mireia Porta, Franchek Drobnic, Ian Rollo, Montse Illan e Xavier Torrado ","producto_izquierdo_section_leaders":"","producto_izquierdo_contenido":"O livro com receitas criado pelo Departamento de Nutri\u00e7\u00e3o do FC Barcelona em parceria com o Instituto Gatorade Sports Science e a Universidade de Barcelona, re\u00fane 25 receitas de alto rendimento em termos de gastronomia, Nutri\u00e7\u00e3o e esporte. As receitas desenvolvidas s\u00e3o apresentadas junto aos s\u00edmbolos para r\u00e1pida e f\u00e1cil compreens\u00e3o de como faz\u00ea-las na pr\u00e1tica.","producto_izquierdo_precio_tachado":"","producto_izquierdo_precio_final":"70","producto_izquierdo_cta_destino":"https:\/\/barcainnovationhub.com\/dpa\/add\/tocart\/id\/356","producto_izquierdo_cta_texto":"COMPRE ESTE GUIA","producto_derecho":true,"producto_derecho_titulo":"Football Analytics: Now and Beyond - A deep dive into the current state of advanced data analytics","producto_derecho_img":"https:\/\/barcainnovationhub.com\/wp-content\/uploads\/2020\/06\/ba8b34aa-fcb-football-analytics-now-and-beyond-portada.jpg","producto_derecho_paginas":"189 p\u00e1ginas","producto_derecho_idioma":"Idioma: ingl\u00eas","producto_derecho_editors":"EDITORES: Angel Ric e Ra\u00fal Pel\u00e1ez","producto_derecho_section_leaders":"L\u00cdDERES DA SE\u00c7\u00c3O: Julen Castellano, Nicolas Evans, Javier Fern\u00e1ndez, Daniel Link, Lucca Pappalardo, Daniel Memmert, Sam Robertson, Jaime Sampaio, Manuel Stein e Jan Van Haaren","producto_derecho_contenido":"A estreita colabora\u00e7\u00e3o entre os cientistas, atletas e treinadores \u00e9 importante para entender os problemas que eles enfrentam ao tomarem decis\u00f5es com base nas incertezas e nas necessidades de respostas imediatas a uma s\u00e9rie de eventos. O desafio \u00e9 processar dados e transformar essas observa\u00e7\u00f5es em conhecimento e esse conhecimento em respostas. Esta publica\u00e7\u00e3o explora e explica a situa\u00e7\u00e3o atual da an\u00e1lise sobre o futebol, com o objetivo de incentivar pessoas de todo o mundo a participarem desse novo e maravilhoso esfor\u00e7o esportivo que aumentar\u00e1 os dados para o futebol.","producto_derecho_precio_tachado":"","producto_derecho_precio_final":"70","producto_derecho_cta_destino":"https:\/\/barcainnovationhub.com\/dpa\/add\/tocart\/id\/357","producto_derecho_cta_texto":"COMPRE ESTE GUIA"},{"producto_izquierdo":true,"producto_izquierdo_titulo":"Sports Nutrition for Football: An Evidence-based Guide for Nutrition Practice at FC Barcelona","producto_izquierdo_img":"https:\/\/barcainnovationhub.com\/wp-content\/uploads\/2020\/06\/efb69ffe-fcb-sports-nutrition-for-football-portada.jpg","producto_izquierdo_paginas":"147 p\u00e1ginas","producto_izquierdo_idioma":"Idioma: ingl\u00eas","producto_izquierdo_editors":"Ian Rollo, Asker Jeukendrup, James Carter, Ma Antonia Lizarraga, Franchek Drobnic e C. Daniel Media Leal","producto_izquierdo_section_leaders":"","producto_izquierdo_contenido":"O objetivo deste livro \u00e9 resumir as evid\u00eancias e recomenda\u00e7\u00f5es pr\u00e1ticas para a Nutri\u00e7\u00e3o que o FC Barcelona tem. Todas as informa\u00e7\u00f5es s\u00e3o coletadas atrav\u00e9s pesquisas que foram revisadas e artigos de revis\u00e3o, bem como declara\u00e7\u00f5es de consenso de especialistas. Este livro re\u00fane as principais vis\u00f5es e focaliza novas descobertas (faz refer\u00eancias \u00e0s publica\u00e7\u00f5es mais recentes). Esta n\u00e3o \u00e9 uma revis\u00e3o abrangente da literatura, mas um resumo do pensamento atual.","producto_izquierdo_precio_tachado":"","producto_izquierdo_precio_final":"70","producto_izquierdo_cta_destino":"https:\/\/barcainnovationhub.com\/dpa\/add\/tocart\/id\/358","producto_izquierdo_cta_texto":"COMPRE ESTE GUIA","producto_derecho":true,"producto_derecho_titulo":"Muscle Injury Guide: Prevention of and Return to Play from Muscle Injuries","producto_derecho_img":"https:\/\/barcainnovationhub.com\/wp-content\/uploads\/2020\/06\/931b39b6-fcb-muscle-injury-guide-portada.jpg","producto_derecho_paginas":"203 p\u00e1ginas","producto_derecho_idioma":"Idioma: ingl\u00eas","producto_derecho_editors":"EDITORES: Ricard Pruna, Thor Einar Andersen, Ben Clarsen e Alan McCall","producto_derecho_section_leaders":"","producto_derecho_contenido":"No FC Barcelona, acreditamos que a cria\u00e7\u00e3o, a integra\u00e7\u00e3o e o fornecimento de programa m\u00e9dicos e de desempenho eficaz e eficiente requer de abordagens baseadas em evid\u00eancias, aplicando o que h\u00e1 de mais moderno em pesquisas e sem deixar de lado toda nossa experi\u00eancia pr\u00e1tica de muitos anos. Tamb\u00e9m acreditamos que devemos compartilhar nossos conhecimentos e experi\u00eancias com a comunidade esportiva e especialmente a do futebol internacional. Este guia destina-se a fornecer alguns ingredientes importantes para que possa ser adaptado e integrado \u00e0 sua pr\u00f3pria pr\u00e1tica e rotina.","producto_derecho_precio_tachado":"","producto_derecho_precio_final":"70","producto_derecho_cta_destino":"https:\/\/barcainnovationhub.com\/dpa\/add\/tocart\/id\/360","producto_derecho_cta_texto":"COMPRE ESTE GUIA"}],"active_faqs":true,"titulo_faqs":"Perguntas frequentes","puc_faqs":[{"titulo_pregunta":"O que \u00e9 Professional Update Center?","contenido_pregunta":"O Professional Update Center \u00e9 um servi\u00e7o on-line que permite que nossos assinantes tenham acesso a uma ampla variedade de cap\u00edtulos com conte\u00fados relacionados \u00e0s \u00e1reas de conhecimento do Bar\u00e7a Innovation Hub, atrav\u00e9s de dispositivos que estejam conectados \u00e0 Internet (computadores, tablet ou smartphones)."},{"titulo_pregunta":"Quais s\u00e3o os conte\u00fados que realmente est\u00e3o nos cap\u00edtulos do Professional Update Center?","contenido_pregunta":"Os conte\u00fados dos cap\u00edtulos do Professional Update Center est\u00e3o dentro do espectro de atua\u00e7\u00e3o das \u00e1reas de conhecimento do Bar\u00e7a Innovation Hub. Eles cont\u00eam guias pr\u00e1ticos, apresenta\u00e7\u00f5es, disserta\u00e7\u00f5es de especialistas, artigos originais sobre pesquisas aplicadas, casos cl\u00ednicos, artigos editoriais, artigos de consenso e outros, desenvolvidos pela equipe do Bar\u00e7a Innovation Hub e diferentes servi\u00e7os do FC Barcelona, e tamb\u00e9m por profissionais de diferentes universidades e centros de pesquisas de todo o mundo. O conte\u00fado do Professional Update Center pode sofrer altera\u00e7\u00f5es em fun\u00e7\u00e3o das atualiza\u00e7\u00f5es. Depende do formato, pois alguns conte\u00fados est\u00e3o dispon\u00edveis para download e, por isso, voc\u00ea poder\u00e1 ler onde quer que esteja e n\u00e3o somente quando tiver conectado \u00e0 Internet. "},{"titulo_pregunta":"Qual \u00e9 o prazo de perman\u00eancia dos conte\u00fados no Professional Update Center?","contenido_pregunta":"O volume de atualiza\u00e7\u00f5es dentro do Professional Update Center n\u00e3o \u00e9 preestabelecido. Nosso objetivo \u00e9 atualizar e incluir novos cap\u00edtulos de forma permanente. "},{"titulo_pregunta":"Qual o idioma que dos conte\u00fados que est\u00e3o no Professional Update Center?","contenido_pregunta":"Os conte\u00fados dispon\u00edveis dentro do Professional Update Center est\u00e3o no idioma original que cada cap\u00edtulo for publicado. Atualmente a maioria dos conte\u00fados dispon\u00edveis foram publicados em ingl\u00eas. "},{"titulo_pregunta":"Caso eu fa\u00e7a a inscri\u00e7\u00e3o no Professional Update Center poderei ter acesso os cap\u00edtulos de conte\u00fados que s\u00e3o vendidos separadamente?","contenido_pregunta":"Ao se inscrever no Professional Update Center voc\u00ea tamb\u00e9m ter\u00e1 acesso aos cap\u00edtulos de conte\u00fados e alguns deles podem estar dispon\u00edveis com acesso, de forma separada, com pagamento extra."},{"titulo_pregunta":"Quais s\u00e3o os planos de assinaturas dispon\u00edveis?","contenido_pregunta":"O Professional Update Center conta com uma op\u00e7\u00e3o de assinatura semestral que inclui acesso ilimitado, durante 6 meses, a todos os conte\u00fados dispon\u00edveis para computador, tablet ou smartphone que estejam conectados \u00e0 Internet. Como assinante do Professional Update Center o pagamento ser\u00e1 realizado \u00e0 vista, na data da sua inscri\u00e7\u00e3o original. "},{"titulo_pregunta":"Qual \u00e9 o per\u00edodo de dura\u00e7\u00e3o da assinatura no Professional Update Center?","contenido_pregunta":"A assinatura ao Professional Update Center tem uma dura\u00e7\u00e3o de 6 meses, a partir da data em que pagamento for registrado."},{"titulo_pregunta":"Quais s\u00e3o os requisitos b\u00e1sicos que devo atender para me inscrever no Professional Update Center?","contenido_pregunta":"Para que voc\u00ea possa ter acesso aos conte\u00fados dentro do Professional Update Center necessitar\u00e1 contar com Internet e um dispositivo (computador, tablet ou smartphone) e ter pagado a assinatura e recebido o comprovante de pagamento. "},{"titulo_pregunta":"O pagamento da minha assinatura ser\u00e1 \u00e0 vista ou posso fazer todos os meses?","contenido_pregunta":"A inscri\u00e7\u00e3o dos usu\u00e1rios do Professional Update Center ser\u00e1 recebida automaticamente \u00e0 vista na data que a inscri\u00e7\u00e3o for realizada, atrav\u00e9s das formas de pagamento dispon\u00edveis no site. Se houver problemas com o pagamento, suspenderemos seu acesso ao Professional Update Center at\u00e9 que o problema seja resolvido. Para algumas formas de pagamento, a institui\u00e7\u00e3o emissora poder\u00e1 incluir determinadas taxas, tais como taxa de remessa internacional ou impostos relacionados ao processamento da forma de pagamento. Os impostos locais variam de acordo com a forma de pagamento escolhida. Consulte seu fornecedor de servi\u00e7os sobre a forma de pagamento e receba todas as informa\u00e7\u00f5es."},{"titulo_pregunta":"Posso cancelar a assinatura ao Professional Update Center?","contenido_pregunta":"Voc\u00ea poder\u00e1 cancelar sua assinatura a qualquer momento. Informamos que o pagamento \u00e9 n\u00e3o reembols\u00e1vel e que n\u00e3o permitiremos reembolsos ou cr\u00e9ditos pelos per\u00edodos de assinatura usados de maneira parcial ou pelo conte\u00fado que tenha tido acesso. Para cancelar, entre em contato com nosso Centro de atendimento ao cliente. Caso cancele sua assinatura, seu acesso ao Professional Update Center ser\u00e1 automaticamente suspenso."},{"titulo_pregunta":"Uma vez finalizado o prazo de 6 meses poderei renovar minha assinatura?","contenido_pregunta":"Uma vez finalizado o per\u00edodo de assinatura, voc\u00ea ter\u00e1 a possibilidade de renovar sua assinatura por igual per\u00edodo. O procedimento para o pagamento deste novo per\u00edodo ser\u00e1 exatamente igual ao anterior e poder\u00e1 ingressar a mesma forma de pagamento ou outra que seja de sua prefer\u00eancia e esteja dispon\u00edvel no nosso site. Ainda assim, pr\u00f3ximo da data de finaliza\u00e7\u00e3o da sua assinatura o Professional Update Center enviar\u00e1 uma notifica\u00e7\u00e3o de advert\u00eancia. "}]},"_links":{"self":[{"href":"https:\/\/barcainnovationhub.com\/pt\/wp-json\/wp\/v2\/pages\/61694"}],"collection":[{"href":"https:\/\/barcainnovationhub.com\/pt\/wp-json\/wp\/v2\/pages"}],"about":[{"href":"https:\/\/barcainnovationhub.com\/pt\/wp-json\/wp\/v2\/types\/page"}],"author":[{"embeddable":true,"href":"https:\/\/barcainnovationhub.com\/pt\/wp-json\/wp\/v2\/users\/1"}],"replies":[{"embeddable":true,"href":"https:\/\/barcainnovationhub.com\/pt\/wp-json\/wp\/v2\/comments?post=61694"}],"version-history":[{"count":5,"href":"https:\/\/barcainnovationhub.com\/pt\/wp-json\/wp\/v2\/pages\/61694\/revisions"}],"predecessor-version":[{"id":66125,"href":"https:\/\/barcainnovationhub.com\/pt\/wp-json\/wp\/v2\/pages\/61694\/revisions\/66125"}],"wp:attachment":[{"href":"https:\/\/barcainnovationhub.com\/pt\/wp-json\/wp\/v2\/media?parent=61694"}],"wp:term":[{"taxonomy":"category","embeddable":true,"href":"https:\/\/barcainnovationhub.com\/pt\/wp-json\/wp\/v2\/categories?post=61694"},{"taxonomy":"post_tag","embeddable":true,"href":"https:\/\/barcainnovationhub.com\/pt\/wp-json\/wp\/v2\/tags?post=61694"}],"curies":[{"name":"wp","href":"https:\/\/api.w.org\/{rel}","templated":true}]}}