{"id":10297,"date":"2019-01-18T10:45:20","date_gmt":"2019-01-18T13:45:20","guid":{"rendered":"https:\/\/barcainnovationhub.com\/?post_type=product&#038;p=10297"},"modified":"2022-01-11T02:06:16","modified_gmt":"2022-01-11T05:06:16","slug":"introducao-ao-direito-desportivo","status":"publish","type":"product","link":"https:\/\/barcainnovationhub.com\/pt\/product\/introducao-ao-direito-desportivo\/","title":{"rendered":"Introdu\u00e7\u00e3o ao Direito Desportivo"},"content":{"rendered":"","protected":false},"excerpt":{"rendered":"","protected":false},"author":1,"featured_media":0,"comment_status":"open","ping_status":"closed","template":"","meta":[],"categories":[113,113],"yoast_head":"<!-- This site is optimized with the Yoast SEO plugin v16.6.1 - https:\/\/yoast.com\/wordpress\/plugins\/seo\/ -->\n<meta name=\"robots\" content=\"index, follow, max-snippet:-1, max-image-preview:large, max-video-preview:-1\" \/>\n<link rel=\"canonical\" href=\"https:\/\/barcainnovationhub.com\/pt\/product\/introducao-ao-direito-desportivo\/\" \/>\n<meta property=\"og:locale\" content=\"pt_PT\" \/>\n<meta property=\"og:type\" content=\"article\" \/>\n<meta property=\"og:title\" content=\"Introdu\u00e7\u00e3o ao Direito Desportivo - Bar\u00e7a Innovation Hub\" \/>\n<meta property=\"og:url\" content=\"https:\/\/barcainnovationhub.com\/pt\/product\/introducao-ao-direito-desportivo\/\" \/>\n<meta property=\"og:site_name\" content=\"Bar\u00e7a Innovation Hub\" \/>\n<meta property=\"article:publisher\" content=\"https:\/\/www.facebook.com\/fcbuniversitas\" \/>\n<meta property=\"article:modified_time\" content=\"2022-01-11T05:06:16+00:00\" \/>\n<meta property=\"og:image\" content=\"https:\/\/barcainnovationhub.com\/wp-content\/uploads\/2019\/01\/24682360-basic-elements-of-sports-law-2.jpg\" \/>\n\t<meta property=\"og:image:width\" content=\"1200\" \/>\n\t<meta property=\"og:image:height\" content=\"1200\" \/>\n<meta name=\"twitter:card\" content=\"summary\" \/>\n<meta name=\"twitter:image\" content=\"https:\/\/barcainnovationhub.com\/wp-content\/uploads\/2019\/01\/24682360-basic-elements-of-sports-law-2.jpg\" \/>\n<meta name=\"twitter:site\" content=\"@BarcaInnoHub\" \/>\n<script type=\"application\/ld+json\" class=\"yoast-schema-graph\">{\"@context\":\"https:\/\/schema.org\",\"@graph\":[{\"@type\":\"WebSite\",\"@id\":\"https:\/\/barcainnovationhub.com\/#website\",\"url\":\"https:\/\/barcainnovationhub.com\/\",\"name\":\"Bar\\u00e7a Innovation Hub\",\"description\":\"The worldwide centre for sports knowledge and innovation\",\"potentialAction\":[{\"@type\":\"SearchAction\",\"target\":{\"@type\":\"EntryPoint\",\"urlTemplate\":\"https:\/\/barcainnovationhub.com\/?s={search_term_string}\"},\"query-input\":\"required name=search_term_string\"}],\"inLanguage\":\"pt-WP\"},{\"@type\":\"ImageObject\",\"@id\":\"https:\/\/barcainnovationhub.com\/pt\/product\/introducao-ao-direito-desportivo\/#primaryimage\",\"inLanguage\":\"pt-WP\",\"url\":\"https:\/\/barcainnovationhub.com\/wp-content\/uploads\/2019\/01\/24682360-basic-elements-of-sports-law-2.jpg\",\"contentUrl\":\"https:\/\/barcainnovationhub.com\/wp-content\/uploads\/2019\/01\/24682360-basic-elements-of-sports-law-2.jpg\",\"width\":1200,\"height\":1200},{\"@type\":\"WebPage\",\"@id\":\"https:\/\/barcainnovationhub.com\/pt\/product\/introducao-ao-direito-desportivo\/#webpage\",\"url\":\"https:\/\/barcainnovationhub.com\/pt\/product\/introducao-ao-direito-desportivo\/\",\"name\":\"Introdu\\u00e7\\u00e3o ao Direito Desportivo - Bar\\u00e7a Innovation Hub\",\"isPartOf\":{\"@id\":\"https:\/\/barcainnovationhub.com\/#website\"},\"datePublished\":\"2019-01-18T13:45:20+00:00\",\"dateModified\":\"2022-01-11T05:06:16+00:00\",\"breadcrumb\":{\"@id\":\"https:\/\/barcainnovationhub.com\/pt\/product\/introducao-ao-direito-desportivo\/#breadcrumb\"},\"inLanguage\":\"pt-WP\",\"potentialAction\":[{\"@type\":\"ReadAction\",\"target\":[\"https:\/\/barcainnovationhub.com\/pt\/product\/introducao-ao-direito-desportivo\/\"]}]},{\"@type\":\"BreadcrumbList\",\"@id\":\"https:\/\/barcainnovationhub.com\/pt\/product\/introducao-ao-direito-desportivo\/#breadcrumb\",\"itemListElement\":[{\"@type\":\"ListItem\",\"position\":1,\"name\":\"Portada\",\"item\":\"https:\/\/barcainnovationhub.com\/pt\/\"},{\"@type\":\"ListItem\",\"position\":2,\"name\":\"Productos\",\"item\":\"https:\/\/barcainnovationhub.com\/pt\/product\/\"},{\"@type\":\"ListItem\",\"position\":3,\"name\":\"Introdu\\u00e7\\u00e3o ao Direito Desportivo\"}]}]}<\/script>\n<!-- \/ Yoast SEO plugin. -->","acf":{"external_id":"1369","header_image":108336,"column_title":"","titulo_incentivo":"Introdu\u00e7\u00e3o ao Direito Desportivo","precio":"200","precio_en_cuotas":"","precio_de_lista":"","mostrar_form":false,"promocion_vigente":"","duracion_del_curso":"1 M\u00eas","nivel_del_curso":"introdut\u00f3rio","modalidad_cursado":"Online","impartido_en":"Portugues","contenido":"<p>Compreender em termos gerais certos princ\u00edpios jur\u00eddicos pode ajudar o &#8220;leigo&#8221; a negociar melhores acordos comerciais, a controlar com maior efic\u00e1cia seus mediadores e a evitar riscos durante os processos de decis\u00e3o de alto risco na ind\u00fastria do esporte. Podemos deixar os tecnicismos para os advogados. Entretanto, os princ\u00edpios jur\u00eddicos b\u00e1sicos, desde a execu\u00e7\u00e3o dos contratos at\u00e9 o cumprimento dos acordos, s\u00e3o \u00fateis para qualquer pessoa que pretenda fazer neg\u00f3cios no mundo do esporte.<\/p>\n<p>Marcus Bach-Armas proporciona os princ\u00edpios jur\u00eddicos b\u00e1sicos aos negociadores do mundo empres\u00e1rio esportivo atrav\u00e9s deste curso, o que levar\u00e1 a resultados comerciais mais favor\u00e1veis.<\/p>\n","ocultar_video":false,"avalado_por":false,"pdf_brochure":"https:\/\/static.capabiliaserver.com\/frontend\/clients\/barca\/wp_prod\/wp-content\/uploads\/2019\/01\/e748f755-introducao-ao-direito-desportivo.pdf","cursos_que_lo_componen":[{"nombre_del_curso":"Introdu\u00e7\u00e3o ao Direito Desportivo","descripcion_del_curso":"<p>M\u00d3DULO 1: Princ\u00edpios contratuais<br \/>\nM\u00d3DULO 2: Risco jur\u00eddico e repara\u00e7\u00e3o legal<br \/>\nM\u00d3DULO 3: Conselhos administrativos e associa\u00e7\u00f5es<br \/>\nM\u00d3DULO 4: Direito desportivo na pr\u00e1tica<\/p>\n"}],"preguntas_frecuentes":false,"contenidistas":false,"docentes_expertos":[{"foto":"https:\/\/barcainnovationhub.com\/wp-content\/uploads\/2018\/06\/Marcus_Bach_Armas.jpg","nombre_del_docente":"Marcus Bach-Armas ","descripcion_del_docente":"M.A. em Sports Management. Diretor de Assuntos Legais e de Governo da Miami Dolphins & Sun Life Stadium.","enlace":""}],"hubspot_product_id":"11980881","url_video":"https:\/\/www.youtube.com\/embed\/Vaa14bdPZ5c","aprende_a":[{"item_aprende_a":"Compreender os elementos essenciais de um contrato e ser capaz negoci\u00e1-lo de modo inteligente."},{"item_aprende_a":"Desenvolver familiaridade com processos e mecanismos de resolu\u00e7\u00e3o de disputas."},{"item_aprende_a":"Entender os pontos fortes, fracos e as fun\u00e7\u00f5es dos conselhos administrativos no esporte."}],"fecha_de_inicio":"10062021","imagen_destacada":false,"id_magento":"202","producto_path":false,"titulo_seccion_testimonios":"","slider_testimonios":false,"imagen_de_fondo_testimonios":false,"color_de_fondo_testimonios":"","activar_banner_1":false,"banner_1":false,"activar_banner_2":false,"banner_2":false,"activar_banner_3":false,"banner_3":false,"segunda_fecha_de_inicio":"","zona_horaria":"Europe\/Madrid","activar_nuevos_banners":false,"mostrar_banner_1":false,"crear_banner_1":{"utilizar_imagen_unica_para_banner":false,"asignar_imagen_unica_para_banner":false,"mostrar_titulo_banner":false,"titulo_para_banner":"","mostrar_subtitulo_banner":false,"subtitulo_del_banner":"","mostrar_cta_banner":false,"texto_cta_banner":"","url_cta_banner":"","fondo_de_color_banner":"","fondo_de_imagen_banner":false,"mostrar_imagen_izquierda_banner":false,"asignar_imagen_izquierda_banner":false},"mostrar_banner_2":false,"crear_banner_2":{"utilizar_imagen_unica_para_banner":false,"asignar_imagen_unica_para_banner":false,"mostrar_titulo_banner":false,"titulo_para_banner":"","mostrar_subtitulo_banner":false,"subtitulo_del_banner":"","mostrar_cta_banner":false,"texto_cta_banner":"","url_cta_banner":"","fondo_de_color_banner":"","fondo_de_imagen_banner":false,"mostrar_imagen_izquierda_banner":false,"asignar_imagen_izquierda_banner":false},"mostrar_banner_3":false,"crear_banner_3":{"utilizar_imagen_unica_para_banner":false,"asignar_imagen_unica_para_banner":false,"mostrar_titulo_banner":false,"titulo_para_banner":"","mostrar_subtitulo_banner":false,"subtitulo_del_banner":"","mostrar_cta_banner":false,"texto_cta_banner":"","url_cta_banner":"","fondo_de_color_banner":"","fondo_de_imagen_banner":false,"mostrar_imagen_izquierda_banner":false,"asignar_imagen_izquierda_banner":false}},"idiomas":{"en":10066,"es":10301,"ar":10297,"ca":10891,"ru":10297,"pt":10297},"_links":{"self":[{"href":"https:\/\/barcainnovationhub.com\/pt\/wp-json\/wp\/v2\/products\/10297"}],"collection":[{"href":"https:\/\/barcainnovationhub.com\/pt\/wp-json\/wp\/v2\/products"}],"about":[{"href":"https:\/\/barcainnovationhub.com\/pt\/wp-json\/wp\/v2\/types\/product"}],"author":[{"embeddable":true,"href":"https:\/\/barcainnovationhub.com\/pt\/wp-json\/wp\/v2\/users\/1"}],"replies":[{"embeddable":true,"href":"https:\/\/barcainnovationhub.com\/pt\/wp-json\/wp\/v2\/comments?post=10297"}],"version-history":[{"count":5,"href":"https:\/\/barcainnovationhub.com\/pt\/wp-json\/wp\/v2\/products\/10297\/revisions"}],"predecessor-version":[{"id":116412,"href":"https:\/\/barcainnovationhub.com\/pt\/wp-json\/wp\/v2\/products\/10297\/revisions\/116412"}],"wp:attachment":[{"href":"https:\/\/barcainnovationhub.com\/pt\/wp-json\/wp\/v2\/media?parent=10297"}],"wp:term":[{"taxonomy":"category","embeddable":true,"href":"https:\/\/barcainnovationhub.com\/pt\/wp-json\/wp\/v2\/categories?post=10297"}],"curies":[{"name":"wp","href":"https:\/\/api.w.org\/{rel}","templated":true}]}}