{"id":10364,"date":"2019-01-18T12:19:14","date_gmt":"2019-01-18T15:19:14","guid":{"rendered":"https:\/\/barcainnovationhub.com\/product\/certificate-in-sports-facilities-management\/"},"modified":"2022-01-11T01:51:33","modified_gmt":"2022-01-11T04:51:33","slug":"certificado-em-gestao-de-instalacoes-desportivas","status":"publish","type":"product","link":"https:\/\/barcainnovationhub.com\/pt\/product\/certificado-em-gestao-de-instalacoes-desportivas\/","title":{"rendered":"Certificado em Gest\u00e3o de Instala\u00e7\u00f5es Desportivas"},"content":{"rendered":"","protected":false},"excerpt":{"rendered":"","protected":false},"author":1,"featured_media":0,"comment_status":"open","ping_status":"closed","template":"","meta":[],"categories":[113,113],"yoast_head":"<!-- This site is optimized with the Yoast SEO plugin v16.6.1 - https:\/\/yoast.com\/wordpress\/plugins\/seo\/ -->\n<meta name=\"description\" content=\"Neste curso de Gest\u00e3o de Instala\u00e7\u00f5es Esportivas voc\u00ea aprender\u00e1 a identificar os diferentes modelos de neg\u00f3cio de cada est\u00e1gio, em fun\u00e7\u00e3o do ambiente competitivo.\" \/>\n<meta name=\"robots\" content=\"index, follow, max-snippet:-1, max-image-preview:large, max-video-preview:-1\" \/>\n<link rel=\"canonical\" href=\"https:\/\/barcainnovationhub.com\/pt\/product\/certificado-em-gestao-de-instalacoes-desportivas\/\" \/>\n<meta property=\"og:locale\" content=\"pt_PT\" \/>\n<meta property=\"og:type\" content=\"article\" \/>\n<meta property=\"og:title\" content=\"Certificado em Gest\u00e3o de Instala\u00e7\u00f5es Desportivas\" \/>\n<meta property=\"og:description\" content=\"A ind\u00fastria das instala\u00e7\u00f5es desportivas, ou sports facilities, experimentou um desenvolvimento mais do que significativo na \u00faltima d\u00e9cada. Atualmente, \u00e9\u00a0dif\u00edcil encontrar um regi\u00e3o onde n\u00e3o haja um projeto a decorrer ou em fase de estudo para um novo recinto, ou onde n\u00e3o tenha sido inaugurado um novo est\u00e1dio ou uma arena nos tempos mais recentes.\" \/>\n<meta property=\"og:url\" content=\"https:\/\/barcainnovationhub.com\/pt\/product\/certificado-em-gestao-de-instalacoes-desportivas\/\" \/>\n<meta property=\"og:site_name\" content=\"Bar\u00e7a Innovation Hub\" \/>\n<meta property=\"article:publisher\" content=\"https:\/\/www.facebook.com\/fcbuniversitas\" \/>\n<meta property=\"article:modified_time\" content=\"2022-01-11T04:51:33+00:00\" \/>\n<meta property=\"og:image\" content=\"https:\/\/barcainnovationhub.com\/wp-content\/uploads\/2019\/01\/7d54a221-certificate-in-sports-facilities-management-2.jpg\" \/>\n\t<meta property=\"og:image:width\" content=\"1200\" \/>\n\t<meta property=\"og:image:height\" content=\"1200\" \/>\n<meta name=\"twitter:card\" content=\"summary\" \/>\n<meta name=\"twitter:title\" content=\"Certificado em Gest\u00e3o de Instala\u00e7\u00f5es Desportivas\" \/>\n<meta name=\"twitter:description\" content=\"A ind\u00fastria das instala\u00e7\u00f5es desportivas, ou sports facilities, experimentou um desenvolvimento mais do que significativo na \u00faltima d\u00e9cada. Atualmente, \u00e9\u00a0dif\u00edcil encontrar um regi\u00e3o onde n\u00e3o haja um projeto a decorrer ou em fase de estudo para um novo recinto, ou onde n\u00e3o tenha sido inaugurado um novo est\u00e1dio ou uma arena nos tempos mais recentes.\" \/>\n<meta name=\"twitter:image\" content=\"https:\/\/barcainnovationhub.com\/wp-content\/uploads\/2019\/01\/7d54a221-certificate-in-sports-facilities-management-2.jpg\" \/>\n<meta name=\"twitter:site\" content=\"@BarcaInnoHub\" \/>\n<script type=\"application\/ld+json\" class=\"yoast-schema-graph\">{\"@context\":\"https:\/\/schema.org\",\"@graph\":[{\"@type\":\"WebSite\",\"@id\":\"https:\/\/barcainnovationhub.com\/#website\",\"url\":\"https:\/\/barcainnovationhub.com\/\",\"name\":\"Bar\\u00e7a Innovation Hub\",\"description\":\"The worldwide centre for sports knowledge and innovation\",\"potentialAction\":[{\"@type\":\"SearchAction\",\"target\":{\"@type\":\"EntryPoint\",\"urlTemplate\":\"https:\/\/barcainnovationhub.com\/?s={search_term_string}\"},\"query-input\":\"required name=search_term_string\"}],\"inLanguage\":\"pt-WP\"},{\"@type\":\"ImageObject\",\"@id\":\"https:\/\/barcainnovationhub.com\/pt\/product\/certificado-em-gestao-de-instalacoes-desportivas\/#primaryimage\",\"inLanguage\":\"pt-WP\",\"url\":\"https:\/\/barcainnovationhub.com\/wp-content\/uploads\/2019\/01\/7d54a221-certificate-in-sports-facilities-management-2.jpg\",\"contentUrl\":\"https:\/\/barcainnovationhub.com\/wp-content\/uploads\/2019\/01\/7d54a221-certificate-in-sports-facilities-management-2.jpg\",\"width\":1200,\"height\":1200},{\"@type\":\"WebPage\",\"@id\":\"https:\/\/barcainnovationhub.com\/pt\/product\/certificado-em-gestao-de-instalacoes-desportivas\/#webpage\",\"url\":\"https:\/\/barcainnovationhub.com\/pt\/product\/certificado-em-gestao-de-instalacoes-desportivas\/\",\"name\":\"Certificado em Gest\\u00e3o de Instala\\u00e7\\u00f5es Desportivas - Bar\\u00e7a Innovation Hub\",\"isPartOf\":{\"@id\":\"https:\/\/barcainnovationhub.com\/#website\"},\"datePublished\":\"2019-01-18T15:19:14+00:00\",\"dateModified\":\"2022-01-11T04:51:33+00:00\",\"description\":\"Neste curso de Gest\\u00e3o de Instala\\u00e7\\u00f5es Esportivas voc\\u00ea aprender\\u00e1 a identificar os diferentes modelos de neg\\u00f3cio de cada est\\u00e1gio, em fun\\u00e7\\u00e3o do ambiente competitivo.\",\"breadcrumb\":{\"@id\":\"https:\/\/barcainnovationhub.com\/pt\/product\/certificado-em-gestao-de-instalacoes-desportivas\/#breadcrumb\"},\"inLanguage\":\"pt-WP\",\"potentialAction\":[{\"@type\":\"ReadAction\",\"target\":[\"https:\/\/barcainnovationhub.com\/pt\/product\/certificado-em-gestao-de-instalacoes-desportivas\/\"]}]},{\"@type\":\"BreadcrumbList\",\"@id\":\"https:\/\/barcainnovationhub.com\/pt\/product\/certificado-em-gestao-de-instalacoes-desportivas\/#breadcrumb\",\"itemListElement\":[{\"@type\":\"ListItem\",\"position\":1,\"name\":\"Portada\",\"item\":\"https:\/\/barcainnovationhub.com\/pt\/\"},{\"@type\":\"ListItem\",\"position\":2,\"name\":\"Productos\",\"item\":\"https:\/\/barcainnovationhub.com\/pt\/product\/\"},{\"@type\":\"ListItem\",\"position\":3,\"name\":\"Certificado em Gest\\u00e3o de Instala\\u00e7\\u00f5es Desportivas\"}]}]}<\/script>\n<!-- \/ Yoast SEO plugin. -->","acf":{"external_id":"1374","header_image":108425,"column_title":"","titulo_incentivo":"Certificado em Gest\u00e3o de Instala\u00e7\u00f5es Desportivas","precio":"625","precio_en_cuotas":"4 pagamentos mensais de 156,25 euros","precio_de_lista":"","mostrar_form":false,"promocion_vigente":"","duracion_del_curso":"4 meses","nivel_del_curso":"introdut\u00f3rio","modalidad_cursado":"Online","impartido_en":"Portugues","contenido":"<p>A ind\u00fastria das instala\u00e7\u00f5es desportivas, ou <em>sports facilities<\/em>, experimentou um desenvolvimento mais do que significativo na \u00faltima d\u00e9cada. Atualmente, \u00e9\u00a0dif\u00edcil encontrar um regi\u00e3o onde n\u00e3o haja um projeto a decorrer ou em fase de estudo para um novo recinto, ou onde n\u00e3o tenha sido inaugurado um novo est\u00e1dio ou uma arena nos tempos mais recentes.<\/p>\n<p>Os est\u00e1dios, como centro nevr\u00e1lgico das nossas equipas, bem como as ind\u00fastrias do desporto e do entretenimento, est\u00e3o cada vez mais presentes nas nossas vidas, gerando novas tend\u00eancias e modelos de recintos que proporcionam diferentes experi\u00eancias baseadas nas atuais exig\u00eancias dos espetadores. Foi a satisfa\u00e7\u00e3o dessas exig\u00eancias e o impacto tecnol\u00f3gico que geraram a mudan\u00e7a e potenciaram o aparecimento do modelo atual. Esta mudan\u00e7a revoluciona a tradicional forma de encarar a experi\u00eancia no est\u00e1dio.<\/p>\n<p>J\u00e1 n\u00e3o basta vender s\u00f3\u00a0\u201co jogo\u201d ou pensar s\u00f3 na largura dos bancos ou no pre\u00e7o da cerveja. Os clubes devem oferecer uma experi\u00eancia \u00fanica ao adepto, que o envolva e o fa\u00e7a participar nela. Por outro lado, o novo modelo de neg\u00f3cio requer uma mudan\u00e7a de mentalidade da parte dos propriet\u00e1rios e operadores dos est\u00e1dios e arenas. Se o adotarem e o aplicarem ao desenho, \u00e0 gest\u00e3o e \u00e0 comercializa\u00e7\u00e3o do recinto, ficar\u00e3o na vanguarda e poder\u00e3o oferecer uma experi\u00eancia melhor aos adeptos.<\/p>\n<p>O <strong>Certificado em Gest\u00e3o de Instala\u00e7\u00f5es Desportivas<\/strong> oferece-lhe os conhecimentos e ferramentas necess\u00e1rios\u00a0 para analisar, desenhar e desenvolver modelos de neg\u00f3cio para est\u00e1dios e arenas, tanto novos como j\u00e1 existentes. Dessa forma, poder\u00e1 maximizar o rendimento do recinto, proporcionar uma experi\u00eancia melhor aos espetadores e garantir a gera\u00e7\u00e3o de lucros, 365 dias por ano.<\/p>\n","ocultar_video":false,"avalado_por":false,"pdf_brochure":"https:\/\/static.capabiliaserver.com\/frontend\/clients\/barca\/wp_prod\/wp-content\/uploads\/2019\/01\/256a75d6-certificado-em-gestao-de-instalacoes-desportivas.pdf","cursos_que_lo_componen":[{"nombre_del_curso":"An\u00e1lise, Evolu\u00e7\u00e3o e Planeamento Estrat\u00e9gico de Instala\u00e7\u00f5es Desportivas","descripcion_del_curso":"<p>M\u00d3DULO 1: Hist\u00f3ria. De onde vimos.<br \/>\nM\u00d3DULO 2: Onde estamos e para onde vamos.<br \/>\nM\u00d3DULO 3: O projecto. Plano estrat\u00e9gico e de neg\u00f3cios de um recinto desportivo. Diferentes modelos de neg\u00f3cio.<br \/>\nM\u00d3DULO 4: O design do projeto arquitet\u00f3nico.<\/p>\n"},{"nombre_del_curso":"Modelo de Neg\u00f3cios e Maximiza\u00e7\u00e3o de Rendimentos numa Instala\u00e7\u00e3o Desportiva","descripcion_del_curso":"<p>M\u00d3DULO 1: Implementa\u00e7\u00e3o de um modelo de neg\u00f3cios personalizado.<br \/>\nM\u00d3DULO 2: Alcance do impacto do est\u00e1dio na gera\u00e7\u00e3o de receitas e na viabilidade do clube.<br \/>\nM\u00d3DULO 3: Linhas de gera\u00e7\u00e3o de receitas no \"match day\". Exemplos de personaliza\u00e7\u00e3o.<br \/>\nM\u00d3DULO 4: Linhas de gera\u00e7\u00e3o de receitas no \"non-match day\". <\/p>\n"},{"nombre_del_curso":"Diferentes Modelos de Instala\u00e7\u00f5es Desportivas no Mercado Internacional","descripcion_del_curso":"<p>M\u00d3DULO 1: Novo Camp Nou (Espai Bar\u00e7a).<br \/>\nM\u00d3DULO 2: Espai Bar\u00e7a e Novo Palau Blaugrana.<br \/>\nM\u00d3DULO 3: Estudos de casos relevantes.<br \/>\nM\u00d3DULO 4: Gest\u00e3o comercial e opera\u00e7\u00e3o de um recinto desportivo. Aplica\u00e7\u00e3o. M\u00f3dulo pr\u00e1tico.<\/p>\n"},{"nombre_del_curso":"Espai Bar\u00e7a and Other Case Studies","descripcion_del_curso":"<p>MODULE 1: New Camp Nou (Espai Bar\u00e7a)<br \/>\nMODULE 2: Espai Bar\u00e7a and New Palau Blaugrana.<br \/>\nMODULE 3: Relevant case studies.<br \/>\nMODULE 4: Commercial management and operation of a sports venue. Application. Practical module.<\/p>\n"}],"preguntas_frecuentes":false,"contenidistas":false,"docentes_expertos":[{"foto":"https:\/\/barcainnovationhub.com\/wp-content\/uploads\/2019\/01\/5ebf1e54-javier-do\u00f1a.png","nombre_del_docente":"Javier Do\u00f1a","descripcion_del_docente":"Consultor especializado em est\u00e1dios e arenas.","enlace":""}],"imagen_destacada":false,"hubspot_product_id":"11980878","url_video":"https:\/\/www.youtube.com\/embed\/_s_Vx6d5syE","aprende_a":[{"item_aprende_a":"Compreender a evolu\u00e7\u00e3o do mercado de instala\u00e7\u00f5es desportivas e conceber planos estrat\u00e9gicos de sucesso para novos projectos e para recintos existentes."},{"item_aprende_a":"Desenvolver, implementar e gerir um modelo de neg\u00f3cio que permita maximizar os rendimentos em cada est\u00e1dio ou arena."},{"item_aprende_a":"Identificar os diferentes modelos de neg\u00f3cios de cada est\u00e1dio e arena, dependendo do ambiente competitivo, do mercado e das novas tend\u00eancias e mudan\u00e7as do sector."},{"item_aprende_a":"Identificar as chaves para o sucesso de cada projeto ou modelo de neg\u00f3cio em casos reais de recintos desportivos."}],"fecha_de_inicio":"10072021","id_magento":"189","producto_path":false,"titulo_seccion_testimonios":"","slider_testimonios":false,"imagen_de_fondo_testimonios":false,"color_de_fondo_testimonios":"","segunda_fecha_de_inicio":"25072021","zona_horaria":"Europe\/Madrid","activar_banner_1":false,"banner_1":false,"activar_banner_2":false,"banner_2":false,"activar_banner_3":false,"banner_3":false,"activar_nuevos_banners":false,"mostrar_banner_1":false,"crear_banner_1":{"utilizar_imagen_unica_para_banner":false,"asignar_imagen_unica_para_banner":false,"mostrar_titulo_banner":false,"titulo_para_banner":"","mostrar_subtitulo_banner":false,"subtitulo_del_banner":"","mostrar_cta_banner":false,"texto_cta_banner":"","url_cta_banner":"","fondo_de_color_banner":"","fondo_de_imagen_banner":false,"mostrar_imagen_izquierda_banner":false,"asignar_imagen_izquierda_banner":false},"mostrar_banner_2":false,"crear_banner_2":{"utilizar_imagen_unica_para_banner":false,"asignar_imagen_unica_para_banner":false,"mostrar_titulo_banner":false,"titulo_para_banner":"","mostrar_subtitulo_banner":false,"subtitulo_del_banner":"","mostrar_cta_banner":false,"texto_cta_banner":"","url_cta_banner":"","fondo_de_color_banner":"","fondo_de_imagen_banner":false,"mostrar_imagen_izquierda_banner":false,"asignar_imagen_izquierda_banner":false},"mostrar_banner_3":false,"crear_banner_3":{"utilizar_imagen_unica_para_banner":false,"asignar_imagen_unica_para_banner":false,"mostrar_titulo_banner":false,"titulo_para_banner":"","mostrar_subtitulo_banner":false,"subtitulo_del_banner":"","mostrar_cta_banner":false,"texto_cta_banner":"","url_cta_banner":"","fondo_de_color_banner":"","fondo_de_imagen_banner":false,"mostrar_imagen_izquierda_banner":false,"asignar_imagen_izquierda_banner":false}},"idiomas":{"en":10359,"es":10365,"ar":10364,"ca":10363,"ru":10364,"pt":10364},"_links":{"self":[{"href":"https:\/\/barcainnovationhub.com\/pt\/wp-json\/wp\/v2\/products\/10364"}],"collection":[{"href":"https:\/\/barcainnovationhub.com\/pt\/wp-json\/wp\/v2\/products"}],"about":[{"href":"https:\/\/barcainnovationhub.com\/pt\/wp-json\/wp\/v2\/types\/product"}],"author":[{"embeddable":true,"href":"https:\/\/barcainnovationhub.com\/pt\/wp-json\/wp\/v2\/users\/1"}],"replies":[{"embeddable":true,"href":"https:\/\/barcainnovationhub.com\/pt\/wp-json\/wp\/v2\/comments?post=10364"}],"version-history":[{"count":5,"href":"https:\/\/barcainnovationhub.com\/pt\/wp-json\/wp\/v2\/products\/10364\/revisions"}],"predecessor-version":[{"id":116391,"href":"https:\/\/barcainnovationhub.com\/pt\/wp-json\/wp\/v2\/products\/10364\/revisions\/116391"}],"wp:attachment":[{"href":"https:\/\/barcainnovationhub.com\/pt\/wp-json\/wp\/v2\/media?parent=10364"}],"wp:term":[{"taxonomy":"category","embeddable":true,"href":"https:\/\/barcainnovationhub.com\/pt\/wp-json\/wp\/v2\/categories?post=10364"}],"curies":[{"name":"wp","href":"https:\/\/api.w.org\/{rel}","templated":true}]}}