{"id":10385,"date":"2019-01-18T13:52:53","date_gmt":"2019-01-18T16:52:53","guid":{"rendered":"https:\/\/barcainnovationhub.com\/product\/certificate-in-workload-and-injury-in-team-sports\/"},"modified":"2022-01-11T01:31:29","modified_gmt":"2022-01-11T04:31:29","slug":"certificado-em-carga-de-trabalho-e-lesoes-em-desportos-em-equipa","status":"publish","type":"product","link":"https:\/\/barcainnovationhub.com\/pt\/product\/certificado-em-carga-de-trabalho-e-lesoes-em-desportos-em-equipa\/","title":{"rendered":"Certificado em Carga de Trabalho e Les\u00f5es em Desportos em Equipa"},"content":{"rendered":"","protected":false},"excerpt":{"rendered":"","protected":false},"author":1,"featured_media":0,"comment_status":"open","ping_status":"closed","template":"","meta":[],"categories":[113,113],"yoast_head":"<!-- This site is optimized with the Yoast SEO plugin v16.6.1 - https:\/\/yoast.com\/wordpress\/plugins\/seo\/ -->\n<meta name=\"description\" content=\"Curso online para controlar dados da monitora\u00e7\u00e3o de carga de trabalho esportivo, com o objetivo de evitar les\u00f5es. Especialista: Tim Gabbett.\" \/>\n<meta name=\"robots\" content=\"index, follow, max-snippet:-1, max-image-preview:large, max-video-preview:-1\" \/>\n<link rel=\"canonical\" href=\"https:\/\/barcainnovationhub.com\/pt\/product\/certificado-em-carga-de-trabalho-e-lesoes-em-desportos-em-equipa\/\" \/>\n<meta property=\"og:locale\" content=\"pt_PT\" \/>\n<meta property=\"og:type\" content=\"article\" \/>\n<meta property=\"og:title\" content=\"Certificado em Carga de Trabalho e Les\u00f5es em Desportos em Equipa\" \/>\n<meta property=\"og:description\" content=\"Curso online para controlar dados da monitora\u00e7\u00e3o de carga de trabalho esportivo, com o objetivo de evitar les\u00f5es. Especialista: Tim Gabbett.\" \/>\n<meta property=\"og:url\" content=\"https:\/\/barcainnovationhub.com\/pt\/product\/certificado-em-carga-de-trabalho-e-lesoes-em-desportos-em-equipa\/\" \/>\n<meta property=\"og:site_name\" content=\"Bar\u00e7a Innovation Hub\" \/>\n<meta property=\"article:publisher\" content=\"https:\/\/www.facebook.com\/fcbuniversitas\" \/>\n<meta property=\"article:modified_time\" content=\"2022-01-11T04:31:29+00:00\" \/>\n<meta property=\"og:image\" content=\"https:\/\/barcainnovationhub.com\/wp-content\/uploads\/2019\/01\/d971a8b1-certificate-in-workload-and-injury-in-team-sports-2.jpg\" \/>\n\t<meta property=\"og:image:width\" content=\"1200\" \/>\n\t<meta property=\"og:image:height\" content=\"1200\" \/>\n<meta name=\"twitter:card\" content=\"summary\" \/>\n<meta name=\"twitter:title\" content=\"Certificado em Carga de Trabalho e Les\u00f5es em Desportos em Equipa\" \/>\n<meta name=\"twitter:image\" content=\"https:\/\/barcainnovationhub.com\/wp-content\/uploads\/2019\/01\/d971a8b1-certificate-in-workload-and-injury-in-team-sports-2.jpg\" \/>\n<meta name=\"twitter:site\" content=\"@BarcaInnoHub\" \/>\n<script type=\"application\/ld+json\" class=\"yoast-schema-graph\">{\"@context\":\"https:\/\/schema.org\",\"@graph\":[{\"@type\":\"WebSite\",\"@id\":\"https:\/\/barcainnovationhub.com\/#website\",\"url\":\"https:\/\/barcainnovationhub.com\/\",\"name\":\"Bar\\u00e7a Innovation Hub\",\"description\":\"The worldwide centre for sports knowledge and innovation\",\"potentialAction\":[{\"@type\":\"SearchAction\",\"target\":{\"@type\":\"EntryPoint\",\"urlTemplate\":\"https:\/\/barcainnovationhub.com\/?s={search_term_string}\"},\"query-input\":\"required name=search_term_string\"}],\"inLanguage\":\"pt-WP\"},{\"@type\":\"ImageObject\",\"@id\":\"https:\/\/barcainnovationhub.com\/pt\/product\/certificado-em-carga-de-trabalho-e-lesoes-em-desportos-em-equipa\/#primaryimage\",\"inLanguage\":\"pt-WP\",\"url\":\"https:\/\/barcainnovationhub.com\/wp-content\/uploads\/2019\/01\/d971a8b1-certificate-in-workload-and-injury-in-team-sports-2.jpg\",\"contentUrl\":\"https:\/\/barcainnovationhub.com\/wp-content\/uploads\/2019\/01\/d971a8b1-certificate-in-workload-and-injury-in-team-sports-2.jpg\",\"width\":1200,\"height\":1200},{\"@type\":\"WebPage\",\"@id\":\"https:\/\/barcainnovationhub.com\/pt\/product\/certificado-em-carga-de-trabalho-e-lesoes-em-desportos-em-equipa\/#webpage\",\"url\":\"https:\/\/barcainnovationhub.com\/pt\/product\/certificado-em-carga-de-trabalho-e-lesoes-em-desportos-em-equipa\/\",\"name\":\"Certificado em Carga de Trabalho e Les\\u00f5es em Desportos em Equipa\",\"isPartOf\":{\"@id\":\"https:\/\/barcainnovationhub.com\/#website\"},\"datePublished\":\"2019-01-18T16:52:53+00:00\",\"dateModified\":\"2022-01-11T04:31:29+00:00\",\"description\":\"Curso online para controlar dados da monitora\\u00e7\\u00e3o de carga de trabalho esportivo, com o objetivo de evitar les\\u00f5es. Especialista: Tim Gabbett.\",\"breadcrumb\":{\"@id\":\"https:\/\/barcainnovationhub.com\/pt\/product\/certificado-em-carga-de-trabalho-e-lesoes-em-desportos-em-equipa\/#breadcrumb\"},\"inLanguage\":\"pt-WP\",\"potentialAction\":[{\"@type\":\"ReadAction\",\"target\":[\"https:\/\/barcainnovationhub.com\/pt\/product\/certificado-em-carga-de-trabalho-e-lesoes-em-desportos-em-equipa\/\"]}]},{\"@type\":\"BreadcrumbList\",\"@id\":\"https:\/\/barcainnovationhub.com\/pt\/product\/certificado-em-carga-de-trabalho-e-lesoes-em-desportos-em-equipa\/#breadcrumb\",\"itemListElement\":[{\"@type\":\"ListItem\",\"position\":1,\"name\":\"Portada\",\"item\":\"https:\/\/barcainnovationhub.com\/pt\/\"},{\"@type\":\"ListItem\",\"position\":2,\"name\":\"Productos\",\"item\":\"https:\/\/barcainnovationhub.com\/pt\/product\/\"},{\"@type\":\"ListItem\",\"position\":3,\"name\":\"Certificado em Carga de Trabalho e Les\\u00f5es em Desportos em Equipa\"}]}]}<\/script>\n<!-- \/ Yoast SEO plugin. -->","acf":{"external_id":"1375","header_image":108538,"column_title":"","titulo_incentivo":"Certificado em Carga de Trabalho e Les\u00f5es em Desportos em Equipa","precio":"625","precio_en_cuotas":"4 pagamentos mensais de 156,25 euros","precio_de_lista":"","mostrar_form":false,"promocion_vigente":"","duracion_del_curso":"4 meses","nivel_del_curso":"avan\u00e7ado","modalidad_cursado":"Online","impartido_en":"Portugues","contenido":"<p>Partindo da premissa de que \u00e9 imposs\u00edvel gestionar o que n\u00e3o se pode medir, todos os envolvidos na constru\u00e7\u00e3o de um processo de desportos em equipa precisam frisar as exig\u00eancias f\u00edsicas e fisiol\u00f3gicas dessa disciplina, tanto na competi\u00e7\u00e3o quanto no treino. \u00c9 por isso que o controlo, a gest\u00e3o e a administra\u00e7\u00e3o da carga de trabalho tem sido um dos aspetos de maior interesse por parte dos treinadores e preparadores f\u00edsicos, desde a segunda metade do s\u00e9culo XX at\u00e9 aos dias de hoje.<\/p>\n<p>A tecnologia tem desempenhado um papel fundamental nesse aspeto, tornando a recolha de dados uma tarefa cada vez mais simples e eficaz. Desde a inclus\u00e3o de dispositivos GPS e aceler\u00f3metros, entre outros, treinadores e preparadores f\u00edsicos tiveram a oportunidade de aprender e avaliar cada vez mais vari\u00e1veis de treino na busca de dois grandes objetivos: o aumento do desempenho e a preven\u00e7\u00e3o de les\u00f5es.<\/p>\n<p>Neste sentido, <strong>Tim Gabbett<\/strong> \u00e9 um especialista com um longo percurso na \u00e1rea, que atualmente treina as equipas de treinadores de algumas das maiores ligas do mundo em diferentes desportos em equipa, como futebol, r\u00fagbi e basquete. A sua capacidade de incluir vari\u00e1veis de carga de treino num contexto individual e coletivo faz deste autor uma refer\u00eancia no assunto.<\/p>\n<p>Os valores e dados de carga n\u00e3o devem ser usados ou analisados isoladamente, e sim em fun\u00e7\u00e3o das vari\u00e1veis, como caracter\u00edsticas individuais, \u00e9poca da temporada, posi\u00e7\u00e3o da equipa na competi\u00e7\u00e3o, etc. Com o <strong>Certificado em Carga de Trabalho e Les\u00f5es em Desportos em Equipa<\/strong>, obter\u00e1 ferramentas e compet\u00eancias que lhe permitir\u00e3o desenvolver uma metodologia de gest\u00e3o de carga, minimizando a incid\u00eancia de les\u00f5es dos seus atletas.<\/p>\n","ocultar_video":false,"avalado_por":false,"pdf_brochure":"https:\/\/static.capabiliaserver.com\/frontend\/clients\/barca\/wp_prod\/wp-content\/uploads\/2019\/01\/7081553c-certificado-em-carga-de-trabalho-e-leso\u0303es-em-desportos-em-equipa.pdf","cursos_que_lo_componen":[{"nombre_del_curso":"Uma melhor abordagem pr\u00e1tica para monitorizar a carga de trabalho","descripcion_del_curso":"<p>M\u00d3DULO 1: Por que raz\u00e3o ocorrem as les\u00f5es?<br \/>\nM\u00d3DULO 2: O modelo fitness-fadiga<br \/>\nM\u00d3DULO 3: R\u00e1cio de carga aguda: cr\u00f3nica e a sua rela\u00e7\u00e3o com a les\u00e3o<br \/>\nM\u00d3DULO 4: Controv\u00e9rsias recentes e aplica\u00e7\u00f5es pr\u00e1ticas de dados <\/p>\n"},{"nombre_del_curso":"O paradoxo do treino - preven\u00e7\u00e3o de les\u00f5es","descripcion_del_curso":"<p>M\u00d3DULO 1: As rela\u00e7\u00f5es treino-desempenho e carga-les\u00e3o<br \/>\nM\u00d3DULO 2: Ser\u00e1 o treino realmente o problema?<br \/>\nM\u00d3DULO 3: A import\u00e2ncia de uma boa pr\u00e9-temporada: moderadores e mediadores da carga de treino<br \/>\nM\u00d3DULO 4: Perguntas frequentes e interpreta\u00e7\u00e3o de dados de monitoriza\u00e7\u00e3o de treinos<\/p>\n"},{"nombre_del_curso":"Por que raz\u00e3o treinamos?","descripcion_del_curso":"<p>M\u00d3DULO 1: Exig\u00eancias f\u00edsicas da competi\u00e7\u00e3o<br \/>\nM\u00d3DULO 2: O pior cen\u00e1rio<br \/>\nM\u00d3DULO 3: Jogos reduzidos e competi\u00e7\u00e3o<br \/>\nM\u00d3DULO 4: O efeito \"fadiga\" de contato. As equipas vencedoras pretendem ganhar o bra\u00e7o de ferro<\/p>\n"},{"nombre_del_curso":"Treino eficaz e de alta intensidade","descripcion_del_curso":"<p>M\u00d3DULO 1: O r\u00e1cio n\u00e3o \u00e9 tudo!<br \/>\nM\u00d3DULO 2: Nem todos os treinos t\u00eam o mesmo risco de les\u00e3o<br \/>\nM\u00d3DULO 3: Formas de decifrar a dor: fadiga em atletas<br \/>\nM\u00d3DULO 4: A carga otimizada depende de outros fatores al\u00e9m da carga<\/p>\n"}],"preguntas_frecuentes":false,"contenidistas":false,"docentes_expertos":[{"foto":"https:\/\/barcainnovationhub.com\/wp-content\/uploads\/2019\/01\/4cc0feab-tim_gabbett.jpg","nombre_del_docente":"Tim Gabbett","descripcion_del_docente":"Consultor de alto rendimento. 20 anos de experi\u00eancia em ci\u00eancias aplicadas ao desporto, trabalhando com atletas e treinadores de diferentes tipos de desporto. ","enlace":""}],"imagen_destacada":false,"hubspot_product_id":"11974633","url_video":"https:\/\/www.youtube.com\/embed\/B48ek87tsBw","aprende_a":[{"item_aprende_a":"Analisar os dados de monitoriza\u00e7\u00e3o da carga de trabalho para orientar o processo de treino em dire\u00e7\u00e3o \u00e0 preven\u00e7\u00e3o de les\u00f5es e consequente aumento do desempenho desportivo. "}],"fecha_de_inicio":"10072021","id_magento":"190","producto_path":false,"titulo_seccion_testimonios":"","slider_testimonios":false,"imagen_de_fondo_testimonios":false,"color_de_fondo_testimonios":"","segunda_fecha_de_inicio":"25072021","zona_horaria":"Europe\/Madrid","activar_banner_1":false,"banner_1":false,"activar_banner_2":false,"banner_2":false,"activar_banner_3":false,"banner_3":false,"activar_nuevos_banners":false,"mostrar_banner_1":false,"crear_banner_1":{"utilizar_imagen_unica_para_banner":false,"asignar_imagen_unica_para_banner":false,"mostrar_titulo_banner":false,"titulo_para_banner":"","mostrar_subtitulo_banner":false,"subtitulo_del_banner":"","mostrar_cta_banner":false,"texto_cta_banner":"","url_cta_banner":"","fondo_de_color_banner":"","fondo_de_imagen_banner":false,"mostrar_imagen_izquierda_banner":false,"asignar_imagen_izquierda_banner":false},"mostrar_banner_2":false,"crear_banner_2":{"utilizar_imagen_unica_para_banner":false,"asignar_imagen_unica_para_banner":false,"mostrar_titulo_banner":false,"titulo_para_banner":"","mostrar_subtitulo_banner":false,"subtitulo_del_banner":"","mostrar_cta_banner":false,"texto_cta_banner":"","url_cta_banner":"","fondo_de_color_banner":"","fondo_de_imagen_banner":false,"mostrar_imagen_izquierda_banner":false,"asignar_imagen_izquierda_banner":false},"mostrar_banner_3":false,"crear_banner_3":{"utilizar_imagen_unica_para_banner":false,"asignar_imagen_unica_para_banner":false,"mostrar_titulo_banner":false,"titulo_para_banner":"","mostrar_subtitulo_banner":false,"subtitulo_del_banner":"","mostrar_cta_banner":false,"texto_cta_banner":"","url_cta_banner":"","fondo_de_color_banner":"","fondo_de_imagen_banner":false,"mostrar_imagen_izquierda_banner":false,"asignar_imagen_izquierda_banner":false}},"idiomas":{"en":10379,"es":10386,"ar":10385,"ca":10384,"ru":10385,"pt":10385},"_links":{"self":[{"href":"https:\/\/barcainnovationhub.com\/pt\/wp-json\/wp\/v2\/products\/10385"}],"collection":[{"href":"https:\/\/barcainnovationhub.com\/pt\/wp-json\/wp\/v2\/products"}],"about":[{"href":"https:\/\/barcainnovationhub.com\/pt\/wp-json\/wp\/v2\/types\/product"}],"author":[{"embeddable":true,"href":"https:\/\/barcainnovationhub.com\/pt\/wp-json\/wp\/v2\/users\/1"}],"replies":[{"embeddable":true,"href":"https:\/\/barcainnovationhub.com\/pt\/wp-json\/wp\/v2\/comments?post=10385"}],"version-history":[{"count":5,"href":"https:\/\/barcainnovationhub.com\/pt\/wp-json\/wp\/v2\/products\/10385\/revisions"}],"predecessor-version":[{"id":116365,"href":"https:\/\/barcainnovationhub.com\/pt\/wp-json\/wp\/v2\/products\/10385\/revisions\/116365"}],"wp:attachment":[{"href":"https:\/\/barcainnovationhub.com\/pt\/wp-json\/wp\/v2\/media?parent=10385"}],"wp:term":[{"taxonomy":"category","embeddable":true,"href":"https:\/\/barcainnovationhub.com\/pt\/wp-json\/wp\/v2\/categories?post=10385"}],"curies":[{"name":"wp","href":"https:\/\/api.w.org\/{rel}","templated":true}]}}