{"id":113488,"date":"2022-01-04T11:08:39","date_gmt":"2022-01-04T14:08:39","guid":{"rendered":"https:\/\/barcainnovationhub.com\/?post_type=product&#038;p=113488"},"modified":"2022-02-14T15:31:45","modified_gmt":"2022-02-14T18:31:45","slug":"certificado-em-patrocinio-e-marketing-esportivo-avancado-o-patrocinio-como-motor-de-crescimento","status":"publish","type":"product","link":"https:\/\/barcainnovationhub.com\/pt\/product\/certificado-em-patrocinio-e-marketing-esportivo-avancado-o-patrocinio-como-motor-de-crescimento\/","title":{"rendered":"Certificado em Patroc\u00ednio e Marketing Esportivo Avan\u00e7ado: O patroc\u00ednio como motor de crescimento"},"content":{"rendered":"<p>contenido<\/p>\n","protected":false},"excerpt":{"rendered":"<p>contenido<\/p>\n","protected":false},"author":16,"featured_media":0,"comment_status":"open","ping_status":"closed","template":"","meta":[],"categories":[121],"yoast_head":"<!-- This site is optimized with the Yoast SEO plugin v16.6.1 - https:\/\/yoast.com\/wordpress\/plugins\/seo\/ -->\n<meta name=\"robots\" content=\"index, follow, max-snippet:-1, max-image-preview:large, max-video-preview:-1\" \/>\n<link rel=\"canonical\" href=\"https:\/\/barcainnovationhub.com\/pt\/product\/certificado-em-patrocinio-e-marketing-esportivo-avancado-o-patrocinio-como-motor-de-crescimento\/\" \/>\n<meta property=\"og:locale\" content=\"pt_PT\" \/>\n<meta property=\"og:type\" content=\"article\" \/>\n<meta property=\"og:title\" content=\"Certificado em Patroc\u00ednio e Marketing Esportivo Avan\u00e7ado: O patroc\u00ednio como motor de crescimento\" \/>\n<meta property=\"og:description\" content=\"O patroc\u00ednio tornou-se uma das ferramentas mais comuns para conectar marcas com seus consumidores e clientes e, assim, conseguem acelerar o crescimento do neg\u00f3cio\" \/>\n<meta property=\"og:url\" content=\"https:\/\/barcainnovationhub.com\/pt\/product\/certificado-em-patrocinio-e-marketing-esportivo-avancado-o-patrocinio-como-motor-de-crescimento\/\" \/>\n<meta property=\"og:site_name\" content=\"Bar\u00e7a Innovation Hub\" \/>\n<meta property=\"article:publisher\" content=\"https:\/\/www.facebook.com\/fcbuniversitas\" \/>\n<meta property=\"article:modified_time\" content=\"2022-02-14T18:31:45+00:00\" \/>\n<meta property=\"og:image\" content=\"https:\/\/static.capabiliaserver.com\/frontend\/clients\/barca\/wp_prod\/wp-content\/uploads\/2021\/12\/6ebe93f2-preview.jpg\" \/>\n\t<meta property=\"og:image:width\" content=\"1200\" \/>\n\t<meta property=\"og:image:height\" content=\"1200\" \/>\n<meta name=\"twitter:card\" content=\"summary\" \/>\n<meta name=\"twitter:title\" content=\"Certificado em Patroc\u00ednio e Marketing Esportivo Avan\u00e7ado: O patroc\u00ednio como motor de crescimento\" \/>\n<meta name=\"twitter:description\" content=\"O patroc\u00ednio tornou-se uma das ferramentas mais comuns para conectar marcas com seus consumidores e clientes e, assim, conseguem acelerar o crescimento do neg\u00f3cio\" \/>\n<meta name=\"twitter:image\" content=\"https:\/\/static.capabiliaserver.com\/frontend\/clients\/barca\/wp_prod\/wp-content\/uploads\/2021\/12\/6ebe93f2-preview.jpg\" \/>\n<meta name=\"twitter:site\" content=\"@BarcaInnoHub\" \/>\n<meta name=\"twitter:label1\" content=\"Est. reading time\" \/>\n\t<meta name=\"twitter:data1\" content=\"1 minute\" \/>\n<script type=\"application\/ld+json\" class=\"yoast-schema-graph\">{\"@context\":\"https:\/\/schema.org\",\"@graph\":[{\"@type\":\"WebSite\",\"@id\":\"https:\/\/barcainnovationhub.com\/#website\",\"url\":\"https:\/\/barcainnovationhub.com\/\",\"name\":\"Bar\\u00e7a Innovation Hub\",\"description\":\"The worldwide centre for sports knowledge and innovation\",\"potentialAction\":[{\"@type\":\"SearchAction\",\"target\":{\"@type\":\"EntryPoint\",\"urlTemplate\":\"https:\/\/barcainnovationhub.com\/?s={search_term_string}\"},\"query-input\":\"required name=search_term_string\"}],\"inLanguage\":\"pt-WP\"},{\"@type\":\"ImageObject\",\"@id\":\"https:\/\/barcainnovationhub.com\/pt\/product\/certificado-em-patrocinio-e-marketing-esportivo-avancado-o-patrocinio-como-motor-de-crescimento\/#primaryimage\",\"inLanguage\":\"pt-WP\",\"url\":\"https:\/\/static.capabiliaserver.com\/frontend\/clients\/barca\/wp_prod\/wp-content\/uploads\/2021\/12\/6ebe93f2-preview.jpg\",\"contentUrl\":\"https:\/\/static.capabiliaserver.com\/frontend\/clients\/barca\/wp_prod\/wp-content\/uploads\/2021\/12\/6ebe93f2-preview.jpg\",\"width\":1200,\"height\":1200},{\"@type\":\"WebPage\",\"@id\":\"https:\/\/barcainnovationhub.com\/pt\/product\/certificado-em-patrocinio-e-marketing-esportivo-avancado-o-patrocinio-como-motor-de-crescimento\/#webpage\",\"url\":\"https:\/\/barcainnovationhub.com\/pt\/product\/certificado-em-patrocinio-e-marketing-esportivo-avancado-o-patrocinio-como-motor-de-crescimento\/\",\"name\":\"Certificado em Patroc\\u00ednio e Marketing Esportivo Avan\\u00e7ado: O patroc\\u00ednio como motor de crescimento - Bar\\u00e7a Innovation Hub\",\"isPartOf\":{\"@id\":\"https:\/\/barcainnovationhub.com\/#website\"},\"datePublished\":\"2022-01-04T14:08:39+00:00\",\"dateModified\":\"2022-02-14T18:31:45+00:00\",\"breadcrumb\":{\"@id\":\"https:\/\/barcainnovationhub.com\/pt\/product\/certificado-em-patrocinio-e-marketing-esportivo-avancado-o-patrocinio-como-motor-de-crescimento\/#breadcrumb\"},\"inLanguage\":\"pt-WP\",\"potentialAction\":[{\"@type\":\"ReadAction\",\"target\":[\"https:\/\/barcainnovationhub.com\/pt\/product\/certificado-em-patrocinio-e-marketing-esportivo-avancado-o-patrocinio-como-motor-de-crescimento\/\"]}]},{\"@type\":\"BreadcrumbList\",\"@id\":\"https:\/\/barcainnovationhub.com\/pt\/product\/certificado-em-patrocinio-e-marketing-esportivo-avancado-o-patrocinio-como-motor-de-crescimento\/#breadcrumb\",\"itemListElement\":[{\"@type\":\"ListItem\",\"position\":1,\"name\":\"Portada\",\"item\":\"https:\/\/barcainnovationhub.com\/pt\/\"},{\"@type\":\"ListItem\",\"position\":2,\"name\":\"Productos\",\"item\":\"https:\/\/barcainnovationhub.com\/pt\/product\/\"},{\"@type\":\"ListItem\",\"position\":3,\"name\":\"Certificado em Patroc\\u00ednio e Marketing Esportivo Avan\\u00e7ado: O patroc\\u00ednio como motor de crescimento\"}]}]}<\/script>\n<!-- \/ Yoast SEO plugin. -->","acf":{"activar_banner_1":false,"banner_1":false,"activar_banner_2":false,"banner_2":false,"activar_banner_3":false,"banner_3":false,"activar_nuevos_banners":false,"mostrar_banner_1":false,"crear_banner_1":{"utilizar_imagen_unica_para_banner":false,"asignar_imagen_unica_para_banner":false,"mostrar_titulo_banner":false,"titulo_para_banner":"","mostrar_subtitulo_banner":false,"subtitulo_del_banner":"","mostrar_cta_banner":false,"texto_cta_banner":"","url_cta_banner":"","fondo_de_color_banner":"","fondo_de_imagen_banner":false,"mostrar_imagen_izquierda_banner":false,"asignar_imagen_izquierda_banner":false},"mostrar_banner_2":false,"crear_banner_2":{"utilizar_imagen_unica_para_banner":false,"asignar_imagen_unica_para_banner":false,"mostrar_titulo_banner":false,"titulo_para_banner":"","mostrar_subtitulo_banner":false,"subtitulo_del_banner":"","mostrar_cta_banner":false,"texto_cta_banner":"","url_cta_banner":"","fondo_de_color_banner":"","fondo_de_imagen_banner":false,"mostrar_imagen_izquierda_banner":false,"asignar_imagen_izquierda_banner":false},"mostrar_banner_3":false,"hubspot_product_id":"1340110957","external_id":"1359","titulo_incentivo":"","fecha_de_inicio":"","segunda_fecha_de_inicio":"","zona_horaria":"Europe\/Madrid","precio":"625","contenido":"<p><span style=\"font-weight: 400;\">O patroc\u00ednio tornou-se uma das ferramentas mais comuns para conectar marcas com seus consumidores e clientes e, assim, conseguem acelerar o crescimento do neg\u00f3cio. Na atualidade \u00e9 amplamente utilizado em todos os setores da economia, de marcas a marcas B2B, de organiza\u00e7\u00f5es de longa trajet\u00f3ria a startups no mundo todo.\u00a0<\/span><\/p>\n<p><span style=\"font-weight: 400;\">Quando usado corretamente, pode se tornar uma das ferramentas mais poderosas para impulsionar o crescimento em qualquer tipo de empresa. De qualquer forma, apesar de sua onipresen\u00e7a, o patroc\u00ednio n\u00e3o \u00e9 usado em todo o seu potencial pela grande maioria dos grandes patrocinadores. N\u00e3o \u00e9 incomum que contratos milion\u00e1rios sejam assinados sem ter uma ideia clara das necessidades do neg\u00f3cio, sem uma avalia\u00e7\u00e3o adequada das alternativas que existem no mercado e sem a delimita\u00e7\u00e3o dos direitos necess\u00e1rios para criar um trabalho valioso. As marcas tamb\u00e9m muitas vezes perdem o aprendizado com seus investimentos porque n\u00e3o consideram realizar an\u00e1lises p\u00f3s-evento e nem avaliar o ROI.\u00a0\u00a0<\/span><\/p>\n<p>&nbsp;<\/p>\n<p><span style=\"font-weight: 400;\">Este certificado inclui todas as \u00e1reas mencionadas acima de forma simples e clara para que voc\u00ea possa tirar o m\u00e1ximo proveito de qualquer patroc\u00ednio. Profissionais que trabalham com patrocinadores, detentores de direitos e ag\u00eancias aprender\u00e3o o que precisam para comprar melhor, vender com mais efici\u00eancia e gerenciar programas de patroc\u00ednio.<\/span><\/p>\n","cursos_que_lo_componen":[{"nombre_del_curso":"O que amam os f\u00e3s e o que as marcas patrocinam","descripcion_del_curso":"<p>M\u00d3DULO 1: Passion Points  - As coisas importantes na vida<br \/>\nM\u00d3DULO 2:  Passion Connectors: Como os f\u00e3s consomem suas paix\u00f5es?<br \/>\nM\u00d3DULO 3: Diferentes tipos de ativos - Ativos pagos, compartilhados e pr\u00f3prios<br \/>\nM\u00d3DULO 4: O n\u00e3o-patrocinador: marketing de emboscada<\/p>\n"},{"nombre_del_curso":"Patroc\u00ednio como ferramenta de marketing","descripcion_del_curso":"<p>M\u00d3DULO 1: Comprar Visibilidade - Reconhecimento da marca e o papel dos meios de comunica\u00e7\u00e3o<br \/>\nM\u00d3DULO 2: Acesso ao Conte\u00fado - Alcan\u00e7ando melhores experi\u00eancias virtuais e ao vivo para os f\u00e3s<br \/>\nM\u00d3DULO 3: Construir o Amor pela Marca - Conquistar cora\u00e7\u00f5es com publicidade e mudan\u00e7a social<br \/>\nM\u00d3DULO 4: Acelerando resultados de curto prazo por meio de promo\u00e7\u00f5es e ativa\u00e7\u00e3o comercial<\/p>\n"},{"nombre_del_curso":"Os diferentes casos de uso de patroc\u00ednio","descripcion_del_curso":"<p>M\u00d3DULO 1: Melhores Acordos - Patrocinadores que criam valor para os clientes<br \/>\nM\u00d3DULO 2: Trabalho em Equipe & Comunidade - Funcion\u00e1rios orgulhosos e vizinhos felizes<br \/>\nM\u00d3DULO 3: Governos & ONGs - A conversa dif\u00edcil sobre regulamentos, sustentabilidade e impostos<br \/>\n M\u00d3DULO 4: Poder de Persuas\u00e3o do Patroc\u00ednio - Usar o patroc\u00ednio para influenciar o mundo inteiro<\/p>\n"},{"nombre_del_curso":"O que \u00e9 um patroc\u00ednio de sucesso?","descripcion_del_curso":"<p>M\u00d3DULO 1: Avalia\u00e7\u00e3o Pr\u00e9-contrato - ROI estimado de um patroc\u00ednio<br \/>\nM\u00d3DULO 2: Gest\u00e3o de Risco - A necessidade de uma verifica\u00e7\u00e3o de antecedentes adequada<br \/>\nM\u00d3DULO 3: Fase Contratual - Direitos, obriga\u00e7\u00f5es, princ\u00edpios morais e for\u00e7a maior<br \/>\nM\u00d3DULO 4: Revis\u00e3o p\u00f3s Evento - Avalia\u00e7\u00e3o e a dif\u00edcil tarefa de encerrar um patroc\u00ednio<\/p>\n"}],"aprende_a":[{"item_aprende_a":" Entender como os torcedores consomem o esporte e os patrocinadores. "},{"item_aprende_a":"Aumentar a conscientiza\u00e7\u00e3o sobre os aplicativos de patroc\u00ednio de marketing. "},{"item_aprende_a":"Diferenciar aplicativos de patroc\u00ednio al\u00e9m do marketing. \r\n"},{"item_aprende_a":"Desenvolver habilidades para aprender como avaliar patrocinadores."}],"preguntas_frecuentes":false,"contenidistas":false,"docentes_expertos":[{"foto":"https:\/\/static.capabiliaserver.com\/frontend\/clients\/barca\/wp_prod\/wp-content\/uploads\/2022\/01\/373946cd-ricardo-fort-1.jpg","nombre_del_docente":"Ricardo Fort","descripcion_del_docente":"Mentor UEFA Director de The Fan Experience Company. \t","enlace":""}],"imagen_destacada":false,"slider_testimonios":false,"titulo_curso":"Certificate in Advanced Sport Sponsorship and Marketing: using sponsorships to accelerate business growth","impartido_en":"English","crear_banner_3":{"utilizar_imagen_unica_para_banner":false,"asignar_imagen_unica_para_banner":false,"mostrar_titulo_banner":false,"titulo_para_banner":"","mostrar_subtitulo_banner":false,"subtitulo_del_banner":"","mostrar_cta_banner":false,"texto_cta_banner":"","url_cta_banner":"","fondo_de_color_banner":"","fondo_de_imagen_banner":false,"mostrar_imagen_izquierda_banner":false,"asignar_imagen_izquierda_banner":false},"producto_path":false,"id_magento":"393","header_image":113513,"column_title":"","precio_en_cuotas":"4 mensalidades de \u20ac 156,25 ","precio_de_lista":"","mostrar_form":false,"promocion_vigente":"","duracion_del_curso":"4 meses","nivel_del_curso":"introdut\u00f3rio","modalidad_cursado":"Online","ocultar_video":true,"url_video":"","avalado_por":false,"pdf_brochure":"https:\/\/static.capabiliaserver.com\/frontend\/clients\/barca\/wp_prod\/wp-content\/uploads\/2022\/01\/44838407-certificat-en-patrocini-i-marqueting-.pdf","slidebox":false,"titulo_seccion_testimonios":"","imagen_de_fondo_testimonios":false,"color_de_fondo_testimonios":""},"idiomas":{"en":113485,"es":113490,"ar":113486,"ca":113487,"ru":113489,"pt":113488},"_links":{"self":[{"href":"https:\/\/barcainnovationhub.com\/pt\/wp-json\/wp\/v2\/products\/113488"}],"collection":[{"href":"https:\/\/barcainnovationhub.com\/pt\/wp-json\/wp\/v2\/products"}],"about":[{"href":"https:\/\/barcainnovationhub.com\/pt\/wp-json\/wp\/v2\/types\/product"}],"author":[{"embeddable":true,"href":"https:\/\/barcainnovationhub.com\/pt\/wp-json\/wp\/v2\/users\/16"}],"replies":[{"embeddable":true,"href":"https:\/\/barcainnovationhub.com\/pt\/wp-json\/wp\/v2\/comments?post=113488"}],"version-history":[{"count":5,"href":"https:\/\/barcainnovationhub.com\/pt\/wp-json\/wp\/v2\/products\/113488\/revisions"}],"predecessor-version":[{"id":118940,"href":"https:\/\/barcainnovationhub.com\/pt\/wp-json\/wp\/v2\/products\/113488\/revisions\/118940"}],"wp:attachment":[{"href":"https:\/\/barcainnovationhub.com\/pt\/wp-json\/wp\/v2\/media?parent=113488"}],"wp:term":[{"taxonomy":"category","embeddable":true,"href":"https:\/\/barcainnovationhub.com\/pt\/wp-json\/wp\/v2\/categories?post=113488"}],"curies":[{"name":"wp","href":"https:\/\/api.w.org\/{rel}","templated":true}]}}