{"id":115237,"date":"2021-12-23T11:14:08","date_gmt":"2021-12-23T14:14:08","guid":{"rendered":"https:\/\/barcainnovationhub.com\/?post_type=product&#038;p=115237"},"modified":"2022-01-11T02:59:09","modified_gmt":"2022-01-11T05:59:09","slug":"professional-diploma-team-sports-injuries-2","status":"publish","type":"product","link":"https:\/\/barcainnovationhub.com\/pt\/product\/professional-diploma-team-sports-injuries-2\/","title":{"rendered":"Especializa\u00e7\u00e3o em les\u00f5es em Esportes de Equipe"},"content":{"rendered":"","protected":false},"excerpt":{"rendered":"","protected":false},"author":1,"featured_media":0,"comment_status":"closed","ping_status":"closed","template":"","meta":[],"categories":[],"yoast_head":"<!-- This site is optimized with the Yoast SEO plugin v16.6.1 - https:\/\/yoast.com\/wordpress\/plugins\/seo\/ -->\n<meta name=\"robots\" content=\"index, follow, max-snippet:-1, max-image-preview:large, max-video-preview:-1\" \/>\n<link rel=\"canonical\" href=\"https:\/\/barcainnovationhub.com\/pt\/product\/professional-diploma-team-sports-injuries-2\/\" \/>\n<meta property=\"og:locale\" content=\"pt_PT\" \/>\n<meta property=\"og:type\" content=\"article\" \/>\n<meta property=\"og:title\" content=\"Especializa\u00e7\u00e3o em les\u00f5es em Esportes de Equipe - Bar\u00e7a Innovation Hub\" \/>\n<meta property=\"og:url\" content=\"https:\/\/barcainnovationhub.com\/pt\/product\/professional-diploma-team-sports-injuries-2\/\" \/>\n<meta property=\"og:site_name\" content=\"Bar\u00e7a Innovation Hub\" \/>\n<meta property=\"article:publisher\" content=\"https:\/\/www.facebook.com\/fcbuniversitas\" \/>\n<meta property=\"article:modified_time\" content=\"2022-01-11T05:59:09+00:00\" \/>\n<meta name=\"twitter:card\" content=\"summary\" \/>\n<meta name=\"twitter:site\" content=\"@BarcaInnoHub\" \/>\n<script type=\"application\/ld+json\" class=\"yoast-schema-graph\">{\"@context\":\"https:\/\/schema.org\",\"@graph\":[{\"@type\":\"WebSite\",\"@id\":\"https:\/\/barcainnovationhub.com\/#website\",\"url\":\"https:\/\/barcainnovationhub.com\/\",\"name\":\"Bar\\u00e7a Innovation Hub\",\"description\":\"The worldwide centre for sports knowledge and innovation\",\"potentialAction\":[{\"@type\":\"SearchAction\",\"target\":{\"@type\":\"EntryPoint\",\"urlTemplate\":\"https:\/\/barcainnovationhub.com\/?s={search_term_string}\"},\"query-input\":\"required name=search_term_string\"}],\"inLanguage\":\"pt-WP\"},{\"@type\":\"WebPage\",\"@id\":\"https:\/\/barcainnovationhub.com\/pt\/product\/professional-diploma-team-sports-injuries-2\/#webpage\",\"url\":\"https:\/\/barcainnovationhub.com\/pt\/product\/professional-diploma-team-sports-injuries-2\/\",\"name\":\"Especializa\\u00e7\\u00e3o em les\\u00f5es em Esportes de Equipe - Bar\\u00e7a Innovation Hub\",\"isPartOf\":{\"@id\":\"https:\/\/barcainnovationhub.com\/#website\"},\"datePublished\":\"2021-12-23T14:14:08+00:00\",\"dateModified\":\"2022-01-11T05:59:09+00:00\",\"breadcrumb\":{\"@id\":\"https:\/\/barcainnovationhub.com\/pt\/product\/professional-diploma-team-sports-injuries-2\/#breadcrumb\"},\"inLanguage\":\"pt-WP\",\"potentialAction\":[{\"@type\":\"ReadAction\",\"target\":[\"https:\/\/barcainnovationhub.com\/pt\/product\/professional-diploma-team-sports-injuries-2\/\"]}]},{\"@type\":\"BreadcrumbList\",\"@id\":\"https:\/\/barcainnovationhub.com\/pt\/product\/professional-diploma-team-sports-injuries-2\/#breadcrumb\",\"itemListElement\":[{\"@type\":\"ListItem\",\"position\":1,\"name\":\"Portada\",\"item\":\"https:\/\/barcainnovationhub.com\/pt\/\"},{\"@type\":\"ListItem\",\"position\":2,\"name\":\"Productos\",\"item\":\"https:\/\/barcainnovationhub.com\/pt\/product\/\"},{\"@type\":\"ListItem\",\"position\":3,\"name\":\"Especializa\\u00e7\\u00e3o em les\\u00f5es em Esportes de Equipe\"}]}]}<\/script>\n<!-- \/ Yoast SEO plugin. -->","acf":{"activar_banner_1":false,"banner_1":false,"activar_banner_2":false,"banner_2":false,"activar_banner_3":false,"banner_3":false,"activar_nuevos_banners":false,"mostrar_banner_1":false,"crear_banner_1":{"utilizar_imagen_unica_para_banner":false,"asignar_imagen_unica_para_banner":false,"mostrar_titulo_banner":false,"titulo_para_banner":"","mostrar_subtitulo_banner":false,"subtitulo_del_banner":"","mostrar_cta_banner":false,"texto_cta_banner":"","url_cta_banner":"","fondo_de_color_banner":"","fondo_de_imagen_banner":false,"mostrar_imagen_izquierda_banner":false,"asignar_imagen_izquierda_banner":false},"mostrar_banner_2":false,"crear_banner_2":{"utilizar_imagen_unica_para_banner":false,"asignar_imagen_unica_para_banner":false,"mostrar_titulo_banner":false,"titulo_para_banner":"","mostrar_subtitulo_banner":false,"subtitulo_del_banner":"","mostrar_cta_banner":false,"texto_cta_banner":"","url_cta_banner":"","fondo_de_color_banner":"","fondo_de_imagen_banner":false,"mostrar_imagen_izquierda_banner":false,"asignar_imagen_izquierda_banner":false},"mostrar_banner_3":false,"crear_banner_3":{"utilizar_imagen_unica_para_banner":false,"asignar_imagen_unica_para_banner":false,"mostrar_titulo_banner":false,"titulo_para_banner":"","mostrar_subtitulo_banner":false,"subtitulo_del_banner":"","mostrar_cta_banner":false,"texto_cta_banner":"","url_cta_banner":"","fondo_de_color_banner":"","fondo_de_imagen_banner":false,"mostrar_imagen_izquierda_banner":false,"asignar_imagen_izquierda_banner":false},"producto_path":false,"hubspot_product_id":"703356701","external_id":"1420","id_magento":"388","header_image":115239,"column_title":"","titulo_incentivo":"","fecha_de_inicio":"","segunda_fecha_de_inicio":"10112021","zona_horaria":"Europe\/Madrid","precio":"990","precio_en_cuotas":"","precio_de_lista":"","mostrar_form":true,"promocion_vigente":"","duracion_del_curso":"9 meses","nivel_del_curso":"avan\u00e7ado","modalidad_cursado":"Online","impartido_en":"English","contenido":"","ocultar_video":true,"url_video":"","avalado_por":false,"pdf_brochure":"https:\/\/static.capabiliaserver.com\/frontend\/clients\/barca\/wp_prod\/wp-content\/uploads\/2021\/04\/bd70a688-especializacao-em-lesoes-em-esportes-de-equipe.pdf","cursos_que_lo_componen":[{"nombre_del_curso":"Les\u00f5es e esportes de equipe","descripcion_del_curso":"<p>M\u00d3DULO 1: preven\u00e7\u00e3o e readapta\u00e7\u00e3o de les\u00f5es<br \/>\nM\u00d3DULO 2: gest\u00e3o de les\u00f5es musculares e tendinopatia<br \/>\nM\u00d3DULO 3: gest\u00e3o de les\u00f5es articulares e \u00f3sseas<br \/>\nM\u00d3DULO 4: tomada de decis\u00f5es e retorno aos campeonatos<\/p>\n"},{"nombre_del_curso":"Preven\u00e7\u00e3o de les\u00f5es","descripcion_del_curso":"<p>M\u00d3DULO 1: CONCEITOS B\u00c1SICOS EM EPIDEMIOLOGIA E PREVEN\u00c7\u00c3O DE LES\u00d5ES<br \/>\nUnidade 1: conceitos b\u00e1sicos em preven\u00e7\u00e3o de les\u00f5es<br \/>\nUnidade 2: epidemiologia em esportes de conjunto<\/p>\n<p>M\u00d3DULO 2: PREVEN\u00c7\u00c3O DE LES\u00d5ES MUSCULARES<br \/>\nUnidade 1: preven\u00e7\u00e3o de les\u00f5es musculares mais frequentes (isquiotibiais)<br \/>\nUnidade 2: abordagem preventiva para evitar les\u00f5es musculares<\/p>\n<p>M\u00d3DULO 3: PREVEN\u00c7\u00c3O DE LES\u00d5ES MUSCULARES<br \/>\nUnidade 1: preven\u00e7\u00e3o de les\u00f5es articulares mais frequentes de MMII (les\u00e3o de LCA)<br \/>\nUnidade 2: preven\u00e7\u00e3o de les\u00f5es articulares mais frequentes de MMSS (les\u00f5es de ombros)<\/p>\n<p>M\u00d3DULO 4: M\u00d3DULO INTEGRADOR<\/p>\n"},{"nombre_del_curso":"Patologias em esportes de equipe","descripcion_del_curso":"<p>M\u00d3DULO 1: gerenciamento de patologias m\u00e9dicas 1<br \/>\nM\u00d3DULO 2: gerenciamento de patologias m\u00e9dicas 2<br \/>\nM\u00d3DULO 3: patologias espec\u00edficas por esporte<br \/>\nM\u00d3DULO 4: esportes e campeonatos especializados<\/p>\n"},{"nombre_del_curso":"Bases neuromusculares no treinamento de for\u00e7a","descripcion_del_curso":"<p>M\u00d3DULO 1: caracter\u00edsticas do sistema musculoesquel\u00e9tico<br \/>\nUnidade 1: Considera\u00e7\u00f5es sobre o movimento desde o sistema nervoso central.<br \/>\nUnidade 2: funcionalidade musculoesquel\u00e9tica.<\/p>\n<p>M\u00d3DULO 2: as a\u00e7\u00f5es musculares e sua rela\u00e7\u00e3o com o esporte<br \/>\nUnidade 1: tipos de a\u00e7\u00f5es musculares.<br \/>\nUnidade 2: Inter-rela\u00e7\u00e3o das a\u00e7\u00f5es musculares no movimento e a manuten\u00e7\u00e3o da posi\u00e7\u00e3o.<\/p>\n<p>M\u00d3DULO 3: mudan\u00e7as sist\u00eamicas durante a falta de treinamento e imobiliza\u00e7\u00e3o<br \/>\nUnidade 1: limita\u00e7\u00f5es de treinamento relacionados ao musculoesquel\u00e9tico.<br \/>\nUnidade 2: hipertrofia muscular.<\/p>\n<p>M\u00d3DULO 4: a an\u00e1lise das propriedades musculares relacionadas ao esporte.<br \/>\nUnidade 1: eletromiografia de superf\u00edcie.<br \/>\nUnidade 2: A tensiomiografia (TMG).<\/p>\n"},{"nombre_del_curso":"Processamento central do movimento volunt\u00e1rio","descripcion_del_curso":"<p>M\u00d3DULO 1: L\u00d3GICA MOTORA E TOMADA DE DECIS\u00c3O<br \/>\nUnidade 1: pensando em movimento<br \/>\nUnidade 2: neurobiologia das decis\u00f5es.<\/p>\n<p>M\u00d3DULO 2: TREINAMENTO DECISIVO<br \/>\nUnidade 1: educa\u00e7\u00e3o para o movimento<br \/>\nUnidade 2: vari\u00e1veis e decis\u00f5es<\/p>\n<p>M\u00d3DULO 3: PROGRAMA\u00c7\u00c3O NEUROMOTORA<br \/>\nUnidade 1: programa<br \/>\nUnidade 2: engrama<\/p>\n<p>M\u00d3DULO 4: M\u00d3DULO INTEGRADOR<\/p>\n"},{"nombre_del_curso":"\"For\u00e7a e pot\u00eancia muscular como qualidade essencial no processo de readapta\u00e7\u00e3o das les\u00f5es esportivas\"","descripcion_del_curso":"<p>M\u00d3DULO 1: estudos sobre les\u00f5es no esporte - mecanismos que geram les\u00f5es e fatores associados ao risco<br \/>\nM\u00d3DULO 2: les\u00f5es esportivas e sua rela\u00e7\u00e3o com a qualidade da for\u00e7a<br \/>\nM\u00d3DULO 3: manifesta\u00e7\u00f5es da for\u00e7a e pot\u00eancia muscular durante o processo de readapta\u00e7\u00e3o p\u00f3s-les\u00e3o<br \/>\nM\u00d3DULO 4: novos prot\u00f3tipos no treinamento de for\u00e7a - muscula\u00e7\u00e3o mediante oclus\u00e3o vascular<\/p>\n"},{"nombre_del_curso":"O paradoxo entre treinamento e preven\u00e7\u00e3o de les\u00f5es","descripcion_del_curso":"<p>M\u00d3DULO 1: as rela\u00e7\u00f5es entre treinamento, performance e carga-les\u00e3o<br \/>\nM\u00d3DULO 2: o treinamento \u00e9 um problema real?<br \/>\nM\u00d3DULO 3: import\u00e2ncia de uma \u00f3tima pr\u00e9-temporada: moderadores e mediadores da carga de treinamento<br \/>\nM\u00d3DULO 4: FAQ e interpreta\u00e7\u00e3o de dados do monitoramento de treinamento<\/p>\n"},{"nombre_del_curso":"Organiza\u00e7\u00e3o relacionada ao movimento humano","descripcion_del_curso":"<p>M\u00d3DULO 1: C\u00d3RTEX MOTOR E TRATO CORTICOESPINHAL<br \/>\nUnidade 1: \u00e1reas motoras<br \/>\nUnidade 2: c\u00e9lulas piramidais gigantes de Betz e trato corticoespinhal<br \/>\nM\u00d3DULO 2: PAPEL DO CEREBELO E OS G\u00c2NGLIOS DA BASE<br \/>\nUnidade 1: cerebelo<br \/>\nUnidade 2: g\u00e2nglios de base<\/p>\n<p>M\u00d3DULO 3: FEEDBACK E AJUSTES MOTORES<br \/>\nUnidade 1: neurocibern\u00e9tica<br \/>\nUnidade 2: feedback<\/p>\n<p>M\u00d3DULO 4: M\u00d3DULO INTEGRADOR<\/p>\n"},{"nombre_del_curso":"A vida do atleta de alto rendimento","descripcion_del_curso":"<p>M\u00d3DULO 1: modelo sist\u00eamico<br \/>\nM\u00d3DULO 2: modelo de carreira esportiva I e II<br \/>\nM\u00d3DULO 3: carreira dual<br \/>\nM\u00d3DULO 4: Exemplos de interfer\u00eancia nas etapas de transi\u00e7\u00e3o na vida do atleta<\/p>\n"}],"aprende_a":[{"item_aprende_a":"Conhecer as caracter\u00edsticas fundamentais tanto de estrat\u00e9gias de preven\u00e7\u00e3o e reabilita\u00e7\u00e3o de les\u00f5es como dos diferentes mecanismos lesivos em esportes de equipe.\r\n"},{"item_aprende_a":"Propor estrat\u00e9gias preventivas eficientes baseadas em um processo fundamentado em evid\u00eancias cient\u00edficas."},{"item_aprende_a":"Administrar patologias e les\u00f5es diferenciadas pelo esporte."},{"item_aprende_a":"Melhorar a an\u00e1lise cr\u00edtica ao realizar um programa de treinamento nos diferentes papeis profissionais relacionados \u00e0 ci\u00eancias do esporte e da sa\u00fade."},{"item_aprende_a":"Determinar como se d\u00e1 a influ\u00eancia do sistema nervoso central no movimento humano e como podemos moldar a nossa capacidade de tomada de decis\u00e3o na execu\u00e7\u00e3o de um movimento."},{"item_aprende_a":"Aplicar metodologias adequadas ao projeto durante o processo de readapta\u00e7\u00e3o p\u00f3s-les\u00e3o em patologias que necessitam de desenvolvimento da for\u00e7a e que ela seja parte importante do processo."},{"item_aprende_a":"Analisar os dados sobre o monitoramento das cargas de trabalho com o objetivo de orientar processos de treinamento para prevenir les\u00f5es e o consequente aumento do desempenho esportivo."},{"item_aprende_a":"Identificar quais as \u00e1reas que participam do ajuste e do controle do movimento e de que forma isso acontece."},{"item_aprende_a":"Administrar estrat\u00e9gias espec\u00edficas para trabalhar a dual-career e conhecer as diferentes transi\u00e7\u00f5es na vida de um atleta."}],"preguntas_frecuentes":false,"contenidistas":false,"docentes_expertos":[{"foto":"https:\/\/static.capabiliaserver.com\/frontend\/clients\/barca\/wp_prod\/wp-content\/uploads\/2021\/12\/7d6d5083-gil_rodas_font_bis.jpg","nombre_del_docente":"Gil Rodas Font","descripcion_del_docente":"Doutor em medicina e cirurgia. Especialista em educa\u00e7\u00e3o f\u00edsica e medicina do esporte. Respons\u00e1vel pela \u00e1rea de servi\u00e7os m\u00e9dicos do Bar\u00e7a Innovation Hub.","enlace":""},{"foto":"https:\/\/static.capabiliaserver.com\/frontend\/clients\/barca\/wp_prod\/wp-content\/uploads\/2021\/12\/dd9b8a1f-paco-seirul-lo.jpg","nombre_del_docente":"Paco Seirul\u00b7lo Vargas","descripcion_del_docente":"Respons\u00e1vel pela \u00e1rea de metodologias do FC Barcelona.","enlace":""},{"foto":"https:\/\/static.capabiliaserver.com\/frontend\/clients\/barca\/wp_prod\/wp-content\/uploads\/2021\/12\/e07418eb-joan-ramon-tarrago.jpg","nombre_del_docente":"Joan Ramon Tarrago","descripcion_del_docente":"Respons\u00e1vel pela \u00e1rea de prepara\u00e7\u00e3o f\u00edsica esportiva do FC Barcelona.","enlace":""},{"foto":"https:\/\/static.capabiliaserver.com\/frontend\/clients\/barca\/wp_prod\/wp-content\/uploads\/2021\/12\/b07284de-dani_romero.png","nombre_del_docente":"Daniel Romero Rodriguez","descripcion_del_docente":"Preparador f\u00edsico de for\u00e7a do juvenil A do FC Barcelona.","enlace":""},{"foto":"https:\/\/static.capabiliaserver.com\/frontend\/clients\/barca\/wp_prod\/wp-content\/uploads\/2021\/12\/f5391494-francesc_cos.jpg","nombre_del_docente":"Francesc Cos","descripcion_del_docente":"Ex-preparador f\u00edsico para treinos de for\u00e7a da equipe principal de futebol do FC Barcelona, de 2004 a 2016. Ex-diretor da \u00e1rea de rendimento esportivo do Bar\u00e7a Innovation Hub de 2016 a 2018. Atualmente diretor de rendimento do New York City (MLS).","enlace":""},{"foto":"https:\/\/static.capabiliaserver.com\/frontend\/clients\/barca\/wp_prod\/wp-content\/uploads\/2021\/12\/7c21e2e2-tim_gabbett.jpg","nombre_del_docente":"Tim Gabbett","descripcion_del_docente":"Consultor de alto rendimento. 20 anos de experi\u00eancia em ci\u00eancias aplicadas ao esporte, trabalhando com atletas e t\u00e9cnicos de uma ampla gama de esportes.","enlace":""},{"foto":"https:\/\/static.capabiliaserver.com\/frontend\/clients\/barca\/wp_prod\/wp-content\/uploads\/2021\/12\/fe7bc511-ana_merayo.png","nombre_del_docente":"Ana Merayo Garc\u00eda","descripcion_del_docente":"Psic\u00f3loga esportiva. Professora. Coordenadora do Servi\u00e7o de atendimento integral ao atleta (SAIE) da Masia 360, FC Barcelona.","enlace":""}],"imagen_destacada":false,"titulo_seccion_testimonios":"","slider_testimonios":false,"imagen_de_fondo_testimonios":false,"color_de_fondo_testimonios":""},"idiomas":{"en":115118,"es":115568,"ar":115237,"ca":115178,"ru":115237,"pt":115237},"_links":{"self":[{"href":"https:\/\/barcainnovationhub.com\/pt\/wp-json\/wp\/v2\/products\/115237"}],"collection":[{"href":"https:\/\/barcainnovationhub.com\/pt\/wp-json\/wp\/v2\/products"}],"about":[{"href":"https:\/\/barcainnovationhub.com\/pt\/wp-json\/wp\/v2\/types\/product"}],"author":[{"embeddable":true,"href":"https:\/\/barcainnovationhub.com\/pt\/wp-json\/wp\/v2\/users\/1"}],"replies":[{"embeddable":true,"href":"https:\/\/barcainnovationhub.com\/pt\/wp-json\/wp\/v2\/comments?post=115237"}],"version-history":[{"count":5,"href":"https:\/\/barcainnovationhub.com\/pt\/wp-json\/wp\/v2\/products\/115237\/revisions"}],"predecessor-version":[{"id":116476,"href":"https:\/\/barcainnovationhub.com\/pt\/wp-json\/wp\/v2\/products\/115237\/revisions\/116476"}],"wp:attachment":[{"href":"https:\/\/barcainnovationhub.com\/pt\/wp-json\/wp\/v2\/media?parent=115237"}],"wp:term":[{"taxonomy":"category","embeddable":true,"href":"https:\/\/barcainnovationhub.com\/pt\/wp-json\/wp\/v2\/categories?post=115237"}],"curies":[{"name":"wp","href":"https:\/\/api.w.org\/{rel}","templated":true}]}}