{"id":12512,"date":"2019-03-08T15:00:21","date_gmt":"2019-03-08T18:00:21","guid":{"rendered":"https:\/\/barcainnovationhub.com\/?post_type=product&#038;p=12512"},"modified":"2022-01-11T01:22:09","modified_gmt":"2022-01-11T04:22:09","slug":"certificado-em-treinamento-de-esportes-coletivos","status":"publish","type":"product","link":"https:\/\/barcainnovationhub.com\/pt\/product\/certificado-em-treinamento-de-esportes-coletivos\/","title":{"rendered":"Certificado em Treinamento de Esportes Coletivos"},"content":{"rendered":"","protected":false},"excerpt":{"rendered":"","protected":false},"author":1,"featured_media":0,"comment_status":"open","ping_status":"closed","template":"","meta":[],"categories":[113,113],"yoast_head":"<!-- This site is optimized with the Yoast SEO plugin v16.6.1 - https:\/\/yoast.com\/wordpress\/plugins\/seo\/ -->\n<meta name=\"description\" content=\"Neste curso, voc\u00ea aprender\u00e1 a desenvolver processos de treinamento em esportes coletivos, aplicados \u00e0s demandas f\u00edsicas e fisiol\u00f3gicas.\" \/>\n<meta name=\"robots\" content=\"index, follow, max-snippet:-1, max-image-preview:large, max-video-preview:-1\" \/>\n<link rel=\"canonical\" href=\"https:\/\/barcainnovationhub.com\/pt\/product\/certificado-em-treinamento-de-esportes-coletivos\/\" \/>\n<meta property=\"og:locale\" content=\"pt_PT\" \/>\n<meta property=\"og:type\" content=\"article\" \/>\n<meta property=\"og:title\" content=\"Certificado em Treinamento de Esportes Coletivos\" \/>\n<meta property=\"og:description\" content=\"Neste curso, voc\u00ea aprender\u00e1 a desenvolver processos de treinamento em esportes coletivos, aplicados \u00e0s demandas f\u00edsicas e fisiol\u00f3gicas.\" \/>\n<meta property=\"og:url\" content=\"https:\/\/barcainnovationhub.com\/pt\/product\/certificado-em-treinamento-de-esportes-coletivos\/\" \/>\n<meta property=\"og:site_name\" content=\"Bar\u00e7a Innovation Hub\" \/>\n<meta property=\"article:publisher\" content=\"https:\/\/www.facebook.com\/fcbuniversitas\" \/>\n<meta property=\"article:modified_time\" content=\"2022-01-11T04:22:09+00:00\" \/>\n<meta property=\"og:image\" content=\"https:\/\/barcainnovationhub.com\/wp-content\/uploads\/2019\/03\/ded7d968-certificate-in-training-for-team-sports-3.jpg\" \/>\n\t<meta property=\"og:image:width\" content=\"1200\" \/>\n\t<meta property=\"og:image:height\" content=\"1200\" \/>\n<meta name=\"twitter:card\" content=\"summary\" \/>\n<meta name=\"twitter:title\" content=\"Certificado em Treinamento de Esportes Coletivos\" \/>\n<meta name=\"twitter:image\" content=\"https:\/\/barcainnovationhub.com\/wp-content\/uploads\/2019\/03\/ded7d968-certificate-in-training-for-team-sports-3.jpg\" \/>\n<meta name=\"twitter:site\" content=\"@BarcaInnoHub\" \/>\n<script type=\"application\/ld+json\" class=\"yoast-schema-graph\">{\"@context\":\"https:\/\/schema.org\",\"@graph\":[{\"@type\":\"WebSite\",\"@id\":\"https:\/\/barcainnovationhub.com\/#website\",\"url\":\"https:\/\/barcainnovationhub.com\/\",\"name\":\"Bar\\u00e7a Innovation Hub\",\"description\":\"The worldwide centre for sports knowledge and innovation\",\"potentialAction\":[{\"@type\":\"SearchAction\",\"target\":{\"@type\":\"EntryPoint\",\"urlTemplate\":\"https:\/\/barcainnovationhub.com\/?s={search_term_string}\"},\"query-input\":\"required name=search_term_string\"}],\"inLanguage\":\"pt-WP\"},{\"@type\":\"ImageObject\",\"@id\":\"https:\/\/barcainnovationhub.com\/pt\/product\/certificado-em-treinamento-de-esportes-coletivos\/#primaryimage\",\"inLanguage\":\"pt-WP\",\"url\":\"https:\/\/barcainnovationhub.com\/wp-content\/uploads\/2019\/03\/ded7d968-certificate-in-training-for-team-sports-3.jpg\",\"contentUrl\":\"https:\/\/barcainnovationhub.com\/wp-content\/uploads\/2019\/03\/ded7d968-certificate-in-training-for-team-sports-3.jpg\",\"width\":1200,\"height\":1200},{\"@type\":\"WebPage\",\"@id\":\"https:\/\/barcainnovationhub.com\/pt\/product\/certificado-em-treinamento-de-esportes-coletivos\/#webpage\",\"url\":\"https:\/\/barcainnovationhub.com\/pt\/product\/certificado-em-treinamento-de-esportes-coletivos\/\",\"name\":\"Certificado em Treinamento de Esportes Coletivos - Bar\\u00e7a Innovation Hub\",\"isPartOf\":{\"@id\":\"https:\/\/barcainnovationhub.com\/#website\"},\"datePublished\":\"2019-03-08T18:00:21+00:00\",\"dateModified\":\"2022-01-11T04:22:09+00:00\",\"description\":\"Neste curso, voc\\u00ea aprender\\u00e1 a desenvolver processos de treinamento em esportes coletivos, aplicados \\u00e0s demandas f\\u00edsicas e fisiol\\u00f3gicas.\",\"breadcrumb\":{\"@id\":\"https:\/\/barcainnovationhub.com\/pt\/product\/certificado-em-treinamento-de-esportes-coletivos\/#breadcrumb\"},\"inLanguage\":\"pt-WP\",\"potentialAction\":[{\"@type\":\"ReadAction\",\"target\":[\"https:\/\/barcainnovationhub.com\/pt\/product\/certificado-em-treinamento-de-esportes-coletivos\/\"]}]},{\"@type\":\"BreadcrumbList\",\"@id\":\"https:\/\/barcainnovationhub.com\/pt\/product\/certificado-em-treinamento-de-esportes-coletivos\/#breadcrumb\",\"itemListElement\":[{\"@type\":\"ListItem\",\"position\":1,\"name\":\"Portada\",\"item\":\"https:\/\/barcainnovationhub.com\/pt\/\"},{\"@type\":\"ListItem\",\"position\":2,\"name\":\"Productos\",\"item\":\"https:\/\/barcainnovationhub.com\/pt\/product\/\"},{\"@type\":\"ListItem\",\"position\":3,\"name\":\"Certificado em Treinamento de Esportes Coletivos\"}]}]}<\/script>\n<!-- \/ Yoast SEO plugin. -->","acf":{"hubspot_product_id":"11975836","external_id":"1361","header_image":108528,"column_title":"","titulo_incentivo":"Certificado em Treinamento de Esportes Coletivos","precio":"625","precio_en_cuotas":"4 pagamentos mensais de 156,25 euros","precio_de_lista":"","mostrar_form":false,"promocion_vigente":"","duracion_del_curso":"4 meses","nivel_del_curso":"avan\u00e7ado","modalidad_cursado":"Online","impartido_en":"Portugues","contenido":"<p>Com o objetivo de melhorar o espet\u00e1culo, o esporte sofreu modifica\u00e7\u00f5es com o decorrer da hist\u00f3ria, tornando-se mais din\u00e2mico e entretido. Estas mudan\u00e7as foram poss\u00edveis gra\u00e7as aos novos regulamentos e aos avan\u00e7os da ci\u00eancia, o que possibilitou potencializar os processos de treinamento, gerando esportistas mais atl\u00e9ticos, potentes e velozes.<\/p>\n<p>Esta predomin\u00e2ncia do fator f\u00edsico no esporte traz como consequ\u00eancia um maior protagonismo do preparador f\u00edsico na constru\u00e7\u00e3o do processo de treinamento, quem por sua vez n\u00e3o pode ignorar a velocidade e a precis\u00e3o requeridas ao tomar decis\u00f5es durante o jogo. Como consequ\u00eancia, um preparador f\u00edsico n\u00e3o pode pretender treinar seus jogadores sem contemplar o componente comportamental do jogo.<\/p>\n<p>Neste Certificado, voc\u00ea aprender\u00e1 quais s\u00e3o os perfis fisiol\u00f3gicos de esportes em equipe y como eles influem na programa\u00e7\u00e3o do treino. Al\u00e9m disso, voc\u00ea conhecer\u00e1 novas metodologias de treinamento.<\/p>\n<p>A partir do aspecto da for\u00e7a, voc\u00ea aprender\u00e1 a elaborar um programa de treinamento efetivo, realizando uma adequada sele\u00e7\u00e3o dos meios, em fun\u00e7\u00e3o das necessidades de sua equipe esportiva.<\/p>\n<p>Realizaremos um processo de an\u00e1lise e valoriza\u00e7\u00e3o de fatores de risco de les\u00f5es que fundamentam as interven\u00e7\u00f5es preventivas, al\u00e9m das estrat\u00e9gias preventivas de les\u00e3o que obt\u00eam resultados efetivos.<\/p>\n<p>Tamb\u00e9m ser\u00e3o analisadas as necessidades dos esportes coletivos, os recursos e tempos com os quais contamos para poder gerar uma proposta adequada no que diz respeito \u00e0 utiliza\u00e7\u00e3o de provas de valoriza\u00e7\u00e3o de capacidades motoras e sua medi\u00e7\u00e3o correspondente.<\/p>\n","ocultar_video":false,"url_video":"https:\/\/www.youtube.com\/embed\/PEi7D0GOdsI","avalado_por":false,"pdf_brochure":"https:\/\/static.capabiliaserver.com\/frontend\/clients\/barca\/wp_prod\/wp-content\/uploads\/2019\/03\/8c9e9282-certificado-em-treinamento-de-esportes-coletivos.pdf","cursos_que_lo_componen":[{"nombre_del_curso":"Avalia\u00e7\u00e3o Esportiva","descripcion_del_curso":"<p>M\u00d3DULO 1: AVALIA\u00c7\u00c3O DE FOR\u00c7A EM ESPORTES COLETIVOS<br \/>\nUnidade 1: Avalia\u00e7\u00e3o de For\u00e7a em Esportes Coletivos<br \/>\nUnidade 2: Avalia\u00e7\u00e3o da For\u00e7a em Diferentes Manifesta\u00e7\u00f5es<\/p>\n<p>M\u00d3DULO 2: AVALIA\u00c7\u00d5ES DE AGILIDADE E DE VELOCIDADE<br \/>\nUnidade 1: Generalidades sobre a Avalia\u00e7\u00e3o da Velocidade da Mudan\u00e7a de Dire\u00e7\u00e3o e da Agilidade<br \/>\nUnidade 2: Avalia\u00e7\u00e3o da  Velocidade da Mudan\u00e7a de Dire\u00e7\u00e3o (Agilidade de Habilidade Fechada) e Agilidade (Agilidade de Habilidade Aberta)<\/p>\n<p>M\u00d3DULO 3: AVALIA\u00c7\u00c3O DE RESIST\u00caNCIA EM ESPORTES COLETIVOS<br \/>\nUnidade 1: Avalia\u00e7\u00e3o de Condi\u00e7\u00f5es F\u00edsicas<br \/>\nUnidade 2: Testes de Resist\u00eancia em Campo no Contexto do Esporte<\/p>\n<p>M\u00d3DULO 4: LEITURA INTEGRATIVA<\/p>\n"},{"nombre_del_curso":"Treinamento de For\u00e7a em Esportes Coletivos","descripcion_del_curso":"<p>M\u00d3DULO 1: INTRODU\u00c7\u00c3O \u00c0 FOR\u00c7A NOS ESPORTES COLETIVOS. NOSSO PARADIGMA<br \/>\nUnidade 1: No\u00e7\u00f5es b\u00e1sicas de for\u00e7a nos esportes coletivos<br \/>\nUnidade 2: O papel da for\u00e7a, da teoria \u00e0 pr\u00e1tica<\/p>\n<p>M\u00d3DULO 2: PERDIODIZA\u00c7\u00c3O E MEIOS DE TREINAMENTO.<br \/>\nUnidade 1: O processo de treinamento<br \/>\nUnidade 2: Meios de treinamento<\/p>\n<p>M\u00d3DULO 3: PROGRAMA\u00c7\u00c3O DE UMA SESS\u00c3O<br \/>\nUnidade 1: An\u00e1lise das vari\u00e1veis que interv\u00eam na programa\u00e7\u00e3o de uma sess\u00e3o<br \/>\nUnidade 2: Controle do treinamento<\/p>\n<p>M\u00d3DULO 4: M\u00d3DULO INTEGRADOR   <\/p>\n"},{"nombre_del_curso":"Preven\u00e7\u00e3o de Les\u00f5es","descripcion_del_curso":"<p>M\u00d3DULO 1: CONCEITOS B\u00c1SICOS EM EPIDEMIOLOGIA E PREVEN\u00c7\u00c3O DE LES\u00d5ES<br \/>\nUnidade 1: Conceitos B\u00e1sicos em Preven\u00e7\u00e3o de Les\u00f5es<br \/>\nUnidade 2: Epidemiologia em Esportes Coletivos<\/p>\n<p>M\u00d3DULO 2: PREVEN\u00c7\u00c3O DE LES\u00d5ES MUSCULARES<br \/>\nUnidade 1: Preven\u00e7\u00e3o das Les\u00f5es Musculares Mais Frequentes<br \/>\nUnidade 2: A Abordagem Preventiva \u00e0 Preven\u00e7\u00e3o de Les\u00f5es Musculares<\/p>\n<p>M\u00d3DULO 3: PREVEN\u00c7\u00c3O DE LES\u00d5ES ARTICULAT\u00d3RIAS<br \/>\nUnidade 1: Preven\u00e7\u00e3o das Les\u00f5es Articulat\u00f3rias de Membros Inferiores Mais Frequentes<br \/>\nUnidade 2: Preven\u00e7\u00e3o das Les\u00f5es Articulat\u00f3rias dos Membros Superiores Mais Frequentes<br \/>\n(Les\u00f5es do Ombro)<\/p>\n<p>M\u00d3DULO 4: LEITURA INTEGRATIVA<\/p>\n"},{"nombre_del_curso":"Programa\u00e7\u00e3o do Treinamento e Perfil Fisiol\u00f3gico de Esportes Coletivos","descripcion_del_curso":"<p>M\u00d3DULO 1: PERIODIZA\u00c7\u00c3O, PLANIFICA\u00c7\u00c3O E METODOLOGIAS. TEORIAS E NOVOS PARADIGMAS<br \/>\nUnidade 1: Marco te\u00f3rico e metodologias tradicionais<br \/>\nUnidade 2: Novas metodologias de programa\u00e7\u00e3o do treinamento<\/p>\n<p>M\u00d3DULO 2: TEMPORADA ESPORTIVA<br \/>\nUnidade 1: Momentos da temporada<br \/>\nUnidade 2: Desenvolvimento de capacidades e caracter\u00edsticas f\u00edsicas<\/p>\n<p>M\u00d3DULO 3: CARACTERIZA\u00c7\u00c3O DOS ESPORTES COLETIVOS COM ENFOQUE NO FUTEBOL. AN\u00c1LISE DE DEMANDAS F\u00cdSICAS<br \/>\nUnidade 1: An\u00e1lise do esporte ac\u00edclico<br \/>\nUnidade 2: An\u00e1lise das demandas f\u00edsicas em competi\u00e7\u00e3o e treinamento<\/p>\n<p>M\u00d3DULO 4: M\u00d3DULO INTEGRADOR  <\/p>\n"}],"aprende_a":[{"item_aprende_a":"Planificar a avalia\u00e7\u00e3o, analisando diversas capacidades motoras e obtendo medi\u00e7\u00f5es que logo sejam consideradas no contexto do processo de treinamento. "},{"item_aprende_a":"Desenvolver e analisar programas de treinamento de for\u00e7a em esportes coletivos."},{"item_aprende_a":"Apresentar estrat\u00e9gias preventivas efetivas baseadas em um processo sustentado na evid\u00eancia cient\u00edfica. "},{"item_aprende_a":"Desenvolver processos de treinamento de esportes coletivos, aplicando as metodologias propostas e baseadas nas demandas f\u00edsicas e fisiol\u00f3gicas do esporte escolhido."}],"preguntas_frecuentes":false,"contenidistas":[{"contenidista":"Lic. Andres Darbyshire ","descripcion_contenidista":"Preparador F\u00edsico de Basquete Profissional.    "},{"contenidista":"Me. Pablo Griboff ","descripcion_contenidista":"Preparador F\u00edsico de V\u00f4lei Profissional."},{"contenidista":"Lic. Mauricio Moyano ","descripcion_contenidista":"Preparador F\u00edsico de Basquete Profissional."},{"contenidista":"Lic. Matias Sampietro","descripcion_contenidista":"Fisioterapeuta de Futebol Profissional. "}],"docentes_expertos":[{"foto":"https:\/\/static.capabiliaserver.com\/frontend\/clients\/barca\/wp\/wp-content\/uploads\/2018\/12\/Francisco_Paco_Seirul-lo_Vargas-150x150.jpg","nombre_del_docente":"Paco Seirul\u00b7lo Vargas","descripcion_del_docente":"Respons\u00e1vel pela \u00e1rea de metodologia do FC Barcelona.","enlace":""},{"foto":"https:\/\/barcainnovationhub.com\/wp-content\/uploads\/2019\/03\/ea8250e4-joan_ramon_tarrago.jpg","nombre_del_docente":"Joan Ramon Tarrago","descripcion_del_docente":"Respons\u00e1vel de prepara\u00e7\u00e3o f\u00edsica esportiva.","enlace":""}],"fecha_de_inicio":"10062021","imagen_destacada":false,"id_magento":"208","producto_path":false,"titulo_seccion_testimonios":"","slider_testimonios":false,"imagen_de_fondo_testimonios":false,"color_de_fondo_testimonios":"","activar_banner_1":false,"banner_1":false,"activar_banner_2":false,"banner_2":false,"activar_banner_3":false,"banner_3":false,"segunda_fecha_de_inicio":"","zona_horaria":"Europe\/Madrid","activar_nuevos_banners":false,"mostrar_banner_1":false,"crear_banner_1":{"utilizar_imagen_unica_para_banner":false,"asignar_imagen_unica_para_banner":false,"mostrar_titulo_banner":false,"titulo_para_banner":"","mostrar_subtitulo_banner":false,"subtitulo_del_banner":"","mostrar_cta_banner":false,"texto_cta_banner":"","url_cta_banner":"","fondo_de_color_banner":"","fondo_de_imagen_banner":false,"mostrar_imagen_izquierda_banner":false,"asignar_imagen_izquierda_banner":false},"mostrar_banner_2":false,"crear_banner_2":{"utilizar_imagen_unica_para_banner":false,"asignar_imagen_unica_para_banner":false,"mostrar_titulo_banner":false,"titulo_para_banner":"","mostrar_subtitulo_banner":false,"subtitulo_del_banner":"","mostrar_cta_banner":false,"texto_cta_banner":"","url_cta_banner":"","fondo_de_color_banner":"","fondo_de_imagen_banner":false,"mostrar_imagen_izquierda_banner":false,"asignar_imagen_izquierda_banner":false},"mostrar_banner_3":false,"crear_banner_3":{"utilizar_imagen_unica_para_banner":false,"asignar_imagen_unica_para_banner":false,"mostrar_titulo_banner":false,"titulo_para_banner":"","mostrar_subtitulo_banner":false,"subtitulo_del_banner":"","mostrar_cta_banner":false,"texto_cta_banner":"","url_cta_banner":"","fondo_de_color_banner":"","fondo_de_imagen_banner":false,"mostrar_imagen_izquierda_banner":false,"asignar_imagen_izquierda_banner":false}},"idiomas":{"en":12459,"es":8172,"ar":81703,"ca":12549,"ru":12512,"pt":12512},"_links":{"self":[{"href":"https:\/\/barcainnovationhub.com\/pt\/wp-json\/wp\/v2\/products\/12512"}],"collection":[{"href":"https:\/\/barcainnovationhub.com\/pt\/wp-json\/wp\/v2\/products"}],"about":[{"href":"https:\/\/barcainnovationhub.com\/pt\/wp-json\/wp\/v2\/types\/product"}],"author":[{"embeddable":true,"href":"https:\/\/barcainnovationhub.com\/pt\/wp-json\/wp\/v2\/users\/1"}],"replies":[{"embeddable":true,"href":"https:\/\/barcainnovationhub.com\/pt\/wp-json\/wp\/v2\/comments?post=12512"}],"version-history":[{"count":5,"href":"https:\/\/barcainnovationhub.com\/pt\/wp-json\/wp\/v2\/products\/12512\/revisions"}],"predecessor-version":[{"id":116357,"href":"https:\/\/barcainnovationhub.com\/pt\/wp-json\/wp\/v2\/products\/12512\/revisions\/116357"}],"wp:attachment":[{"href":"https:\/\/barcainnovationhub.com\/pt\/wp-json\/wp\/v2\/media?parent=12512"}],"wp:term":[{"taxonomy":"category","embeddable":true,"href":"https:\/\/barcainnovationhub.com\/pt\/wp-json\/wp\/v2\/categories?post=12512"}],"curies":[{"name":"wp","href":"https:\/\/api.w.org\/{rel}","templated":true}]}}