{"id":15920,"date":"2019-04-08T10:15:55","date_gmt":"2019-04-08T13:15:55","guid":{"rendered":"https:\/\/barcainnovationhub.com\/?post_type=product&#038;p=15920"},"modified":"2022-01-11T01:02:16","modified_gmt":"2022-01-11T04:02:16","slug":"certificado-em-treinamento-da-forca","status":"publish","type":"product","link":"https:\/\/barcainnovationhub.com\/pt\/product\/certificado-em-treinamento-da-forca\/","title":{"rendered":"Certificado em Treinamento da For\u00e7a: da Reabilita\u00e7\u00e3o ao Desempenho"},"content":{"rendered":"<p>contenido<\/p>\n","protected":false},"excerpt":{"rendered":"<p>excerpt<\/p>\n","protected":false},"author":16,"featured_media":0,"comment_status":"open","ping_status":"closed","template":"","meta":[],"categories":[121,121],"yoast_head":"<!-- This site is optimized with the Yoast SEO plugin v16.6.1 - https:\/\/yoast.com\/wordpress\/plugins\/seo\/ -->\n<meta name=\"description\" content=\"Aprofunde seu conhecimento sobre as \u00faltimas tend\u00eancias e a aplica\u00e7\u00e3o profissional do treinamento da for\u00e7a com Dani Romero e Francesc Cos. 4 meses. Online.\" \/>\n<meta name=\"robots\" content=\"index, follow, max-snippet:-1, max-image-preview:large, max-video-preview:-1\" \/>\n<link rel=\"canonical\" href=\"https:\/\/barcainnovationhub.com\/pt\/product\/certificado-em-treinamento-da-forca\/\" \/>\n<meta property=\"og:locale\" content=\"pt_PT\" \/>\n<meta property=\"og:type\" content=\"article\" \/>\n<meta property=\"og:title\" content=\"Certificado em Treinamento da For\u00e7a\" \/>\n<meta property=\"og:description\" content=\"Aprofunde seu conhecimento sobre as \u00faltimas tend\u00eancias e a aplica\u00e7\u00e3o profissional do treinamento da for\u00e7a com Dani Romero e Francesc Cos. 4 meses. Online.\" \/>\n<meta property=\"og:url\" content=\"https:\/\/barcainnovationhub.com\/pt\/product\/certificado-em-treinamento-da-forca\/\" \/>\n<meta property=\"og:site_name\" content=\"Bar\u00e7a Innovation Hub\" \/>\n<meta property=\"article:publisher\" content=\"https:\/\/www.facebook.com\/fcbuniversitas\" \/>\n<meta property=\"article:modified_time\" content=\"2022-01-11T04:02:16+00:00\" \/>\n<meta property=\"og:image\" content=\"https:\/\/barcainnovationhub.com\/wp-content\/uploads\/2019\/04\/12d1863e-certificate-in-strength-training-from-rehabilitation-to-performance.jpg\" \/>\n\t<meta property=\"og:image:width\" content=\"1200\" \/>\n\t<meta property=\"og:image:height\" content=\"1200\" \/>\n<meta name=\"twitter:card\" content=\"summary\" \/>\n<meta name=\"twitter:title\" content=\"Certificado em Treinamento da For\u00e7a\" \/>\n<meta name=\"twitter:description\" content=\"Aprofunde seu conhecimento sobre as \u00faltimas tend\u00eancias e a aplica\u00e7\u00e3o profissional do treinamento da for\u00e7a com Dani Romero e Francesc Cos. 4 meses. Online.\" \/>\n<meta name=\"twitter:image\" content=\"https:\/\/barcainnovationhub.com\/wp-content\/uploads\/2019\/04\/12d1863e-certificate-in-strength-training-from-rehabilitation-to-performance.jpg\" \/>\n<meta name=\"twitter:site\" content=\"@BarcaInnoHub\" \/>\n<meta name=\"twitter:label1\" content=\"Est. reading time\" \/>\n\t<meta name=\"twitter:data1\" content=\"1 minute\" \/>\n<script type=\"application\/ld+json\" class=\"yoast-schema-graph\">{\"@context\":\"https:\/\/schema.org\",\"@graph\":[{\"@type\":\"WebSite\",\"@id\":\"https:\/\/barcainnovationhub.com\/#website\",\"url\":\"https:\/\/barcainnovationhub.com\/\",\"name\":\"Bar\\u00e7a Innovation Hub\",\"description\":\"The worldwide centre for sports knowledge and innovation\",\"potentialAction\":[{\"@type\":\"SearchAction\",\"target\":{\"@type\":\"EntryPoint\",\"urlTemplate\":\"https:\/\/barcainnovationhub.com\/?s={search_term_string}\"},\"query-input\":\"required name=search_term_string\"}],\"inLanguage\":\"pt-WP\"},{\"@type\":\"ImageObject\",\"@id\":\"https:\/\/barcainnovationhub.com\/pt\/product\/certificado-em-treinamento-da-forca\/#primaryimage\",\"inLanguage\":\"pt-WP\",\"url\":\"https:\/\/barcainnovationhub.com\/wp-content\/uploads\/2019\/04\/12d1863e-certificate-in-strength-training-from-rehabilitation-to-performance.jpg\",\"contentUrl\":\"https:\/\/barcainnovationhub.com\/wp-content\/uploads\/2019\/04\/12d1863e-certificate-in-strength-training-from-rehabilitation-to-performance.jpg\",\"width\":1200,\"height\":1200},{\"@type\":\"WebPage\",\"@id\":\"https:\/\/barcainnovationhub.com\/pt\/product\/certificado-em-treinamento-da-forca\/#webpage\",\"url\":\"https:\/\/barcainnovationhub.com\/pt\/product\/certificado-em-treinamento-da-forca\/\",\"name\":\"Certificado em Treinamento da For\\u00e7a - Bar\\u00e7a Innovation Hub\",\"isPartOf\":{\"@id\":\"https:\/\/barcainnovationhub.com\/#website\"},\"datePublished\":\"2019-04-08T13:15:55+00:00\",\"dateModified\":\"2022-01-11T04:02:16+00:00\",\"description\":\"Aprofunde seu conhecimento sobre as \\u00faltimas tend\\u00eancias e a aplica\\u00e7\\u00e3o profissional do treinamento da for\\u00e7a com Dani Romero e Francesc Cos. 4 meses. Online.\",\"breadcrumb\":{\"@id\":\"https:\/\/barcainnovationhub.com\/pt\/product\/certificado-em-treinamento-da-forca\/#breadcrumb\"},\"inLanguage\":\"pt-WP\",\"potentialAction\":[{\"@type\":\"ReadAction\",\"target\":[\"https:\/\/barcainnovationhub.com\/pt\/product\/certificado-em-treinamento-da-forca\/\"]}]},{\"@type\":\"BreadcrumbList\",\"@id\":\"https:\/\/barcainnovationhub.com\/pt\/product\/certificado-em-treinamento-da-forca\/#breadcrumb\",\"itemListElement\":[{\"@type\":\"ListItem\",\"position\":1,\"name\":\"Portada\",\"item\":\"https:\/\/barcainnovationhub.com\/pt\/\"},{\"@type\":\"ListItem\",\"position\":2,\"name\":\"Productos\",\"item\":\"https:\/\/barcainnovationhub.com\/pt\/product\/\"},{\"@type\":\"ListItem\",\"position\":3,\"name\":\"Certificado em Treinamento da For\\u00e7a: da Reabilita\\u00e7\\u00e3o ao Desempenho\"}]}]}<\/script>\n<!-- \/ Yoast SEO plugin. -->","acf":{"external_id":"1379","titulo_curso":"Certificado en Entrenamiento de la Fuerza: de la Rehabilitaci\u00f3n al Rendimiento","precio":"625","impartido_en":"Portugues","hubspot_product_id":"28656734","header_image":108498,"column_title":"","titulo_incentivo":"Certificado em Treinamento da For\u00e7a: da Reabilita\u00e7\u00e3o ao Desempenho","fecha_de_inicio":"10072021","precio_en_cuotas":"4 pagamentos mensais de 156,25 euros","precio_de_lista":"","mostrar_form":false,"promocion_vigente":"","duracion_del_curso":"4 meses","nivel_del_curso":"avan\u00e7ado","modalidad_cursado":"Online","contenido":"<p>O presente curso est\u00e1 dirigido \u00e0queles profissionais das ci\u00eancias do esporte e da sa\u00fade que queiram aprofundar o conhecimento do treinamento da for\u00e7a. Este conhecimento est\u00e1 baseado em uma fonte dupla de recursos: a literatura cient\u00edfica e a experi\u00eancia profissional dos docentes.<\/p>\n<p>No curso &#8220;Bases neuromusculares no treinamento da for\u00e7a&#8221; iniciamos com um tratamento da informa\u00e7\u00e3o referente \u00e0 fisiologia neuromuscular e sua rela\u00e7\u00e3o com o desenvolvimento da for\u00e7a e da pot\u00eancia muscular no esporte. Este conhecimento de base, relacionado continuamente ao treinamento da for\u00e7a, permitir\u00e1 a realiza\u00e7\u00e3o de uma an\u00e1lise pr\u00e9via de qualidade sobre as necessidades de uma programa\u00e7\u00e3o e da escolha e elabora\u00e7\u00e3o de tarefas.<\/p>\n<p>Ao longo do curso, aprofundaremos a aplica\u00e7\u00e3o profissional do treinamento da for\u00e7a nos dos grandes \u00e2mbitos de trabalho expostos: o preparador de for\u00e7a (strength and conditioning coach) e o readaptador p\u00f3s-les\u00e3o (return-to-play coach). Em ambos os casos, os dois cursos centrais do certificado desenvolvem um \u00edndice de conte\u00fados que dotam do conhecimento fundamental e atual sobre estes dois perfis profissionais, tendo a for\u00e7a como conte\u00fado central a ser tratado. De maneira resumida, s\u00e3o expostos os pontos fundamentais de desenvolvimento de ambos os perfis, e enfocada a metodologia de trabalho em cada um deles.<\/p>\n<p>Finalmente, no curso &#8220;Tecnologia e treinamento da for\u00e7a e da pot\u00eancia muscular&#8221; desta forma\u00e7\u00e3o, s\u00e3o apresentadas as \u00faltimas tend\u00eancias no treinamento da for\u00e7a, algumas delas ainda emergentes, e \u00e9 feita uma an\u00e1lise do futuro imediato no desenvolvimento desta qualidade t\u00e3o importante do desempenho esportivo e da reabilita\u00e7\u00e3o de les\u00f5es.<\/p>\n","ocultar_video":false,"url_video":"https:\/\/www.youtube.com\/embed\/mwGaT0LL4xY","avalado_por":false,"pdf_brochure":"https:\/\/static.capabiliaserver.com\/frontend\/clients\/barca\/wp_prod\/wp-content\/uploads\/2019\/04\/39be64da-certificate-in-strength-training_from-rehabilitation-to-performance.pdf","cursos_que_lo_componen":[{"nombre_del_curso":"Bases neuromusculares no treinamento da for\u00e7a","descripcion_del_curso":"<p>M\u00d3DULO 1: Caracter\u00edsticas do sistema m\u00fasculo-esquel\u00e9tico.<br \/>\nUnidade 1: O movimento a partir do sistema nervoso central.<br \/>\nUnidade 2: Funcionalidade do m\u00fasculo-esquel\u00e9tico. <\/p>\n<p>M\u00d3DULO 2: As a\u00e7\u00f5es musculares e sua rela\u00e7\u00e3o com o esporte.<br \/>\nUnidade 1: Tipos de a\u00e7\u00e3o muscular.<br \/>\nUnidade 2: Inter-rela\u00e7\u00e3o das a\u00e7\u00f5es musculares no movimento e na manuten\u00e7\u00e3o da posi\u00e7\u00e3o. <\/p>\n<p>M\u00d3DULO 3: Mudan\u00e7as sist\u00eamicas no destreinamento e na imobiliza\u00e7\u00e3o.<br \/>\nUnidade 1: Destreinamento com rela\u00e7\u00e3o ao m\u00fasculo-esquel\u00e9tico.<br \/>\nUnidade 2: A hipertrofia muscular. <\/p>\n<p>M\u00d3DULO 4: A avalia\u00e7\u00e3o das propriedades musculares com rela\u00e7\u00e3o ao esporte.<br \/>\nUnidade 1: A eletromiografia de superf\u00edcie.<br \/>\nUnidade 2: A tensiomiografia.<\/p>\n"},{"nombre_del_curso":"Metodologia do treinamento da for\u00e7a: aplica\u00e7\u00e3o na melhoria do desempenho esportivo e na readapta\u00e7\u00e3o p\u00f3s-les\u00e3o para a competi\u00e7\u00e3o","descripcion_del_curso":"<p>M\u00d3DULO 1: Contextualiza\u00e7\u00e3o: Como adaptamos o treinamento de for\u00e7a aos esportes coletivos?<br \/>\nUnidade 1: A qualidade de for\u00e7a e sua rela\u00e7\u00e3o com os requerimentos coordenativos e cognitivos dos esportes coletivos.<br \/>\nUnidade 2: A progress\u00e3o na dificuldade do trabalho de for\u00e7a com rela\u00e7\u00e3o \u00e0 especificidade do esporte. <\/p>\n<p>M\u00d3DULO 2: Metodologia do trabalho de for\u00e7a no esporte de situa\u00e7\u00e3o.<br \/>\nUnidade 1: O treinamento de for\u00e7a e a necessidade de trabalhar com sobrecarga.<br \/>\nUnidade 2: Integra\u00e7\u00e3o do trabalho de for\u00e7a com demais capacidades. <\/p>\n<p>M\u00d3DULO 3: Integra\u00e7\u00e3o do trabalho de for\u00e7a no planejamento e na programa\u00e7\u00e3o dos esportes de situa\u00e7\u00e3o.<br \/>\nUnidade 1: A for\u00e7a no treinamento integrado de uma programa\u00e7\u00e3o de tipo liga regular de longa dura\u00e7\u00e3o. Exemplifica\u00e7\u00e3o baseada no futebol.<br \/>\nUnidade 2: A for\u00e7a no treinamento integrado de uma programa\u00e7\u00e3o de tipo blocos de prepara\u00e7\u00e3o \u2013 competi\u00e7\u00e3o. Exemplifica\u00e7\u00e3o baseada no t\u00eanis. <\/p>\n<p>M\u00d3DULO 4: A for\u00e7a na elabora\u00e7\u00e3o de tarefas espec\u00edficas do esporte. Exemplifica\u00e7\u00e3o no futebol.<br \/>\nUnidade 1: Os small-sided games (SSG): caracter\u00edsticas para sua elabora\u00e7\u00e3o e rela\u00e7\u00e3o com o desenvolvimento das habilidades esportivas.<br \/>\nUnidade 2: Os SSG: rela\u00e7\u00e3o com o trabalho de for\u00e7a.<\/p>\n"},{"nombre_del_curso":"A for\u00e7a e a pot\u00eancia muscular como qualidade chave na readapta\u00e7\u00e3o das les\u00f5es esportivas","descripcion_del_curso":"<p>M\u00d3DULO 1: Estudo da les\u00e3o no esporte: os mecanismos lesivos e os fatores de risco de les\u00e3o associados.<br \/>\nUnidade 1: Biomec\u00e2nica lesiva e implica\u00e7\u00e3o da for\u00e7a na recupera\u00e7\u00e3o das habilidades esportivas.<br \/>\nUnidade 2: Fatores de risco associados \u00e0 falta de for\u00e7a. <\/p>\n<p>M\u00d3DULO 2: As les\u00f5es esportivas e sua rela\u00e7\u00e3o com a qualidade de for\u00e7a.<br \/>\nUnidade 1: As les\u00f5es das estruturas muscular e tendinosa.<br \/>\nUnidade 2: As les\u00f5es articulares. <\/p>\n<p>M\u00d3DULO 3: Manifesta\u00e7\u00f5es da for\u00e7a e da pot\u00eancia muscular no processo de readapta\u00e7\u00e3o p\u00f3s-les\u00e3o.<br \/>\nUnidade 1: A for\u00e7a e suas diferentes manifesta\u00e7\u00f5es segundo carga externa e velocidade de execu\u00e7\u00e3o.<br \/>\nUnidade 2: Programa\u00e7\u00e3o do trabalho de for\u00e7a nas les\u00f5es esportivas. <\/p>\n<p>M\u00d3DULO 4: Novos paradigmas no treinamento da for\u00e7a: muscula\u00e7\u00e3o mediante oclus\u00e3o vascular.<br \/>\nUnidade 1: Bases da muscula\u00e7\u00e3o tradicional versus muscula\u00e7\u00e3o por meio da oclus\u00e3o vascular ou Blood Flow Restriction (BFR).<br \/>\nUnidade 2: Programa\u00e7\u00e3o do treinamento mediante oclus\u00e3o vascular: vari\u00e1veis chave para a prescri\u00e7\u00e3o ideal.<\/p>\n"},{"nombre_del_curso":"Tecnologia e treinamento da for\u00e7a e da pot\u00eancia muscular","descripcion_del_curso":"<p>M\u00d3DULO 1: Tecnologia, equipamento e treinamento da for\u00e7a de car\u00e1ter geral.<br \/>\nUnidade 1: Equipamentos para o trabalho de orienta\u00e7\u00e3o geral com rela\u00e7\u00e3o \u00e0 especificidade do esporte.<br \/>\nUnidade 2: Outros equipamentos relacionados com as cargas de orienta\u00e7\u00e3o geral. <\/p>\n<p>M\u00d3DULO 2: Tecnologia, equipamento e treinamento da for\u00e7a de car\u00e1ter espec\u00edfico com rela\u00e7\u00e3o ao esporte.<br \/>\nUnidade 1: Equipamentos para o trabalho de orienta\u00e7\u00e3o dirigida e espec\u00edfica com rela\u00e7\u00e3o \u00e0s habilidades espec\u00edficas do esporte.<br \/>\nUnidade 2: A tecnologia GPS e sua rela\u00e7\u00e3o com a avalia\u00e7\u00e3o e ao controle da for\u00e7a no treinamento e na competi\u00e7\u00e3o. <\/p>\n<p>M\u00d3DULO 3: Tecnologia na avalia\u00e7\u00e3o da for\u00e7a e da pot\u00eancia muscular.<br \/>\nUnidade 1: Utiliza\u00e7\u00e3o de encoders lineares e rotat\u00f3rios para a avalia\u00e7\u00e3o da for\u00e7a e da pot\u00eancia muscular.<br \/>\nUnidade 2: Sistemas integrados na avalia\u00e7\u00e3o muscular. <\/p>\n<p>M\u00d3DULO 4: Tecnologia interativa e treinamento da for\u00e7a.<br \/>\nUnidade 1: Gamifica\u00e7\u00e3o no esporte.<br \/>\nUnidade 2: Metodologias interativas relacionadas com a gamifica\u00e7\u00e3o.<\/p>\n"}],"aprende_a":[{"item_aprende_a":"Melhorar a an\u00e1lise cr\u00edtica ao realizar um programa de treinamento nos diferentes pap\u00e9is profissionais relacionados \u00e0s ci\u00eancias do esporte e da sa\u00fade. "},{"item_aprende_a":"Melhorar o desempenho esportivo e a preven\u00e7\u00e3o de les\u00f5es a partir de um conhecimento profundo sobre a metodologia a ser aplicada nos programas de treinamento da for\u00e7a e da pot\u00eancia muscular. "},{"item_aprende_a":"Aplicar a metodologia adequada na elabora\u00e7\u00e3o do processo de readapta\u00e7\u00e3o p\u00f3s-les\u00e3o naquelas afec\u00e7\u00f5es em que o desenvolvimento da for\u00e7a tiver um marcado protagonismo."},{"item_aprende_a":"Conhecer, de maneira transversal, as metodologias emergentes no treinamento da for\u00e7a para poder fazer um aprofundamento a partir de uma base contrastada a partir da ci\u00eancia."}],"preguntas_frecuentes":false,"contenidistas":[{"contenidista":"Lic. Andr\u00e9s Darbyshire","descripcion_contenidista":"Preparador F\u00edsico de Basquete Profissional."}],"docentes_expertos":[{"foto":"https:\/\/barcainnovationhub.com\/wp-content\/uploads\/2019\/03\/4b872d62-dani_romero.png","nombre_del_docente":"Daniel Romero Rodriguez","descripcion_del_docente":"Preparador f\u00edsico do primeiro time de futebol do FC Barcelona. ","enlace":""},{"foto":"https:\/\/barcainnovationhub.com\/wp-content\/uploads\/2019\/01\/187a9f52-francesc_cos.jpg","nombre_del_docente":"Francesc Cos","descripcion_del_docente":"Diretor de Rendimento do New York City (MLS).","enlace":""}],"imagen_destacada":false,"id_magento":"273","producto_path":false,"titulo_seccion_testimonios":"","slider_testimonios":false,"imagen_de_fondo_testimonios":false,"color_de_fondo_testimonios":"","segunda_fecha_de_inicio":"25072021","zona_horaria":"Europe\/Madrid","activar_banner_1":false,"banner_1":false,"activar_banner_2":false,"banner_2":false,"activar_banner_3":false,"banner_3":false,"activar_nuevos_banners":false,"mostrar_banner_1":false,"crear_banner_1":{"utilizar_imagen_unica_para_banner":false,"asignar_imagen_unica_para_banner":false,"mostrar_titulo_banner":false,"titulo_para_banner":"","mostrar_subtitulo_banner":false,"subtitulo_del_banner":"","mostrar_cta_banner":false,"texto_cta_banner":"","url_cta_banner":"","fondo_de_color_banner":"","fondo_de_imagen_banner":false,"mostrar_imagen_izquierda_banner":false,"asignar_imagen_izquierda_banner":false},"mostrar_banner_2":false,"crear_banner_2":{"utilizar_imagen_unica_para_banner":false,"asignar_imagen_unica_para_banner":false,"mostrar_titulo_banner":false,"titulo_para_banner":"","mostrar_subtitulo_banner":false,"subtitulo_del_banner":"","mostrar_cta_banner":false,"texto_cta_banner":"","url_cta_banner":"","fondo_de_color_banner":"","fondo_de_imagen_banner":false,"mostrar_imagen_izquierda_banner":false,"asignar_imagen_izquierda_banner":false},"mostrar_banner_3":false,"crear_banner_3":{"utilizar_imagen_unica_para_banner":false,"asignar_imagen_unica_para_banner":false,"mostrar_titulo_banner":false,"titulo_para_banner":"","mostrar_subtitulo_banner":false,"subtitulo_del_banner":"","mostrar_cta_banner":false,"texto_cta_banner":"","url_cta_banner":"","fondo_de_color_banner":"","fondo_de_imagen_banner":false,"mostrar_imagen_izquierda_banner":false,"asignar_imagen_izquierda_banner":false}},"idiomas":{"en":15918,"es":15921,"ar":81764,"ca":15919,"ru":15920,"pt":15920},"_links":{"self":[{"href":"https:\/\/barcainnovationhub.com\/pt\/wp-json\/wp\/v2\/products\/15920"}],"collection":[{"href":"https:\/\/barcainnovationhub.com\/pt\/wp-json\/wp\/v2\/products"}],"about":[{"href":"https:\/\/barcainnovationhub.com\/pt\/wp-json\/wp\/v2\/types\/product"}],"author":[{"embeddable":true,"href":"https:\/\/barcainnovationhub.com\/pt\/wp-json\/wp\/v2\/users\/16"}],"replies":[{"embeddable":true,"href":"https:\/\/barcainnovationhub.com\/pt\/wp-json\/wp\/v2\/comments?post=15920"}],"version-history":[{"count":5,"href":"https:\/\/barcainnovationhub.com\/pt\/wp-json\/wp\/v2\/products\/15920\/revisions"}],"predecessor-version":[{"id":116345,"href":"https:\/\/barcainnovationhub.com\/pt\/wp-json\/wp\/v2\/products\/15920\/revisions\/116345"}],"wp:attachment":[{"href":"https:\/\/barcainnovationhub.com\/pt\/wp-json\/wp\/v2\/media?parent=15920"}],"wp:term":[{"taxonomy":"category","embeddable":true,"href":"https:\/\/barcainnovationhub.com\/pt\/wp-json\/wp\/v2\/categories?post=15920"}],"curies":[{"name":"wp","href":"https:\/\/api.w.org\/{rel}","templated":true}]}}