{"id":15924,"date":"2019-04-08T11:34:46","date_gmt":"2019-04-08T14:34:46","guid":{"rendered":"https:\/\/barcainnovationhub.com\/?post_type=product&#038;p=15924"},"modified":"2022-01-11T00:57:58","modified_gmt":"2022-01-11T03:57:58","slug":"certificado-nutricao-desportiva-futebol","status":"publish","type":"product","link":"https:\/\/barcainnovationhub.com\/pt\/product\/certificado-nutricao-desportiva-futebol\/","title":{"rendered":"Certificado em Nutri\u00e7\u00e3o Desportiva no Futebol"},"content":{"rendered":"<p>contenido<\/p>\n","protected":false},"excerpt":{"rendered":"<p>excerpt<\/p>\n","protected":false},"author":16,"featured_media":0,"comment_status":"open","ping_status":"closed","template":"","meta":[],"categories":[113,113],"yoast_head":"<!-- This site is optimized with the Yoast SEO plugin v16.6.1 - https:\/\/yoast.com\/wordpress\/plugins\/seo\/ -->\n<meta name=\"description\" content=\"Domine os princ\u00edpios fundamentais da nutri\u00e7\u00e3o para o futebol com o Dr. Ian Rollo (GSSI), no Bar\u00e7a Innovation Hub - Universitas. 4 meses. Online.\" \/>\n<meta name=\"robots\" content=\"index, follow, max-snippet:-1, max-image-preview:large, max-video-preview:-1\" \/>\n<link rel=\"canonical\" href=\"https:\/\/barcainnovationhub.com\/pt\/product\/certificado-nutricao-desportiva-futebol\/\" \/>\n<meta property=\"og:locale\" content=\"pt_PT\" \/>\n<meta property=\"og:type\" content=\"article\" \/>\n<meta property=\"og:title\" content=\"Certificado em Nutri\u00e7\u00e3o Desportiva no Futebol\" \/>\n<meta property=\"og:description\" content=\"Domine os princ\u00edpios fundamentais da nutri\u00e7\u00e3o para o futebol com o Dr. Ian Rollo (GSSI), no Bar\u00e7a Innovation Hub - Universitas. 4 meses. Online.\" \/>\n<meta property=\"og:url\" content=\"https:\/\/barcainnovationhub.com\/pt\/product\/certificado-nutricao-desportiva-futebol\/\" \/>\n<meta property=\"og:site_name\" content=\"Bar\u00e7a Innovation Hub\" \/>\n<meta property=\"article:publisher\" content=\"https:\/\/www.facebook.com\/fcbuniversitas\" \/>\n<meta property=\"article:modified_time\" content=\"2022-01-11T03:57:58+00:00\" \/>\n<meta property=\"og:image\" content=\"https:\/\/barcainnovationhub.com\/wp-content\/uploads\/2019\/04\/b8110afa-certificate-in-sports-nutrition-for-football-3.jpg\" \/>\n\t<meta property=\"og:image:width\" content=\"1200\" \/>\n\t<meta property=\"og:image:height\" content=\"1200\" \/>\n<meta name=\"twitter:card\" content=\"summary\" \/>\n<meta name=\"twitter:title\" content=\"Certificado em Nutri\u00e7\u00e3o Desportiva no Futebol\" \/>\n<meta name=\"twitter:description\" content=\"Domine os princ\u00edpios fundamentais da nutri\u00e7\u00e3o para o futebol com o Dr. Ian Rollo (GSSI), no Bar\u00e7a Innovation Hub - Universitas. 4 meses. Online.\" \/>\n<meta name=\"twitter:image\" content=\"https:\/\/barcainnovationhub.com\/wp-content\/uploads\/2019\/04\/b8110afa-certificate-in-sports-nutrition-for-football-3.jpg\" \/>\n<meta name=\"twitter:site\" content=\"@BarcaInnoHub\" \/>\n<meta name=\"twitter:label1\" content=\"Est. reading time\" \/>\n\t<meta name=\"twitter:data1\" content=\"1 minute\" \/>\n<script type=\"application\/ld+json\" class=\"yoast-schema-graph\">{\"@context\":\"https:\/\/schema.org\",\"@graph\":[{\"@type\":\"WebSite\",\"@id\":\"https:\/\/barcainnovationhub.com\/#website\",\"url\":\"https:\/\/barcainnovationhub.com\/\",\"name\":\"Bar\\u00e7a Innovation Hub\",\"description\":\"The worldwide centre for sports knowledge and innovation\",\"potentialAction\":[{\"@type\":\"SearchAction\",\"target\":{\"@type\":\"EntryPoint\",\"urlTemplate\":\"https:\/\/barcainnovationhub.com\/?s={search_term_string}\"},\"query-input\":\"required name=search_term_string\"}],\"inLanguage\":\"pt-WP\"},{\"@type\":\"ImageObject\",\"@id\":\"https:\/\/barcainnovationhub.com\/pt\/product\/certificado-nutricao-desportiva-futebol\/#primaryimage\",\"inLanguage\":\"pt-WP\",\"url\":\"https:\/\/barcainnovationhub.com\/wp-content\/uploads\/2019\/04\/b8110afa-certificate-in-sports-nutrition-for-football-3.jpg\",\"contentUrl\":\"https:\/\/barcainnovationhub.com\/wp-content\/uploads\/2019\/04\/b8110afa-certificate-in-sports-nutrition-for-football-3.jpg\",\"width\":1200,\"height\":1200},{\"@type\":\"WebPage\",\"@id\":\"https:\/\/barcainnovationhub.com\/pt\/product\/certificado-nutricao-desportiva-futebol\/#webpage\",\"url\":\"https:\/\/barcainnovationhub.com\/pt\/product\/certificado-nutricao-desportiva-futebol\/\",\"name\":\"Certificado em Nutri\\u00e7\\u00e3o Desportiva no Futebol - Bar\\u00e7a Innovation Hub\",\"isPartOf\":{\"@id\":\"https:\/\/barcainnovationhub.com\/#website\"},\"datePublished\":\"2019-04-08T14:34:46+00:00\",\"dateModified\":\"2022-01-11T03:57:58+00:00\",\"description\":\"Domine os princ\\u00edpios fundamentais da nutri\\u00e7\\u00e3o para o futebol com o Dr. Ian Rollo (GSSI), no Bar\\u00e7a Innovation Hub - Universitas. 4 meses. Online.\",\"breadcrumb\":{\"@id\":\"https:\/\/barcainnovationhub.com\/pt\/product\/certificado-nutricao-desportiva-futebol\/#breadcrumb\"},\"inLanguage\":\"pt-WP\",\"potentialAction\":[{\"@type\":\"ReadAction\",\"target\":[\"https:\/\/barcainnovationhub.com\/pt\/product\/certificado-nutricao-desportiva-futebol\/\"]}]},{\"@type\":\"BreadcrumbList\",\"@id\":\"https:\/\/barcainnovationhub.com\/pt\/product\/certificado-nutricao-desportiva-futebol\/#breadcrumb\",\"itemListElement\":[{\"@type\":\"ListItem\",\"position\":1,\"name\":\"Portada\",\"item\":\"https:\/\/barcainnovationhub.com\/pt\/\"},{\"@type\":\"ListItem\",\"position\":2,\"name\":\"Productos\",\"item\":\"https:\/\/barcainnovationhub.com\/pt\/product\/\"},{\"@type\":\"ListItem\",\"position\":3,\"name\":\"Certificado em Nutri\\u00e7\\u00e3o Desportiva no Futebol\"}]}]}<\/script>\n<!-- \/ Yoast SEO plugin. -->","acf":{"external_id":"1377","titulo_curso":"Certificate in Sports Nutrition for Football","precio":"625","impartido_en":"Portugues","hubspot_product_id":"22802765","header_image":108476,"column_title":"","titulo_incentivo":"Certificado em Nutri\u00e7\u00e3o Desportiva no Futebol","fecha_de_inicio":"10062021","precio_en_cuotas":"4 pagamentos mensais de 156,25 euros","precio_de_lista":"","mostrar_form":false,"promocion_vigente":"","duracion_del_curso":"4 meses","nivel_del_curso":"avan\u00e7ado","modalidad_cursado":"Online","contenido":"<p>No Futbol Club Barcelona (FCB) e no Gatorade Sports Science Institute (GSSI) acreditamos que \u00e9 essencial uma nutri\u00e7\u00e3o correta para a promo\u00e7\u00e3o da sa\u00fade e do desempenho dos jogadores. Uma maior compreens\u00e3o das exig\u00eancias f\u00edsicas do futebol permitiu uma abordagem mais cient\u00edfica sobre o treino\/prepara\u00e7\u00e3o do jogo e a manipula\u00e7\u00e3o da ingest\u00e3o de macronutrientes na promo\u00e7\u00e3o do treino, desempenho e recupera\u00e7\u00e3o no dia do jogo.<\/p>\n<p>O objetivo do Certificado \u00e9 ensinar os princ\u00edpios fundamentais da nutri\u00e7\u00e3o no futebol. Cada m\u00f3dulo sintetizar\u00e1 os t\u00f3picos fundamentais da nutri\u00e7\u00e3o desportiva com base em pesquisas revistas por colegas, artigos de revis\u00e3o e declara\u00e7\u00f5es de consenso elaboradas por especialistas. O curso fornece uma experi\u00eancia de aprendizagem abrangente que n\u00e3o dir\u00e1 ao candidato apenas como implementar estrat\u00e9gias de nutri\u00e7\u00e3o desportiva, mas que tamb\u00e9m garantir\u00e1 que entendem a import\u00e2ncia da nutri\u00e7\u00e3o.<\/p>\n<p>Fornecendo uma abordagem baseada em dados da nutri\u00e7\u00e3o desportiva, permite uma mensagem consistente em rela\u00e7\u00e3o \u00e0 educa\u00e7\u00e3o nutricional, que por sua vez est\u00e1 presente na pr\u00e1tica. Isto \u00e9 algo pelo qual o FCB e o GSSI t\u00eam sido parceiros nos \u00faltimos 5 anos. O Certificado em Nutri\u00e7\u00e3o Desportiva no Futebol fornece agora uma plataforma para compartilhar o aprendizado com a comunidade global do futebol.<\/p>\n","ocultar_video":false,"url_video":"https:\/\/www.youtube.com\/embed\/_kz_jykHjkI","avalado_por":false,"pdf_brochure":"https:\/\/static.capabiliaserver.com\/frontend\/clients\/barca\/wp_prod\/wp-content\/uploads\/2019\/04\/dcdd9150-certificate-in-sports-nutrition-for-football-2.pdf","cursos_que_lo_componen":[{"nombre_del_curso":"Uma introdu\u00e7\u00e3o ao metabolismo e nutri\u00e7\u00e3o no futebol","descripcion_del_curso":"<p>M\u00d3DULO 1: Exig\u00eancias do jogo e compreens\u00e3o das necessidades fisiol\u00f3gicas do futebol<br \/>\n- Unidade 1: Exig\u00eancias do jogo<br \/>\n- Unidade 2: Resposta fisiol\u00f3gica ao futebol<\/p>\n<p>M\u00d3DULO 2: Introdu\u00e7\u00e3o ao metabolismo e nutri\u00e7\u00e3o no futebol<br \/>\n- Unidade 1: Introdu\u00e7\u00e3o ao metabolismo<br \/>\n- Unidade 2: Nutri\u00e7\u00e3o energ\u00e9tica no futebol<\/p>\n<p>M\u00d3DULO 3: Balan\u00e7o energ\u00e9tico e composi\u00e7\u00e3o corporal<br \/>\n-Unidade 1: Princ\u00edpios do balan\u00e7o energ\u00e9tico no futebol<br \/>\n-Unidade 2: Composi\u00e7\u00e3o corporal do jogador<\/p>\n<p>M\u00d3DULO 4: Estrat\u00e9gias alimentares para treinos e dias de jogo<br \/>\n-Unidade 1: Nutri\u00e7\u00e3o para treinamento<br \/>\n-Unidade 2: Nutri\u00e7\u00e3o para os dias de jogo<\/p>\n"},{"nombre_del_curso":"Macronutrientes e fluidos para futebol","descripcion_del_curso":"<p>M\u00d3DULO 1: O papel do carboidrato na dieta dos jogadores<br \/>\n-Unidade 1: Introdu\u00e7\u00e3o ao carboidrato<br \/>\n-Unidade 2: Carboidrato para futebol<\/p>\n<p>M\u00d3DULO 2: O papel da prote\u00edna na dieta dos jogadores<br \/>\n-Unidade 1: Introdu\u00e7\u00e3o \u00e0 prote\u00edna<br \/>\n-Unidade 2: Prote\u00edna para o futebol<\/p>\n<p>M\u00d3DULO 3: O papel da gordura na dieta dos jogadores<br \/>\n-Unidade 1: Introdu\u00e7\u00e3o \u00e0s gorduras<br \/>\n-Unidade 2: Gorduras para o futebol<\/p>\n<p>M\u00d3DULO 4: Fluidos<br \/>\n-Unidade 1: Uma introdu\u00e7\u00e3o aos fluidos e eletr\u00f3litos<br \/>\n-Unidade 2: Fluidos e eletr\u00f3litos para futebol<\/p>\n"},{"nombre_del_curso":"Considera\u00e7\u00f5es nutricionais no futebol","descripcion_del_curso":"<p>M\u00d3DULO 1: Necessidades de micronutrientes para o futebol<br \/>\n-Unidade 1: Vitaminas para futebol<br \/>\n-Unidade 2: Minerais para o futebol<\/p>\n<p>M\u00d3DULO 2: Suplementa\u00e7\u00e3o diet\u00e9tica para futebol<br \/>\n-Unidade 1: Suplementa\u00e7\u00e3o diet\u00e9tica para futebol<br \/>\n-Unidade 2: Suplementos diet\u00e9ticos para considera\u00e7\u00e3o no futebol<\/p>\n<p>M\u00d3DULO 3: Futebol em ambientes extremos<br \/>\n-Unidade 1: Futebol no calor<br \/>\n-Unidade 2: Futebol em altitude<\/p>\n<p>M\u00d3DULO 4: Considera\u00e7\u00f5es para jogadoras mulheres e jovens jogadores<br \/>\n-Unidade 1: A jogadora de futebol feminino<br \/>\n-Unidade 2: O jovem futebolista<\/p>\n"},{"nombre_del_curso":"Habilidades de nutri\u00e7\u00e3o no futebol","descripcion_del_curso":""}],"aprende_a":[{"item_aprende_a":"Dominar os princ\u00edpios b\u00e1sicos da nutri\u00e7\u00e3o no futebol"},{"item_aprende_a":"Compreender o papel dos macronutrientes no desempenho do futebol"},{"item_aprende_a":"Identificar necessidades de fluidos e requisitos de micronutrientes para o futebol"},{"item_aprende_a":"Implementar usos e melhores pr\u00e1ticas de suplementa\u00e7\u00e3o diet\u00e9tica para futebol"}],"preguntas_frecuentes":false,"contenidistas":false,"docentes_expertos":[{"foto":"https:\/\/barcainnovationhub.com\/wp-content\/uploads\/2019\/03\/f6092eb0-ian_rollo.jpg","nombre_del_docente":"Ian Rollo","descripcion_del_docente":"Cientista principal do Gatorade Sports Science Institute. Investigador visitante, Loughborough University no Reino Unido. Fisiologista de exerc\u00edcio, nutricionista desportivo (SENr).","enlace":""}],"imagen_destacada":false,"id_magento":"274","producto_path":false,"titulo_seccion_testimonios":"","slider_testimonios":false,"imagen_de_fondo_testimonios":false,"color_de_fondo_testimonios":"","activar_banner_1":false,"banner_1":false,"activar_banner_2":false,"banner_2":false,"activar_banner_3":false,"banner_3":false,"segunda_fecha_de_inicio":"","zona_horaria":"Europe\/Madrid","activar_nuevos_banners":false,"mostrar_banner_1":false,"crear_banner_1":{"utilizar_imagen_unica_para_banner":false,"asignar_imagen_unica_para_banner":false,"mostrar_titulo_banner":false,"titulo_para_banner":"","mostrar_subtitulo_banner":false,"subtitulo_del_banner":"","mostrar_cta_banner":false,"texto_cta_banner":"","url_cta_banner":"","fondo_de_color_banner":"","fondo_de_imagen_banner":false,"mostrar_imagen_izquierda_banner":false,"asignar_imagen_izquierda_banner":false},"mostrar_banner_2":false,"crear_banner_2":{"utilizar_imagen_unica_para_banner":false,"asignar_imagen_unica_para_banner":false,"mostrar_titulo_banner":false,"titulo_para_banner":"","mostrar_subtitulo_banner":false,"subtitulo_del_banner":"","mostrar_cta_banner":false,"texto_cta_banner":"","url_cta_banner":"","fondo_de_color_banner":"","fondo_de_imagen_banner":false,"mostrar_imagen_izquierda_banner":false,"asignar_imagen_izquierda_banner":false},"mostrar_banner_3":false,"crear_banner_3":{"utilizar_imagen_unica_para_banner":false,"asignar_imagen_unica_para_banner":false,"mostrar_titulo_banner":false,"titulo_para_banner":"","mostrar_subtitulo_banner":false,"subtitulo_del_banner":"","mostrar_cta_banner":false,"texto_cta_banner":"","url_cta_banner":"","fondo_de_color_banner":"","fondo_de_imagen_banner":false,"mostrar_imagen_izquierda_banner":false,"asignar_imagen_izquierda_banner":false}},"idiomas":{"en":15922,"es":15925,"ar":15924,"ca":15923,"ru":15924,"pt":15924},"_links":{"self":[{"href":"https:\/\/barcainnovationhub.com\/pt\/wp-json\/wp\/v2\/products\/15924"}],"collection":[{"href":"https:\/\/barcainnovationhub.com\/pt\/wp-json\/wp\/v2\/products"}],"about":[{"href":"https:\/\/barcainnovationhub.com\/pt\/wp-json\/wp\/v2\/types\/product"}],"author":[{"embeddable":true,"href":"https:\/\/barcainnovationhub.com\/pt\/wp-json\/wp\/v2\/users\/16"}],"replies":[{"embeddable":true,"href":"https:\/\/barcainnovationhub.com\/pt\/wp-json\/wp\/v2\/comments?post=15924"}],"version-history":[{"count":5,"href":"https:\/\/barcainnovationhub.com\/pt\/wp-json\/wp\/v2\/products\/15924\/revisions"}],"predecessor-version":[{"id":116341,"href":"https:\/\/barcainnovationhub.com\/pt\/wp-json\/wp\/v2\/products\/15924\/revisions\/116341"}],"wp:attachment":[{"href":"https:\/\/barcainnovationhub.com\/pt\/wp-json\/wp\/v2\/media?parent=15924"}],"wp:term":[{"taxonomy":"category","embeddable":true,"href":"https:\/\/barcainnovationhub.com\/pt\/wp-json\/wp\/v2\/categories?post=15924"}],"curies":[{"name":"wp","href":"https:\/\/api.w.org\/{rel}","templated":true}]}}