{"id":26318,"date":"2019-07-19T18:22:32","date_gmt":"2019-07-19T21:22:32","guid":{"rendered":"https:\/\/barcainnovationhub.com\/?post_type=product&#038;p=26318"},"modified":"2022-01-11T00:53:57","modified_gmt":"2022-01-11T03:53:57","slug":"certificado-psicologia-treinador-alto-rendimento","status":"publish","type":"product","link":"https:\/\/barcainnovationhub.com\/pt\/product\/certificado-psicologia-treinador-alto-rendimento\/","title":{"rendered":"Certificado em Psicologia para o Treinador no Alto Rendimento"},"content":{"rendered":"<p>contenido<\/p>\n","protected":false},"excerpt":{"rendered":"<p>excerpt<\/p>\n","protected":false},"author":16,"featured_media":0,"comment_status":"open","ping_status":"closed","template":"","meta":[],"categories":[121,121],"yoast_head":"<!-- This site is optimized with the Yoast SEO plugin v16.6.1 - https:\/\/yoast.com\/wordpress\/plugins\/seo\/ -->\n<meta name=\"robots\" content=\"index, follow, max-snippet:-1, max-image-preview:large, max-video-preview:-1\" \/>\n<link rel=\"canonical\" href=\"https:\/\/barcainnovationhub.com\/pt\/product\/certificado-psicologia-treinador-alto-rendimento\/\" \/>\n<meta property=\"og:locale\" content=\"pt_PT\" \/>\n<meta property=\"og:type\" content=\"article\" \/>\n<meta property=\"og:title\" content=\"Certificado em Psicologia para o Treinador no Alto Rendimento\" \/>\n<meta property=\"og:description\" content=\"excerpt\" \/>\n<meta property=\"og:url\" content=\"https:\/\/barcainnovationhub.com\/pt\/product\/certificado-psicologia-treinador-alto-rendimento\/\" \/>\n<meta property=\"og:site_name\" content=\"Bar\u00e7a Innovation Hub\" \/>\n<meta property=\"article:publisher\" content=\"https:\/\/www.facebook.com\/fcbuniversitas\" \/>\n<meta property=\"article:modified_time\" content=\"2022-01-11T03:53:57+00:00\" \/>\n<meta property=\"og:image\" content=\"https:\/\/barcainnovationhub.com\/wp-content\/uploads\/2019\/07\/a2e9f7d8-certificate-in-psychology-for-sports-coaches-in-high-performance-3.jpg\" \/>\n\t<meta property=\"og:image:width\" content=\"1200\" \/>\n\t<meta property=\"og:image:height\" content=\"1200\" \/>\n<meta name=\"twitter:card\" content=\"summary\" \/>\n<meta name=\"twitter:title\" content=\"Certificado em Psicologia para o Treinador no Alto Rendimento\" \/>\n<meta name=\"twitter:image\" content=\"https:\/\/barcainnovationhub.com\/wp-content\/uploads\/2019\/07\/a2e9f7d8-certificate-in-psychology-for-sports-coaches-in-high-performance-3.jpg\" \/>\n<meta name=\"twitter:site\" content=\"@BarcaInnoHub\" \/>\n<meta name=\"twitter:label1\" content=\"Est. reading time\" \/>\n\t<meta name=\"twitter:data1\" content=\"1 minute\" \/>\n<script type=\"application\/ld+json\" class=\"yoast-schema-graph\">{\"@context\":\"https:\/\/schema.org\",\"@graph\":[{\"@type\":\"WebSite\",\"@id\":\"https:\/\/barcainnovationhub.com\/#website\",\"url\":\"https:\/\/barcainnovationhub.com\/\",\"name\":\"Bar\\u00e7a Innovation Hub\",\"description\":\"The worldwide centre for sports knowledge and innovation\",\"potentialAction\":[{\"@type\":\"SearchAction\",\"target\":{\"@type\":\"EntryPoint\",\"urlTemplate\":\"https:\/\/barcainnovationhub.com\/?s={search_term_string}\"},\"query-input\":\"required name=search_term_string\"}],\"inLanguage\":\"pt-WP\"},{\"@type\":\"ImageObject\",\"@id\":\"https:\/\/barcainnovationhub.com\/pt\/product\/certificado-psicologia-treinador-alto-rendimento\/#primaryimage\",\"inLanguage\":\"pt-WP\",\"url\":\"https:\/\/barcainnovationhub.com\/wp-content\/uploads\/2019\/07\/a2e9f7d8-certificate-in-psychology-for-sports-coaches-in-high-performance-3.jpg\",\"contentUrl\":\"https:\/\/barcainnovationhub.com\/wp-content\/uploads\/2019\/07\/a2e9f7d8-certificate-in-psychology-for-sports-coaches-in-high-performance-3.jpg\",\"width\":1200,\"height\":1200},{\"@type\":\"WebPage\",\"@id\":\"https:\/\/barcainnovationhub.com\/pt\/product\/certificado-psicologia-treinador-alto-rendimento\/#webpage\",\"url\":\"https:\/\/barcainnovationhub.com\/pt\/product\/certificado-psicologia-treinador-alto-rendimento\/\",\"name\":\"Certificado em Psicologia para o Treinador no Alto Rendimento\",\"isPartOf\":{\"@id\":\"https:\/\/barcainnovationhub.com\/#website\"},\"datePublished\":\"2019-07-19T21:22:32+00:00\",\"dateModified\":\"2022-01-11T03:53:57+00:00\",\"breadcrumb\":{\"@id\":\"https:\/\/barcainnovationhub.com\/pt\/product\/certificado-psicologia-treinador-alto-rendimento\/#breadcrumb\"},\"inLanguage\":\"pt-WP\",\"potentialAction\":[{\"@type\":\"ReadAction\",\"target\":[\"https:\/\/barcainnovationhub.com\/pt\/product\/certificado-psicologia-treinador-alto-rendimento\/\"]}]},{\"@type\":\"BreadcrumbList\",\"@id\":\"https:\/\/barcainnovationhub.com\/pt\/product\/certificado-psicologia-treinador-alto-rendimento\/#breadcrumb\",\"itemListElement\":[{\"@type\":\"ListItem\",\"position\":1,\"name\":\"Portada\",\"item\":\"https:\/\/barcainnovationhub.com\/pt\/\"},{\"@type\":\"ListItem\",\"position\":2,\"name\":\"Productos\",\"item\":\"https:\/\/barcainnovationhub.com\/pt\/product\/\"},{\"@type\":\"ListItem\",\"position\":3,\"name\":\"Certificado em Psicologia para o Treinador no Alto Rendimento\"}]}]}<\/script>\n<!-- \/ Yoast SEO plugin. -->","acf":{"external_id":"1380","titulo_curso":"Certificado en Psicolog\u00eda del Entrenador en el Alto Rendimiento","precio":"625","impartido_en":"English","hubspot_product_id":"35962323","header_image":108400,"column_title":"","titulo_incentivo":"Certificado em Psicologia para o Treinador no Alto Rendimento","fecha_de_inicio":"10062021","precio_en_cuotas":"4 pagamentos mensais de 156,25 euros","precio_de_lista":"","mostrar_form":false,"promocion_vigente":"","duracion_del_curso":"4 months","nivel_del_curso":"introdut\u00f3rio","modalidad_cursado":"Online","contenido":"<p>Como treinadores, fazemos mais que ensinar aspectos t\u00e9cnicos, t\u00e1ticos e f\u00edsicos aos nossos jogadores. Devemos conhecer e dominar os aspectos psicol\u00f3gicos de cada um deles e da equipe como um todo, para poder treinar e competir nas melhores condi\u00e7\u00f5es poss\u00edveis.<\/p>\n<p>As chaves para extrair o melhor rendimento de si mesmo, dos jogadores e da equipe esportiva \u00e9 conhecer a si mesmo como profissional e como pessoa e entender quais s\u00e3o as t\u00e9cnicas mais adequadas para otimizar as vari\u00e1veis psicol\u00f3gicas que est\u00e3o implicadas no rendimento esportivo.<\/p>\n","ocultar_video":true,"url_video":"","avalado_por":false,"pdf_brochure":"https:\/\/static.capabiliaserver.com\/frontend\/clients\/barca\/wp_prod\/wp-content\/uploads\/2019\/07\/91b62f17-certificado-em-psicologia-para-o-treinador-no-alto-rendimento.pdf","cursos_que_lo_componen":[{"nombre_del_curso":"Conhecendo o treinador","descripcion_del_curso":"<p>M\u00d3DULO 1: O treinador como pessoa<br \/>\nM\u00d3DULO 2: Cren\u00e7as<br \/>\nM\u00d3DULO 3: Gest\u00e3o emocional<br \/>\nM\u00d3DULO 4: Aprendizagem<\/p>\n"},{"nombre_del_curso":"Compet\u00eancias b\u00e1sicas de um treinador","descripcion_del_curso":"<p>M\u00d3DULO 1: Lideran\u00e7a<br \/>\nM\u00d3DULO 2: Ferramentas de comunica\u00e7\u00e3o<br \/>\nM\u00d3DULO 3: Climas motivacionais<br \/>\nM\u00d3DULO 4: O treinador e seu entorno<\/p>\n"},{"nombre_del_curso":"Recursos para treinar os jogadores","descripcion_del_curso":"<p>M\u00d3DULO 1: Trabalho em equipe e coes\u00e3o<br \/>\nM\u00d3DULO 2: Autoconfian\u00e7a<br \/>\nM\u00d3DULO 3: Motiva\u00e7\u00e3o<br \/>\nM\u00d3DULO 4: Desenvolvimento de atitudes e valores<\/p>\n"},{"nombre_del_curso":"Situa\u00e7\u00f5es cotidianas do esporte","descripcion_del_curso":"<p>M\u00d3DULO 1: Gest\u00e3o de jogadores lesionados<br \/>\nM\u00d3DULO 2: Possibilitadores da carreira dupla<br \/>\nM\u00d3DULO 3: Gest\u00e3o de dificuldade I<br \/>\nM\u00d3DULO 4: Gest\u00e3o de dificuldade II<\/p>\n"}],"aprende_a":[{"item_aprende_a":"Desenvolver o autoconhecimento, tanto na \u00e1rea pessoal quanto na profissional, para um melhor desempenho do trabalho nas fun\u00e7\u00f5es do treinador. "},{"item_aprende_a":"Usar as ferramentas apropriadas para o desenvolvimento de uma lideran\u00e7a eficaz na gest\u00e3o de grupos e indiv\u00edduos. "},{"item_aprende_a":"Gerenciar estrat\u00e9gias e t\u00e9cnicas para otimizar as vari\u00e1veis psicol\u00f3gicas dos atletas. "},{"item_aprende_a":"Criar estrat\u00e9gias espec\u00edficas para resolver situa\u00e7\u00f5es espec\u00edficas que ocorrem no cotidiano do ambiente esportivo."}],"preguntas_frecuentes":false,"contenidistas":false,"docentes_expertos":[{"foto":"https:\/\/barcainnovationhub.com\/wp-content\/uploads\/2019\/07\/ecc50a1e-fcf2667f-ana_merayo.png","nombre_del_docente":"Ana Merayo Garc\u00eda","descripcion_del_docente":"Psic\u00f3loga esportiva. Professora Coordenadora do SAIE (Servi\u00e7o de Aten\u00e7\u00e3o Integral ao Atleta) de Masia 360, FC Barcelona.Psic\u00f3loga esportiva. Professora Coordenadora do SAIE (Servi\u00e7o de Aten\u00e7\u00e3o Integral ao Atleta) de Masia 360, FC Barcelona.","enlace":""}],"imagen_destacada":false,"id_magento":"285","producto_path":false,"titulo_seccion_testimonios":"","slider_testimonios":false,"imagen_de_fondo_testimonios":false,"color_de_fondo_testimonios":"","activar_banner_1":false,"banner_1":false,"activar_banner_2":false,"banner_2":false,"activar_banner_3":false,"banner_3":false,"segunda_fecha_de_inicio":"","zona_horaria":"Europe\/Madrid","activar_nuevos_banners":false,"mostrar_banner_1":false,"crear_banner_1":{"utilizar_imagen_unica_para_banner":false,"asignar_imagen_unica_para_banner":false,"mostrar_titulo_banner":false,"titulo_para_banner":"","mostrar_subtitulo_banner":false,"subtitulo_del_banner":"","mostrar_cta_banner":false,"texto_cta_banner":"","url_cta_banner":"","fondo_de_color_banner":"","fondo_de_imagen_banner":false,"mostrar_imagen_izquierda_banner":false,"asignar_imagen_izquierda_banner":false},"mostrar_banner_2":false,"crear_banner_2":{"utilizar_imagen_unica_para_banner":false,"asignar_imagen_unica_para_banner":false,"mostrar_titulo_banner":false,"titulo_para_banner":"","mostrar_subtitulo_banner":false,"subtitulo_del_banner":"","mostrar_cta_banner":false,"texto_cta_banner":"","url_cta_banner":"","fondo_de_color_banner":"","fondo_de_imagen_banner":false,"mostrar_imagen_izquierda_banner":false,"asignar_imagen_izquierda_banner":false},"mostrar_banner_3":false,"crear_banner_3":{"utilizar_imagen_unica_para_banner":false,"asignar_imagen_unica_para_banner":false,"mostrar_titulo_banner":false,"titulo_para_banner":"","mostrar_subtitulo_banner":false,"subtitulo_del_banner":"","mostrar_cta_banner":false,"texto_cta_banner":"","url_cta_banner":"","fondo_de_color_banner":"","fondo_de_imagen_banner":false,"mostrar_imagen_izquierda_banner":false,"asignar_imagen_izquierda_banner":false}},"idiomas":{"en":26316,"es":26319,"ar":26318,"ca":26317,"ru":26318,"pt":26318},"_links":{"self":[{"href":"https:\/\/barcainnovationhub.com\/pt\/wp-json\/wp\/v2\/products\/26318"}],"collection":[{"href":"https:\/\/barcainnovationhub.com\/pt\/wp-json\/wp\/v2\/products"}],"about":[{"href":"https:\/\/barcainnovationhub.com\/pt\/wp-json\/wp\/v2\/types\/product"}],"author":[{"embeddable":true,"href":"https:\/\/barcainnovationhub.com\/pt\/wp-json\/wp\/v2\/users\/16"}],"replies":[{"embeddable":true,"href":"https:\/\/barcainnovationhub.com\/pt\/wp-json\/wp\/v2\/comments?post=26318"}],"version-history":[{"count":5,"href":"https:\/\/barcainnovationhub.com\/pt\/wp-json\/wp\/v2\/products\/26318\/revisions"}],"predecessor-version":[{"id":116337,"href":"https:\/\/barcainnovationhub.com\/pt\/wp-json\/wp\/v2\/products\/26318\/revisions\/116337"}],"wp:attachment":[{"href":"https:\/\/barcainnovationhub.com\/pt\/wp-json\/wp\/v2\/media?parent=26318"}],"wp:term":[{"taxonomy":"category","embeddable":true,"href":"https:\/\/barcainnovationhub.com\/pt\/wp-json\/wp\/v2\/categories?post=26318"}],"curies":[{"name":"wp","href":"https:\/\/api.w.org\/{rel}","templated":true}]}}