{"id":52034,"date":"2020-02-04T10:01:53","date_gmt":"2020-02-04T13:01:53","guid":{"rendered":"https:\/\/barcainnovationhub.com\/?post_type=product&#038;p=52034"},"modified":"2022-01-11T01:58:21","modified_gmt":"2022-01-11T04:58:21","slug":"marketing-digital-esportivo","status":"publish","type":"product","link":"https:\/\/barcainnovationhub.com\/pt\/product\/marketing-digital-esportivo\/","title":{"rendered":"Marketing Digital Esportivo"},"content":{"rendered":"<p>contenido<\/p>\n","protected":false},"excerpt":{"rendered":"<p>excerpt<\/p>\n","protected":false},"author":16,"featured_media":0,"comment_status":"open","ping_status":"closed","template":"","meta":[],"categories":[113],"yoast_head":"<!-- This site is optimized with the Yoast SEO plugin v16.6.1 - https:\/\/yoast.com\/wordpress\/plugins\/seo\/ -->\n<meta name=\"description\" content=\"Este programa online de dois meses oferece introdu\u00e7\u00e3o pr\u00e1tica ao marketing digital para executivos dos clubes ou federa\u00e7\u00f5es esportivas.\" \/>\n<meta name=\"robots\" content=\"index, follow, max-snippet:-1, max-image-preview:large, max-video-preview:-1\" \/>\n<link rel=\"canonical\" href=\"https:\/\/barcainnovationhub.com\/pt\/product\/marketing-digital-esportivo\/\" \/>\n<meta property=\"og:locale\" content=\"pt_PT\" \/>\n<meta property=\"og:type\" content=\"article\" \/>\n<meta property=\"og:title\" content=\"Marketing Digital Esportivo\" \/>\n<meta property=\"og:description\" content=\"Este programa online de dois meses oferece introdu\u00e7\u00e3o pr\u00e1tica ao marketing digital para executivos dos clubes ou federa\u00e7\u00f5es esportivas.\" \/>\n<meta property=\"og:url\" content=\"https:\/\/barcainnovationhub.com\/pt\/product\/marketing-digital-esportivo\/\" \/>\n<meta property=\"og:site_name\" content=\"Bar\u00e7a Innovation Hub\" \/>\n<meta property=\"article:publisher\" content=\"https:\/\/www.facebook.com\/fcbuniversitas\" \/>\n<meta property=\"article:modified_time\" content=\"2022-01-11T04:58:21+00:00\" \/>\n<meta property=\"og:image\" content=\"https:\/\/barcainnovationhub.com\/wp-content\/uploads\/2021\/09\/b755b226-thumbnail.png\" \/>\n\t<meta property=\"og:image:width\" content=\"1920\" \/>\n\t<meta property=\"og:image:height\" content=\"1080\" \/>\n<meta name=\"twitter:card\" content=\"summary\" \/>\n<meta name=\"twitter:title\" content=\"Marketing Digital Esportivo\" \/>\n<meta name=\"twitter:description\" content=\"Este programa online de dois meses oferece introdu\u00e7\u00e3o pr\u00e1tica ao marketing digital para executivos dos clubes ou federa\u00e7\u00f5es esportivas.\" \/>\n<meta name=\"twitter:image\" content=\"https:\/\/barcainnovationhub.com\/wp-content\/uploads\/2021\/09\/b755b226-thumbnail.png\" \/>\n<meta name=\"twitter:site\" content=\"@BarcaInnoHub\" \/>\n<meta name=\"twitter:label1\" content=\"Est. reading time\" \/>\n\t<meta name=\"twitter:data1\" content=\"1 minute\" \/>\n<script type=\"application\/ld+json\" class=\"yoast-schema-graph\">{\"@context\":\"https:\/\/schema.org\",\"@graph\":[{\"@type\":\"WebSite\",\"@id\":\"https:\/\/barcainnovationhub.com\/#website\",\"url\":\"https:\/\/barcainnovationhub.com\/\",\"name\":\"Bar\\u00e7a Innovation Hub\",\"description\":\"The worldwide centre for sports knowledge and innovation\",\"potentialAction\":[{\"@type\":\"SearchAction\",\"target\":{\"@type\":\"EntryPoint\",\"urlTemplate\":\"https:\/\/barcainnovationhub.com\/?s={search_term_string}\"},\"query-input\":\"required name=search_term_string\"}],\"inLanguage\":\"pt-WP\"},{\"@type\":\"ImageObject\",\"@id\":\"https:\/\/barcainnovationhub.com\/pt\/product\/marketing-digital-esportivo\/#primaryimage\",\"inLanguage\":\"pt-WP\",\"url\":\"https:\/\/barcainnovationhub.com\/wp-content\/uploads\/2021\/09\/b755b226-thumbnail.png\",\"contentUrl\":\"https:\/\/barcainnovationhub.com\/wp-content\/uploads\/2021\/09\/b755b226-thumbnail.png\",\"width\":1920,\"height\":1080},{\"@type\":\"WebPage\",\"@id\":\"https:\/\/barcainnovationhub.com\/pt\/product\/marketing-digital-esportivo\/#webpage\",\"url\":\"https:\/\/barcainnovationhub.com\/pt\/product\/marketing-digital-esportivo\/\",\"name\":\"Marketing Digital Esportivo - Bar\\u00e7a Innovation Hub\",\"isPartOf\":{\"@id\":\"https:\/\/barcainnovationhub.com\/#website\"},\"datePublished\":\"2020-02-04T13:01:53+00:00\",\"dateModified\":\"2022-01-11T04:58:21+00:00\",\"description\":\"Este programa online de dois meses oferece introdu\\u00e7\\u00e3o pr\\u00e1tica ao marketing digital para executivos dos clubes ou federa\\u00e7\\u00f5es esportivas.\",\"breadcrumb\":{\"@id\":\"https:\/\/barcainnovationhub.com\/pt\/product\/marketing-digital-esportivo\/#breadcrumb\"},\"inLanguage\":\"pt-WP\",\"potentialAction\":[{\"@type\":\"ReadAction\",\"target\":[\"https:\/\/barcainnovationhub.com\/pt\/product\/marketing-digital-esportivo\/\"]}]},{\"@type\":\"BreadcrumbList\",\"@id\":\"https:\/\/barcainnovationhub.com\/pt\/product\/marketing-digital-esportivo\/#breadcrumb\",\"itemListElement\":[{\"@type\":\"ListItem\",\"position\":1,\"name\":\"Portada\",\"item\":\"https:\/\/barcainnovationhub.com\/pt\/\"},{\"@type\":\"ListItem\",\"position\":2,\"name\":\"Productos\",\"item\":\"https:\/\/barcainnovationhub.com\/pt\/product\/\"},{\"@type\":\"ListItem\",\"position\":3,\"name\":\"Marketing Digital Esportivo\"}]}]}<\/script>\n<!-- \/ Yoast SEO plugin. -->","acf":{"external_id":"1397","titulo_curso":"Certificado en Marketing Digital Deportivo","precio":"450","impartido_en":"English","producto_path":false,"hubspot_product_id":"74780006","id_magento":"334","header_image":108951,"column_title":"","titulo_incentivo":"Marketing Digital Esportivo","fecha_de_inicio":"10072021","precio_en_cuotas":"2 pagamentos mensais de 225 euros","precio_de_lista":"450","mostrar_form":false,"promocion_vigente":"","duracion_del_curso":"2 meses","nivel_del_curso":"introdut\u00f3rio","modalidad_cursado":"Online","contenido":"<p>O Marketing Digital atualmente \u00e9 essencial para os clubes e federa\u00e7\u00f5es. A ind\u00fastria est\u00e1 mudando de maneira muito r\u00e1pida e muitos executivos da \u00e1rea de esportes utilizam formas inovadores para atrair e se aproximarem de f\u00e3s, enquanto geram diferentes fluxos de ingressos a partir de uma ampla gama de atividades digitais.<\/p>\n<p>O programa<strong>\u00a0Marketing Digital Esportivo<\/strong> oferece introdu\u00e7\u00e3o pr\u00e1tica ao marketing digital para executivos da \u00e1rea de esportes, ao utilizar exemplos relacionados, sugest\u00f5es e tabelas que poder\u00e3o ser utilizadas no clube ou nas federa\u00e7\u00f5es de executivos da \u00e1rea de esportes. Os seus cursos trabalhar\u00e3o em 4 assuntos:<\/p>\n<ol>\n<li>Tend\u00eancias, pesquisas e estrat\u00e9gia<\/li>\n<li>Marcas e comunica\u00e7\u00f5es no plano de conte\u00fados e gest\u00e3o de crise<\/li>\n<li>Gera\u00e7\u00e3o de ingressos e recursos<\/li>\n<li>Enfoque nos f\u00e3s<\/li>\n<\/ol>\n<p>Este programa oferecer\u00e1 aos participantes conhecimentos e habilidades necess\u00e1rias para desenvolver um plano de marketing digital na \u00e1rea de esportes que possa ser implementado no seu clube ou federa\u00e7\u00e3o.<\/p>\n","ocultar_video":true,"url_video":"","avalado_por":false,"pdf_brochure":"https:\/\/static.capabiliaserver.com\/frontend\/clients\/barca\/wp_prod\/wp-content\/uploads\/2020\/02\/6d4a2469-marketing-digital-esportivo.pdf","cursos_que_lo_componen":[{"nombre_del_curso":"Estrat\u00e9gias, marcas e comunica\u00e7\u00f5es on-line","descripcion_del_curso":"<p>M\u00d3DULO 1: Tend\u00eancias, pesquisas e auditoria digital<br \/>\nM\u00d3DULO 2: Estrat\u00e9gias de marketing digital e marcas on-line<br \/>\nM\u00d3DULO 3: Comunica\u00e7\u00f5es<br \/>\nM\u00d3DULO 4: Plano de conte\u00fados e gerenciamento de crises<\/p>\n"},{"nombre_del_curso":"Gera\u00e7\u00e3o de receitas e fan engagement","descripcion_del_curso":"<p>M\u00d3DULO 1: Informa\u00e7\u00f5es e recursos<br \/>\nM\u00d3DULO 2: Fontes de pesquisa digital<br \/>\nM\u00d3DULO 3: Engajamento com torcedores e eSports<br \/>\nM\u00d3DULO 4: Jogos de fantasia e \"Growing Attendance Model\"(GAM)<\/p>\n"}],"aprende_a":[{"item_aprende_a":"Gerenciar auditorias digitais"},{"item_aprende_a":"Ter conhecimentos iniciais sobre dados e vis\u00e3o \u00fanica do cliente (SVC)"},{"item_aprende_a":"Desenvolver um plano de marketing digital"},{"item_aprende_a":"Construir uma marca on-line"},{"item_aprende_a":"Criar um plano de conte\u00fados e comunica\u00e7\u00f5es"},{"item_aprende_a":"Ter melhores conhecimentos sobre o fluxo de ingressos e vari\u00e1veis dispon\u00edveis"},{"item_aprende_a":"Ter excelentes conhecimentos sobre como utilizar o digital para atrair uma base de f\u00e3s"}],"preguntas_frecuentes":false,"contenidistas":false,"docentes_expertos":[{"foto":"https:\/\/barcainnovationhub.com\/wp-content\/uploads\/2020\/01\/fcc01266-geoff-wilson-328x328.jpg","nombre_del_docente":"Geoff Wilson","descripcion_del_docente":"Especialista na \u00e1rea de esportes que se foca em organiza\u00e7\u00f5es esportivas e em diferentes neg\u00f3cios que envolvendo esporte em todo o mundo. Atualmente trabalha com atividades de consultoria em comunica\u00e7\u00e3o e marketing para clientes como UEFA, AFC, FIFA, FIBA e no Ulster Grand Prix.","enlace":""}],"imagen_destacada":false,"titulo_seccion_testimonios":"","slider_testimonios":false,"imagen_de_fondo_testimonios":false,"color_de_fondo_testimonios":"","segunda_fecha_de_inicio":"25072021","zona_horaria":"Europe\/Madrid","activar_banner_1":false,"banner_1":false,"activar_banner_2":false,"banner_2":false,"activar_banner_3":false,"banner_3":false,"activar_nuevos_banners":false,"mostrar_banner_1":false,"crear_banner_1":{"utilizar_imagen_unica_para_banner":false,"asignar_imagen_unica_para_banner":false,"mostrar_titulo_banner":false,"titulo_para_banner":"","mostrar_subtitulo_banner":false,"subtitulo_del_banner":"","mostrar_cta_banner":false,"texto_cta_banner":"","url_cta_banner":"","fondo_de_color_banner":"","fondo_de_imagen_banner":false,"mostrar_imagen_izquierda_banner":false,"asignar_imagen_izquierda_banner":false},"mostrar_banner_2":false,"crear_banner_2":{"utilizar_imagen_unica_para_banner":false,"asignar_imagen_unica_para_banner":false,"mostrar_titulo_banner":false,"titulo_para_banner":"","mostrar_subtitulo_banner":false,"subtitulo_del_banner":"","mostrar_cta_banner":false,"texto_cta_banner":"","url_cta_banner":"","fondo_de_color_banner":"","fondo_de_imagen_banner":false,"mostrar_imagen_izquierda_banner":false,"asignar_imagen_izquierda_banner":false},"mostrar_banner_3":false,"crear_banner_3":{"utilizar_imagen_unica_para_banner":false,"asignar_imagen_unica_para_banner":false,"mostrar_titulo_banner":false,"titulo_para_banner":"","mostrar_subtitulo_banner":false,"subtitulo_del_banner":"","mostrar_cta_banner":false,"texto_cta_banner":"","url_cta_banner":"","fondo_de_color_banner":"","fondo_de_imagen_banner":false,"mostrar_imagen_izquierda_banner":false,"asignar_imagen_izquierda_banner":false}},"idiomas":{"en":52032,"es":52035,"ar":52034,"ca":52033,"ru":52034,"pt":52034},"_links":{"self":[{"href":"https:\/\/barcainnovationhub.com\/pt\/wp-json\/wp\/v2\/products\/52034"}],"collection":[{"href":"https:\/\/barcainnovationhub.com\/pt\/wp-json\/wp\/v2\/products"}],"about":[{"href":"https:\/\/barcainnovationhub.com\/pt\/wp-json\/wp\/v2\/types\/product"}],"author":[{"embeddable":true,"href":"https:\/\/barcainnovationhub.com\/pt\/wp-json\/wp\/v2\/users\/16"}],"replies":[{"embeddable":true,"href":"https:\/\/barcainnovationhub.com\/pt\/wp-json\/wp\/v2\/comments?post=52034"}],"version-history":[{"count":5,"href":"https:\/\/barcainnovationhub.com\/pt\/wp-json\/wp\/v2\/products\/52034\/revisions"}],"predecessor-version":[{"id":116400,"href":"https:\/\/barcainnovationhub.com\/pt\/wp-json\/wp\/v2\/products\/52034\/revisions\/116400"}],"wp:attachment":[{"href":"https:\/\/barcainnovationhub.com\/pt\/wp-json\/wp\/v2\/media?parent=52034"}],"wp:term":[{"taxonomy":"category","embeddable":true,"href":"https:\/\/barcainnovationhub.com\/pt\/wp-json\/wp\/v2\/categories?post=52034"}],"curies":[{"name":"wp","href":"https:\/\/api.w.org\/{rel}","templated":true}]}}