{"id":57335,"date":"2020-04-06T11:08:56","date_gmt":"2020-04-06T14:08:56","guid":{"rendered":"https:\/\/barcainnovationhub.com\/?post_type=product&#038;p=57335"},"modified":"2022-01-11T02:01:12","modified_gmt":"2022-01-11T05:01:12","slug":"sports-ticketing","status":"publish","type":"product","link":"https:\/\/barcainnovationhub.com\/pt\/product\/sports-ticketing\/","title":{"rendered":"Sports Ticketing"},"content":{"rendered":"<p>contenido<\/p>\n","protected":false},"excerpt":{"rendered":"<p>excerpt<\/p>\n","protected":false},"author":16,"featured_media":0,"comment_status":"open","ping_status":"closed","template":"","meta":[],"categories":[120],"yoast_head":"<!-- This site is optimized with the Yoast SEO plugin v16.6.1 - https:\/\/yoast.com\/wordpress\/plugins\/seo\/ -->\n<meta name=\"description\" content=\"Aprenda a liderar as mudan\u00e7as em termos de receita e transforma\u00e7\u00e3o digital no contexto da explora\u00e7\u00e3o de espa\u00e7os dentro da ind\u00fastria do futebol.\" \/>\n<meta name=\"robots\" content=\"index, follow, max-snippet:-1, max-image-preview:large, max-video-preview:-1\" \/>\n<link rel=\"canonical\" href=\"https:\/\/barcainnovationhub.com\/pt\/product\/sports-ticketing\/\" \/>\n<meta property=\"og:locale\" content=\"pt_PT\" \/>\n<meta property=\"og:type\" content=\"article\" \/>\n<meta property=\"og:title\" content=\"Programa em Sports Ticketing\" \/>\n<meta property=\"og:description\" content=\"Aprenda a liderar as mudan\u00e7as em termos de receita e transforma\u00e7\u00e3o digital no contexto da explora\u00e7\u00e3o de espa\u00e7os dentro da ind\u00fastria do futebol.\" \/>\n<meta property=\"og:url\" content=\"https:\/\/barcainnovationhub.com\/pt\/product\/sports-ticketing\/\" \/>\n<meta property=\"og:site_name\" content=\"Bar\u00e7a Innovation Hub\" \/>\n<meta property=\"article:publisher\" content=\"https:\/\/www.facebook.com\/fcbuniversitas\" \/>\n<meta property=\"article:modified_time\" content=\"2022-01-11T05:01:12+00:00\" \/>\n<meta property=\"og:image\" content=\"https:\/\/barcainnovationhub.com\/wp-content\/uploads\/2020\/04\/a54df8de-sports-ticketing.jpg\" \/>\n\t<meta property=\"og:image:width\" content=\"1200\" \/>\n\t<meta property=\"og:image:height\" content=\"1200\" \/>\n<meta name=\"twitter:card\" content=\"summary\" \/>\n<meta name=\"twitter:title\" content=\"Programa em Sports Ticketing\" \/>\n<meta name=\"twitter:description\" content=\"Aprenda a liderar as mudan\u00e7as em termos de receita e transforma\u00e7\u00e3o digital no contexto da explora\u00e7\u00e3o de espa\u00e7os dentro da ind\u00fastria do futebol.\" \/>\n<meta name=\"twitter:image\" content=\"https:\/\/barcainnovationhub.com\/wp-content\/uploads\/2020\/04\/a54df8de-sports-ticketing.jpg\" \/>\n<meta name=\"twitter:site\" content=\"@BarcaInnoHub\" \/>\n<meta name=\"twitter:label1\" content=\"Est. reading time\" \/>\n\t<meta name=\"twitter:data1\" content=\"1 minute\" \/>\n<script type=\"application\/ld+json\" class=\"yoast-schema-graph\">{\"@context\":\"https:\/\/schema.org\",\"@graph\":[{\"@type\":\"WebSite\",\"@id\":\"https:\/\/barcainnovationhub.com\/#website\",\"url\":\"https:\/\/barcainnovationhub.com\/\",\"name\":\"Bar\\u00e7a Innovation Hub\",\"description\":\"The worldwide centre for sports knowledge and innovation\",\"potentialAction\":[{\"@type\":\"SearchAction\",\"target\":{\"@type\":\"EntryPoint\",\"urlTemplate\":\"https:\/\/barcainnovationhub.com\/?s={search_term_string}\"},\"query-input\":\"required name=search_term_string\"}],\"inLanguage\":\"pt-WP\"},{\"@type\":\"ImageObject\",\"@id\":\"https:\/\/barcainnovationhub.com\/pt\/product\/sports-ticketing\/#primaryimage\",\"inLanguage\":\"pt-WP\",\"url\":\"https:\/\/barcainnovationhub.com\/wp-content\/uploads\/2020\/04\/a54df8de-sports-ticketing.jpg\",\"contentUrl\":\"https:\/\/barcainnovationhub.com\/wp-content\/uploads\/2020\/04\/a54df8de-sports-ticketing.jpg\",\"width\":1200,\"height\":1200},{\"@type\":\"WebPage\",\"@id\":\"https:\/\/barcainnovationhub.com\/pt\/product\/sports-ticketing\/#webpage\",\"url\":\"https:\/\/barcainnovationhub.com\/pt\/product\/sports-ticketing\/\",\"name\":\"Programa em Sports Ticketing - Bar\\u00e7a Innovation Hub\",\"isPartOf\":{\"@id\":\"https:\/\/barcainnovationhub.com\/#website\"},\"datePublished\":\"2020-04-06T14:08:56+00:00\",\"dateModified\":\"2022-01-11T05:01:12+00:00\",\"description\":\"Aprenda a liderar as mudan\\u00e7as em termos de receita e transforma\\u00e7\\u00e3o digital no contexto da explora\\u00e7\\u00e3o de espa\\u00e7os dentro da ind\\u00fastria do futebol.\",\"breadcrumb\":{\"@id\":\"https:\/\/barcainnovationhub.com\/pt\/product\/sports-ticketing\/#breadcrumb\"},\"inLanguage\":\"pt-WP\",\"potentialAction\":[{\"@type\":\"ReadAction\",\"target\":[\"https:\/\/barcainnovationhub.com\/pt\/product\/sports-ticketing\/\"]}]},{\"@type\":\"BreadcrumbList\",\"@id\":\"https:\/\/barcainnovationhub.com\/pt\/product\/sports-ticketing\/#breadcrumb\",\"itemListElement\":[{\"@type\":\"ListItem\",\"position\":1,\"name\":\"Portada\",\"item\":\"https:\/\/barcainnovationhub.com\/pt\/\"},{\"@type\":\"ListItem\",\"position\":2,\"name\":\"Productos\",\"item\":\"https:\/\/barcainnovationhub.com\/pt\/product\/\"},{\"@type\":\"ListItem\",\"position\":3,\"name\":\"Sports Ticketing\"}]}]}<\/script>\n<!-- \/ Yoast SEO plugin. -->","acf":{"external_id":"1400","titulo_curso":"Sports Ticketing","precio":"450","impartido_en":"English","producto_path":false,"hubspot_product_id":"95420209","id_magento":"347","header_image":108961,"column_title":"","titulo_incentivo":"Sports Ticketing","fecha_de_inicio":"10062021","precio_en_cuotas":"2 pagamentos mensais de 225 euros","precio_de_lista":"","mostrar_form":false,"promocion_vigente":"","duracion_del_curso":"2 meses","nivel_del_curso":"introdut\u00f3rio","modalidad_cursado":"Online","contenido":"<p>Sports Ticketing \u00e9 um programa criado para administrar o controle de receitas e opera\u00e7\u00f5es nas instala\u00e7\u00f5es (venues) de um clube, especialmente na ind\u00fastria do futebol.<\/p>\n<p>O programa \u00e9 destinado a profissionais da ind\u00fastria do futebol que queiram iniciar ou aprimorar seus conhecimentos na \u00e1rea comercial dentro da ind\u00fastria do futebol. Ao finalizar os 2 cursos, os participantes estar\u00e3o aptos a influenciar e liderar as mudan\u00e7as em termos de receita e transforma\u00e7\u00e3o digital no contexto da explora\u00e7\u00e3o de espa\u00e7os dentro da ind\u00fastria do futebol.<\/p>\n<p>A grade curricular tem como objetivo incluir os seguintes temas:<br \/>\n\u2022 Introdu\u00e7\u00e3o ao neg\u00f3cio de instala\u00e7\u00f5es na esfera do futebol<br \/>\n\u2022 Administra\u00e7\u00e3o de est\u00e1dios e opera\u00e7\u00f5es de clubes de futebol<br \/>\n\u2022 An\u00e1lise de dados no futebol<br \/>\n\u2022 Fan Engagement (Business To Fan &#8211; B2F)<br \/>\n\u2022 Estrat\u00e9gias de marketing digital e monetiza\u00e7\u00e3o no futebol<br \/>\n\u2022 Projeto final<\/p>\n","ocultar_video":true,"url_video":"","avalado_por":false,"pdf_brochure":"https:\/\/static.capabiliaserver.com\/frontend\/clients\/barca\/wp_prod\/wp-content\/uploads\/2020\/04\/59872e78-sports-ticketing-por.pdf","cursos_que_lo_componen":[{"nombre_del_curso":"Explora\u00e7\u00e3o de instala\u00e7\u00f5es esportivas","descripcion_del_curso":"<p>M\u00d3DULO 1: Espa\u00e7os esportivos na era digital<br \/>\nM\u00d3DULO 2: Estrat\u00e9gia de vendas com a transforma\u00e7\u00e3o digital<br \/>\nM\u00d3DULO 3: Gest\u00e3o de espa\u00e7os com foco na digitaliza\u00e7\u00e3o<br \/>\nM\u00d3DULO 4: Atendimento ao cliente<\/p>\n"},{"nombre_del_curso":"Canais de venda na era digital","descripcion_del_curso":"<p>M\u00d3DULO 1: A digitaliza\u00e7\u00e3o da venda direta e indireta<br \/>\nM\u00d3DULO 2: Estrat\u00e9gias de marketing<br \/>\nM\u00d3DULO 3: Neg\u00f3cios digitais em esportes<br \/>\nM\u00d3DULO 4: Novas tend\u00eancias digitais<\/p>\n"}],"aprende_a":[{"item_aprende_a":"Gerenciar a administra\u00e7\u00e3o das instala\u00e7\u00f5es e a estrat\u00e9gia comercial para sua explora\u00e7\u00e3o, coordena\u00e7\u00e3o log\u00edstica e opera\u00e7\u00f5es (p\u00f3s-venda e atendimento ao consumidor) nas instala\u00e7\u00f5es esportivas.\r\n"},{"item_aprende_a":"Gerenciar a administra\u00e7\u00e3o comercial e de marketing dos canais de venda B2C e B2B, dentro de toda a transforma\u00e7\u00e3o digital na qual a ind\u00fastria esportiva esteja envolvida."}],"preguntas_frecuentes":false,"contenidistas":false,"docentes_expertos":[{"foto":"https:\/\/barcainnovationhub.com\/wp-content\/uploads\/2020\/04\/da9df043-octavi-tarr\u00e9s.jpg","nombre_del_docente":"Octavi Tarr\u00e9s","descripcion_del_docente":"Gerente de Desenvolvimento de Neg\u00f3cios e Parcerias do FC Barcelona","enlace":""},{"foto":"https:\/\/barcainnovationhub.com\/wp-content\/uploads\/2020\/04\/e9dc016a-jos\u00e9-luis-beltr\u00e1n-andreu.jpg","nombre_del_docente":"Jos\u00e9 Luis Beltr\u00e1n Andreu","descripcion_del_docente":"Gerente de projetos digitais do FC Barcelona","enlace":""}],"imagen_destacada":"https:\/\/barcainnovationhub.com\/wp-content\/uploads\/2020\/04\/82a6c734-sports-ticketing-1024x347.jpg","slidebox":false,"titulo_seccion_testimonios":"","slider_testimonios":false,"imagen_de_fondo_testimonios":false,"color_de_fondo_testimonios":"","activar_banner_1":false,"banner_1":false,"activar_banner_2":false,"banner_2":false,"activar_banner_3":false,"banner_3":false,"segunda_fecha_de_inicio":"","zona_horaria":"Europe\/Madrid","activar_nuevos_banners":false,"mostrar_banner_1":false,"crear_banner_1":{"utilizar_imagen_unica_para_banner":false,"asignar_imagen_unica_para_banner":false,"mostrar_titulo_banner":false,"titulo_para_banner":"","mostrar_subtitulo_banner":false,"subtitulo_del_banner":"","mostrar_cta_banner":false,"texto_cta_banner":"","url_cta_banner":"","fondo_de_color_banner":"","fondo_de_imagen_banner":false,"mostrar_imagen_izquierda_banner":false,"asignar_imagen_izquierda_banner":false},"mostrar_banner_2":false,"crear_banner_2":{"utilizar_imagen_unica_para_banner":false,"asignar_imagen_unica_para_banner":false,"mostrar_titulo_banner":false,"titulo_para_banner":"","mostrar_subtitulo_banner":false,"subtitulo_del_banner":"","mostrar_cta_banner":false,"texto_cta_banner":"","url_cta_banner":"","fondo_de_color_banner":"","fondo_de_imagen_banner":false,"mostrar_imagen_izquierda_banner":false,"asignar_imagen_izquierda_banner":false},"mostrar_banner_3":false,"crear_banner_3":{"utilizar_imagen_unica_para_banner":false,"asignar_imagen_unica_para_banner":false,"mostrar_titulo_banner":false,"titulo_para_banner":"","mostrar_subtitulo_banner":false,"subtitulo_del_banner":"","mostrar_cta_banner":false,"texto_cta_banner":"","url_cta_banner":"","fondo_de_color_banner":"","fondo_de_imagen_banner":false,"mostrar_imagen_izquierda_banner":false,"asignar_imagen_izquierda_banner":false}},"idiomas":{"en":57333,"es":57336,"ar":57335,"ca":57334,"ru":57335,"pt":57335},"_links":{"self":[{"href":"https:\/\/barcainnovationhub.com\/pt\/wp-json\/wp\/v2\/products\/57335"}],"collection":[{"href":"https:\/\/barcainnovationhub.com\/pt\/wp-json\/wp\/v2\/products"}],"about":[{"href":"https:\/\/barcainnovationhub.com\/pt\/wp-json\/wp\/v2\/types\/product"}],"author":[{"embeddable":true,"href":"https:\/\/barcainnovationhub.com\/pt\/wp-json\/wp\/v2\/users\/16"}],"replies":[{"embeddable":true,"href":"https:\/\/barcainnovationhub.com\/pt\/wp-json\/wp\/v2\/comments?post=57335"}],"version-history":[{"count":5,"href":"https:\/\/barcainnovationhub.com\/pt\/wp-json\/wp\/v2\/products\/57335\/revisions"}],"predecessor-version":[{"id":116404,"href":"https:\/\/barcainnovationhub.com\/pt\/wp-json\/wp\/v2\/products\/57335\/revisions\/116404"}],"wp:attachment":[{"href":"https:\/\/barcainnovationhub.com\/pt\/wp-json\/wp\/v2\/media?parent=57335"}],"wp:term":[{"taxonomy":"category","embeddable":true,"href":"https:\/\/barcainnovationhub.com\/pt\/wp-json\/wp\/v2\/categories?post=57335"}],"curies":[{"name":"wp","href":"https:\/\/api.w.org\/{rel}","templated":true}]}}