{"id":87777,"date":"2021-04-11T03:56:31","date_gmt":"2021-04-11T06:56:31","guid":{"rendered":"https:\/\/barcainnovationhub.com\/?post_type=product&#038;p=87777"},"modified":"2022-02-08T16:39:29","modified_gmt":"2022-02-08T19:39:29","slug":"professional-diploma-strength-and-conditioning","status":"publish","type":"product","link":"https:\/\/barcainnovationhub.com\/pt\/product\/professional-diploma-strength-and-conditioning\/","title":{"rendered":"Especializa\u00e7ao em Prepara\u00e7ao F\u00edsica"},"content":{"rendered":"<p>contenido<\/p>\n","protected":false},"excerpt":{"rendered":"<p>excerpt<\/p>\n","protected":false},"author":16,"featured_media":0,"comment_status":"open","ping_status":"closed","template":"","meta":[],"categories":[113],"yoast_head":"<!-- This site is optimized with the Yoast SEO plugin v16.6.1 - https:\/\/yoast.com\/wordpress\/plugins\/seo\/ -->\n<meta name=\"description\" content=\"In this 9-month program, you will get a comprehensive knowledge and skills to optimize sports performance and injury prevention.\" \/>\n<meta name=\"robots\" content=\"index, follow, max-snippet:-1, max-image-preview:large, max-video-preview:-1\" \/>\n<link rel=\"canonical\" href=\"https:\/\/barcainnovationhub.com\/pt\/product\/professional-diploma-strength-and-conditioning\/\" \/>\n<meta property=\"og:locale\" content=\"pt_PT\" \/>\n<meta property=\"og:type\" content=\"article\" \/>\n<meta property=\"og:title\" content=\"Professional Diploma in Strength and Conditioning\" \/>\n<meta property=\"og:description\" content=\"In this 9-month program, you will get a comprehensive knowledge and skills to optimize sports performance and injury prevention.\" \/>\n<meta property=\"og:url\" content=\"https:\/\/barcainnovationhub.com\/pt\/product\/professional-diploma-strength-and-conditioning\/\" \/>\n<meta property=\"og:site_name\" content=\"Bar\u00e7a Innovation Hub\" \/>\n<meta property=\"article:publisher\" content=\"https:\/\/www.facebook.com\/fcbuniversitas\" \/>\n<meta property=\"article:modified_time\" content=\"2022-02-08T19:39:29+00:00\" \/>\n<meta property=\"og:image\" content=\"https:\/\/barcainnovationhub.com\/wp-content\/uploads\/2021\/04\/cd8bca47-professional-diploma-in-strength-and-conditioning.jpg\" \/>\n\t<meta property=\"og:image:width\" content=\"1200\" \/>\n\t<meta property=\"og:image:height\" content=\"1200\" \/>\n<meta name=\"twitter:card\" content=\"summary\" \/>\n<meta name=\"twitter:title\" content=\"Professional Diploma in Strength and Conditioning\" \/>\n<meta name=\"twitter:description\" content=\"In this 9-month program, you will get a comprehensive knowledge and skills to optimize sports performance and injury prevention.\" \/>\n<meta name=\"twitter:image\" content=\"https:\/\/barcainnovationhub.com\/wp-content\/uploads\/2021\/04\/cd8bca47-professional-diploma-in-strength-and-conditioning.jpg\" \/>\n<meta name=\"twitter:site\" content=\"@BarcaInnoHub\" \/>\n<meta name=\"twitter:label1\" content=\"Est. reading time\" \/>\n\t<meta name=\"twitter:data1\" content=\"1 minute\" \/>\n<script type=\"application\/ld+json\" class=\"yoast-schema-graph\">{\"@context\":\"https:\/\/schema.org\",\"@graph\":[{\"@type\":\"WebSite\",\"@id\":\"https:\/\/barcainnovationhub.com\/#website\",\"url\":\"https:\/\/barcainnovationhub.com\/\",\"name\":\"Bar\\u00e7a Innovation Hub\",\"description\":\"The worldwide centre for sports knowledge and innovation\",\"potentialAction\":[{\"@type\":\"SearchAction\",\"target\":{\"@type\":\"EntryPoint\",\"urlTemplate\":\"https:\/\/barcainnovationhub.com\/?s={search_term_string}\"},\"query-input\":\"required name=search_term_string\"}],\"inLanguage\":\"pt-WP\"},{\"@type\":\"ImageObject\",\"@id\":\"https:\/\/barcainnovationhub.com\/pt\/product\/professional-diploma-strength-and-conditioning\/#primaryimage\",\"inLanguage\":\"pt-WP\",\"url\":\"https:\/\/barcainnovationhub.com\/wp-content\/uploads\/2021\/04\/cd8bca47-professional-diploma-in-strength-and-conditioning.jpg\",\"contentUrl\":\"https:\/\/barcainnovationhub.com\/wp-content\/uploads\/2021\/04\/cd8bca47-professional-diploma-in-strength-and-conditioning.jpg\",\"width\":1200,\"height\":1200},{\"@type\":\"WebPage\",\"@id\":\"https:\/\/barcainnovationhub.com\/pt\/product\/professional-diploma-strength-and-conditioning\/#webpage\",\"url\":\"https:\/\/barcainnovationhub.com\/pt\/product\/professional-diploma-strength-and-conditioning\/\",\"name\":\"Especializa\\u00e7ao em Prepara\\u00e7ao F\\u00edsica - Bar\\u00e7a Innovation Hub\",\"isPartOf\":{\"@id\":\"https:\/\/barcainnovationhub.com\/#website\"},\"datePublished\":\"2021-04-11T06:56:31+00:00\",\"dateModified\":\"2022-02-08T19:39:29+00:00\",\"description\":\"In this 9-month program, you will get a comprehensive knowledge and skills to optimize sports performance and injury prevention.\",\"breadcrumb\":{\"@id\":\"https:\/\/barcainnovationhub.com\/pt\/product\/professional-diploma-strength-and-conditioning\/#breadcrumb\"},\"inLanguage\":\"pt-WP\",\"potentialAction\":[{\"@type\":\"ReadAction\",\"target\":[\"https:\/\/barcainnovationhub.com\/pt\/product\/professional-diploma-strength-and-conditioning\/\"]}]},{\"@type\":\"BreadcrumbList\",\"@id\":\"https:\/\/barcainnovationhub.com\/pt\/product\/professional-diploma-strength-and-conditioning\/#breadcrumb\",\"itemListElement\":[{\"@type\":\"ListItem\",\"position\":1,\"name\":\"Portada\",\"item\":\"https:\/\/barcainnovationhub.com\/pt\/\"},{\"@type\":\"ListItem\",\"position\":2,\"name\":\"Productos\",\"item\":\"https:\/\/barcainnovationhub.com\/pt\/product\/\"},{\"@type\":\"ListItem\",\"position\":3,\"name\":\"Especializa\\u00e7ao em Prepara\\u00e7ao F\\u00edsica\"}]}]}<\/script>\n<!-- \/ Yoast SEO plugin. -->","acf":{"external_id":"1417","titulo_curso":"Diplomado en Preparaci\u00f3n F\u00edsica - Carrusel","precio":"990","impartido_en":"English","producto_path":false,"hubspot_product_id":"703324487","id_magento":"384","header_image":108229,"column_title":"","titulo_incentivo":"Professional Diploma in Strength and Conditioning ","fecha_de_inicio":"10092021","precio_en_cuotas":"8 pagamentos mensais de 123,75 euros","precio_de_lista":"","mostrar_form":false,"promocion_vigente":"","duracion_del_curso":"9 meses","nivel_del_curso":"avan\u00e7ado","modalidad_cursado":"Online","contenido":"<p><strong>IMPORTANTE:<\/strong><\/p>\n<p>Se \u00e9 ou j\u00e1 participou de um programa online do Bar\u00e7a Innovation Hub Universitas e est\u00e1 interessado em inscrever-se neste Diploma Profissional, contacte-nos atrav\u00e9s do CHAT para o orientar no processo de compra.<\/p>\n<p>&nbsp;<\/p>\n","ocultar_video":true,"url_video":"","avalado_por":false,"pdf_brochure":"https:\/\/static.capabiliaserver.com\/frontend\/clients\/barca\/wp_prod\/wp-content\/uploads\/2021\/04\/aa759fa8-especializacao-em-preparacao-fisica_.pdf","cursos_que_lo_componen":[{"nombre_del_curso":"Bases neuromusculares no treinamento de for\u00e7a","descripcion_del_curso":"<p>M\u00d3DULO 1: caracter\u00edsticas do sistema musculoesquel\u00e9tico<br \/>\nUnidade 1: Considera\u00e7\u00f5es sobre o movimento desde o sistema nervoso central.<br \/>\nUnidade 2: funcionalidade musculoesquel\u00e9tica.<\/p>\n<p>M\u00d3DULO 2: as a\u00e7\u00f5es musculares e sua rela\u00e7\u00e3o com o esporte<br \/>\nUnidade 1: tipos de a\u00e7\u00f5es musculares.<br \/>\nUnidade 2: Inter-rela\u00e7\u00e3o das a\u00e7\u00f5es musculares no movimento e a manuten\u00e7\u00e3o da posi\u00e7\u00e3o.<\/p>\n<p>M\u00d3DULO 3: mudan\u00e7as sist\u00eamicas durante a falta de treinamento e imobiliza\u00e7\u00e3o<br \/>\nUnidade 1: limita\u00e7\u00f5es de treinamento relacionados ao musculoesquel\u00e9tico.<br \/>\nUnidade 2: hipertrofia muscular.<\/p>\n<p>M\u00d3DULO 4: a an\u00e1lise das propriedades musculares relacionadas ao esporte.<br \/>\nUnidade 1: eletromiografia de superf\u00edcie.<br \/>\nUnidade 2: A tensiomiografia (TMG).<\/p>\n"},{"nombre_del_curso":"Metodologia para o treinamento de for\u00e7a: aplica\u00e7\u00e3o no aprimoramento do desempenho esportivo e na reabilita\u00e7\u00e3o p\u00f3s-les\u00e3o ao campeonato","descripcion_del_curso":"<p>M\u00d3DULO 1: contextualiza\u00e7\u00e3o: como adaptar o treinamento da for\u00e7a aos esportes de equipe?<br \/>\nUnidade 1: a qualidade da for\u00e7a e sua rela\u00e7\u00e3o com as exig\u00eancias coordenativas e cognitivas nos esportes de equipe.<br \/>\nUnidade 2: a evolu\u00e7\u00e3o na dificuldade do trabalho de for\u00e7a em rela\u00e7\u00e3o \u00e0 especificidade do esporte.<\/p>\n<p>M\u00d3DULO 2: metodologia do trabalho de for\u00e7a no esporte situacional<br \/>\nUnidade 1: o treinamento da for\u00e7a e necessidades de trabalhar com sobrecarga.<br \/>\nUnidade 2: integra\u00e7\u00e3o do trabalho de for\u00e7a com as demais habilidades.<\/p>\n<p>M\u00d3DULO 3: integra\u00e7\u00e3o do trabalho de for\u00e7a durante o processo de planejamento e programa\u00e7\u00e3o dos esportes sazonais<br \/>\nUnidade 1: for\u00e7a no treinamento integrado em uma programa\u00e7\u00e3o de categoria regular de longa dura\u00e7\u00e3o com exemplifica\u00e7\u00e3o fundamentada no futebol.<br \/>\nUnidade 2: for\u00e7a no treinamento integrado em uma programa\u00e7\u00e3o com blocos de prepara\u00e7\u00e3o - campeonato com exemplifica\u00e7\u00e3o fundamentada no t\u00eanis.<\/p>\n<p>M\u00d3DULO 4: for\u00e7a no projeto de tarefas espec\u00edficas do esporte com exemplifica\u00e7\u00e3o no futebol<br \/>\nUnidade 1: os small-sided games (SSG) e suas caracter\u00edsticas para o projeto e sua rela\u00e7\u00e3o com o desenvolvimento de habilidades esportivas.<br \/>\nUnidade 2: os SSG e sua rela\u00e7\u00e3o com o trabalho de for\u00e7a.<\/p>\n"},{"nombre_del_curso":"For\u00e7a e pot\u00eancia muscular como qualidade essencial no processo de readapta\u00e7\u00e3o das les\u00f5es esportivas","descripcion_del_curso":"<p>M\u00d3DULO 1: estudos sobre les\u00f5es no esporte - mecanismos que geram les\u00f5es e fatores associados ao risco<br \/>\nUnidade 1: biomec\u00e2nica dos processos de les\u00e3o e envolvimento da for\u00e7a na recupera\u00e7\u00e3o de habilidades esportivas.<br \/>\nUnidade 2: fatores de risco associados \u00e0 debilidade.<\/p>\n<p>M\u00d3DULO 2: les\u00f5es esportivas e sua rela\u00e7\u00e3o com a qualidade da for\u00e7a<br \/>\nUnidade 1: les\u00f5es das estruturas musculares e tendinosas.<br \/>\nUnidade 2: les\u00f5es articulares.<\/p>\n<p>M\u00d3DULO 3: manifesta\u00e7\u00f5es da for\u00e7a e pot\u00eancia muscular durante o processo de readapta\u00e7\u00e3o p\u00f3s-les\u00e3o<br \/>\nUnidade 1: for\u00e7a e suas diferentes manifesta\u00e7\u00f5es, de acordo com a carga externa e velocidade de execu\u00e7\u00e3o.<br \/>\nUnidade 2: programa\u00e7\u00e3o do trabalho de for\u00e7a nas les\u00f5es esportivas.<\/p>\n<p>M\u00d3DULO 4: novos prot\u00f3tipos no treinamento de for\u00e7a - muscula\u00e7\u00e3o mediante oclus\u00e3o vascular<br \/>\nUnidade 1: fundamentos para a muscula\u00e7\u00e3o tradicional versus a muscula\u00e7\u00e3o por oclus\u00e3o vascular ou Blood Flow Restriction (BRF).<br \/>\nUnidade 2: programa\u00e7\u00e3o de treinamentos, mediante oclus\u00e3o vascular - vari\u00e1veis essenciais para a prescri\u00e7\u00e3o ideal.<\/p>\n"},{"nombre_del_curso":"Tecnologia, treinamento de for\u00e7a e pot\u00eancia muscular","descripcion_del_curso":"<p>M\u00d3DULO 1: tecnologia, equipamentos e treinamento de for\u00e7a com car\u00e1ter abrangente<br \/>\nUnidade 1: equipamentos utilizados para o trabalho de orienta\u00e7\u00e3o geral relacionados \u00e0 especificidade do esporte.<br \/>\nUnidade 2: outros equipamentos relacionados \u00e0s cargas de orienta\u00e7\u00e3o geral.<\/p>\n<p>M\u00d3DULO 2: Tecnologia, equipamentos e treinamento de for\u00e7a com car\u00e1ter espec\u00edfico relacionados ao esporte.<br \/>\nUnidade 1: equipamentos utilizados no trabalho de orienta\u00e7\u00e3o dirigida e espec\u00edfica relacionados \u00e0s habilidades inerentes ao esporte.<br \/>\nUnidade 2: tecnologia GPS e sua rela\u00e7\u00e3o com a an\u00e1lise e o controle da for\u00e7a nos treinamentos e nos campeonatos.<\/p>\n<p>M\u00d3DULO 3: tecnologia na an\u00e1lise de for\u00e7a e pot\u00eancia muscular.<br \/>\nUnidade 1: utiliza\u00e7\u00e3o de encoders lineares e rotativos para a an\u00e1lise de for\u00e7a e pot\u00eancia muscular.<br \/>\nUnidade 2: sistemas integrados na an\u00e1lise muscular.<\/p>\n<p>M\u00d3DULO 4: tecnologia interativa e treinamento de for\u00e7a<br \/>\nUnidade 1: gamifica\u00e7\u00e3o no esporte.<br \/>\nUnidade 2: metodologias interativas relacionadas a gamifica\u00e7\u00e3o.<\/p>\n"},{"nombre_del_curso":"Les\u00f5es e esportes de equipe","descripcion_del_curso":"<p>M\u00d3DULO 1: preven\u00e7\u00e3o e readapta\u00e7\u00e3o de les\u00f5es<br \/>\nM\u00d3DULO 2: gest\u00e3o de les\u00f5es musculares e tendinopatia<br \/>\nM\u00d3DULO 3: gest\u00e3o de les\u00f5es articulares e \u00f3sseas<br \/>\nM\u00d3DULO 4: tomada de decis\u00f5es e retorno aos campeonatos<\/p>\n"},{"nombre_del_curso":"Patologias em esportes de equipe","descripcion_del_curso":"<p>M\u00d3DULO 1: gerenciamento de patologias m\u00e9dicas 1<br \/>\nM\u00d3DULO 2: gerenciamento de patologias m\u00e9dicas 2<br \/>\nM\u00d3DULO 3: patologias espec\u00edficas por esporte<br \/>\nM\u00d3DULO 4: esportes e campeonatos especializados<\/p>\n"},{"nombre_del_curso":"Habilidades b\u00e1sicas do t\u00e9cnico","descripcion_del_curso":"<p>M\u00d3DULO 1: Lideran\u00e7a<br \/>\nM\u00d3DULO 2: ferramentas de comunica\u00e7\u00e3o<br \/>\nM\u00d3DULO 3: ambientes motivacionais<br \/>\nM\u00d3DULO 4: o t\u00e9cnico e seu contexto<\/p>\n"},{"nombre_del_curso":"Nutri\u00e7\u00e3o, recupera\u00e7\u00e3o e adapta\u00e7\u00f5es no treinamento","descripcion_del_curso":"<p>M\u00d3DULO 1: exerc\u00edcio e fadiga<br \/>\nUnidade 1: O que \u00e9 fadiga?<br \/>\nUnidade 2: Retardar a fadiga<\/p>\n<p>M\u00d3DULO 2: recupera\u00e7\u00e3o e adapta\u00e7\u00e3o<br \/>\nUnidade 1: Recupera\u00e7\u00e3o<br \/>\nUnidade 2: Adapta\u00e7\u00e3o<\/p>\n<p>M\u00d3DULO 3: otimizar recupera\u00e7\u00e3o e adapta\u00e7\u00e3o<br \/>\nUnidade 1: otimizar recupera\u00e7\u00e3o e nutri\u00e7\u00e3o<br \/>\nUnidade 2: otimizar adapta\u00e7\u00e3o com nutri\u00e7\u00e3o adapta\u00e7\u00e3o<\/p>\n<p>M\u00d3DULO 4: recupera\u00e7\u00e3o de les\u00f5es<br \/>\nUnidade 1: diferentes fases de uma les\u00e3o<br \/>\nUnidade 2: estrat\u00e9gias.<\/p>\n"},{"nombre_del_curso":"Abordagem pr\u00e1tica no monitoramento da carga de trabalho","descripcion_del_curso":"<p>M\u00d3DULO 1: por que as les\u00f5es acontecem?<br \/>\nM\u00d3DULO 2: o modelo fitness e fadiga<br \/>\nM\u00d3DULO 3: indicadores da carga aguda:cr\u00f4nica m\u00e9dia e a rela\u00e7\u00e3o com as les\u00f5es<br \/>\nM\u00d3DULO 4: controv\u00e9rsias recentes e aplica\u00e7\u00f5es pr\u00e1ticas de dados<\/p>\n"}],"aprende_a":[{"item_aprende_a":"Melhorar a an\u00e1lise cr\u00edtica ao realizar um programa de treinamento nos diferentes papeis profissionais relacionados \u00e0 ci\u00eancias do esporte e da sa\u00fade."},{"item_aprende_a":"Otimizar o desempenho esportivo e preven\u00e7\u00e3o de les\u00f5es, a partir do amplo conhecimento sobre metodologias que dever\u00e3o ser aplicadas nos programas de treinamento de for\u00e7a e pot\u00eancia muscular."},{"item_aprende_a":"Aplicar metodologias adequadas ao projeto durante o processo de readapta\u00e7\u00e3o p\u00f3s-les\u00e3o em patologias que necessitam de desenvolvimento da for\u00e7a e que ela seja parte importante do processo."},{"item_aprende_a":"Conhecer a viabilidade das metodologias de treinamento de for\u00e7a que s\u00e3o aplicadas neste momento, com o objetivo de aprofundar conhecimentos a partir de fundamentos combinados com a ci\u00eancia."},{"item_aprende_a":"Conhecer as caracter\u00edsticas fundamentais tanto de estrat\u00e9gias de preven\u00e7\u00e3o e reabilita\u00e7\u00e3o de les\u00f5es como dos diferentes mecanismos lesivos em esportes de equipe.\r\n"},{"item_aprende_a":"Administrar patologias e les\u00f5es diferenciadas pelo esporte."},{"item_aprende_a":"Utilizar as ferramentas adequadas para o desenvolvimento de uma lideran\u00e7a eficaz tanto na gest\u00e3o de equipes quanto de pessoas."},{"item_aprende_a":"Otimizar a recupera\u00e7\u00e3o intensa e a adapta\u00e7\u00e3o ao treinamento com suporte de nutri\u00e7\u00e3o."},{"item_aprende_a":"Analisar os dados sobre o monitoramento das cargas de trabalho com o objetivo de orientar processos de treinamento para prevenir les\u00f5es e o consequente aumento do desempenho esportivo."}],"preguntas_frecuentes":false,"contenidistas":false,"docentes_expertos":[{"foto":"https:\/\/static.capabiliaserver.com\/frontend\/clients\/barca\/wp_prod\/wp-content\/uploads\/2021\/04\/d70b12f8-dani_romero.png","nombre_del_docente":"Daniel Romero Rodriguez","descripcion_del_docente":"Preparador f\u00edsico de for\u00e7a do juvenil A do FC Barcelona.","enlace":""},{"foto":"https:\/\/static.capabiliaserver.com\/frontend\/clients\/barca\/wp_prod\/wp-content\/uploads\/2021\/04\/59bd1159-francesc_cos.jpg","nombre_del_docente":"Francesc Cos","descripcion_del_docente":"Ex-preparador f\u00edsico para treinos de for\u00e7a da equipe principal de futebol do FC Barcelona, de 2004 a 2016. Ex-diretor da \u00e1rea de rendimento esportivo do Bar\u00e7a Innovation Hub de 2016 a 2018. Atualmente diretor de rendimento do New York City (MLS).","enlace":""},{"foto":"https:\/\/static.capabiliaserver.com\/frontend\/clients\/barca\/wp_prod\/wp-content\/uploads\/2021\/04\/9b3acf97-gil_rodas_font_bis.jpg","nombre_del_docente":"Gil Rodas Font","descripcion_del_docente":"Doutor em medicina e cirurgia. Especialista em educa\u00e7\u00e3o f\u00edsica e medicina do esporte. Respons\u00e1vel pela \u00e1rea de servi\u00e7os m\u00e9dicos do Bar\u00e7a Innovation Hub.","enlace":""},{"foto":"https:\/\/static.capabiliaserver.com\/frontend\/clients\/barca\/wp_prod\/wp-content\/uploads\/2021\/04\/2e8378f3-ana_merayo.png","nombre_del_docente":"Ana Merayo Garc\u00eda","descripcion_del_docente":"Psic\u00f3loga esportiva. Professora. Coordenadora do Servi\u00e7o de atendimento integral ao atleta (SAIE) da Masia 360, FC Barcelona.","enlace":""},{"foto":"https:\/\/static.capabiliaserver.com\/frontend\/clients\/barca\/wp_prod\/wp-content\/uploads\/2021\/04\/43630949-asker_jeukendrup.jpg","nombre_del_docente":"Asker Jeukendrup","descripcion_del_docente":"Cientista em nutri\u00e7\u00e3o esportiva. Professor de metabolismo do exerc\u00edcio. Consultor de rendimento no esporte de elite. Empreendedor. Triatleta de Ironman.","enlace":""},{"foto":"https:\/\/static.capabiliaserver.com\/frontend\/clients\/barca\/wp_prod\/wp-content\/uploads\/2021\/04\/c4cf4967-tim_gabbett.jpg","nombre_del_docente":"Tim Gabbett","descripcion_del_docente":"Consultor de alto rendimento. 20 anos de experi\u00eancia em ci\u00eancias aplicadas ao esporte, trabalhando com atletas e t\u00e9cnicos de uma ampla gama de esportes.","enlace":""}],"imagen_destacada":false,"slidebox":false,"titulo_seccion_testimonios":"","slider_testimonios":false,"imagen_de_fondo_testimonios":false,"color_de_fondo_testimonios":"","activar_banner_1":false,"banner_1":false,"activar_banner_2":false,"banner_2":false,"activar_banner_3":false,"banner_3":false,"segunda_fecha_de_inicio":"25092021","zona_horaria":"Europe\/Madrid","activar_nuevos_banners":false,"mostrar_banner_1":false,"crear_banner_1":{"utilizar_imagen_unica_para_banner":false,"asignar_imagen_unica_para_banner":false,"mostrar_titulo_banner":false,"titulo_para_banner":"","mostrar_subtitulo_banner":false,"subtitulo_del_banner":"","mostrar_cta_banner":false,"texto_cta_banner":"","url_cta_banner":"","fondo_de_color_banner":"","fondo_de_imagen_banner":false,"mostrar_imagen_izquierda_banner":false,"asignar_imagen_izquierda_banner":false},"mostrar_banner_2":false,"crear_banner_2":{"utilizar_imagen_unica_para_banner":false,"asignar_imagen_unica_para_banner":false,"mostrar_titulo_banner":false,"titulo_para_banner":"","mostrar_subtitulo_banner":false,"subtitulo_del_banner":"","mostrar_cta_banner":false,"texto_cta_banner":"","url_cta_banner":"","fondo_de_color_banner":"","fondo_de_imagen_banner":false,"mostrar_imagen_izquierda_banner":false,"asignar_imagen_izquierda_banner":false},"mostrar_banner_3":false,"crear_banner_3":{"utilizar_imagen_unica_para_banner":false,"asignar_imagen_unica_para_banner":false,"mostrar_titulo_banner":false,"titulo_para_banner":"","mostrar_subtitulo_banner":false,"subtitulo_del_banner":"","mostrar_cta_banner":false,"texto_cta_banner":"","url_cta_banner":"","fondo_de_color_banner":"","fondo_de_imagen_banner":false,"mostrar_imagen_izquierda_banner":false,"asignar_imagen_izquierda_banner":false}},"idiomas":{"en":87774,"es":87779,"ar":87775,"ca":87776,"ru":87778,"pt":87777},"_links":{"self":[{"href":"https:\/\/barcainnovationhub.com\/pt\/wp-json\/wp\/v2\/products\/87777"}],"collection":[{"href":"https:\/\/barcainnovationhub.com\/pt\/wp-json\/wp\/v2\/products"}],"about":[{"href":"https:\/\/barcainnovationhub.com\/pt\/wp-json\/wp\/v2\/types\/product"}],"author":[{"embeddable":true,"href":"https:\/\/barcainnovationhub.com\/pt\/wp-json\/wp\/v2\/users\/16"}],"replies":[{"embeddable":true,"href":"https:\/\/barcainnovationhub.com\/pt\/wp-json\/wp\/v2\/comments?post=87777"}],"version-history":[{"count":5,"href":"https:\/\/barcainnovationhub.com\/pt\/wp-json\/wp\/v2\/products\/87777\/revisions"}],"predecessor-version":[{"id":118631,"href":"https:\/\/barcainnovationhub.com\/pt\/wp-json\/wp\/v2\/products\/87777\/revisions\/118631"}],"wp:attachment":[{"href":"https:\/\/barcainnovationhub.com\/pt\/wp-json\/wp\/v2\/media?parent=87777"}],"wp:term":[{"taxonomy":"category","embeddable":true,"href":"https:\/\/barcainnovationhub.com\/pt\/wp-json\/wp\/v2\/categories?post=87777"}],"curies":[{"name":"wp","href":"https:\/\/api.w.org\/{rel}","templated":true}]}}