{"id":87783,"date":"2021-04-11T03:18:03","date_gmt":"2021-04-11T06:18:03","guid":{"rendered":"https:\/\/barcainnovationhub.com\/?post_type=product&#038;p=87783"},"modified":"2022-01-11T03:05:42","modified_gmt":"2022-01-11T06:05:42","slug":"professional-diploma-workload-management","status":"publish","type":"product","link":"https:\/\/barcainnovationhub.com\/pt\/product\/professional-diploma-workload-management\/","title":{"rendered":"Especializa\u00e7\u00e3o em Gest\u00e3o da Carga de Trabalho"},"content":{"rendered":"<p>contenido<\/p>\n","protected":false},"excerpt":{"rendered":"<p>excerpt<\/p>\n","protected":false},"author":16,"featured_media":0,"comment_status":"open","ping_status":"closed","template":"","meta":[],"categories":[113],"yoast_head":"<!-- This site is optimized with the Yoast SEO plugin v16.6.1 - https:\/\/yoast.com\/wordpress\/plugins\/seo\/ -->\n<meta name=\"description\" content=\"In this 9-month program, you will gain comprehensive knowledge and skills to monitor workload, and guide the training process towards desired goals.\" \/>\n<meta name=\"robots\" content=\"index, follow, max-snippet:-1, max-image-preview:large, max-video-preview:-1\" \/>\n<link rel=\"canonical\" href=\"https:\/\/barcainnovationhub.com\/pt\/product\/professional-diploma-workload-management\/\" \/>\n<meta property=\"og:locale\" content=\"pt_PT\" \/>\n<meta property=\"og:type\" content=\"article\" \/>\n<meta property=\"og:title\" content=\"Professional Diploma in Workload Management\" \/>\n<meta property=\"og:description\" content=\"In this 9-month program, you will gain comprehensive knowledge and skills to monitor workload, and guide the training process towards desired goals.\" \/>\n<meta property=\"og:url\" content=\"https:\/\/barcainnovationhub.com\/pt\/product\/professional-diploma-workload-management\/\" \/>\n<meta property=\"og:site_name\" content=\"Bar\u00e7a Innovation Hub\" \/>\n<meta property=\"article:publisher\" content=\"https:\/\/www.facebook.com\/fcbuniversitas\" \/>\n<meta property=\"article:modified_time\" content=\"2022-01-11T06:05:42+00:00\" \/>\n<meta property=\"og:image\" content=\"https:\/\/barcainnovationhub.com\/wp-content\/uploads\/2021\/04\/d6401943-professional-diploma-in-workload-management-3.jpg\" \/>\n\t<meta property=\"og:image:width\" content=\"1200\" \/>\n\t<meta property=\"og:image:height\" content=\"1200\" \/>\n<meta name=\"twitter:card\" content=\"summary\" \/>\n<meta name=\"twitter:title\" content=\"Professional Diploma in Workload Management\" \/>\n<meta name=\"twitter:description\" content=\"In this 9-month program, you will gain comprehensive knowledge and skills to monitor workload, and guide the training process towards desired goals.\" \/>\n<meta name=\"twitter:image\" content=\"https:\/\/barcainnovationhub.com\/wp-content\/uploads\/2021\/04\/d6401943-professional-diploma-in-workload-management-3.jpg\" \/>\n<meta name=\"twitter:site\" content=\"@BarcaInnoHub\" \/>\n<meta name=\"twitter:label1\" content=\"Est. reading time\" \/>\n\t<meta name=\"twitter:data1\" content=\"1 minute\" \/>\n<script type=\"application\/ld+json\" class=\"yoast-schema-graph\">{\"@context\":\"https:\/\/schema.org\",\"@graph\":[{\"@type\":\"WebSite\",\"@id\":\"https:\/\/barcainnovationhub.com\/#website\",\"url\":\"https:\/\/barcainnovationhub.com\/\",\"name\":\"Bar\\u00e7a Innovation Hub\",\"description\":\"The worldwide centre for sports knowledge and innovation\",\"potentialAction\":[{\"@type\":\"SearchAction\",\"target\":{\"@type\":\"EntryPoint\",\"urlTemplate\":\"https:\/\/barcainnovationhub.com\/?s={search_term_string}\"},\"query-input\":\"required name=search_term_string\"}],\"inLanguage\":\"pt-WP\"},{\"@type\":\"ImageObject\",\"@id\":\"https:\/\/barcainnovationhub.com\/pt\/product\/professional-diploma-workload-management\/#primaryimage\",\"inLanguage\":\"pt-WP\",\"url\":\"https:\/\/barcainnovationhub.com\/wp-content\/uploads\/2021\/04\/d6401943-professional-diploma-in-workload-management-3.jpg\",\"contentUrl\":\"https:\/\/barcainnovationhub.com\/wp-content\/uploads\/2021\/04\/d6401943-professional-diploma-in-workload-management-3.jpg\",\"width\":1200,\"height\":1200},{\"@type\":\"WebPage\",\"@id\":\"https:\/\/barcainnovationhub.com\/pt\/product\/professional-diploma-workload-management\/#webpage\",\"url\":\"https:\/\/barcainnovationhub.com\/pt\/product\/professional-diploma-workload-management\/\",\"name\":\"Especializa\\u00e7\\u00e3o em Gest\\u00e3o da Carga de Trabalho - Bar\\u00e7a Innovation Hub\",\"isPartOf\":{\"@id\":\"https:\/\/barcainnovationhub.com\/#website\"},\"datePublished\":\"2021-04-11T06:18:03+00:00\",\"dateModified\":\"2022-01-11T06:05:42+00:00\",\"description\":\"In this 9-month program, you will gain comprehensive knowledge and skills to monitor workload, and guide the training process towards desired goals.\",\"breadcrumb\":{\"@id\":\"https:\/\/barcainnovationhub.com\/pt\/product\/professional-diploma-workload-management\/#breadcrumb\"},\"inLanguage\":\"pt-WP\",\"potentialAction\":[{\"@type\":\"ReadAction\",\"target\":[\"https:\/\/barcainnovationhub.com\/pt\/product\/professional-diploma-workload-management\/\"]}]},{\"@type\":\"BreadcrumbList\",\"@id\":\"https:\/\/barcainnovationhub.com\/pt\/product\/professional-diploma-workload-management\/#breadcrumb\",\"itemListElement\":[{\"@type\":\"ListItem\",\"position\":1,\"name\":\"Portada\",\"item\":\"https:\/\/barcainnovationhub.com\/pt\/\"},{\"@type\":\"ListItem\",\"position\":2,\"name\":\"Productos\",\"item\":\"https:\/\/barcainnovationhub.com\/pt\/product\/\"},{\"@type\":\"ListItem\",\"position\":3,\"name\":\"Especializa\\u00e7\\u00e3o em Gest\\u00e3o da Carga de Trabalho\"}]}]}<\/script>\n<!-- \/ Yoast SEO plugin. -->","acf":{"external_id":"1418","titulo_curso":"Diplomado en Gesti\u00f3n de la Carga de Trabajo - Carrusel","precio":"990","impartido_en":"English","producto_path":false,"hubspot_product_id":"703356711","id_magento":"385","header_image":108241,"column_title":"","titulo_incentivo":"Professional Diploma in Workload Management","fecha_de_inicio":"10062021","precio_en_cuotas":"8 pagamentos mensais de 123,75 euros","precio_de_lista":"","mostrar_form":false,"promocion_vigente":"","duracion_del_curso":"9 months","nivel_del_curso":"introdut\u00f3rio","modalidad_cursado":"","contenido":"<p><strong>IMPORTANTE:<\/strong><\/p>\n<p>Se voc\u00ea \u00e9 ou j\u00e1 participou de um programa online do Bar\u00e7a Innovation Hub Universitas e est\u00e1 interessado em se inscrever neste Diploma Profissional, entre em contato conosco atrav\u00e9s do CHAT para orient\u00e1-lo no processo de compra.<\/p>\n","ocultar_video":true,"url_video":"","avalado_por":false,"pdf_brochure":"https:\/\/static.capabiliaserver.com\/frontend\/clients\/barca\/wp_prod\/wp-content\/uploads\/2021\/04\/a0bf1d2f-especializacao-em-gestao-da-carga-de-trabalho.pdf","cursos_que_lo_componen":[{"nombre_del_curso":"Ferramentas e vari\u00e1veis no monitoramento da carga de treinamento","descripcion_del_curso":"<p>MO\u0301DULO 1: introdu\u00e7\u00e3o ao monitoramento da carga de treinamento<br \/>\nM\u00d3DULO 2: a etapa de planejar, interferir e avaliar no processo de treinamento<br \/>\nM\u00d3DULO 3: ferramentas de monitoramento de carga interna e suas vari\u00e1veis<br \/>\nM\u00d3DULO 4: ferramentas de monitoramento de carga externa e suas vari\u00e1veis<\/p>\n"},{"nombre_del_curso":"Sele\u00e7\u00e3o de vari\u00e1veis: repetimos informa\u00e7\u00f5es ou contribu\u00edmos com novos conhecimentos?","descripcion_del_curso":"<p>MO\u0301DULO 1: rela\u00e7\u00e3o entre vari\u00e1veis de carga interna entre si e com vari\u00e1veis da carga externa<br \/>\nMO\u0301DULO 2: rela\u00e7\u00e3o entre vari\u00e1veis de carga externa<br \/>\nM\u00d3DULO 3: integra\u00e7\u00e3o de crit\u00e9rios. \u00cdndice de efici\u00eancia<br \/>\nM\u00d3DULO 4: Sele\u00e7\u00e3o de vari\u00e1veis<\/p>\n"},{"nombre_del_curso":"Avalia\u00e7\u00e3o de treinamento e gest\u00e3o da carga de treinamento","descripcion_del_curso":"<p>MO\u0301DULO 1: an\u00e1lise das atividades de treinamento<br \/>\nM\u00d3DULO 2: an\u00e1lise da sess\u00e3o de treinamento<br \/>\nM\u00d3DULO 3: an\u00e1lise do microciclo de treinamento<br \/>\nMO\u0301DULO 4: An\u00e1lise do mesociclo e fases temporais mais amplas de treinamento<\/p>\n"},{"nombre_del_curso":"Indicadores para a gest\u00e3o da carga de treinamento","descripcion_del_curso":"<p>MO\u0301DULO 1: Modifica\u00e7\u00f5es semanais<br \/>\nM\u00d3DULO 2: indicadores m\u00e9dios da carga aguda:cr\u00f4nica - conceito e procedimento de c\u00e1lculo<br \/>\nM\u00d3DULO 3: indicadores m\u00e9dios de carga aguda:cr\u00f4nica - aplica\u00e7\u00f5es e limita\u00e7\u00f5es<br \/>\nMO\u0301DULO 4: moderadores e mediadores da carga de treinamento<\/p>\n"},{"nombre_del_curso":"Treinamento eficiente e de alta intensidade","descripcion_del_curso":"<p>M\u00d3DULO 1: o indicador r\u00e1cio n\u00e3o \u00e9 tudo!<br \/>\nM\u00d3DULO 2: nem todos os treinamentos implicam em um mesmo risco de les\u00f5es<br \/>\nM\u00d3DULO 3: meios para interpretar a dor - fadiga em atletas<br \/>\nM\u00d3DULO 4: a carga ideal depende de outros fatores al\u00e9m dela<\/p>\n"},{"nombre_del_curso":"Metodologia para o treinamento de for\u00e7a: aplica\u00e7\u00e3o no aprimoramento do desempenho esportivo e na reabilita\u00e7\u00e3o p\u00f3s-les\u00e3o ao campeonato","descripcion_del_curso":"<p>M\u00d3DULO 1: contextualiza\u00e7\u00e3o: como adaptar o treinamento da for\u00e7a aos esportes de equipe?<br \/>\nUnidade 1: a qualidade da for\u00e7a e sua rela\u00e7\u00e3o com as exig\u00eancias coordenativas e cognitivas nos esportes de equipe.<br \/>\nUnidade 2: a evolu\u00e7\u00e3o na dificuldade do trabalho de for\u00e7a em rela\u00e7\u00e3o \u00e0 especificidade do esporte.<\/p>\n<p>M\u00d3DULO 2: metodologia do trabalho de for\u00e7a no esporte situacional<br \/>\nUnidade 1: o treinamento da for\u00e7a e necessidades de trabalhar com sobrecarga.<br \/>\nUnidade 2: integra\u00e7\u00e3o do trabalho de for\u00e7a com as demais habilidades.<\/p>\n<p>M\u00d3DULO 3: integra\u00e7\u00e3o do trabalho de for\u00e7a durante o processo de planejamento e programa\u00e7\u00e3o dos esportes sazonais<br \/>\nUnidade 1: for\u00e7a no treinamento integrado em uma programa\u00e7\u00e3o de categoria regular de longa dura\u00e7\u00e3o com exemplifica\u00e7\u00e3o fundamentada no futebol.<br \/>\nUnidade 2: for\u00e7a no treinamento integrado em uma programa\u00e7\u00e3o com blocos de prepara\u00e7\u00e3o - campeonato com exemplifica\u00e7\u00e3o fundamentada no t\u00eanis.<\/p>\n<p>M\u00d3DULO 4: for\u00e7a no projeto de tarefas espec\u00edficas do esporte com exemplifica\u00e7\u00e3o no futebol<br \/>\nUnidade 1: os small-sided games (SSG) e suas caracter\u00edsticas para o projeto e sua rela\u00e7\u00e3o com o desenvolvimento de habilidades esportivas.<br \/>\nUnidade 2: os SSG e sua rela\u00e7\u00e3o com o trabalho de for\u00e7a.<\/p>\n"},{"nombre_del_curso":"For\u00e7a e pot\u00eancia muscular como qualidade essencial no processo de readapta\u00e7\u00e3o das les\u00f5es esportivas","descripcion_del_curso":"<p>M\u00d3DULO 1: estudos sobre les\u00f5es no esporte - mecanismos que geram les\u00f5es e fatores associados ao risco<br \/>\nUnidade 1: biomec\u00e2nica dos processos de les\u00e3o e envolvimento da for\u00e7a na recupera\u00e7\u00e3o de habilidades esportivas.<br \/>\nUnidade 2: fatores de risco associados \u00e0 debilidade.<\/p>\n<p>M\u00d3DULO 2: les\u00f5es esportivas e sua rela\u00e7\u00e3o com a qualidade da for\u00e7a<br \/>\nUnidade 1: les\u00f5es das estruturas musculares e tendinosas.<br \/>\nUnidade 2: les\u00f5es articulares.<\/p>\n<p>M\u00d3DULO 3: manifesta\u00e7\u00f5es da for\u00e7a e pot\u00eancia muscular durante o processo de readapta\u00e7\u00e3o p\u00f3s-les\u00e3o<br \/>\nUnidade 1: for\u00e7a e suas diferentes manifesta\u00e7\u00f5es, de acordo com a carga externa e velocidade de execu\u00e7\u00e3o.<br \/>\nUnidade 2: programa\u00e7\u00e3o do trabalho de for\u00e7a nas les\u00f5es esportivas.<\/p>\n<p>M\u00d3DULO 4: novos prot\u00f3tipos no treinamento de for\u00e7a - muscula\u00e7\u00e3o mediante oclus\u00e3o vascular<br \/>\nUnidade 1: fundamentos para a muscula\u00e7\u00e3o tradicional versus a muscula\u00e7\u00e3o por oclus\u00e3o vascular ou Blood Flow Restriction (BRF).<br \/>\nUnidade 2: programa\u00e7\u00e3o de treinamentos, mediante oclus\u00e3o vascular - vari\u00e1veis essenciais para a prescri\u00e7\u00e3o ideal.<\/p>\n"},{"nombre_del_curso":"Nutri\u00e7\u00e3o periodizada","descripcion_del_curso":"<p>M\u00d3DULO 1: Teoria<br \/>\nUnidade 1: qual o significado de nutri\u00e7\u00e3o periodizada?<br \/>\nUnidade 2: as ferramentas de um nutricionista esportivo<\/p>\n<p>M\u00d3DULO 2: treinar os intestinos<br \/>\nUnidade 1: podemos treinar nosso intestino<br \/>\nUnidade 2: a teoria na pr\u00e1tica<\/p>\n<p>M\u00d3DULO 3: treino baixo<br \/>\nUnidade 1: Teoria<br \/>\nUnidade 2: dieta reduzida em carboidratos versus treinamento com uma reserva reduzida de carboidratos<\/p>\n<p>M\u00d3DULO 4: da teoria \u00e0 pr\u00e1tica<br \/>\nUnidade 1: como implementar a nutri\u00e7\u00e3o periodizada<br \/>\nUnidade 2: desafios e solu\u00e7\u00f5es.<\/p>\n"},{"nombre_del_curso":"Qual o prop\u00f3sito do treinamento?","descripcion_del_curso":"<p>M\u00d3DULO 1: exig\u00eancias f\u00edsicas dos campeonatos<br \/>\nM\u00d3DULO 2: o pior dos cen\u00e1rios<br \/>\nM\u00d3DULO 3: a diminui\u00e7\u00e3o de jogos e campeonatos<br \/>\nM\u00d3DULO 4: o efeito \u201cfadiga\u201d do contato equipes vencedoras buscam ganhar \u00e0 pulso<\/p>\n"}],"aprende_a":[{"item_aprende_a":"Gerenciar as in\u00fameras ferramentas e vari\u00e1veis de monitoramento de treinamento.\r\n"},{"item_aprende_a":"Selecionar as vari\u00e1veis mais indicadas em fun\u00e7\u00e3o dos diferentes objetivos propostos dentro do controle da carga de treinamento e competi\u00e7\u00f5es\r\n"},{"item_aprende_a":"Utilizar as informa\u00e7\u00f5es obtidas para o controle da carga, avaliar e gerenciar o processo.\r\n"},{"item_aprende_a":"Identificar e utilizar de maneira adequada os indicadores mais importantes da carga de treinamento.\r\n"},{"item_aprende_a":"Analisar os dados sobre o monitoramento das cargas de trabalho com o objetivo de orientar processos de treinamento para prevenir les\u00f5es e o consequente aumento do desempenho esportivo.\r\n"},{"item_aprende_a":"Otimizar o desempenho esportivo e preven\u00e7\u00e3o de les\u00f5es, a partir do amplo conhecimento sobre metodologias que dever\u00e3o ser aplicadas nos programas de treinamento de for\u00e7a e pot\u00eancia muscular.\r\n"},{"item_aprende_a":"Aplicar metodologias adequadas ao projeto durante o processo de readapta\u00e7\u00e3o p\u00f3s-les\u00e3o em patologias que necessitam de desenvolvimento da for\u00e7a e que ela seja parte importante do processo.\r\n"},{"item_aprende_a":"Entender a base te\u00f3rica para a periodiza\u00e7\u00e3o da nutri\u00e7\u00e3o."}],"preguntas_frecuentes":false,"contenidistas":false,"docentes_expertos":[{"foto":"https:\/\/static.capabiliaserver.com\/frontend\/clients\/barca\/wp_prod\/wp-content\/uploads\/2021\/04\/e65e5e11-david-casamichana.jpg","nombre_del_docente":"David Casamichana G\u00f3mez","descripcion_del_docente":"Doutor em Ci\u00eancias da atividade f\u00edsica e do esporte. Preparador f\u00edsico de futebol. Professor universit\u00e1rio e pesquisador.","enlace":""},{"foto":"https:\/\/static.capabiliaserver.com\/frontend\/clients\/barca\/wp_prod\/wp-content\/uploads\/2021\/04\/c4cf4967-tim_gabbett.jpg","nombre_del_docente":"Tim Gabbett","descripcion_del_docente":"Consultor de alto rendimento. 20 anos de experi\u00eancia em ci\u00eancias aplicadas ao esporte, trabalhando com atletas e t\u00e9cnicos de uma ampla gama de esportes.","enlace":""},{"foto":"https:\/\/static.capabiliaserver.com\/frontend\/clients\/barca\/wp_prod\/wp-content\/uploads\/2021\/04\/d70b12f8-dani_romero.png","nombre_del_docente":"Daniel Romero Rodriguez","descripcion_del_docente":"Preparador f\u00edsico de for\u00e7a do juvenil A do FC Barcelona.","enlace":""},{"foto":"https:\/\/static.capabiliaserver.com\/frontend\/clients\/barca\/wp_prod\/wp-content\/uploads\/2021\/04\/59bd1159-francesc_cos.jpg","nombre_del_docente":"Francesc Cos","descripcion_del_docente":"Ex-preparador f\u00edsico para treinos de for\u00e7a da equipe principal de futebol do FC Barcelona, de 2004 a 2016. Ex-diretor da \u00e1rea de rendimento esportivo do Bar\u00e7a Innovation Hub de 2016 a 2018. Atualmente diretor de rendimento do New York City (MLS).","enlace":""},{"foto":"https:\/\/static.capabiliaserver.com\/frontend\/clients\/barca\/wp_prod\/wp-content\/uploads\/2021\/04\/43630949-asker_jeukendrup.jpg","nombre_del_docente":"Asker Jeukendrup","descripcion_del_docente":"Cientista em nutri\u00e7\u00e3o esportiva. Professor de metabolismo do exerc\u00edcio. Consultor de rendimento no esporte de elite. Empreendedor. Triatleta de Ironman.","enlace":""}],"imagen_destacada":false,"slidebox":false,"titulo_seccion_testimonios":"","slider_testimonios":false,"imagen_de_fondo_testimonios":false,"color_de_fondo_testimonios":"","activar_banner_1":false,"banner_1":false,"activar_banner_2":false,"banner_2":false,"activar_banner_3":false,"banner_3":false,"segunda_fecha_de_inicio":"","zona_horaria":"Europe\/Madrid","activar_nuevos_banners":false,"mostrar_banner_1":false,"crear_banner_1":{"utilizar_imagen_unica_para_banner":false,"asignar_imagen_unica_para_banner":false,"mostrar_titulo_banner":false,"titulo_para_banner":"","mostrar_subtitulo_banner":false,"subtitulo_del_banner":"","mostrar_cta_banner":false,"texto_cta_banner":"","url_cta_banner":"","fondo_de_color_banner":"","fondo_de_imagen_banner":false,"mostrar_imagen_izquierda_banner":false,"asignar_imagen_izquierda_banner":false},"mostrar_banner_2":false,"crear_banner_2":{"utilizar_imagen_unica_para_banner":false,"asignar_imagen_unica_para_banner":false,"mostrar_titulo_banner":false,"titulo_para_banner":"","mostrar_subtitulo_banner":false,"subtitulo_del_banner":"","mostrar_cta_banner":false,"texto_cta_banner":"","url_cta_banner":"","fondo_de_color_banner":"","fondo_de_imagen_banner":false,"mostrar_imagen_izquierda_banner":false,"asignar_imagen_izquierda_banner":false},"mostrar_banner_3":false,"crear_banner_3":{"utilizar_imagen_unica_para_banner":false,"asignar_imagen_unica_para_banner":false,"mostrar_titulo_banner":false,"titulo_para_banner":"","mostrar_subtitulo_banner":false,"subtitulo_del_banner":"","mostrar_cta_banner":false,"texto_cta_banner":"","url_cta_banner":"","fondo_de_color_banner":"","fondo_de_imagen_banner":false,"mostrar_imagen_izquierda_banner":false,"asignar_imagen_izquierda_banner":false}},"idiomas":{"en":87780,"es":87785,"ar":87781,"ca":87782,"ru":87784,"pt":87783},"_links":{"self":[{"href":"https:\/\/barcainnovationhub.com\/pt\/wp-json\/wp\/v2\/products\/87783"}],"collection":[{"href":"https:\/\/barcainnovationhub.com\/pt\/wp-json\/wp\/v2\/products"}],"about":[{"href":"https:\/\/barcainnovationhub.com\/pt\/wp-json\/wp\/v2\/types\/product"}],"author":[{"embeddable":true,"href":"https:\/\/barcainnovationhub.com\/pt\/wp-json\/wp\/v2\/users\/16"}],"replies":[{"embeddable":true,"href":"https:\/\/barcainnovationhub.com\/pt\/wp-json\/wp\/v2\/comments?post=87783"}],"version-history":[{"count":5,"href":"https:\/\/barcainnovationhub.com\/pt\/wp-json\/wp\/v2\/products\/87783\/revisions"}],"predecessor-version":[{"id":116488,"href":"https:\/\/barcainnovationhub.com\/pt\/wp-json\/wp\/v2\/products\/87783\/revisions\/116488"}],"wp:attachment":[{"href":"https:\/\/barcainnovationhub.com\/pt\/wp-json\/wp\/v2\/media?parent=87783"}],"wp:term":[{"taxonomy":"category","embeddable":true,"href":"https:\/\/barcainnovationhub.com\/pt\/wp-json\/wp\/v2\/categories?post=87783"}],"curies":[{"name":"wp","href":"https:\/\/api.w.org\/{rel}","templated":true}]}}