{"id":87789,"date":"2021-04-20T16:18:53","date_gmt":"2021-04-20T19:18:53","guid":{"rendered":"https:\/\/barcainnovationhub.com\/?post_type=product&#038;p=87789"},"modified":"2022-01-11T03:01:48","modified_gmt":"2022-01-11T06:01:48","slug":"diploma-de-preparacao-fisica-no-futebol","status":"publish","type":"product","link":"https:\/\/barcainnovationhub.com\/pt\/product\/diploma-de-preparacao-fisica-no-futebol\/","title":{"rendered":"Especializa\u00e7\u00e3o de Prepara\u00e7\u00e3o F\u00edsica no Futebol"},"content":{"rendered":"","protected":false},"excerpt":{"rendered":"<p>excerpt<\/p>\n","protected":false},"author":16,"featured_media":0,"comment_status":"open","ping_status":"closed","template":"","meta":[],"categories":[113],"yoast_head":"<!-- This site is optimized with the Yoast SEO plugin v16.6.1 - https:\/\/yoast.com\/wordpress\/plugins\/seo\/ -->\n<meta name=\"description\" content=\"In this 9-month program, you will gain comprehensive knowledge and skills to create action plans based on an understanding of player complexity.\" \/>\n<meta name=\"robots\" content=\"index, follow, max-snippet:-1, max-image-preview:large, max-video-preview:-1\" \/>\n<link rel=\"canonical\" href=\"https:\/\/barcainnovationhub.com\/pt\/product\/diploma-de-preparacao-fisica-no-futebol\/\" \/>\n<meta property=\"og:locale\" content=\"pt_PT\" \/>\n<meta property=\"og:type\" content=\"article\" \/>\n<meta property=\"og:title\" content=\"Professional Diploma in Strength and Conditioning for Football\" \/>\n<meta property=\"og:description\" content=\"In this 9-month program, you will gain comprehensive knowledge and skills to create action plans based on an understanding of player complexity.\" \/>\n<meta property=\"og:url\" content=\"https:\/\/barcainnovationhub.com\/pt\/product\/diploma-de-preparacao-fisica-no-futebol\/\" \/>\n<meta property=\"og:site_name\" content=\"Bar\u00e7a Innovation Hub\" \/>\n<meta property=\"article:publisher\" content=\"https:\/\/www.facebook.com\/fcbuniversitas\" \/>\n<meta property=\"article:modified_time\" content=\"2022-01-11T06:01:48+00:00\" \/>\n<meta property=\"og:image\" content=\"https:\/\/barcainnovationhub.com\/wp-content\/uploads\/2021\/04\/e327402a-professional-diploma-in-strength-and-conditioning-for-football-2.jpg\" \/>\n\t<meta property=\"og:image:width\" content=\"1200\" \/>\n\t<meta property=\"og:image:height\" content=\"1200\" \/>\n<meta name=\"twitter:card\" content=\"summary\" \/>\n<meta name=\"twitter:title\" content=\"Professional Diploma in Strength and Conditioning for Football\" \/>\n<meta name=\"twitter:description\" content=\"In this 9-month program, you will gain comprehensive knowledge and skills to create action plans based on an understanding of player complexity.\" \/>\n<meta name=\"twitter:image\" content=\"https:\/\/barcainnovationhub.com\/wp-content\/uploads\/2021\/04\/e327402a-professional-diploma-in-strength-and-conditioning-for-football-2.jpg\" \/>\n<meta name=\"twitter:site\" content=\"@BarcaInnoHub\" \/>\n<script type=\"application\/ld+json\" class=\"yoast-schema-graph\">{\"@context\":\"https:\/\/schema.org\",\"@graph\":[{\"@type\":\"WebSite\",\"@id\":\"https:\/\/barcainnovationhub.com\/#website\",\"url\":\"https:\/\/barcainnovationhub.com\/\",\"name\":\"Bar\\u00e7a Innovation Hub\",\"description\":\"The worldwide centre for sports knowledge and innovation\",\"potentialAction\":[{\"@type\":\"SearchAction\",\"target\":{\"@type\":\"EntryPoint\",\"urlTemplate\":\"https:\/\/barcainnovationhub.com\/?s={search_term_string}\"},\"query-input\":\"required name=search_term_string\"}],\"inLanguage\":\"pt-WP\"},{\"@type\":\"ImageObject\",\"@id\":\"https:\/\/barcainnovationhub.com\/pt\/product\/diploma-de-preparacao-fisica-no-futebol\/#primaryimage\",\"inLanguage\":\"pt-WP\",\"url\":\"https:\/\/barcainnovationhub.com\/wp-content\/uploads\/2021\/04\/e327402a-professional-diploma-in-strength-and-conditioning-for-football-2.jpg\",\"contentUrl\":\"https:\/\/barcainnovationhub.com\/wp-content\/uploads\/2021\/04\/e327402a-professional-diploma-in-strength-and-conditioning-for-football-2.jpg\",\"width\":1200,\"height\":1200},{\"@type\":\"WebPage\",\"@id\":\"https:\/\/barcainnovationhub.com\/pt\/product\/diploma-de-preparacao-fisica-no-futebol\/#webpage\",\"url\":\"https:\/\/barcainnovationhub.com\/pt\/product\/diploma-de-preparacao-fisica-no-futebol\/\",\"name\":\"Especializa\\u00e7\\u00e3o de Prepara\\u00e7\\u00e3o F\\u00edsica no Futebol - Bar\\u00e7a Innovation Hub\",\"isPartOf\":{\"@id\":\"https:\/\/barcainnovationhub.com\/#website\"},\"datePublished\":\"2021-04-20T19:18:53+00:00\",\"dateModified\":\"2022-01-11T06:01:48+00:00\",\"description\":\"In this 9-month program, you will gain comprehensive knowledge and skills to create action plans based on an understanding of player complexity.\",\"breadcrumb\":{\"@id\":\"https:\/\/barcainnovationhub.com\/pt\/product\/diploma-de-preparacao-fisica-no-futebol\/#breadcrumb\"},\"inLanguage\":\"pt-WP\",\"potentialAction\":[{\"@type\":\"ReadAction\",\"target\":[\"https:\/\/barcainnovationhub.com\/pt\/product\/diploma-de-preparacao-fisica-no-futebol\/\"]}]},{\"@type\":\"BreadcrumbList\",\"@id\":\"https:\/\/barcainnovationhub.com\/pt\/product\/diploma-de-preparacao-fisica-no-futebol\/#breadcrumb\",\"itemListElement\":[{\"@type\":\"ListItem\",\"position\":1,\"name\":\"Portada\",\"item\":\"https:\/\/barcainnovationhub.com\/pt\/\"},{\"@type\":\"ListItem\",\"position\":2,\"name\":\"Productos\",\"item\":\"https:\/\/barcainnovationhub.com\/pt\/product\/\"},{\"@type\":\"ListItem\",\"position\":3,\"name\":\"Especializa\\u00e7\\u00e3o de Prepara\\u00e7\\u00e3o F\\u00edsica no Futebol\"}]}]}<\/script>\n<!-- \/ Yoast SEO plugin. -->","acf":{"titulo_incentivo":"Diploma de Prepara\u00e7\u00e3o F\u00edsica no Futebol","fecha_de_inicio":"10092021","contenido":"<p><strong>IMPORTANTE:<\/strong><\/p>\n<p>Se voc\u00ea \u00e9 ou j\u00e1 participou de um programa online do Bar\u00e7a Innovation Hub Universitas e est\u00e1 interessado em se inscrever neste Diploma Profissional, entre em contato conosco atrav\u00e9s do CHAT para orient\u00e1-lo no processo de compra.<\/p>\n","cursos_que_lo_componen":[{"nombre_del_curso":"Os fundamentos do nosso jogo","descripcion_del_curso":"<p>M\u00d3DULO 1: As ci\u00eancias de \u201csuporte\u201d do Futebol Bar\u00e7a.<br \/>\nM\u00d3DULO 2: Elementos que o comp\u00f5em.<br \/>\nM\u00d3DULO 3: As pe\u00e7as identificativas do Bar\u00e7a Football<br \/>\nM\u00d3DULO 4: O jogo como um processo.<\/p>\n"},{"nombre_del_curso":"O que precisa ser treinado","descripcion_del_curso":"<p>M\u00d3DULO 1: Treinamento de otimiza\u00e7\u00e3o<br \/>\nM\u00d3DULO 2: Elementos cognitivos do jogador<br \/>\nM\u00d3DULO 3: Elementos grupais da equipe<br \/>\nM\u00d3DULO 4: As fases do jogo<\/p>\n"},{"nombre_del_curso":"Como precisa ser treinado","descripcion_del_curso":"<p>M\u00d3DULO 1: Treinar-otimizar<br \/>\nM\u00d3DULO 2: A sess\u00e3o de treinamento<br \/>\nM\u00d3DULO 3: Treinamento espec\u00edfico do Bar\u00e7a Football I<br \/>\nM\u00d3DULO 4: Treinamento espec\u00edfico do Bar\u00e7a Football II<\/p>\n"},{"nombre_del_curso":"Fundamentos neuromusculares no treinamento de for\u00e7a","descripcion_del_curso":"<p>M\u00d3DULO 1: Caracter\u00edsticas do sistema musculoesquel\u00e9tico.<br \/>\nUnidade 1: O movimento desde o sistema nervoso central.<br \/>\nUnidade 2: Funcionalidade do m\u00fasculo esquel\u00e9tico.<\/p>\n<p>M\u00d3DULO 2: A\u00e7\u00f5es musculares e sua rela\u00e7\u00e3o com o esporte.<br \/>\nUnidade 1: Tipos de a\u00e7\u00e3o muscular.<br \/>\nUnidade 2: Inter-rela\u00e7\u00e3o das a\u00e7\u00f5es musculares no movimento e na manuten\u00e7\u00e3o da posi\u00e7\u00e3o.<\/p>\n<p>M\u00d3DULO 3: Mudan\u00e7as sist\u00eamicas no destreinamento e imobiliza\u00e7\u00e3o.<br \/>\nUnidade 1: Destreinamento em rela\u00e7\u00e3o ao m\u00fasculo esquel\u00e9tico.<br \/>\nUnidade 2: Hipertrofia muscular.<\/p>\n<p>M\u00d3DULO 4: Avalia\u00e7\u00e3o das propriedades musculares em rela\u00e7\u00e3o ao esporte.<br \/>\nUnidade 1: Eletromiografia de superf\u00edcie.<br \/>\nUnidade 2: Tensiomiografia.<\/p>\n"},{"nombre_del_curso":"Metodologia de treinamento da for\u00e7a: aplica\u00e7\u00e3o na melhoria do desempenho esportivo e na readequa\u00e7\u00e3o \u00e0 competi\u00e7\u00e3o p\u00f3s-les\u00e3o","descripcion_del_curso":"<p>M\u00d3DULO 1: Contextualiza\u00e7\u00e3o: como adaptamos o treinamento de for\u00e7a aos esportes coletivos?<br \/>\nM\u00d3DULO 2: Metodologia de trabalho de for\u00e7a no esporte situacional.<br \/>\nM\u00d3DULO 3: Integra\u00e7\u00e3o do trabalho de for\u00e7a no planejamento e programa\u00e7\u00e3o dos esportes situacionais.<br \/>\nM\u00d3DULO 4: For\u00e7a no projeto de tarefas espec\u00edficas do esporte. Exemplos no futebol.<\/p>\n"},{"nombre_del_curso":"For\u00e7a e pot\u00eancia muscular como qualidade fundamental na reabilita\u00e7\u00e3o de les\u00f5es esportivas","descripcion_del_curso":"<p>M\u00d3DULO 1: Estudo da les\u00e3o no esporte: mecanismos de les\u00e3o e fatores de risco de les\u00e3o vinculados.<br \/>\nM\u00d3DULO 2: Les\u00f5es esportivas e sua rela\u00e7\u00e3o com a qualidade da for\u00e7a.<br \/>\nM\u00d3DULO 3: Manifesta\u00e7\u00f5es de for\u00e7a e pot\u00eancia muscular no processo de reabilita\u00e7\u00e3o p\u00f3s-les\u00e3o.<br \/>\nM\u00d3DULO 4: Novos paradigmas no treinamento de for\u00e7a: exercita\u00e7\u00e3o muscular por meio da oclus\u00e3o vascular.<\/p>\n"},{"nombre_del_curso":"Tecnologia e treinamento da for\u00e7a e pot\u00eancia muscular","descripcion_del_curso":"<p>M\u00d3DULO 1: Tecnologia, equipamentos e treinamento da for\u00e7a de car\u00e1ter geral.<br \/>\nUnidade 1: Equipamentos para trabalhos de orienta\u00e7\u00e3o geral em rela\u00e7\u00e3o \u00e0 especificidade do esporte.<br \/>\nUnidade 2: Outros equipamentos relacionados \u00e0s cargas de orienta\u00e7\u00e3o geral.<\/p>\n<p>M\u00d3DULO 2: Tecnologia, equipamentos e treinamento de for\u00e7a de car\u00e1ter espec\u00edfica em rela\u00e7\u00e3o ao esporte.<br \/>\nUnidade 1: Equipamentos para trabalho de orienta\u00e7\u00e3o direcionada e espec\u00edfica em rela\u00e7\u00e3o \u00e0s habilidades particulares do esporte.<br \/>\nUnidade 2: Tecnologia GPS e sua rela\u00e7\u00e3o com a avalia\u00e7\u00e3o e controle de for\u00e7a no treinamento e na competi\u00e7\u00e3o.<\/p>\n<p>M\u00d3DULO 3: Tecnologia na avalia\u00e7\u00e3o da for\u00e7a e pot\u00eancia muscular.<br \/>\nUnidade 1: Uso de encoders lineares e rotativos para avaliar a for\u00e7a e pot\u00eancia muscular.<br \/>\nUnidade 2: Sistemas integrados na avalia\u00e7\u00e3o muscular.<\/p>\n<p>M\u00d3DULO 4: Tecnologia interativa e treinamento da for\u00e7a.<br \/>\nUnidade 1: Gamifica\u00e7\u00e3o no esporte.<br \/>\nUnidade 2: Metodologias interativas ligadas \u00e0 gamifica\u00e7\u00e3o.<\/p>\n"},{"nombre_del_curso":"Macronutrientes e l\u00edquidos para o futebol","descripcion_del_curso":"<p>M\u00d3DULO 1: O papel dos carboidratos no regime dos jogadores<br \/>\n-Unidade 1: Introdu\u00e7\u00e3o aos carboidratos<br \/>\n-Unidade 2: carboidratos para futebol<\/p>\n<p>M\u00d3DULO 2: O papel da prote\u00edna no regime dos jogadores<br \/>\n-Unidade 1: Introdu\u00e7\u00e3o \u00e0 prote\u00edna<br \/>\n-Unidade 2: Prote\u00ednas para futebol<\/p>\n<p>M\u00d3DULO 3: O papel da gordura no regime dos jogadores<br \/>\n-Unidade 1: Introdu\u00e7\u00e3o \u00e0s gorduras<br \/>\n-Unidade 2: gorduras para futebol<\/p>\n<p>M\u00d3DULO 4: L\u00edquidos<br \/>\n-Unidade 1: Introdu\u00e7\u00e3o aos l\u00edquidos e eletr\u00f3litos<br \/>\n-Unidade 2: Fluidos e eletr\u00f3litos para futebol<\/p>\n"},{"nombre_del_curso":"Habilidades b\u00e1sicas do treinador","descripcion_del_curso":"<p>M\u00d3DULO 1: Lideran\u00e7a<br \/>\nM\u00d3DULO 2: Ferramentas de comunica\u00e7\u00e3o<br \/>\nM\u00d3DULO 3: Climas motivacionais<br \/>\nM\u00d3DULO 4: O treinador e o seu entorno<\/p>\n"}],"aprende_a":[{"item_aprende_a":"Compreender as diferentes correntes te\u00f3ricas que sustentam os novos paradigmas do treinamento."},{"item_aprende_a":"Criar propostas de interven\u00e7\u00e3o com base na compreens\u00e3o da complexidade do jogador.\r\n"},{"item_aprende_a":"Otimizar a sele\u00e7\u00e3o de diferentes metodologias aplic\u00e1veis \u200b\u200bao processo de treinamento, com foco no processo de forma\u00e7\u00e3o do jogador."},{"item_aprende_a":"Planejar estrat\u00e9gias que favore\u00e7am o processo coletivo de forma\u00e7\u00e3o do nosso jogo, com foco no desenvolvimento do jogador."},{"item_aprende_a":"Melhorar a an\u00e1lise cr\u00edtica na hora de realizar um programa de treinamento nas diferentes fun\u00e7\u00f5es profissionais relacionadas ao esporte e \u00e0s ci\u00eancias da sa\u00fade."},{"item_aprende_a":"Melhorar o desempenho esportivo e a preven\u00e7\u00e3o de les\u00f5es gra\u00e7as a um conhecimento aprofundado da metodologia a ser aplicada em programas de treinamento de for\u00e7a e pot\u00eancia muscular."},{"item_aprende_a":"Aplicar a metodologia apropriada ao projetar o processo de reabilita\u00e7\u00e3o p\u00f3s-les\u00e3o quando o desenvolvimento da for\u00e7a tem um papel marcante."},{"item_aprende_a":"Conhecer, de forma transversal, as metodologias emergentes no treino de for\u00e7a para poder aprofundar a partir de uma base comprovada da ci\u00eancia.\r\n\r\n"},{"item_aprende_a":"Compreender o papel dos macronutrientes no desempenho do futebol."},{"item_aprende_a":"Utilizar as ferramentas adequadas para gerar uma lideran\u00e7a eficaz na gest\u00e3o de grupos e pessoas. "}],"preguntas_frecuentes":false,"contenidistas":false,"docentes_expertos":[{"foto":"https:\/\/static.capabiliaserver.com\/frontend\/clients\/barca\/wp_prod\/wp-content\/uploads\/2021\/04\/6ca11a55-paco-seirul-lo-1.jpg","nombre_del_docente":"Paco Seirul\u00b7lo Vargas","descripcion_del_docente":"Respons\u00e1vel pela \u00c1rea de Metodologia do FC Barcelona.","enlace":""},{"foto":"https:\/\/barcainnovationhub.com\/wp-content\/uploads\/2019\/11\/8a441516-7014c74f-2a270bf4-isaac-guerrero_150x150-150x149.jpg","nombre_del_docente":"\u00a0Isaac Guerrero","descripcion_del_docente":"Diretor t\u00e9cnico\/ Respons\u00e1vel pela \u00c1rea de Metodologia da Escola de Futebol. \u00c1rea de Conhecimento no FC Barcelona ","enlace":""},{"foto":"https:\/\/barcainnovationhub.com\/wp-content\/uploads\/2019\/11\/ff2b8640-21c123e1-05b1ceb1-denis-silva-150x150.jpg","nombre_del_docente":"Denis Silva","descripcion_del_docente":"Treinador da categoria Juvenil A do FC Barcelona","enlace":""},{"foto":"https:\/\/barcainnovationhub.com\/wp-content\/uploads\/2019\/11\/d73d44a9-cf27d831-ff8e0810-xavier-damunt-150x150.jpg","nombre_del_docente":"Xavier Damunt","descripcion_del_docente":"Coordenador da \u00c1rea de Aperfei\u00e7oamento da  Bar\u00e7a Academy. \u00c1rea de Conhecimento no FC Barcelona.","enlace":""},{"foto":"https:\/\/barcainnovationhub.com\/wp-content\/uploads\/2019\/11\/c819da54-78c31d57-9547cce7-marcel-sans-150x150.jpg","nombre_del_docente":"Marcel Sans","descripcion_del_docente":"T\u00e9cnico de Metodologia da categoria Juvenil B do FC Barcelona","enlace":""},{"foto":"https:\/\/static.capabiliaserver.com\/frontend\/clients\/barca\/wp_prod\/wp-content\/uploads\/2021\/04\/d70b12f8-dani_romero.png","nombre_del_docente":"Daniel Romero Rodriguez","descripcion_del_docente":"Preparador f\u00edsico de For\u00e7a da categoria Juvenil A do FC Barcelona","enlace":""},{"foto":"https:\/\/static.capabiliaserver.com\/frontend\/clients\/barca\/wp_prod\/wp-content\/uploads\/2021\/04\/59bd1159-francesc_cos.jpg","nombre_del_docente":"Francesc Cos","descripcion_del_docente":"Ex preparador f\u00edsico de for\u00e7a da primeira equipe de futebol do FC Barcelona (2004-2016). Ex diretor da \u00e1rea de Desempenho Esportivo do Bar\u00e7a Innovation Hub (2016-2018). No presente \u00e9 Diretor de Desempenho do New York City (MLS).","enlace":""},{"foto":"https:\/\/barcainnovationhub.com\/wp-content\/uploads\/2019\/11\/d9fcd15a-703fa0ab-f6092eb0-ian_rollo-150x150.jpg","nombre_del_docente":"Ian Rollo","descripcion_del_docente":"Cientista principal do Gatorade Sports Science Institute. Pesquisador visitante na Loughborough University, Reino Unido. Fisiologista do exerc\u00edcio, Nutricionista de esportes e exerc\u00edcio (SENr).","enlace":""},{"foto":"https:\/\/static.capabiliaserver.com\/frontend\/clients\/barca\/wp_prod\/wp-content\/uploads\/2021\/04\/2e8378f3-ana_merayo.png","nombre_del_docente":"Ana Merayo Garc\u00eda","descripcion_del_docente":"Psic\u00f3loga esportiva. Professora. Coordenadora do SAIE (Servi\u00e7o de Atendimento Integral ao Esportista) de Masia 360, FC Barcelona.","enlace":""}],"slider_testimonios":false,"zona_horaria":"Europe\/Madrid","external_id":"1419","precio":"990","imagen_destacada":false,"titulo_curso":"Diplomado en Preparaci\u00f3n F\u00edsica en F\u00fatbol - Carrusel","impartido_en":"English","producto_path":false,"hubspot_product_id":"703356716","id_magento":"386","header_image":108256,"column_title":"","precio_en_cuotas":"8 pagamentos mensais de 123,75 euros","precio_de_lista":"","mostrar_form":false,"promocion_vigente":"","duracion_del_curso":"9 months","nivel_del_curso":"introdut\u00f3rio","ocultar_video":true,"url_video":"","avalado_por":false,"pdf_brochure":"https:\/\/static.capabiliaserver.com\/frontend\/clients\/barca\/wp_prod\/wp-content\/uploads\/2021\/04\/fda53572-especializacao-em-preparacao-fisica-no-futebol.pdf","slidebox":false,"titulo_seccion_testimonios":"","imagen_de_fondo_testimonios":false,"color_de_fondo_testimonios":"","activar_banner_1":false,"banner_1":false,"activar_banner_2":false,"banner_2":false,"activar_banner_3":false,"banner_3":false,"segunda_fecha_de_inicio":"25092021","modalidad_cursado":"Online","activar_nuevos_banners":false,"mostrar_banner_1":false,"crear_banner_1":{"utilizar_imagen_unica_para_banner":false,"asignar_imagen_unica_para_banner":false,"mostrar_titulo_banner":false,"titulo_para_banner":"","mostrar_subtitulo_banner":false,"subtitulo_del_banner":"","mostrar_cta_banner":false,"texto_cta_banner":"","url_cta_banner":"","fondo_de_color_banner":"","fondo_de_imagen_banner":false,"mostrar_imagen_izquierda_banner":false,"asignar_imagen_izquierda_banner":false},"mostrar_banner_2":false,"crear_banner_2":{"utilizar_imagen_unica_para_banner":false,"asignar_imagen_unica_para_banner":false,"mostrar_titulo_banner":false,"titulo_para_banner":"","mostrar_subtitulo_banner":false,"subtitulo_del_banner":"","mostrar_cta_banner":false,"texto_cta_banner":"","url_cta_banner":"","fondo_de_color_banner":"","fondo_de_imagen_banner":false,"mostrar_imagen_izquierda_banner":false,"asignar_imagen_izquierda_banner":false},"mostrar_banner_3":false,"crear_banner_3":{"utilizar_imagen_unica_para_banner":false,"asignar_imagen_unica_para_banner":false,"mostrar_titulo_banner":false,"titulo_para_banner":"","mostrar_subtitulo_banner":false,"subtitulo_del_banner":"","mostrar_cta_banner":false,"texto_cta_banner":"","url_cta_banner":"","fondo_de_color_banner":"","fondo_de_imagen_banner":false,"mostrar_imagen_izquierda_banner":false,"asignar_imagen_izquierda_banner":false}},"idiomas":{"en":87786,"es":87791,"ar":87787,"ca":87788,"ru":87790,"pt":87789},"_links":{"self":[{"href":"https:\/\/barcainnovationhub.com\/pt\/wp-json\/wp\/v2\/products\/87789"}],"collection":[{"href":"https:\/\/barcainnovationhub.com\/pt\/wp-json\/wp\/v2\/products"}],"about":[{"href":"https:\/\/barcainnovationhub.com\/pt\/wp-json\/wp\/v2\/types\/product"}],"author":[{"embeddable":true,"href":"https:\/\/barcainnovationhub.com\/pt\/wp-json\/wp\/v2\/users\/16"}],"replies":[{"embeddable":true,"href":"https:\/\/barcainnovationhub.com\/pt\/wp-json\/wp\/v2\/comments?post=87789"}],"version-history":[{"count":5,"href":"https:\/\/barcainnovationhub.com\/pt\/wp-json\/wp\/v2\/products\/87789\/revisions"}],"predecessor-version":[{"id":116482,"href":"https:\/\/barcainnovationhub.com\/pt\/wp-json\/wp\/v2\/products\/87789\/revisions\/116482"}],"wp:attachment":[{"href":"https:\/\/barcainnovationhub.com\/pt\/wp-json\/wp\/v2\/media?parent=87789"}],"wp:term":[{"taxonomy":"category","embeddable":true,"href":"https:\/\/barcainnovationhub.com\/pt\/wp-json\/wp\/v2\/categories?post=87789"}],"curies":[{"name":"wp","href":"https:\/\/api.w.org\/{rel}","templated":true}]}}