{"id":87807,"date":"2021-04-11T02:24:11","date_gmt":"2021-04-11T05:24:11","guid":{"rendered":"https:\/\/barcainnovationhub.com\/?post_type=product&#038;p=87807"},"modified":"2022-01-11T02:51:57","modified_gmt":"2022-01-11T05:51:57","slug":"professional-diploma-sports-nutrition","status":"publish","type":"product","link":"https:\/\/barcainnovationhub.com\/pt\/product\/professional-diploma-sports-nutrition\/","title":{"rendered":"Especializa\u00e7\u00e3o em Nutri\u00e7\u00e3o Esportiva"},"content":{"rendered":"<p>contenido<\/p>\n","protected":false},"excerpt":{"rendered":"<p>excerpt<\/p>\n","protected":false},"author":16,"featured_media":0,"comment_status":"open","ping_status":"closed","template":"","meta":[],"categories":[113],"yoast_head":"<!-- This site is optimized with the Yoast SEO plugin v16.6.1 - https:\/\/yoast.com\/wordpress\/plugins\/seo\/ -->\n<meta name=\"description\" content=\"In this 8-month program, you will gain comprehensive knowledge and skills to improve athletes\u2019 behaviour through sports nutrition.\" \/>\n<meta name=\"robots\" content=\"index, follow, max-snippet:-1, max-image-preview:large, max-video-preview:-1\" \/>\n<link rel=\"canonical\" href=\"https:\/\/barcainnovationhub.com\/pt\/product\/professional-diploma-sports-nutrition\/\" \/>\n<meta property=\"og:locale\" content=\"pt_PT\" \/>\n<meta property=\"og:type\" content=\"article\" \/>\n<meta property=\"og:title\" content=\"Professional Diploma in Sports Nutrition\" \/>\n<meta property=\"og:description\" content=\"In this 8-month program, you will gain comprehensive knowledge and skills to improve athletes\u2019 behaviour through sports nutrition.\" \/>\n<meta property=\"og:url\" content=\"https:\/\/barcainnovationhub.com\/pt\/product\/professional-diploma-sports-nutrition\/\" \/>\n<meta property=\"og:site_name\" content=\"Bar\u00e7a Innovation Hub\" \/>\n<meta property=\"article:publisher\" content=\"https:\/\/www.facebook.com\/fcbuniversitas\" \/>\n<meta property=\"article:modified_time\" content=\"2022-01-11T05:51:57+00:00\" \/>\n<meta property=\"og:image\" content=\"https:\/\/barcainnovationhub.com\/wp-content\/uploads\/2021\/04\/3e7d48d3-professional-diploma-in-sports-nutrition-2.jpg\" \/>\n\t<meta property=\"og:image:width\" content=\"1200\" \/>\n\t<meta property=\"og:image:height\" content=\"1200\" \/>\n<meta name=\"twitter:card\" content=\"summary\" \/>\n<meta name=\"twitter:title\" content=\"Professional Diploma in Sports Nutrition\" \/>\n<meta name=\"twitter:description\" content=\"In this 8-month program, you will gain comprehensive knowledge and skills to improve athletes\u2019 behaviour through sports nutrition.\" \/>\n<meta name=\"twitter:image\" content=\"https:\/\/barcainnovationhub.com\/wp-content\/uploads\/2021\/04\/3e7d48d3-professional-diploma-in-sports-nutrition-2.jpg\" \/>\n<meta name=\"twitter:site\" content=\"@BarcaInnoHub\" \/>\n<meta name=\"twitter:label1\" content=\"Est. reading time\" \/>\n\t<meta name=\"twitter:data1\" content=\"1 minute\" \/>\n<script type=\"application\/ld+json\" class=\"yoast-schema-graph\">{\"@context\":\"https:\/\/schema.org\",\"@graph\":[{\"@type\":\"WebSite\",\"@id\":\"https:\/\/barcainnovationhub.com\/#website\",\"url\":\"https:\/\/barcainnovationhub.com\/\",\"name\":\"Bar\\u00e7a Innovation Hub\",\"description\":\"The worldwide centre for sports knowledge and innovation\",\"potentialAction\":[{\"@type\":\"SearchAction\",\"target\":{\"@type\":\"EntryPoint\",\"urlTemplate\":\"https:\/\/barcainnovationhub.com\/?s={search_term_string}\"},\"query-input\":\"required name=search_term_string\"}],\"inLanguage\":\"pt-WP\"},{\"@type\":\"ImageObject\",\"@id\":\"https:\/\/barcainnovationhub.com\/pt\/product\/professional-diploma-sports-nutrition\/#primaryimage\",\"inLanguage\":\"pt-WP\",\"url\":\"https:\/\/barcainnovationhub.com\/wp-content\/uploads\/2021\/04\/3e7d48d3-professional-diploma-in-sports-nutrition-2.jpg\",\"contentUrl\":\"https:\/\/barcainnovationhub.com\/wp-content\/uploads\/2021\/04\/3e7d48d3-professional-diploma-in-sports-nutrition-2.jpg\",\"width\":1200,\"height\":1200},{\"@type\":\"WebPage\",\"@id\":\"https:\/\/barcainnovationhub.com\/pt\/product\/professional-diploma-sports-nutrition\/#webpage\",\"url\":\"https:\/\/barcainnovationhub.com\/pt\/product\/professional-diploma-sports-nutrition\/\",\"name\":\"Especializa\\u00e7\\u00e3o em Nutri\\u00e7\\u00e3o Esportiva - Bar\\u00e7a Innovation Hub\",\"isPartOf\":{\"@id\":\"https:\/\/barcainnovationhub.com\/#website\"},\"datePublished\":\"2021-04-11T05:24:11+00:00\",\"dateModified\":\"2022-01-11T05:51:57+00:00\",\"description\":\"In this 8-month program, you will gain comprehensive knowledge and skills to improve athletes\\u2019 behaviour through sports nutrition.\",\"breadcrumb\":{\"@id\":\"https:\/\/barcainnovationhub.com\/pt\/product\/professional-diploma-sports-nutrition\/#breadcrumb\"},\"inLanguage\":\"pt-WP\",\"potentialAction\":[{\"@type\":\"ReadAction\",\"target\":[\"https:\/\/barcainnovationhub.com\/pt\/product\/professional-diploma-sports-nutrition\/\"]}]},{\"@type\":\"BreadcrumbList\",\"@id\":\"https:\/\/barcainnovationhub.com\/pt\/product\/professional-diploma-sports-nutrition\/#breadcrumb\",\"itemListElement\":[{\"@type\":\"ListItem\",\"position\":1,\"name\":\"Portada\",\"item\":\"https:\/\/barcainnovationhub.com\/pt\/\"},{\"@type\":\"ListItem\",\"position\":2,\"name\":\"Productos\",\"item\":\"https:\/\/barcainnovationhub.com\/pt\/product\/\"},{\"@type\":\"ListItem\",\"position\":3,\"name\":\"Especializa\\u00e7\\u00e3o em Nutri\\u00e7\\u00e3o Esportiva\"}]}]}<\/script>\n<!-- \/ Yoast SEO plugin. -->","acf":{"external_id":"1422","titulo_curso":"Diplomado en Diplomado en Nutrici\u00f3n Deportiva - Carrusel","precio":"960","impartido_en":"English","producto_path":false,"hubspot_product_id":"703356726","id_magento":"389","header_image":108599,"column_title":"","titulo_incentivo":"Professional Diploma in Sports Nutrition","fecha_de_inicio":"10092021","precio_en_cuotas":"7 pagamentos mensais de 137 euros","precio_de_lista":"","mostrar_form":false,"promocion_vigente":"","duracion_del_curso":"8 meses","nivel_del_curso":"avan\u00e7ado","modalidad_cursado":"Online","contenido":"<p>IMPORTANTE:<\/p>\n<p>Se \u00e9 ou j\u00e1 participou de um programa online do Bar\u00e7a Innovation Hub Universitas e est\u00e1 interessado em inscrever-se neste Diploma Profissional, contacte-nos atrav\u00e9s do CHAT para o orientar no processo de compra.<\/p>\n","ocultar_video":true,"url_video":"","avalado_por":false,"pdf_brochure":"https:\/\/static.capabiliaserver.com\/frontend\/clients\/barca\/wp_prod\/wp-content\/uploads\/2021\/04\/1ea8cbc7-especializacao-em-nutricao-esportiva.pdf","cursos_que_lo_componen":[{"nombre_del_curso":"Alimenta\u00e7\u00e3o e rendimento esportivo","descripcion_del_curso":"<p>M\u00d3DULO 1: bioenerg\u00e9tica<br \/>\nUnidade 1: energia<br \/>\nUnidade 2: sistemas energ\u00e9ticos<\/p>\n<p>M\u00d3DULO 2: alimenta\u00e7\u00e3o e nutri\u00e7\u00e3o<br \/>\nUnidade 1: nutrientes<br \/>\nUnidade 2: nutri\u00e7\u00e3o esportiva<\/p>\n<p>M\u00d3DULO 3: nutri\u00e7\u00e3o esportiva pr\u00e1tica<br \/>\nUnidade 1: nutri\u00e7\u00e3o durante os processos de competi\u00e7\u00f5es<br \/>\nUnidade 2: nutri\u00e7\u00e3o utilizada na pr\u00e1tica esportiva<\/p>\n<p>M\u00d3DULO 4: M\u00f3dulo integrador<\/p>\n"},{"nombre_del_curso":"Suplementa\u00e7\u00e3o e recursos ergog\u00eanicos no esporte","descripcion_del_curso":"<p>M\u00d3DULO 1: conceitos introdut\u00f3rios<br \/>\nUnidade 1: classifica\u00e7\u00e3o dos suplementos nutricionais.<br \/>\nUnidade 2: nutrientes<\/p>\n<p>M\u00d3DULO 2: alimentos esportivos<br \/>\nUnidade 1: alimenta\u00e7\u00e3o esportiva de utiliza\u00e7\u00e3o aguda<br \/>\nUnidade 2: alimenta\u00e7\u00e3o esportiva de utiliza\u00e7\u00e3o cr\u00f4nica<\/p>\n<p>M\u00d3DULO 3: contribui\u00e7\u00f5es ergog\u00eanicas<br \/>\nUnidade 1: contribui\u00e7\u00f5es ergog\u00eanicos de efeito agudo ou instant\u00e2neo<br \/>\nUnidade 2: contribui\u00e7\u00f5es ergog\u00eanicos de efeito cr\u00f4nico<\/p>\n<p>M\u00d3DULO 4: M\u00f3dulo integrador<\/p>\n"},{"nombre_del_curso":"Hidrata\u00e7\u00e3o esportiva","descripcion_del_curso":"<p>M\u00d3DULO 1: conceitos introdut\u00f3rios<br \/>\nUnidade 1: a import\u00e2ncia da \u00e1gua no organismo humano<br \/>\nUnidade 2: a termorregula\u00e7\u00e3o durante os exerc\u00edcios<\/p>\n<p>M\u00d3DULO 2: desidrata\u00e7\u00e3o, hipertermia e perda do desempenho: foco tradicional<br \/>\nUnidade 1: hidrata\u00e7\u00e3o pr\u00e9-determinada<br \/>\nUnidade 2: t\u00f3picos de interesse<\/p>\n<p>M\u00d3DULO 3: hidrata\u00e7\u00e3o baseada em evid\u00eancias: foco contempor\u00e2neo<br \/>\nUnidade 1: hidrata\u00e7\u00e3o \u00e0 vontade ou ad libitum<br \/>\nUnidade 2: orienta\u00e7\u00f5es e aplica\u00e7\u00f5es pr\u00e1ticas<\/p>\n<p>M\u00d3DULO 4: M\u00f3dulo integrador<\/p>\n"},{"nombre_del_curso":"Composi\u00e7\u00e3o corporal, somat\u00f3tipo e desempenho esportivo","descripcion_del_curso":"<p>M\u00d3DULO 1: composi\u00e7\u00e3o corporal<br \/>\nUnidade 1: antropometria<br \/>\nUnidade 2: outros m\u00e9todos para determinar a composi\u00e7\u00e3o corporal<\/p>\n<p>M\u00d3DULO 2: composi\u00e7\u00e3o corporal, desempenho esportivo e nutri\u00e7\u00e3o<br \/>\nUnidade 1: componentes modificados pelo treinamento ou dieta<br \/>\nUnidade 2: composi\u00e7\u00e3o corporal e desempenho esportivo, conforme a etnia, g\u00eanero e faixa et\u00e1ria<\/p>\n<p>M\u00d3DULO 3: somat\u00f3tipo<br \/>\nUnidade 1: classifica\u00e7\u00e3o<br \/>\nUnidade 2: aplica\u00e7\u00f5es pr\u00e1ticas de somat\u00f3tipo<\/p>\n<p>M\u00d3DULO 4: M\u00f3dulo integrador<\/p>\n"},{"nombre_del_curso":"Nutri\u00e7\u00e3o esportiva avan\u00e7ada","descripcion_del_curso":"<p>M\u00d3DULO 1: a hist\u00f3ria e o futuro da nutri\u00e7\u00e3o esportiva<br \/>\nUnidade 1: hist\u00f3ria<br \/>\nUnidade 2: futuro<\/p>\n<p>M\u00d3DULO 2: o que \u00e9 necess\u00e1rio para ser eficiente em nutri\u00e7\u00e3o esportiva?<br \/>\nUnidade 1: habilidades<br \/>\nUnidade 2: funcionamento<\/p>\n<p>M\u00d3DULO 3: suplementos versus alimentos<br \/>\nUnidade 1: suplementos versus alimentos<br \/>\nUnidade 2: tomada de decis\u00f5es<\/p>\n<p>M\u00d3DULO 4: sistema imunol\u00f3gico<br \/>\nUnidade 1: o exerc\u00edcio e o sistema imunol\u00f3gico<br \/>\nUnidade 2: como melhorar a fun\u00e7\u00e3o imunol\u00f3gica.<\/p>\n"},{"nombre_del_curso":"Nutri\u00e7\u00e3o, recupera\u00e7\u00e3o e adapta\u00e7\u00f5es no treinamento","descripcion_del_curso":"<p>M\u00d3DULO 1: exerc\u00edcio e fadiga<br \/>\nUnidade 1: O que \u00e9 fadiga?<br \/>\nUnidade 2: Retardar a fadiga<\/p>\n<p>M\u00d3DULO 2: recupera\u00e7\u00e3o e adapta\u00e7\u00e3o<br \/>\nUnidade 1: Recupera\u00e7\u00e3o<br \/>\nUnidade 2: Adapta\u00e7\u00e3o<\/p>\n<p>M\u00d3DULO 3: otimizar recupera\u00e7\u00e3o e adapta\u00e7\u00e3o<br \/>\nUnidade 1: otimizar recupera\u00e7\u00e3o e nutri\u00e7\u00e3o<br \/>\nUnidade 2: otimizar adapta\u00e7\u00e3o com nutri\u00e7\u00e3o adapta\u00e7\u00e3o<\/p>\n<p>M\u00d3DULO 4: recupera\u00e7\u00e3o de les\u00f5es<br \/>\nUnidade 1: diferentes fases de uma les\u00e3o<br \/>\nUnidade 2: estrat\u00e9gias.<\/p>\n"},{"nombre_del_curso":"Prepara\u00e7\u00e3o para o dia da partida e nutri\u00e7\u00e3o personalizada","descripcion_del_curso":"<p>M\u00d3DULO 1: o que \u00e9 nutri\u00e7\u00e3o personalizada?<br \/>\nUnidade 1: medicina personalizada<br \/>\nUnidade 2: nutri\u00e7\u00e3o esportiva personalizada<\/p>\n<p>M\u00d3DULO 2: prepara\u00e7\u00e3o para o dia da partida<br \/>\nUnidade 1: dias e semanas que antecedem uma partida<br \/>\nUnidade 2: dia da partida<\/p>\n<p>M\u00d3DULO 3: condi\u00e7\u00f5es extremas<br \/>\nUnidade 1: efeito do calor no desempenho f\u00edsico<br \/>\nUnidade 2: amenizar o calor<\/p>\n<p>M\u00d3DULO 4: suplementos<br \/>\nUnidade 1: contribui\u00e7\u00f5es ergog\u00eanicas<br \/>\nUnidade 2: outros suplementos.<\/p>\n"},{"nombre_del_curso":"Nutri\u00e7\u00e3o periodizada","descripcion_del_curso":"<p>M\u00d3DULO 1: Teoria<br \/>\nUnidade 1: qual o significado de nutri\u00e7\u00e3o periodizada?<br \/>\nUnidade 2: as ferramentas de um nutricionista esportivo<\/p>\n<p>M\u00d3DULO 2: treinar os intestinos<br \/>\nUnidade 1: podemos treinar nosso intestino<br \/>\nUnidade 2: a teoria na pr\u00e1tica<\/p>\n<p>M\u00d3DULO 3: treino baixo<br \/>\nUnidade 1: Teoria<br \/>\nUnidade 2: dieta reduzida em carboidratos versus treinamento com uma reserva reduzida de carboidratos<\/p>\n<p>M\u00d3DULO 4: da teoria \u00e0 pr\u00e1tica<br \/>\nUnidade 1: como implementar a nutri\u00e7\u00e3o periodizada<br \/>\nUnidade 2: desafios e solu\u00e7\u00f5es.<\/p>\n"}],"aprende_a":[{"item_aprende_a":"Distinguir as subst\u00e2ncias eficazes, ineficazes e\/ou perigosas nas formula\u00e7\u00f5es de suplementos nutricionais, de modo a utiliz\u00e1-las da melhor forma poss\u00edvel."},{"item_aprende_a":"Utilizar o conhecimento da nutri\u00e7\u00e3o esportiva de acordo com as exig\u00eancias e necessidades das diferentes formas de atividade f\u00edsica.\r\n"},{"item_aprende_a":"Projetar estrat\u00e9gias de hidrata\u00e7\u00e3o segura antes, durante e ap\u00f3s treinamentos e campeonatos.\r\n"},{"item_aprende_a":"Colocar em pr\u00e1tica o conhecimento de composi\u00e7\u00e3o corporal e somat\u00f3tipo na nutri\u00e7\u00e3o e para o desempenho esportivo.\r\n"},{"item_aprende_a":"Otimizar o desempenho dos atletas atrav\u00e9s da nutri\u00e7\u00e3o esportiva.\r\n"},{"item_aprende_a":"Implementar suplementos na pr\u00e1tica di\u00e1ria.\r\n"},{"item_aprende_a":"Minimizar o risco de uso de suplementos.\r\n"},{"item_aprende_a":"Otimizar a recupera\u00e7\u00e3o intensa e a adapta\u00e7\u00e3o ao treinamento com suporte de nutri\u00e7\u00e3o.\r\n"},{"item_aprende_a":"Planejar a nutri\u00e7\u00e3o para temporada e semanalmente.\r\n"},{"item_aprende_a":"Entender a base te\u00f3rica para a periodiza\u00e7\u00e3o da nutri\u00e7\u00e3o.\r\n"},{"item_aprende_a":"Personalizar a nutri\u00e7\u00e3o esportiva nas equipes.\r\n"},{"item_aprende_a":"Trazer os \u00faltimos avan\u00e7os da ci\u00eancia para a prepara\u00e7\u00e3o no dia de uma partida."}],"preguntas_frecuentes":false,"contenidistas":false,"docentes_expertos":[{"foto":"https:\/\/static.capabiliaserver.com\/frontend\/clients\/barca\/wp_prod\/wp-content\/uploads\/2021\/04\/379a7fdf-antonia-lizarraga.png","nombre_del_docente":"Mar\u00eda Antonia Lizarraga","descripcion_del_docente":"Respons\u00e1vel pela \u00e1rea de nutri\u00e7\u00e3o esportiva do FC Barcelona.","enlace":""},{"foto":"https:\/\/static.capabiliaserver.com\/frontend\/clients\/barca\/wp_prod\/wp-content\/uploads\/2021\/04\/43630949-asker_jeukendrup.jpg","nombre_del_docente":"Asker Jeukendrup","descripcion_del_docente":"Cientista em nutri\u00e7\u00e3o esportiva. Professor de metabolismo do exerc\u00edcio. Consultor de rendimento no esporte de elite. Empreendedor. Triatleta de Ironman.","enlace":""}],"imagen_destacada":false,"slidebox":false,"titulo_seccion_testimonios":"","slider_testimonios":false,"imagen_de_fondo_testimonios":false,"color_de_fondo_testimonios":"","activar_banner_1":false,"banner_1":false,"activar_banner_2":false,"banner_2":false,"activar_banner_3":false,"banner_3":false,"segunda_fecha_de_inicio":"25092021","zona_horaria":"Europe\/Madrid","activar_nuevos_banners":false,"mostrar_banner_1":false,"crear_banner_1":{"utilizar_imagen_unica_para_banner":false,"asignar_imagen_unica_para_banner":false,"mostrar_titulo_banner":false,"titulo_para_banner":"","mostrar_subtitulo_banner":false,"subtitulo_del_banner":"","mostrar_cta_banner":false,"texto_cta_banner":"","url_cta_banner":"","fondo_de_color_banner":"","fondo_de_imagen_banner":false,"mostrar_imagen_izquierda_banner":false,"asignar_imagen_izquierda_banner":false},"mostrar_banner_2":false,"crear_banner_2":{"utilizar_imagen_unica_para_banner":false,"asignar_imagen_unica_para_banner":false,"mostrar_titulo_banner":false,"titulo_para_banner":"","mostrar_subtitulo_banner":false,"subtitulo_del_banner":"","mostrar_cta_banner":false,"texto_cta_banner":"","url_cta_banner":"","fondo_de_color_banner":"","fondo_de_imagen_banner":false,"mostrar_imagen_izquierda_banner":false,"asignar_imagen_izquierda_banner":false},"mostrar_banner_3":false,"crear_banner_3":{"utilizar_imagen_unica_para_banner":false,"asignar_imagen_unica_para_banner":false,"mostrar_titulo_banner":false,"titulo_para_banner":"","mostrar_subtitulo_banner":false,"subtitulo_del_banner":"","mostrar_cta_banner":false,"texto_cta_banner":"","url_cta_banner":"","fondo_de_color_banner":"","fondo_de_imagen_banner":false,"mostrar_imagen_izquierda_banner":false,"asignar_imagen_izquierda_banner":false}},"idiomas":{"en":87804,"es":87809,"ar":87805,"ca":87806,"ru":87808,"pt":87807},"_links":{"self":[{"href":"https:\/\/barcainnovationhub.com\/pt\/wp-json\/wp\/v2\/products\/87807"}],"collection":[{"href":"https:\/\/barcainnovationhub.com\/pt\/wp-json\/wp\/v2\/products"}],"about":[{"href":"https:\/\/barcainnovationhub.com\/pt\/wp-json\/wp\/v2\/types\/product"}],"author":[{"embeddable":true,"href":"https:\/\/barcainnovationhub.com\/pt\/wp-json\/wp\/v2\/users\/16"}],"replies":[{"embeddable":true,"href":"https:\/\/barcainnovationhub.com\/pt\/wp-json\/wp\/v2\/comments?post=87807"}],"version-history":[{"count":5,"href":"https:\/\/barcainnovationhub.com\/pt\/wp-json\/wp\/v2\/products\/87807\/revisions"}],"predecessor-version":[{"id":116465,"href":"https:\/\/barcainnovationhub.com\/pt\/wp-json\/wp\/v2\/products\/87807\/revisions\/116465"}],"wp:attachment":[{"href":"https:\/\/barcainnovationhub.com\/pt\/wp-json\/wp\/v2\/media?parent=87807"}],"wp:term":[{"taxonomy":"category","embeddable":true,"href":"https:\/\/barcainnovationhub.com\/pt\/wp-json\/wp\/v2\/categories?post=87807"}],"curies":[{"name":"wp","href":"https:\/\/api.w.org\/{rel}","templated":true}]}}