{"id":89339,"date":"2021-04-16T16:41:41","date_gmt":"2021-04-16T19:41:41","guid":{"rendered":"https:\/\/barcainnovationhub.com\/?post_type=product&#038;p=89339"},"modified":"2022-01-11T00:05:14","modified_gmt":"2022-01-11T03:05:14","slug":"certificado-em-analise-tatica-avancada-em-futebol","status":"publish","type":"product","link":"https:\/\/barcainnovationhub.com\/pt\/product\/certificado-em-analise-tatica-avancada-em-futebol\/","title":{"rendered":"Certificado em An\u00e1lise T\u00e1tica Avan\u00e7ada em Futebol"},"content":{"rendered":"<p>contenido<\/p>\n","protected":false},"excerpt":{"rendered":"<p>excerpt<\/p>\n","protected":false},"author":16,"featured_media":0,"comment_status":"open","ping_status":"closed","template":"","meta":[],"categories":[121],"yoast_head":"<!-- This site is optimized with the Yoast SEO plugin v16.6.1 - https:\/\/yoast.com\/wordpress\/plugins\/seo\/ -->\n<meta name=\"robots\" content=\"index, follow, max-snippet:-1, max-image-preview:large, max-video-preview:-1\" \/>\n<link rel=\"canonical\" href=\"https:\/\/barcainnovationhub.com\/pt\/product\/certificado-em-analise-tatica-avancada-em-futebol\/\" \/>\n<meta property=\"og:locale\" content=\"pt_PT\" \/>\n<meta property=\"og:type\" content=\"article\" \/>\n<meta property=\"og:title\" content=\"Certificado em An\u00e1lise T\u00e1tica Avan\u00e7ada em Futebol\" \/>\n<meta property=\"og:description\" content=\"excerpt\" \/>\n<meta property=\"og:url\" content=\"https:\/\/barcainnovationhub.com\/pt\/product\/certificado-em-analise-tatica-avancada-em-futebol\/\" \/>\n<meta property=\"og:site_name\" content=\"Bar\u00e7a Innovation Hub\" \/>\n<meta property=\"article:publisher\" content=\"https:\/\/www.facebook.com\/fcbuniversitas\" \/>\n<meta property=\"article:modified_time\" content=\"2022-01-11T03:05:14+00:00\" \/>\n<meta property=\"og:image\" content=\"https:\/\/barcainnovationhub.com\/wp-content\/uploads\/2021\/04\/66a7aa06-certificate-in-advanced-football-tactical-analysis-2.jpg\" \/>\n\t<meta property=\"og:image:width\" content=\"1200\" \/>\n\t<meta property=\"og:image:height\" content=\"1200\" \/>\n<meta name=\"twitter:card\" content=\"summary\" \/>\n<meta name=\"twitter:title\" content=\"Certificado em An\u00e1lise T\u00e1tica Avan\u00e7ada em Futebol\" \/>\n<meta name=\"twitter:image\" content=\"https:\/\/barcainnovationhub.com\/wp-content\/uploads\/2021\/04\/66a7aa06-certificate-in-advanced-football-tactical-analysis-2.jpg\" \/>\n<meta name=\"twitter:site\" content=\"@BarcaInnoHub\" \/>\n<meta name=\"twitter:label1\" content=\"Est. reading time\" \/>\n\t<meta name=\"twitter:data1\" content=\"1 minute\" \/>\n<script type=\"application\/ld+json\" class=\"yoast-schema-graph\">{\"@context\":\"https:\/\/schema.org\",\"@graph\":[{\"@type\":\"WebSite\",\"@id\":\"https:\/\/barcainnovationhub.com\/#website\",\"url\":\"https:\/\/barcainnovationhub.com\/\",\"name\":\"Bar\\u00e7a Innovation Hub\",\"description\":\"The worldwide centre for sports knowledge and innovation\",\"potentialAction\":[{\"@type\":\"SearchAction\",\"target\":{\"@type\":\"EntryPoint\",\"urlTemplate\":\"https:\/\/barcainnovationhub.com\/?s={search_term_string}\"},\"query-input\":\"required name=search_term_string\"}],\"inLanguage\":\"pt-WP\"},{\"@type\":\"ImageObject\",\"@id\":\"https:\/\/barcainnovationhub.com\/pt\/product\/certificado-em-analise-tatica-avancada-em-futebol\/#primaryimage\",\"inLanguage\":\"pt-WP\",\"url\":\"https:\/\/barcainnovationhub.com\/wp-content\/uploads\/2021\/04\/66a7aa06-certificate-in-advanced-football-tactical-analysis-2.jpg\",\"contentUrl\":\"https:\/\/barcainnovationhub.com\/wp-content\/uploads\/2021\/04\/66a7aa06-certificate-in-advanced-football-tactical-analysis-2.jpg\",\"width\":1200,\"height\":1200},{\"@type\":\"WebPage\",\"@id\":\"https:\/\/barcainnovationhub.com\/pt\/product\/certificado-em-analise-tatica-avancada-em-futebol\/#webpage\",\"url\":\"https:\/\/barcainnovationhub.com\/pt\/product\/certificado-em-analise-tatica-avancada-em-futebol\/\",\"name\":\"Certificado em An\\u00e1lise T\\u00e1tica Avan\\u00e7ada em Futebol - Bar\\u00e7a Innovation Hub\",\"isPartOf\":{\"@id\":\"https:\/\/barcainnovationhub.com\/#website\"},\"datePublished\":\"2021-04-16T19:41:41+00:00\",\"dateModified\":\"2022-01-11T03:05:14+00:00\",\"breadcrumb\":{\"@id\":\"https:\/\/barcainnovationhub.com\/pt\/product\/certificado-em-analise-tatica-avancada-em-futebol\/#breadcrumb\"},\"inLanguage\":\"pt-WP\",\"potentialAction\":[{\"@type\":\"ReadAction\",\"target\":[\"https:\/\/barcainnovationhub.com\/pt\/product\/certificado-em-analise-tatica-avancada-em-futebol\/\"]}]},{\"@type\":\"BreadcrumbList\",\"@id\":\"https:\/\/barcainnovationhub.com\/pt\/product\/certificado-em-analise-tatica-avancada-em-futebol\/#breadcrumb\",\"itemListElement\":[{\"@type\":\"ListItem\",\"position\":1,\"name\":\"Portada\",\"item\":\"https:\/\/barcainnovationhub.com\/pt\/\"},{\"@type\":\"ListItem\",\"position\":2,\"name\":\"Productos\",\"item\":\"https:\/\/barcainnovationhub.com\/pt\/product\/\"},{\"@type\":\"ListItem\",\"position\":3,\"name\":\"Certificado em An\\u00e1lise T\\u00e1tica Avan\\u00e7ada em Futebol\"}]}]}<\/script>\n<!-- \/ Yoast SEO plugin. -->","acf":{"external_id":"1424","titulo_curso":"Certificado en An\u00e1lisis T\u00e1ctico de F\u00fatbol Avanzado","precio":"625","impartido_en":"English","producto_path":false,"hubspot_product_id":"809520548","id_magento":"391","header_image":108347,"column_title":"","titulo_incentivo":"","fecha_de_inicio":"10092021","precio_en_cuotas":"","precio_de_lista":"","mostrar_form":false,"promocion_vigente":"","duracion_del_curso":"4 meses","nivel_del_curso":"avan\u00e7ado","modalidad_cursado":"Online","contenido":"<p>O avan\u00e7o frequente nos processos de desenvolvimento e evolu\u00e7\u00e3o de an\u00e1lise t\u00e1tica dentro do futebol nos leva a uma situa\u00e7\u00e3o de que \u00e9 fundamental realizar estudos e forma\u00e7\u00f5es nesta \u00e1rea de trabalho, de forma constante e permanente. As propostas de trabalho cada vez s\u00e3o mais numerosas, reais e os analistas podem assumir postos de trabalho em \u00e1reas espec\u00edficas deste processo de an\u00e1lise. Por isso, neste Certificado estudaremos com mais profundidade as quatro bases fundamentais, ou seja, as que um analista poder\u00e1 se especializar e desenvolver suas atividades profissionais com campo de a\u00e7\u00e3o espec\u00edfico.<\/p>\n<p>O curso de an\u00e1lise da fase de inicial do jogo tem como objetivo geral a forma\u00e7\u00e3o do aluno nas avalia\u00e7\u00f5es espec\u00edficas desta fase da partida, sobretudo nesta \u00faltima d\u00e9cada, pois houve grandes transforma\u00e7\u00f5es e crescimento exponencial na \u00e1rea.<\/p>\n<p>Atualmente no futebol o contexto \u00e9 de m\u00e1xima igualdade em a\u00e7\u00f5es com bola parada (ABP), ou seja, que nascem de oportunidades importantes para efetivarem gols. Entre 30% e 35% dos gols nascem deste tipo de jogada. Por isso, consideramos que \u00e9 extremamente importante aprofundarmos em processos de an\u00e1lise com o objetivo de verificar estas a\u00e7\u00f5es para retirar o m\u00e1ximo de proveito e assim ter vantagens competitivas ante nossos advers\u00e1rios<\/p>\n<p>O curso de Alta press\u00e3o no futebol induz a que os alunos estudem conte\u00fados te\u00f3ricos e pr\u00e1ticos atrav\u00e9s de verifica\u00e7\u00f5es e an\u00e1lises das situa\u00e7\u00f5es em que existem alta press\u00e3o dentro do jogo. Ofereceremos todas as informa\u00e7\u00f5es poss\u00edveis e importantes para que os alunos aprendam e identifiquem melhor esta fase do jogo, seja para encontrar solu\u00e7\u00f5es t\u00e1ticas durante as partidas ou para proporem atividades pr\u00e1ticas e aprimoramento durante os treinamentos.<\/p>\n<p>Finalmente, o curso de Metodologia para a observa\u00e7\u00e3o do futebol de base foi criado e desenvolvido por profissionais que trabalharam na \u00e1rea anal\u00edtica e t\u00e1tica de partidas em um clube de futebol. Durante o curso, abordaremos as metodologias para excelentes observa\u00e7\u00f5es que o FC Barcelona realiza e focaliza nas diferentes categorias do futebol de base.<\/p>\n","ocultar_video":true,"url_video":"","avalado_por":false,"pdf_brochure":"https:\/\/static.capabiliaserver.com\/frontend\/clients\/barca\/wp_prod\/wp-content\/uploads\/2021\/04\/14f8c6fa-certificate-in-advanced-football-tactical-analysis.pdf","cursos_que_lo_componen":[{"nombre_del_curso":"An\u00e1lise da fase inicial da partida","descripcion_del_curso":"<p>M\u00d3DULO 1: Defini\u00e7\u00e3o e evolu\u00e7\u00e3o da fase inicial e compreens\u00e3o dos crit\u00e9rios gerais dessas an\u00e1lises<br \/>\nM\u00d3DULO 2: Estudo dos elementos estruturais da fase inicial<br \/>\nM\u00d3DULO 3: Estudo dos elementos din\u00e2micos da fase inicial<br \/>\nM\u00d3DULO 4: An\u00e1lise estat\u00edstica, sele\u00e7\u00e3o e apresenta\u00e7\u00e3o das informa\u00e7\u00f5es<\/p>\n"},{"nombre_del_curso":"An\u00e1lise das a\u00e7\u00f5es com bola parada","descripcion_del_curso":"<p>M\u00d3DULO 1: A import\u00e2ncia das ABP e introdu\u00e7\u00e3o do processo de verifica\u00e7\u00e3o<br \/>\nM\u00d3DULO 2: An\u00e1lise das ABP defensivas<br \/>\nM\u00d3DULO 3: An\u00e1lise das ABP ofensivas<br \/>\nM\u00d3DULO 4: Tend\u00eancias metodol\u00f3gicas de treinamento com ABP<\/p>\n"},{"nombre_del_curso":"Alta press\u00e3o no futebol","descripcion_del_curso":"<p>M\u00d3DULO 1: Alta press\u00e3o na fase de defesa. Marco te\u00f3rico<br \/>\nM\u00d3DULO 2: Estruturas defensivas comuns nos processos de alta press\u00e3o no futebol<br \/>\nM\u00d3DULO 3: Metodologia dos treinamentos sob alta press\u00e3o dentro do mundo do futebol<br \/>\nM\u00d3DULO 4: Informa\u00e7\u00f5es para uma excelente interpreta\u00e7\u00e3o das an\u00e1lises de alta press\u00e3o no futebol<\/p>\n"},{"nombre_del_curso":"Metodologia para uma \u00f3tima observa\u00e7\u00e3o dentro do futebol de base","descripcion_del_curso":"<p>M\u00d3DULO 1: Introdu\u00e7\u00e3o ao processo de observa\u00e7\u00e3o com o uso de v\u00eddeos<br \/>\nM\u00d3DULO 2: Observa\u00e7\u00e3o de uma sess\u00e3o de treino<br \/>\nM\u00d3DULO 3: Observa\u00e7\u00e3o de uma partida de um campeonato<br \/>\nM\u00d3DULO 4: Observa\u00e7\u00e3o individual do jugador<\/p>\n"}],"aprende_a":[{"item_aprende_a":"Implementar novas ferramentas, metodologias e estrat\u00e9gias em rela\u00e7\u00e3o \u00e0s an\u00e1lises t\u00e1ticas de futebol, oferecendo aos alunos habilidades espec\u00edficas para atender \u00e0 demanda de fun\u00e7\u00f5es dentro dos clubes que hoje est\u00e3o cada vez mais profissionalizados."},{"item_aprende_a":" Identificar todos os par\u00e2metros e elementos t\u00e1ticos da fase inicial de jogo, selecionar, organizar e transmitir informa\u00e7\u00f5es importantes e de maneira eficaz, atrav\u00e9s do controle de ferramentas tecnol\u00f3gicas."},{"item_aprende_a":"Entender a real import\u00e2ncia das ABP dentro do futebol moderno e, sobretudo, obter recursos e crit\u00e9rios para desenvolver processos de an\u00e1lises para cada a\u00e7\u00e3o tomada."},{"item_aprende_a":"Ditar conte\u00fados te\u00f3ricos e pr\u00e1ticos de alta import\u00e2ncia no processo de analisar a fase de alta press\u00e3o dentro do futebol e poder identificar e reconhecer as diferentes situa\u00e7\u00f5es do processo e como programar atividades que simulem as altas press\u00f5es durante os treinamentos."},{"item_aprende_a":"Conhecer novas metodologias para a observa\u00e7\u00e3o direcionada ao futebol de base em seu pr\u00f3prio clube, come\u00e7ando por treinamentos e em seguida por jogos."}],"preguntas_frecuentes":false,"contenidistas":[{"contenidista":"Matias Pera Lallana","descripcion_contenidista":"Coordenador e treinador do futebol de base."}],"docentes_expertos":[{"foto":"https:\/\/static.capabiliaserver.com\/frontend\/clients\/barca\/wp_prod\/wp-content\/uploads\/2021\/04\/71519370-alberto-angelastri.png","nombre_del_docente":"Alberto Angelastri","descripcion_del_docente":"Analista de partidas do FC Barcelona. Graduado em Ci\u00eancias e T\u00e9cnicas do Esporte (2017) Mestrado Profissional em Futebol de Alto Rendimento FC Barcelona - INEFC (2019) 2014-2017: Treinador Regional Sub-20 - ASD Fortis Altamura 2017-2018: Treinador de Futebol de Base - Centre d'Esports Sabadell F\u00fatbol Club 2018: Treinador Assistente Cadete A - CF Can Vidalet 2018 - Presente: Analista 1\u00aa Sele\u00e7\u00e3o Feminina - FC Barcelona.","enlace":""},{"foto":"https:\/\/static.capabiliaserver.com\/frontend\/clients\/barca\/wp_prod\/wp-content\/uploads\/2021\/04\/34a00259-joan-vicente.png","nombre_del_docente":"Joan Vicente Armengol","descripcion_del_docente":"Analista da sele\u00e7\u00e3o Sub-23 dos Emirados \u00c1rabes unidos (UAEFA). Ex-membro do Departamento de an\u00e1lise do FC Barcelona. Bacharel em Ci\u00eancias da Atividade F\u00edsica e do Esporte (INEFC Lleida), Mestre Profissional em Alto Desempenho em Esporte (INEFC Barcelona) com certifica\u00e7\u00e3o em Big Data aplicado ao modelo de jogo e treinamento em Futebol (UCAM).","enlace":""},{"foto":"https:\/\/static.capabiliaserver.com\/frontend\/clients\/barca\/wp_prod\/wp-content\/uploads\/2021\/04\/2aa9d5de-isidre-ram\u00f3n-madir.png","nombre_del_docente":"Isidre Ram\u00f3n Madir","descripcion_del_docente":"T\u00e9cnico assistente do Valencia CF. Ex-t\u00e9cnico assistente do Watford FC e da equipe principal de futebol do FC Barcelona. Treinador, assistente t\u00e9cnico e analista da UEFA PRO. Atualmente na VALENCIA CF com Javi Gracia, com quem esteve no WATFORD FC (2018-2020). Anteriormente, foi analista no FC BARCELONA com Luis Enrique (2014-2017) e no FC BARCELONA B (2009-2014). Gradua\u00e7\u00e3o no INEF (2000) e Mestrado em BIG DATA (2021) e em ALTO DESEMPENHO EM ESPORTES DE EQUIPE (2004).","enlace":""},{"foto":"https:\/\/static.capabiliaserver.com\/frontend\/clients\/barca\/wp_prod\/wp-content\/uploads\/2021\/04\/f4256a5c-jordi-pons-bolivar.jpeg","nombre_del_docente":"Jordi Pons Bol\u00edvar","descripcion_del_docente":"Analista de futebol do FC Barcelona. Graduado em Ci\u00eancias da Atividade F\u00edsica e Esportes, Mestre em Desempenho Esportivo: Tecnifica\u00e7\u00e3o e Alto N\u00edvel (RETAN). No momento Analista T\u00e1tico da F.C.Barcelona.","enlace":""}],"imagen_destacada":false,"slidebox":false,"titulo_seccion_testimonios":"","slider_testimonios":false,"imagen_de_fondo_testimonios":false,"color_de_fondo_testimonios":"","segunda_fecha_de_inicio":"25092021","zona_horaria":"Europe\/Madrid","activar_banner_1":false,"banner_1":false,"activar_banner_2":false,"banner_2":false,"activar_banner_3":false,"banner_3":false,"activar_nuevos_banners":false,"mostrar_banner_1":false,"crear_banner_1":{"utilizar_imagen_unica_para_banner":false,"asignar_imagen_unica_para_banner":false,"mostrar_titulo_banner":false,"titulo_para_banner":"","mostrar_subtitulo_banner":false,"subtitulo_del_banner":"","mostrar_cta_banner":false,"texto_cta_banner":"","url_cta_banner":"","fondo_de_color_banner":"","fondo_de_imagen_banner":false,"mostrar_imagen_izquierda_banner":false,"asignar_imagen_izquierda_banner":false},"mostrar_banner_2":false,"crear_banner_2":{"utilizar_imagen_unica_para_banner":false,"asignar_imagen_unica_para_banner":false,"mostrar_titulo_banner":false,"titulo_para_banner":"","mostrar_subtitulo_banner":false,"subtitulo_del_banner":"","mostrar_cta_banner":false,"texto_cta_banner":"","url_cta_banner":"","fondo_de_color_banner":"","fondo_de_imagen_banner":false,"mostrar_imagen_izquierda_banner":false,"asignar_imagen_izquierda_banner":false},"mostrar_banner_3":false,"crear_banner_3":{"utilizar_imagen_unica_para_banner":false,"asignar_imagen_unica_para_banner":false,"mostrar_titulo_banner":false,"titulo_para_banner":"","mostrar_subtitulo_banner":false,"subtitulo_del_banner":"","mostrar_cta_banner":false,"texto_cta_banner":"","url_cta_banner":"","fondo_de_color_banner":"","fondo_de_imagen_banner":false,"mostrar_imagen_izquierda_banner":false,"asignar_imagen_izquierda_banner":false}},"idiomas":{"en":89336,"es":89341,"ar":89337,"ca":89338,"ru":89340,"pt":89339},"_links":{"self":[{"href":"https:\/\/barcainnovationhub.com\/pt\/wp-json\/wp\/v2\/products\/89339"}],"collection":[{"href":"https:\/\/barcainnovationhub.com\/pt\/wp-json\/wp\/v2\/products"}],"about":[{"href":"https:\/\/barcainnovationhub.com\/pt\/wp-json\/wp\/v2\/types\/product"}],"author":[{"embeddable":true,"href":"https:\/\/barcainnovationhub.com\/pt\/wp-json\/wp\/v2\/users\/16"}],"replies":[{"embeddable":true,"href":"https:\/\/barcainnovationhub.com\/pt\/wp-json\/wp\/v2\/comments?post=89339"}],"version-history":[{"count":5,"href":"https:\/\/barcainnovationhub.com\/pt\/wp-json\/wp\/v2\/products\/89339\/revisions"}],"predecessor-version":[{"id":116228,"href":"https:\/\/barcainnovationhub.com\/pt\/wp-json\/wp\/v2\/products\/89339\/revisions\/116228"}],"wp:attachment":[{"href":"https:\/\/barcainnovationhub.com\/pt\/wp-json\/wp\/v2\/media?parent=89339"}],"wp:term":[{"taxonomy":"category","embeddable":true,"href":"https:\/\/barcainnovationhub.com\/pt\/wp-json\/wp\/v2\/categories?post=89339"}],"curies":[{"name":"wp","href":"https:\/\/api.w.org\/{rel}","templated":true}]}}