{"id":9522,"date":"2019-01-18T12:28:39","date_gmt":"2019-01-18T15:28:39","guid":{"rendered":"https:\/\/barcainnovationhub.com\/?post_type=product&#038;p=9522"},"modified":"2022-01-11T01:15:21","modified_gmt":"2022-01-11T04:15:21","slug":"certificado-em-psicologia-de-alto-rendimento-esportivo","status":"publish","type":"product","link":"https:\/\/barcainnovationhub.com\/pt\/product\/certificado-em-psicologia-de-alto-rendimento-esportivo\/","title":{"rendered":"Certificado em Psicologia de Alto Rendimento Esportivo"},"content":{"rendered":"","protected":false},"excerpt":{"rendered":"","protected":false},"author":1,"featured_media":0,"comment_status":"open","ping_status":"closed","template":"","meta":[],"categories":[113,113],"yoast_head":"<!-- This site is optimized with the Yoast SEO plugin v16.6.1 - https:\/\/yoast.com\/wordpress\/plugins\/seo\/ -->\n<meta name=\"description\" content=\"Neste curso de Psicologia Esportiva voc\u00ea aprender\u00e1 a conhecer ferramentas psicoesportivas de gest\u00e3o em alto rendimento, para aplic\u00e1-las no \u00e2mbito esportivo\" \/>\n<meta name=\"robots\" content=\"index, follow, max-snippet:-1, max-image-preview:large, max-video-preview:-1\" \/>\n<link rel=\"canonical\" href=\"https:\/\/barcainnovationhub.com\/pt\/product\/certificado-em-psicologia-de-alto-rendimento-esportivo\/\" \/>\n<meta property=\"og:locale\" content=\"pt_PT\" \/>\n<meta property=\"og:type\" content=\"article\" \/>\n<meta property=\"og:title\" content=\"Certificado em Psicologia de Alto Rendimento Esportivo\" \/>\n<meta property=\"og:description\" content=\"Nas \u00faltimas d\u00e9cadas, as diferentes disciplinas esportivas experimentaram grandes avan\u00e7os no que diz respeito \u00e0 forma\u00e7\u00e3o em diferentes aspectos relacionados ao rendimento esportivo, como as \u00e1reas t\u00e9cnica, t\u00e1tica, estrat\u00e9gica, f\u00edsica e nutricional. Entretanto, a forma\u00e7\u00e3o psicol\u00f3gica, apesar de estar presente no discurso das comunidades esportivas, ainda n\u00e3o possui um espa\u00e7o formalmente instalado dentro dos grupos de t\u00e9cnicos dos clubes, associa\u00e7\u00f5es, federa\u00e7\u00f5es, sele\u00e7\u00f5es ou escolas de forma\u00e7\u00e3o.\" \/>\n<meta property=\"og:url\" content=\"https:\/\/barcainnovationhub.com\/pt\/product\/certificado-em-psicologia-de-alto-rendimento-esportivo\/\" \/>\n<meta property=\"og:site_name\" content=\"Bar\u00e7a Innovation Hub\" \/>\n<meta property=\"article:publisher\" content=\"https:\/\/www.facebook.com\/fcbuniversitas\" \/>\n<meta property=\"article:modified_time\" content=\"2022-01-11T04:15:21+00:00\" \/>\n<meta property=\"og:image\" content=\"https:\/\/barcainnovationhub.com\/wp-content\/uploads\/2019\/01\/b38ddd7b-certificate-in-psychology-for-high-performance-sports-1.jpg\" \/>\n\t<meta property=\"og:image:width\" content=\"1200\" \/>\n\t<meta property=\"og:image:height\" content=\"1200\" \/>\n<meta name=\"twitter:card\" content=\"summary\" \/>\n<meta name=\"twitter:title\" content=\"Certificado em Psicologia de Alto Rendimento Esportivo\" \/>\n<meta name=\"twitter:description\" content=\"Nas \u00faltimas d\u00e9cadas, as diferentes disciplinas esportivas experimentaram grandes avan\u00e7os no que diz respeito \u00e0 forma\u00e7\u00e3o em diferentes aspectos relacionados ao rendimento esportivo, como as \u00e1reas t\u00e9cnica, t\u00e1tica, estrat\u00e9gica, f\u00edsica e nutricional. Entretanto, a forma\u00e7\u00e3o psicol\u00f3gica, apesar de estar presente no discurso das comunidades esportivas, ainda n\u00e3o possui um espa\u00e7o formalmente instalado dentro dos grupos de t\u00e9cnicos dos clubes, associa\u00e7\u00f5es, federa\u00e7\u00f5es, sele\u00e7\u00f5es ou escolas de forma\u00e7\u00e3o.\" \/>\n<meta name=\"twitter:image\" content=\"https:\/\/barcainnovationhub.com\/wp-content\/uploads\/2019\/01\/b38ddd7b-certificate-in-psychology-for-high-performance-sports-1.jpg\" \/>\n<meta name=\"twitter:site\" content=\"@BarcaInnoHub\" \/>\n<script type=\"application\/ld+json\" class=\"yoast-schema-graph\">{\"@context\":\"https:\/\/schema.org\",\"@graph\":[{\"@type\":\"WebSite\",\"@id\":\"https:\/\/barcainnovationhub.com\/#website\",\"url\":\"https:\/\/barcainnovationhub.com\/\",\"name\":\"Bar\\u00e7a Innovation Hub\",\"description\":\"The worldwide centre for sports knowledge and innovation\",\"potentialAction\":[{\"@type\":\"SearchAction\",\"target\":{\"@type\":\"EntryPoint\",\"urlTemplate\":\"https:\/\/barcainnovationhub.com\/?s={search_term_string}\"},\"query-input\":\"required name=search_term_string\"}],\"inLanguage\":\"pt-WP\"},{\"@type\":\"ImageObject\",\"@id\":\"https:\/\/barcainnovationhub.com\/pt\/product\/certificado-em-psicologia-de-alto-rendimento-esportivo\/#primaryimage\",\"inLanguage\":\"pt-WP\",\"url\":\"https:\/\/barcainnovationhub.com\/wp-content\/uploads\/2019\/01\/b38ddd7b-certificate-in-psychology-for-high-performance-sports-1.jpg\",\"contentUrl\":\"https:\/\/barcainnovationhub.com\/wp-content\/uploads\/2019\/01\/b38ddd7b-certificate-in-psychology-for-high-performance-sports-1.jpg\",\"width\":1200,\"height\":1200},{\"@type\":\"WebPage\",\"@id\":\"https:\/\/barcainnovationhub.com\/pt\/product\/certificado-em-psicologia-de-alto-rendimento-esportivo\/#webpage\",\"url\":\"https:\/\/barcainnovationhub.com\/pt\/product\/certificado-em-psicologia-de-alto-rendimento-esportivo\/\",\"name\":\"Certificado em Psicologia de Alto Rendimento Esportivo - Bar\\u00e7a Innovation Hub\",\"isPartOf\":{\"@id\":\"https:\/\/barcainnovationhub.com\/#website\"},\"datePublished\":\"2019-01-18T15:28:39+00:00\",\"dateModified\":\"2022-01-11T04:15:21+00:00\",\"description\":\"Neste curso de Psicologia Esportiva voc\\u00ea aprender\\u00e1 a conhecer ferramentas psicoesportivas de gest\\u00e3o em alto rendimento, para aplic\\u00e1-las no \\u00e2mbito esportivo\",\"breadcrumb\":{\"@id\":\"https:\/\/barcainnovationhub.com\/pt\/product\/certificado-em-psicologia-de-alto-rendimento-esportivo\/#breadcrumb\"},\"inLanguage\":\"pt-WP\",\"potentialAction\":[{\"@type\":\"ReadAction\",\"target\":[\"https:\/\/barcainnovationhub.com\/pt\/product\/certificado-em-psicologia-de-alto-rendimento-esportivo\/\"]}]},{\"@type\":\"BreadcrumbList\",\"@id\":\"https:\/\/barcainnovationhub.com\/pt\/product\/certificado-em-psicologia-de-alto-rendimento-esportivo\/#breadcrumb\",\"itemListElement\":[{\"@type\":\"ListItem\",\"position\":1,\"name\":\"Portada\",\"item\":\"https:\/\/barcainnovationhub.com\/pt\/\"},{\"@type\":\"ListItem\",\"position\":2,\"name\":\"Productos\",\"item\":\"https:\/\/barcainnovationhub.com\/pt\/product\/\"},{\"@type\":\"ListItem\",\"position\":3,\"name\":\"Certificado em Psicologia de Alto Rendimento Esportivo\"}]}]}<\/script>\n<!-- \/ Yoast SEO plugin. -->","acf":{"external_id":"1364","header_image":108941,"column_title":"","titulo_incentivo":"Certificado em Psicologia de Alto Rendimento Esportivo","precio":"625","precio_en_cuotas":"4 presta\u00e7\u00f5es mensais de 156,25 euros","precio_de_lista":"","mostrar_form":false,"promocion_vigente":"","duracion_del_curso":"4 meses","nivel_del_curso":"avan\u00e7ado","modalidad_cursado":"Online","impartido_en":"Portugues","contenido":"<p>Nas \u00faltimas d\u00e9cadas, as diferentes disciplinas esportivas experimentaram grandes avan\u00e7os no que diz respeito \u00e0 forma\u00e7\u00e3o em diferentes aspectos relacionados ao rendimento esportivo, como as \u00e1reas t\u00e9cnica, t\u00e1tica, estrat\u00e9gica, f\u00edsica e nutricional. Entretanto, a forma\u00e7\u00e3o psicol\u00f3gica, apesar de estar presente no discurso das comunidades esportivas, ainda n\u00e3o possui um espa\u00e7o formalmente instalado dentro dos grupos de t\u00e9cnicos dos clubes, associa\u00e7\u00f5es, federa\u00e7\u00f5es, sele\u00e7\u00f5es ou escolas de forma\u00e7\u00e3o.<\/p>\n<p>Em uma era em que o alto rendimento mostra n\u00edveis de performance sumamente desenvolvidos e muito semelhantes entre si, quem termina obtendo vantagem? Aquelas equipes ou atletas individuais que possuem \u00f3timos n\u00edveis em rela\u00e7\u00e3o \u00e0 sua fortaleza mental.<\/p>\n<p>Neste Certificado, nossa proposta \u00e9 intervir com atletas a partir de uma perspectiva cognitivo-comportamental, teoria psicol\u00f3gica m\u00e3e na qual nos amparamos. Trabalhamos com autores que tratam a psicologia esportiva e que utilizam elementos da psicologia cognitivo-comportamental para modificar as condutas dos atletas a partir da revis\u00e3o de seu pensamento e de seu controle emocional.<\/p>\n","ocultar_video":false,"avalado_por":false,"pdf_brochure":"https:\/\/static.capabiliaserver.com\/frontend\/clients\/barca\/wp_prod\/wp-content\/uploads\/2019\/01\/1e11cbbb-certificate-in-psychology-for-high-performance-sports-1.pdf","cursos_que_lo_componen":[{"nombre_del_curso":"Lideran\u00e7a de Alto Rendimento","descripcion_del_curso":"<p>M\u00d3DULO 1: O PAPEL DO L\u00cdDER DE ALTO DESEMPENHO<br \/>\nUnidade 1: Principais A\u00e7\u00f5es do L\u00edder<br \/>\nUnidade 2: As Habilidades do L\u00edder de Alto Desempenho<\/p>\n<p>M\u00d3DULO 2: DIMENS\u00d5ES DA LIDERAN\u00c7A DE ALTO DESEMPENHO<br \/>\nUnidade 1: Produtividade<br \/>\nUnidade 2: Clima do Grupo e Desenvolvimento Individual<\/p>\n<p>M\u00d3DULO 3: AS FERRAMENTAS COMUNICACIONAIS DO L\u00cdDER DE ALTO DESEMPENHO<br \/>\nUnidade 1: A Entrevista Pessoal<br \/>\nUnidade 2: Reuni\u00f5es em Grupo<\/p>\n<p>M\u00d3DULO 4: LEITURA INTEGRATIVA <\/p>\n"},{"nombre_del_curso":"Fortaleza Mental em Atletas","descripcion_del_curso":"<p>M\u00d3DULO 1: A FORTALEZA MENTAL EM ATLETAS INDIVIDUAIS<br \/>\nUnidade 1: O desenvolvimento atitudinal<br \/>\nUnidade 2: O treinamento da concentra\u00e7\u00e3o<\/p>\n<p>M\u00d3DULO 2: A FORTALEZA MENTAL EM EQUIPES ESPORTIVAS<br \/>\nUnidade 1: O desenvolvimento evolutivo de grupo a equipe<br \/>\nUnidade 2: As amea\u00e7as \u00e0 equipe esportiva<\/p>\n<p>M\u00d3DULO 3: A REGULA\u00c7\u00c3O EMOCIONAL DO TREINADOR ESPORTIVO<br \/>\nUnidade 1: A regula\u00e7\u00e3o emocional durante o treinamento di\u00e1rio<br \/>\nUnidade 2: A regula\u00e7\u00e3o emocional durante a competi\u00e7\u00e3o esportiva<\/p>\n<p>M\u00d3DULO 4: M\u00d3DULO INTEGRADOR<\/p>\n"},{"nombre_del_curso":"Princ\u00edpios Psicol\u00f3gicos de Treinamento e Compet\u00eancia de Alto Rendimento Esportivo","descripcion_del_curso":"<p>M\u00d3DULO 1: AS FASES PERMANENTES DO TREINAMENTO ESPORTIVO E SEUS PRINC\u00cdPIOS MENTAIS<br \/>\nUnidade 1: A planifica\u00e7\u00e3o e a ader\u00eancia. Caracter\u00edsticas e peculiaridades<br \/>\nUnidade 2: A avalia\u00e7\u00e3o esportiva. Caracter\u00edsticas e peculiaridades<\/p>\n<p>M\u00d3DULO 2: AS FASES VARI\u00c1VEIS DO TREINO ESPORTIVO<br \/>\nUnidade 1: A aprendizagem de habilidades e o ensaio repetitivo. Princ\u00edpios mentais<br \/>\nUnidade 2: A exposi\u00e7\u00e3o competitiva e a prepara\u00e7\u00e3o espec\u00edfica da competi\u00e7\u00e3o. Princ\u00edpios mentais<\/p>\n<p>M\u00d3DULO 3: OS PRINC\u00cdPIOS PSICOL\u00d3GICOS DA COMPETI\u00c7\u00c3O ESPORTIVA<br \/>\nUnidade 1: A pr\u00e9-competi\u00e7\u00e3o e a competi\u00e7\u00e3o esportiva. Princ\u00edpios mentais<br \/>\nUnidade 2: A etapa p\u00f3s-competi\u00e7\u00e3o esportiva e seus princ\u00edpios mentais<\/p>\n<p>M\u00d3DULO 4: M\u00d3DULO INTEGRADOR<\/p>\n"},{"nombre_del_curso":"Alto Rendimento Esportivo em Ambientes 3.0","descripcion_del_curso":"<p>M\u00d3DULO 1: GEST\u00c3O DA DIVERSIDADE E ALTO RENDIMENTO ESPORTIVO<br \/>\nUnidade 1: Tra\u00e7os psicossociais da diversidade geracional na comunidade esportiva<br \/>\nUnidade 2: Diversidade geracional em processos de treinamento e competi\u00e7\u00e3o<\/p>\n<p>M\u00d3DULO 2: PARADIGMAS EDUCATIVOS DO S\u00c9CULO XXI INTEGRADOS A TECNOLOGIAS DE INFORMA\u00c7\u00c3O E COMUNICA\u00c7\u00c3O COMO SUPORTE DO ALTO RENDIMENTO ESPORTIVO<br \/>\nUnidade 1: Paradigma educativo do s\u00e9culo XXI e alto rendimento esportivo<br \/>\nUnidade 2: Redes sociais e alto rendimento esportivo<\/p>\n<p>M\u00d3DULO 3: DISPOSITIVOS TECNOL\u00d3GICOS DE TREINAMENTO E PREPARA\u00c7\u00c3O ESPEC\u00cdFICA PARA COMPETI\u00c7\u00c3O<br \/>\nUnidade 1: Fases do treinamento integradas a dispositivos tecnol\u00f3gicos de alto rendimento esportivo<br \/>\nUnidade 2: Softwares online para gest\u00e3o do rendimento esportivo <\/p>\n<p>M\u00d3DULO 4: M\u00d3DULO INTEGRADOR<\/p>\n"}],"preguntas_frecuentes":false,"contenidistas":[{"contenidista":"Lic. C\u00e9sar Bernhardt","descripcion_contenidista":"Gestores de alto rendimento em equipe e pessoas."},{"contenidista":"Lic. Claudio Vasalo","descripcion_contenidista":"Gestores de alto rendimento em equipe e pessoas."}],"docentes_expertos":[{"foto":"https:\/\/barcainnovationhub.com\/wp-content\/uploads\/2019\/01\/36f8e70c-joaquin_valdes.jpg","nombre_del_docente":"Joaqu\u00edn Vald\u00e9s","descripcion_del_docente":"Psic\u00f3logo e Coach Esportivo do FC Barcelona (2014-2017).","enlace":""}],"hubspot_product_id":"11974634","url_video":"https:\/\/www.youtube.com\/embed\/DStRV-xaNjM","aprende_a":[{"item_aprende_a":"Identificar os conceitos centrais relacionados \u00e0 dire\u00e7\u00e3o de pessoas e equipes, para aplic\u00e1-los na gest\u00e3o di\u00e1ria dos empreendimentos e organiza\u00e7\u00f5es."},{"item_aprende_a":"Utilizar ferramentas psico-esportivas de gest\u00e3o de rendimentos."},{"item_aprende_a":"Conhecer as fases de prepara\u00e7\u00e3o de treinamento e compet\u00eancia a partir da perspectiva psicol\u00f3gica."},{"item_aprende_a":"Administrar a diversidade. "},{"item_aprende_a":"Compreender e administrar o impacto de tecnologias no \u00e2mbito esportivo."}],"fecha_de_inicio":"10062021","imagen_destacada":"https:\/\/barcainnovationhub.com\/wp-content\/uploads\/2019\/01\/19e2ecdc-certificate-in-psychology-for-high-performance-sports_portada-300x102.jpg","id_magento":"209","producto_path":false,"titulo_seccion_testimonios":"","slider_testimonios":false,"imagen_de_fondo_testimonios":false,"color_de_fondo_testimonios":"","activar_banner_1":false,"banner_1":false,"activar_banner_2":false,"banner_2":false,"activar_banner_3":false,"banner_3":false,"segunda_fecha_de_inicio":"","zona_horaria":"Europe\/Madrid","activar_nuevos_banners":false,"mostrar_banner_1":false,"crear_banner_1":{"utilizar_imagen_unica_para_banner":false,"asignar_imagen_unica_para_banner":false,"mostrar_titulo_banner":false,"titulo_para_banner":"","mostrar_subtitulo_banner":false,"subtitulo_del_banner":"","mostrar_cta_banner":false,"texto_cta_banner":"","url_cta_banner":"","fondo_de_color_banner":"","fondo_de_imagen_banner":false,"mostrar_imagen_izquierda_banner":false,"asignar_imagen_izquierda_banner":false},"mostrar_banner_2":false,"crear_banner_2":{"utilizar_imagen_unica_para_banner":false,"asignar_imagen_unica_para_banner":false,"mostrar_titulo_banner":false,"titulo_para_banner":"","mostrar_subtitulo_banner":false,"subtitulo_del_banner":"","mostrar_cta_banner":false,"texto_cta_banner":"","url_cta_banner":"","fondo_de_color_banner":"","fondo_de_imagen_banner":false,"mostrar_imagen_izquierda_banner":false,"asignar_imagen_izquierda_banner":false},"mostrar_banner_3":false,"crear_banner_3":{"utilizar_imagen_unica_para_banner":false,"asignar_imagen_unica_para_banner":false,"mostrar_titulo_banner":false,"titulo_para_banner":"","mostrar_subtitulo_banner":false,"subtitulo_del_banner":"","mostrar_cta_banner":false,"texto_cta_banner":"","url_cta_banner":"","fondo_de_color_banner":"","fondo_de_imagen_banner":false,"mostrar_imagen_izquierda_banner":false,"asignar_imagen_izquierda_banner":false}},"idiomas":{"en":9518,"es":9520,"ar":81682,"ca":9524,"ru":9522,"pt":9522},"_links":{"self":[{"href":"https:\/\/barcainnovationhub.com\/pt\/wp-json\/wp\/v2\/products\/9522"}],"collection":[{"href":"https:\/\/barcainnovationhub.com\/pt\/wp-json\/wp\/v2\/products"}],"about":[{"href":"https:\/\/barcainnovationhub.com\/pt\/wp-json\/wp\/v2\/types\/product"}],"author":[{"embeddable":true,"href":"https:\/\/barcainnovationhub.com\/pt\/wp-json\/wp\/v2\/users\/1"}],"replies":[{"embeddable":true,"href":"https:\/\/barcainnovationhub.com\/pt\/wp-json\/wp\/v2\/comments?post=9522"}],"version-history":[{"count":5,"href":"https:\/\/barcainnovationhub.com\/pt\/wp-json\/wp\/v2\/products\/9522\/revisions"}],"predecessor-version":[{"id":116353,"href":"https:\/\/barcainnovationhub.com\/pt\/wp-json\/wp\/v2\/products\/9522\/revisions\/116353"}],"wp:attachment":[{"href":"https:\/\/barcainnovationhub.com\/pt\/wp-json\/wp\/v2\/media?parent=9522"}],"wp:term":[{"taxonomy":"category","embeddable":true,"href":"https:\/\/barcainnovationhub.com\/pt\/wp-json\/wp\/v2\/categories?post=9522"}],"curies":[{"name":"wp","href":"https:\/\/api.w.org\/{rel}","templated":true}]}}