{"id":9539,"date":"2019-01-24T15:16:16","date_gmt":"2019-01-24T18:16:16","guid":{"rendered":"https:\/\/barcainnovationhub.com\/?post_type=product&#038;p=9539"},"modified":"2022-01-11T01:40:27","modified_gmt":"2022-01-11T04:40:27","slug":"certificado-em-nutricao-esportiva","status":"publish","type":"product","link":"https:\/\/barcainnovationhub.com\/pt\/product\/certificado-em-nutricao-esportiva\/","title":{"rendered":"Certificado em Nutri\u00e7\u00e3o Esportiva"},"content":{"rendered":"","protected":false},"excerpt":{"rendered":"","protected":false},"author":1,"featured_media":0,"comment_status":"open","ping_status":"closed","template":"","meta":[],"categories":[113,113],"yoast_head":"<!-- This site is optimized with the Yoast SEO plugin v16.6.1 - https:\/\/yoast.com\/wordpress\/plugins\/seo\/ -->\n<meta name=\"description\" content=\"Neste curso voc\u00ea aprender\u00e1 a utilizar os conhecimentos sobre nutri\u00e7\u00e3o esportiva em fun\u00e7\u00e3o das demandas e necessidades de diferentes formas de atividade f\u00edsica.\" \/>\n<meta name=\"robots\" content=\"index, follow, max-snippet:-1, max-image-preview:large, max-video-preview:-1\" \/>\n<link rel=\"canonical\" href=\"https:\/\/barcainnovationhub.com\/pt\/product\/certificado-em-nutricao-esportiva\/\" \/>\n<meta property=\"og:locale\" content=\"pt_PT\" \/>\n<meta property=\"og:type\" content=\"article\" \/>\n<meta property=\"og:title\" content=\"Certificado em Nutri\u00e7\u00e3o Esportiva\" \/>\n<meta property=\"og:description\" content=\"Neste curso voc\u00ea aprender\u00e1 a utilizar os conhecimentos sobre nutri\u00e7\u00e3o esportiva em fun\u00e7\u00e3o das demandas e necessidades de diferentes formas de atividade f\u00edsica.\" \/>\n<meta property=\"og:url\" content=\"https:\/\/barcainnovationhub.com\/pt\/product\/certificado-em-nutricao-esportiva\/\" \/>\n<meta property=\"og:site_name\" content=\"Bar\u00e7a Innovation Hub\" \/>\n<meta property=\"article:publisher\" content=\"https:\/\/www.facebook.com\/fcbuniversitas\" \/>\n<meta property=\"article:modified_time\" content=\"2022-01-11T04:40:27+00:00\" \/>\n<meta property=\"og:image\" content=\"https:\/\/barcainnovationhub.com\/wp-content\/uploads\/2019\/01\/23b71816-certificate-in-sports-nutrition.jpg\" \/>\n\t<meta property=\"og:image:width\" content=\"1200\" \/>\n\t<meta property=\"og:image:height\" content=\"1200\" \/>\n<meta name=\"twitter:card\" content=\"summary\" \/>\n<meta name=\"twitter:title\" content=\"Certificado em Nutri\u00e7\u00e3o Esportiva\" \/>\n<meta name=\"twitter:image\" content=\"https:\/\/barcainnovationhub.com\/wp-content\/uploads\/2019\/01\/23b71816-certificate-in-sports-nutrition.jpg\" \/>\n<meta name=\"twitter:site\" content=\"@BarcaInnoHub\" \/>\n<script type=\"application\/ld+json\" class=\"yoast-schema-graph\">{\"@context\":\"https:\/\/schema.org\",\"@graph\":[{\"@type\":\"WebSite\",\"@id\":\"https:\/\/barcainnovationhub.com\/#website\",\"url\":\"https:\/\/barcainnovationhub.com\/\",\"name\":\"Bar\\u00e7a Innovation Hub\",\"description\":\"The worldwide centre for sports knowledge and innovation\",\"potentialAction\":[{\"@type\":\"SearchAction\",\"target\":{\"@type\":\"EntryPoint\",\"urlTemplate\":\"https:\/\/barcainnovationhub.com\/?s={search_term_string}\"},\"query-input\":\"required name=search_term_string\"}],\"inLanguage\":\"pt-WP\"},{\"@type\":\"ImageObject\",\"@id\":\"https:\/\/barcainnovationhub.com\/pt\/product\/certificado-em-nutricao-esportiva\/#primaryimage\",\"inLanguage\":\"pt-WP\",\"url\":\"https:\/\/barcainnovationhub.com\/wp-content\/uploads\/2019\/01\/23b71816-certificate-in-sports-nutrition.jpg\",\"contentUrl\":\"https:\/\/barcainnovationhub.com\/wp-content\/uploads\/2019\/01\/23b71816-certificate-in-sports-nutrition.jpg\",\"width\":1200,\"height\":1200},{\"@type\":\"WebPage\",\"@id\":\"https:\/\/barcainnovationhub.com\/pt\/product\/certificado-em-nutricao-esportiva\/#webpage\",\"url\":\"https:\/\/barcainnovationhub.com\/pt\/product\/certificado-em-nutricao-esportiva\/\",\"name\":\"Certificado em Nutri\\u00e7\\u00e3o Esportiva - Bar\\u00e7a Innovation Hub\",\"isPartOf\":{\"@id\":\"https:\/\/barcainnovationhub.com\/#website\"},\"datePublished\":\"2019-01-24T18:16:16+00:00\",\"dateModified\":\"2022-01-11T04:40:27+00:00\",\"description\":\"Neste curso voc\\u00ea aprender\\u00e1 a utilizar os conhecimentos sobre nutri\\u00e7\\u00e3o esportiva em fun\\u00e7\\u00e3o das demandas e necessidades de diferentes formas de atividade f\\u00edsica.\",\"breadcrumb\":{\"@id\":\"https:\/\/barcainnovationhub.com\/pt\/product\/certificado-em-nutricao-esportiva\/#breadcrumb\"},\"inLanguage\":\"pt-WP\",\"potentialAction\":[{\"@type\":\"ReadAction\",\"target\":[\"https:\/\/barcainnovationhub.com\/pt\/product\/certificado-em-nutricao-esportiva\/\"]}]},{\"@type\":\"BreadcrumbList\",\"@id\":\"https:\/\/barcainnovationhub.com\/pt\/product\/certificado-em-nutricao-esportiva\/#breadcrumb\",\"itemListElement\":[{\"@type\":\"ListItem\",\"position\":1,\"name\":\"Portada\",\"item\":\"https:\/\/barcainnovationhub.com\/pt\/\"},{\"@type\":\"ListItem\",\"position\":2,\"name\":\"Productos\",\"item\":\"https:\/\/barcainnovationhub.com\/pt\/product\/\"},{\"@type\":\"ListItem\",\"position\":3,\"name\":\"Certificado em Nutri\\u00e7\\u00e3o Esportiva\"}]}]}<\/script>\n<!-- \/ Yoast SEO plugin. -->","acf":{"external_id":"1365","header_image":108487,"column_title":"","titulo_incentivo":"Certificado em Nutri\u00e7\u00e3o Esportiva","precio":"625","precio_en_cuotas":"4 presta\u00e7\u00f5es mensais de 156,25 euros","precio_de_lista":"","mostrar_form":false,"promocion_vigente":"","duracion_del_curso":"4 meses","nivel_del_curso":"introdut\u00f3rio","modalidad_cursado":"Online","impartido_en":"Portugues","contenido":"<p>A influ\u00eancia que a nutri\u00e7\u00e3o exerce sobre o rendimento f\u00edsico e a composi\u00e7\u00e3o corporal das pessoas \u00e9 de conhecimento p\u00fablico. Inclusive fala-se de uma grande quantidade de atletas profissionais que devem o aumento de seu rendimento a radicais mudan\u00e7as em sua alimenta\u00e7\u00e3o. Os ingredientes que comp\u00f5em a dieta de um atleta determinar\u00e3o a qualidade em seus movimentos. Quando falamos de dieta ou alimenta\u00e7\u00e3o no esporte, tamb\u00e9m nos referimos \u00e0 suplementa\u00e7\u00e3o esportiva e \u00e0 hidrata\u00e7\u00e3o. Todos estes s\u00e3o componentes essenciais no momento de aumentar nossa performance f\u00edsica. Nesta capacita\u00e7\u00e3o voc\u00ea aprender\u00e1 acerca dos efeitos que os alimentos e suplementos esportivos produzem no corpo. O objetivo \u00e9 que voc\u00ea possa otimizar a sele\u00e7\u00e3o dos componentes de uma dieta na hora de buscar o m\u00e1ximo rendimento f\u00edsico.<\/p>\n","ocultar_video":false,"avalado_por":false,"pdf_brochure":"https:\/\/static.capabiliaserver.com\/frontend\/clients\/barca\/wp_prod\/wp-content\/uploads\/2019\/01\/f143fb12-certificado-em-nutricao-esportiva.pdf","cursos_que_lo_componen":[{"nombre_del_curso":"Alimenta\u00e7\u00e3o e Rendimento Esportivo","descripcion_del_curso":"<p>M\u00d3DULO 1: BIOENERG\u00c9TICA<br \/>\nUnidade 1: Energia<br \/>\nUnidade 2: Necessidades energ\u00e9ticas dos atletas<\/p>\n<p>M\u00d3DULO 2: ALIMENTA\u00c7\u00c3O E NUTRI\u00c7\u00c3O<br \/>\nUnidade 1: Nutrientes<br \/>\nUnidade 2: Nutri\u00e7\u00e3o esportiva <\/p>\n<p>M\u00d3DULO 3: NUTRI\u00c7\u00c3O APLICADA AOS ESPORTES<br \/>\nUnidade 1: Nutri\u00e7\u00e3o em competi\u00e7\u00f5es<br \/>\nUnidade 2: Nutri\u00e7\u00e3o aplicada a diferentes especialidades esportivas <\/p>\n<p>M\u00d3DULO 4: LEITURA INTEGRADA<\/p>\n"},{"nombre_del_curso":"Suplementa\u00e7\u00e3o e Ajudas Ergog\u00eanicas no Esporte","descripcion_del_curso":"<p>M\u00d3DULO 1: CONCEITOS INTRODUT\u00d3RIOS<br \/>\nUnidade 1: Classifica\u00e7\u00e3o de Suplementos Nutricionais<br \/>\nUnidade 2: Nutrientes<\/p>\n<p>M\u00d3DULO 2: ALIMENTOS ESPORTIVOS<br \/>\nUnidade 1: Alimento esportivo para uso agudo<br \/>\nUnidade 2: Alimento esportivo para uso cr\u00f4nico<\/p>\n<p>M\u00d3DULO 3: AUX\u00cdLIOS ERGOG\u00caNICOS<br \/>\nUnidade 1: Auxiliadores ergog\u00eanicos de efeito agudo ou instant\u00e2neos<br \/>\nUnidade 2: Auxiliadores ergog\u00eanicos de efeito cr\u00f4nico<\/p>\n<p>M\u00d3DULO 4: LEITURA INTEGRATIVA<\/p>\n"},{"nombre_del_curso":"Hidrata\u00e7\u00e3o Esportiva","descripcion_del_curso":"<p>M\u00d3DULO 1: CONCEITOS INTRODUT\u00d3RIOS<br \/>\nUnidade 1: A \u00e1gua no organismo humano<br \/>\nUnidade 2: A termorregula\u00e7\u00e3o durante o exerc\u00edcio<\/p>\n<p>M\u00d3DULO 2: DESIDRATA\u00c7\u00c3O, HIPERTERMIA E PERDA DE RENDIMENTO: ENFOQUE TRADICIONAL<br \/>\nUnidade 1: Hidrata\u00e7\u00e3o predeterminada<br \/>\nUnidade 2: T\u00f3picos de interesse<\/p>\n<p>M\u00d3DULO 3: HIDRATA\u00c7\u00c3O BASEADA NA EVID\u00caNCIA: ENFOQUE CONTEMPOR\u00c2NEO<br \/>\nUnidade 1: A hidrata\u00e7\u00e3o \u00e0 vontade ou ad libitum<br \/>\nUnidade 2: Lineamentos e aplica\u00e7\u00f5es pr\u00e1ticas<\/p>\n<p>M\u00d3DULO 4: M\u00d3DULO INTEGRADOR<\/p>\n"},{"nombre_del_curso":"Composi\u00e7\u00e3o Corporal, Somat\u00f3tipo e Rendimento Esportivo","descripcion_del_curso":"<p>M\u00d3DULO 1: COMPOSI\u00c7\u00c3O CORPORAL<br \/>\nUnidade 1: Antropometria<br \/>\nUnidade 2: Outros m\u00e9todos para a determina\u00e7\u00e3o da composi\u00e7\u00e3o corporal<\/p>\n<p>M\u00d3DULO 2: COMPOSI\u00c7\u00c3O CORPORAL, RENDIMENTO ESPORTIVO E NUTRI\u00c7\u00c3O<br \/>\nUnidade 1: Componentes modific\u00e1veis pelo treinamento ou pela dieta<br \/>\nUnidade 2: Composi\u00e7\u00e3o corporal e rendimento esportivo segundo a etnia, o g\u00eanero e a faixa et\u00e1ria<\/p>\n<p>M\u00d3DULO 3: SOMAT\u00d3TIPO<br \/>\nUnidade 1: Classifica\u00e7\u00e3o<br \/>\nUnidade 2: Aplica\u00e7\u00f5es pr\u00e1ticas do somat\u00f3tipo<\/p>\n<p>M\u00d3DULO 4: M\u00d3DULO INTEGRADOR<\/p>\n"}],"preguntas_frecuentes":false,"contenidistas":[{"contenidista":"Lic. Facundo Ahumada","descripcion_contenidista":"Treinador de atletas de resist\u00eancia. Licenciado em Qu\u00edmica."},{"contenidista":"Lic. Adri\u00e1n Barale","descripcion_contenidista":"Nutricionista esportivo. Docente e pesquisador universit\u00e1rio."},{"contenidista":"Lic. Luciano Spena","descripcion_contenidista":"Nutricionista esportivo. Antropometrista internacional N\u00edvel ISAK III."}],"docentes_expertos":[{"foto":"https:\/\/barcainnovationhub.com\/wp-content\/uploads\/2019\/01\/9af4dcb0-antonializarraga.png","nombre_del_docente":"Antonia Lizarraga","descripcion_del_docente":"Respons\u00e1vel pela \u00e1rea de Nutri\u00e7\u00e3o Esportiva no FC Barcelona.","enlace":""}],"hubspot_product_id":"11980875","url_video":"https:\/\/www.youtube.com\/embed\/_QKoOeSXm1g","aprende_a":[{"item_aprende_a":"Distinguir as subst\u00e2ncias efetivas e n\u00e3o-efetivas e\/ou perigosas nas f\u00f3rmulas de suplementos nutricionais, de maneira a utiliz\u00e1-los de forma eficaz."},{"item_aprende_a":"Utilizar os conhecimentos sobre nutri\u00e7\u00e3o esportiva em fun\u00e7\u00e3o das demandas e necessidades de diferentes formas de atividade f\u00edsica."},{"item_aprende_a":"Elaborar estrat\u00e9gias de hidrata\u00e7\u00e3o segura antes, durante e depois do treinamento e da competi\u00e7\u00e3o."},{"item_aprende_a":"Utilizar de maneira pr\u00e1tica os conhecimentos sobre a composi\u00e7\u00e3o corporal e o somat\u00f3tipo dentro da nutri\u00e7\u00e3o e para o rendimento esportivo."}],"fecha_de_inicio":"10062021","imagen_destacada":false,"id_magento":"221","producto_path":false,"titulo_seccion_testimonios":"","slider_testimonios":false,"imagen_de_fondo_testimonios":false,"color_de_fondo_testimonios":"","activar_banner_1":false,"banner_1":false,"activar_banner_2":false,"banner_2":false,"activar_banner_3":false,"banner_3":false,"segunda_fecha_de_inicio":"","zona_horaria":"Europe\/Madrid","activar_nuevos_banners":false,"mostrar_banner_1":false,"crear_banner_1":{"utilizar_imagen_unica_para_banner":false,"asignar_imagen_unica_para_banner":false,"mostrar_titulo_banner":false,"titulo_para_banner":"","mostrar_subtitulo_banner":false,"subtitulo_del_banner":"","mostrar_cta_banner":false,"texto_cta_banner":"","url_cta_banner":"","fondo_de_color_banner":"","fondo_de_imagen_banner":false,"mostrar_imagen_izquierda_banner":false,"asignar_imagen_izquierda_banner":false},"mostrar_banner_2":false,"crear_banner_2":{"utilizar_imagen_unica_para_banner":false,"asignar_imagen_unica_para_banner":false,"mostrar_titulo_banner":false,"titulo_para_banner":"","mostrar_subtitulo_banner":false,"subtitulo_del_banner":"","mostrar_cta_banner":false,"texto_cta_banner":"","url_cta_banner":"","fondo_de_color_banner":"","fondo_de_imagen_banner":false,"mostrar_imagen_izquierda_banner":false,"asignar_imagen_izquierda_banner":false},"mostrar_banner_3":false,"crear_banner_3":{"utilizar_imagen_unica_para_banner":false,"asignar_imagen_unica_para_banner":false,"mostrar_titulo_banner":false,"titulo_para_banner":"","mostrar_subtitulo_banner":false,"subtitulo_del_banner":"","mostrar_cta_banner":false,"texto_cta_banner":"","url_cta_banner":"","fondo_de_color_banner":"","fondo_de_imagen_banner":false,"mostrar_imagen_izquierda_banner":false,"asignar_imagen_izquierda_banner":false}},"idiomas":{"en":9535,"es":9537,"ar":81719,"ca":9541,"ru":9539,"pt":9539},"_links":{"self":[{"href":"https:\/\/barcainnovationhub.com\/pt\/wp-json\/wp\/v2\/products\/9539"}],"collection":[{"href":"https:\/\/barcainnovationhub.com\/pt\/wp-json\/wp\/v2\/products"}],"about":[{"href":"https:\/\/barcainnovationhub.com\/pt\/wp-json\/wp\/v2\/types\/product"}],"author":[{"embeddable":true,"href":"https:\/\/barcainnovationhub.com\/pt\/wp-json\/wp\/v2\/users\/1"}],"replies":[{"embeddable":true,"href":"https:\/\/barcainnovationhub.com\/pt\/wp-json\/wp\/v2\/comments?post=9539"}],"version-history":[{"count":5,"href":"https:\/\/barcainnovationhub.com\/pt\/wp-json\/wp\/v2\/products\/9539\/revisions"}],"predecessor-version":[{"id":116379,"href":"https:\/\/barcainnovationhub.com\/pt\/wp-json\/wp\/v2\/products\/9539\/revisions\/116379"}],"wp:attachment":[{"href":"https:\/\/barcainnovationhub.com\/pt\/wp-json\/wp\/v2\/media?parent=9539"}],"wp:term":[{"taxonomy":"category","embeddable":true,"href":"https:\/\/barcainnovationhub.com\/pt\/wp-json\/wp\/v2\/categories?post=9539"}],"curies":[{"name":"wp","href":"https:\/\/api.w.org\/{rel}","templated":true}]}}