{"id":82620,"date":"2020-06-05T15:14:18","date_gmt":"2020-06-05T18:14:18","guid":{"rendered":"https:\/\/barcainnovationhub.com\/professional-update-center-2\/"},"modified":"2020-06-05T15:14:18","modified_gmt":"2020-06-05T18:14:18","slug":"professional-update-center-2","status":"publish","type":"page","link":"https:\/\/barcainnovationhub.com\/ru\/professional-update-center-2\/","title":{"rendered":"Professional Update Center"},"content":{"rendered":"","protected":false},"excerpt":{"rendered":"","protected":false},"author":1,"featured_media":0,"parent":0,"menu_order":262,"comment_status":"closed","ping_status":"closed","template":"page-templates\/new-update-center.php","meta":[],"categories":[],"tags":[],"yoast_head":"<!-- This site is optimized with the Yoast SEO plugin v16.6.1 - https:\/\/yoast.com\/wordpress\/plugins\/seo\/ -->\n<meta name=\"description\" content=\"Subscribe to Professional Update Center and get 6-month access to exclusive content capsules related to the lattest trends and innovations in sports.\" \/>\n<meta name=\"robots\" content=\"index, follow, max-snippet:-1, max-image-preview:large, max-video-preview:-1\" \/>\n<link rel=\"canonical\" href=\"https:\/\/barcainnovationhub.com\/ru\/professional-update-center-2\/\" \/>\n<meta property=\"og:locale\" content=\"ru_RU\" \/>\n<meta property=\"og:type\" content=\"article\" \/>\n<meta property=\"og:title\" content=\"Professional Update Center - Bar\u00e7a Innovation Hub\" \/>\n<meta property=\"og:description\" content=\"Subscribe to Professional Update Center and get 6-month access to exclusive content capsules related to the lattest trends and innovations in sports.\" \/>\n<meta property=\"og:url\" content=\"https:\/\/barcainnovationhub.com\/ru\/professional-update-center-2\/\" \/>\n<meta property=\"og:site_name\" content=\"Bar\u00e7a Innovation Hub\" \/>\n<meta property=\"article:publisher\" content=\"https:\/\/www.facebook.com\/fcbuniversitas\" \/>\n<meta name=\"twitter:card\" content=\"summary\" \/>\n<meta name=\"twitter:site\" content=\"@BarcaInnoHub\" \/>\n<script type=\"application\/ld+json\" class=\"yoast-schema-graph\">{\"@context\":\"https:\/\/schema.org\",\"@graph\":[{\"@type\":\"WebSite\",\"@id\":\"https:\/\/barcainnovationhub.com\/#website\",\"url\":\"https:\/\/barcainnovationhub.com\/\",\"name\":\"Bar\\u00e7a Innovation Hub\",\"description\":\"The worldwide centre for sports knowledge and innovation\",\"potentialAction\":[{\"@type\":\"SearchAction\",\"target\":{\"@type\":\"EntryPoint\",\"urlTemplate\":\"https:\/\/barcainnovationhub.com\/?s={search_term_string}\"},\"query-input\":\"required name=search_term_string\"}],\"inLanguage\":\"ru-RU\"},{\"@type\":\"WebPage\",\"@id\":\"https:\/\/barcainnovationhub.com\/ru\/professional-update-center-2\/#webpage\",\"url\":\"https:\/\/barcainnovationhub.com\/ru\/professional-update-center-2\/\",\"name\":\"Professional Update Center - Bar\\u00e7a Innovation Hub\",\"isPartOf\":{\"@id\":\"https:\/\/barcainnovationhub.com\/#website\"},\"datePublished\":\"2020-06-05T18:14:18+00:00\",\"dateModified\":\"2020-06-05T18:14:18+00:00\",\"description\":\"Subscribe to Professional Update Center and get 6-month access to exclusive content capsules related to the lattest trends and innovations in sports.\",\"breadcrumb\":{\"@id\":\"https:\/\/barcainnovationhub.com\/ru\/professional-update-center-2\/#breadcrumb\"},\"inLanguage\":\"ru-RU\",\"potentialAction\":[{\"@type\":\"ReadAction\",\"target\":[\"https:\/\/barcainnovationhub.com\/ru\/professional-update-center-2\/\"]}]},{\"@type\":\"BreadcrumbList\",\"@id\":\"https:\/\/barcainnovationhub.com\/ru\/professional-update-center-2\/#breadcrumb\",\"itemListElement\":[{\"@type\":\"ListItem\",\"position\":1,\"name\":\"Portada\",\"item\":\"https:\/\/barcainnovationhub.com\/ru\/\"},{\"@type\":\"ListItem\",\"position\":2,\"name\":\"Professional Update Center\"}]}]}<\/script>\n<!-- \/ Yoast SEO plugin. -->","acf":{"puc_hero_imagen_header":"https:\/\/barcainnovationhub.com\/wp-content\/uploads\/2020\/06\/d3512524-bg-puc.jpg","puc_hero_title":"SPORTS KNOWLEDGE THAT MATTERS","puc_hero_subtitle":"Professional Update Center is a professional update space that brings together content capsules related to trends, innovations, projects, research, and practical cases in sports science.","puc_hero_cta_texto":"SUBSCRIBE NOW","puc_hero_cta_destino":"https:\/\/barcainnovationhub.com\/dpa\/add\/tocart\/id\/233","puc_n_areas_two_cards":[{"puc_n_areas_left_card_title":"Relive the latest events of Bar\u00e7a Innovation Hub","puc_n_areas_left_card_contenido":"Access the talks and presentations of the most prestigious experts in the sports industry and science from wherever you are.","puc_n_areas_right_card_title":"Discover the latest practices of the industry","puc_n_areas_right_card_contenido":"Download the best guides with Bar\u00e7a DNA, developed in collaboration with prestigious experts and institutions in the world."}],"puc_oferta_card":true,"puc_oferta_text":"START ENJOYING EXCLUSIVE CONTENT","puc_oferta_card_titulo":"Access for 6 months","puc_oferta_card_subtitulo":"\u20ac 200","puc_oferta_card_cta_destino":"https:\/\/barcainnovationhub.com\/dpa\/add\/tocart\/id\/233","puc_oferta_card_cta_text":"SUBSCRIBE NOW","productos_titulo":"Or get only the content of your interest","puc_productos_section":[{"producto_izquierdo":true,"producto_izquierdo_titulo":"High-Performance Nutritional Cuisine: Practical Recipes for Football","producto_izquierdo_img":false,"producto_izquierdo_paginas":"66 pages","producto_izquierdo_idioma":"Language: English","producto_izquierdo_editors":"Maria Antonia Lizarraga, Mireia Porta, Franchek Drobnic, Ian Rollo, Montse Illan and Xavier Torrado","producto_izquierdo_section_leaders":"","producto_izquierdo_contenido":"Made by FC Barcelona\u2019s Nutrition Department together with Gatorade Sports Science Institute and the University of Barcelona, this cookbook brings together 25 high-performance recipes in terms of gastronomy, nutrition and sport. The recipes are presented together with symbols to help you quickly and easily understand how to practically apply them.","producto_izquierdo_precio_tachado":"","producto_izquierdo_precio_final":"70","producto_izquierdo_cta_destino":"https:\/\/barcainnovationhub.com\/dpa\/add\/tocart\/id\/356","producto_izquierdo_cta_texto":"GET THIS GUIDE","producto_derecho":true,"producto_derecho_titulo":"Football Analytics: Now and Beyond - A deep dive into the current state of advanced data analytics","producto_derecho_img":"https:\/\/static.capabiliaserver.com\/frontend\/clients\/barca\/wp_prod\/wp-content\/uploads\/2020\/06\/ba8b34aa-fcb-football-analytics-now-and-beyond-portada.jpg","producto_derecho_paginas":"189 pages","producto_derecho_idioma":"Language: English","producto_derecho_editors":"EDITORS: Angel Ric, Ra\u00fal Pel\u00e1ez","producto_derecho_section_leaders":"SECTION LEADERS: Julen Castellano, Nicolas Evans, Javier Fern\u00e1ndez, Daniel Link, Lucca Pappalardo, Daniel Memmert, Sam Robertson, Jaime Sampaio, Manuel Stein, Jan Van Haaren","producto_derecho_contenido":"It is important that sports scientists work very closely with athletes and coaches in order to understand the problems they face when making decisions based on uncertainty and the need to respond immediately to a series of events. The challenge is to process data and transform these observations into knowledge, and this knowledge into answers. This publication explores and explains the current situation of football analysis to encourage people from all over the world to enter this new and exciting sports effort to apply data to football.","producto_derecho_precio_tachado":"","producto_derecho_precio_final":"70","producto_derecho_cta_destino":"https:\/\/barcainnovationhub.com\/dpa\/add\/tocart\/id\/357","producto_derecho_cta_texto":"GET THIS GUIDE"},{"producto_izquierdo":true,"producto_izquierdo_titulo":"Sports Nutrition for Football: An Evidence-based Guide for Nutrition Practice at FC Barcelona","producto_izquierdo_img":false,"producto_izquierdo_paginas":"147 pages","producto_izquierdo_idioma":"Language: English","producto_izquierdo_editors":"Ian Rollo, Asker Jeukendrup, James Carter, Ma Antonia Lizarraga, Franchek Drobnic, C.Daniel Media Leal","producto_izquierdo_section_leaders":"","producto_izquierdo_contenido":"The aim of the current book is to summarise the evidence on which practical nutrition recommendations at FCB are based. All information is gathered from peer reviewed research, and review articles as well as expert consensus statements. This book summarizes the main views and stresses the new findings (with references to the most recent publications). This is not a comprehensive review of the literature, but a summary of the current thinking.","producto_izquierdo_precio_tachado":"","producto_izquierdo_precio_final":"70","producto_izquierdo_cta_destino":"https:\/\/barcainnovationhub.com\/dpa\/add\/tocart\/id\/358","producto_izquierdo_cta_texto":"GET THIS GUIDE","producto_derecho":true,"producto_derecho_titulo":"Muscle Injury Guide: Prevention of and Return to Play from Muscle Injuries","producto_derecho_img":false,"producto_derecho_paginas":"203 pages","producto_derecho_idioma":"Language: English","producto_derecho_editors":"EDITORS: Ricard Pruna, Thor Einar Andersen, Ben Clarsen, Alan McCall","producto_derecho_section_leaders":"","producto_derecho_contenido":"At FC Barcelona we believe that the creation, integration and delivery of an effective and efficient medical and performance program requires an evidence led approach, using the best of research knowledge combined with our many years of practical experience. We also believe strongly in sharing our knowledge and experiences among the football and sports community globally. This guide is intended to provide some key ingredients that you can adapt and integrate appropriately into your own practice.","producto_derecho_precio_tachado":"","producto_derecho_precio_final":"70","producto_derecho_cta_destino":"https:\/\/barcainnovationhub.com\/dpa\/add\/tocart\/id\/360","producto_derecho_cta_texto":"GET THIS GUIDE"}],"active_faqs":true,"titulo_faqs":"Frequently Asked Questions","puc_faqs":[{"titulo_pregunta":"What is Professional Update Center?","contenido_pregunta":"Professional Update Center is an online service that enables our subscribers to access a wide variety of content capsules related to Bar\u00e7a Innovation Hub\u2019s knowledge areas through devices connected to the Internet (computer, tablet, or smartphone)."},{"titulo_pregunta":"What are Professional Update Center\u2019s content capsules?","contenido_pregunta":"Professional Update Center\u2019s content capsules are included within Bar\u00e7a Innovation Hub\u2019s knowledge areas. They are practical guides, presentations, experts dissertations, and original articles about applied research, clinical cases, editorials and consensus articles, among others, developed by the Bar\u00e7a Innovation Hub team along with the FC Barcelona multiple services, as well as professionals working at universities and research centres around the world. Professional Update Center\u2019s content may change over time. Depending on its format, some content is available for downloading, so you will be able to read it wherever you go and offline. "},{"titulo_pregunta":"How often is the new content made available on Professional Update Center? ","contenido_pregunta":"The loading or update volume on Professional Update Center does not have a default timing. We seek to update and have new content capsules available constantly. "},{"titulo_pregunta":"What is the language of the content on Professional Update Center?","contenido_pregunta":"The content on Professional Update Center is available only in its original language. Currently, most of the content available is originally in English. "},{"titulo_pregunta":"In case I subscribe to the Professional Update Center, can I access the content capsules sold individually?","contenido_pregunta":"By subscribing to the Professional Update Center, you will also have access to content capsules that may be available for sale separately."},{"titulo_pregunta":"What are the available subscription plans?","contenido_pregunta":"Professional Update Center has a biannual subscription option that includes unlimited access for 6 months to all the content available through any computer, tablet or smartphone connected to the Internet. As a Professional Update Center subscriber, you will be charged only once, on the date you originally subscribed to. "},{"titulo_pregunta":"How long does the subscription to Professional Update Center last?","contenido_pregunta":"The subscription to Professional Update Center lasts for 6 months, as of the subscription payment date."},{"titulo_pregunta":"What requirements must I meet to subscribe to Professional Update Center?","contenido_pregunta":"In order to see the content on Professional Update Center, you need to have Internet access and a device (computer, tablet, or smartphone), as well as, having paid the subscription effectively. "},{"titulo_pregunta":"Do I pay for the subscription only once or each month?","contenido_pregunta":"Professional Update Center users\u2019 membership will be charged automatically and only once on the date they subscribed to the service through the payment methods available on the shopping cart. In case we are unable to process the payment, we will suspend your access to Professional Update Center until a valid payment method is provided. For some payment methods, the issuer may charge certain fees, such as international transaction fees or other fees related to the processing of your payment method. Local taxes vary depending on the payment method chosen. Consult you payment method service provider for more information."},{"titulo_pregunta":"Can I cancel my subscription to Professional Update Center?","contenido_pregunta":"You can cancel your membership whenever you want. You should know this is a non-refundable payment and no refunds or credits will be issued for the membership periods used partially or the unseen content. To cancel your subscription, contact us through the Service Centre. If your cancel your membership, you will be unable to access the Professional Update Center immediately. "},{"titulo_pregunta":"Once the 6-month period is over, can I renew my subscription?","contenido_pregunta":"Once the subscription period is over, you will have the chance to renew you subscription for other six months. The procedure to pay for the new period is the same you used when you subscribed the first time, using the same payment method or another of your preference. In any case, we will contact you when the subscription to Professional Update Center is about to expire. "}],"puc_n_adelanto_slider":false,"puc_n_adelanto":{"titulo":"WHAT WILL YOU FIND?","ponencias":"+150","horas":"+50","guias":"4"}},"_links":{"self":[{"href":"https:\/\/barcainnovationhub.com\/ru\/wp-json\/wp\/v2\/pages\/82620"}],"collection":[{"href":"https:\/\/barcainnovationhub.com\/ru\/wp-json\/wp\/v2\/pages"}],"about":[{"href":"https:\/\/barcainnovationhub.com\/ru\/wp-json\/wp\/v2\/types\/page"}],"author":[{"embeddable":true,"href":"https:\/\/barcainnovationhub.com\/ru\/wp-json\/wp\/v2\/users\/1"}],"replies":[{"embeddable":true,"href":"https:\/\/barcainnovationhub.com\/ru\/wp-json\/wp\/v2\/comments?post=82620"}],"version-history":[{"count":0,"href":"https:\/\/barcainnovationhub.com\/ru\/wp-json\/wp\/v2\/pages\/82620\/revisions"}],"wp:attachment":[{"href":"https:\/\/barcainnovationhub.com\/ru\/wp-json\/wp\/v2\/media?parent=82620"}],"wp:term":[{"taxonomy":"category","embeddable":true,"href":"https:\/\/barcainnovationhub.com\/ru\/wp-json\/wp\/v2\/categories?post=82620"},{"taxonomy":"post_tag","embeddable":true,"href":"https:\/\/barcainnovationhub.com\/ru\/wp-json\/wp\/v2\/tags?post=82620"}],"curies":[{"name":"wp","href":"https:\/\/api.w.org\/{rel}","templated":true}]}}